{"id":129,"date":"2015-03-09T16:19:18","date_gmt":"2015-03-09T15:19:18","guid":{"rendered":"http:\/\/latitudsur.org\/voyage\/?page_id=129"},"modified":"2015-03-09T16:19:18","modified_gmt":"2015-03-09T15:19:18","slug":"conditions-de-vente","status":"publish","type":"page","link":"https:\/\/latitudsur.org\/voyage\/es\/voyagez\/conditions-de-vente\/","title":{"rendered":"Conditions de vente"},"content":{"rendered":"<p><a style=\"float: right\" href=\"\/voyage\/wp-content\/uploads\/sites\/3\/2015\/03\/img_video_007.png\"><img decoding=\"async\" class=\"size-medium wp-image-560\" src=\"\/voyage\/wp-content\/uploads\/sites\/3\/2015\/03\/img_video_007.png\" alt=\"venta\" \/><\/a><br \/>\n<strong>T\u00e9rminos, condiciones generales y particulares de venta<\/strong><br \/>\nDarse de alta a uno de los viajes presentados en nuestra p\u00e1gina internet implica el conocimiento y la aceptaci\u00f3n de los t\u00e9rminos y condiciones de venta que figuran a continuaci\u00f3n.<br \/>\n<strong><br \/>\n1. INSCRIPCI\u00d3N Y PAGO<\/strong><\/p>\n<p>1.1 Inscripci\u00f3n<\/p>\n<p>Toda inscripci\u00f3n debe ir acompa\u00f1ada de un <span style=\"text-decoration: underline\">dep\u00f3sito representando 30%<\/span> (salvo indicaciones particulares mencionadas en la hoja de viaje o estipuladas por el gu\u00eda despu\u00e9s del alta) del monto total de las prestaciones. La recepci\u00f3n de este dep\u00f3sito implica la aceptaci\u00f3n de la reserva.<br \/>\nUn acuse de recepci\u00f3n le ser\u00e1 remitido por e-mail, confirmando el pago del dep\u00f3sito y la consideraci\u00f3n de la reserva.<\/p>\n<p>En caso de confirmaci\u00f3n de disponibilidad, el saldo de la prestaci\u00f3n tendr\u00e1 que ser abonado a lo m\u00e1s tardar 30 d\u00edas antes del viaje o el inicio de las prestaciones.<\/p>\n<p><strong>1.2 Forma de pago<\/strong><\/p>\n<p>Aceptamos los pagos por tarjeta de cr\u00e9dito o por <span style=\"text-decoration: underline\">transferencia<\/span> o por cheque a trav\u00e9s de nuestro socio en Francia, la Asociaci\u00f3n Arutam.<\/p>\n<p><strong>1.3 Precios<\/strong><\/p>\n<p>Todos nuestros precios est\u00e1n en <strong>Dolares americanos (USD)<\/strong>. Los precios indicados son los que realmente se pagan en nombre de la asociaci\u00f3n, <strong>todos los gastos de transferencia, comisiones y de cambio son responsabilidad del viajero.<\/strong><br \/>\nLos precios de cada viaje contienen un conjunto de prestaciones como indicados en la hoja de viaje.<br \/>\nEl momento del viaje a partir del cual los gastos est\u00e1n incluidos en el paquete se define a la salida del aeropuerto.<br \/>\nEl final del viaje se considera en la fecha indicada por la hoja de viaje en el aeropuerto de salida .<\/p>\n<p>No obstante, no incluyen :<br \/>\n&#8211; Los servicios anteriores a la llegada en el aeropuerto del pa\u00eds de destino final, tal como indicado en la hoja de viaje (tasas de aeropuerto, taxis, trenes, aviones, sobrepeso, gastos en las escalas).<br \/>\n&#8211; Los servicios posteriores a la llegada en el aeropuerto de salida hacia su pa\u00eds de residencia, tal y como indicado en la hoja de viaje (tasas de aeropuerto, taxis, trenes, aviones, sobrepeso, gastos y consumiciones en las escalas o en el aeropuerto de salida).<br \/>\n&#8211; Los seguros de cancelaci\u00f3n \/ equipaje, repatriaci\u00f3n, responsabilidad civil, estos seguros son obligatorios para los viajeros.<br \/>\n&#8211; Las tasas de aeropuerto y de seguridad.<br \/>\n&#8211; Los gastos de formalidades: Pasaporte, DNI, visado, vacunas.<br \/>\n&#8211; Las bebidas fuera de las comidas.<br \/>\n&#8211; Las comidas en las escalas.<\/p>\n<p><strong>2. CONDICIONES DE CANCELACI\u00d3N<\/strong><\/p>\n<p>Toda cancelaci\u00f3n debe ser notificada a LATITUD SUR <strong>por correo certificado<\/strong>, la fecha de recepci\u00f3n de la notificaci\u00f3n para determinar la fecha de cancelaci\u00f3n. Los honorarios y los seguros nunca son reembolsables.<\/p>\n<p>Toda cancelaci\u00f3n del participante genera gastos variables. El reembolso de los costos pagados se deducir\u00e1 de los montos (gastos de cancelaci\u00f3n, de transferencia y de cambio) indicados a continuaci\u00f3n en funci\u00f3n de la fecha de cancelaci\u00f3n en relaci\u00f3n con la fecha de salida :<\/p>\n<ul>\n<li>M\u00e1s de 90 d\u00edas antes de la salida: devoluci\u00f3n del adelanto (descontando los costos de transferencia y cambio de divisas)<\/li>\n<li>Entre 90 d\u00edas y 30 d\u00edas antes de la salida: perdida del adelanto<\/li>\n<li>Entre 30 d\u00edas y 15 d\u00edas antes de la salida: Se pierde 75% del monto total facturado del viaje.<\/li>\n<li>A partir de 15 d\u00edas antes de la salida: Se pierde el 100% del monto total facturado del viaje.<\/li>\n<\/ul>\n<p><strong>3. CONDICIONES DE PARTICIPACI\u00d3N<\/strong><\/p>\n<p>Estos viajes de dirigen a adultos, en buena salud.<\/p>\n<p>Para ciertos viajes, pueden participar ni\u00f1os acompa\u00f1ados. P\u00f3ngase en contacto con nosotros para las condiciones especiales.<br \/>\nSalvo estipulaci\u00f3n contraria, la talla m\u00e1xima de los grupos para nuestros viajes es de 10 personas.<\/p>\n<p>Por lo tanto, el n\u00famero m\u00e1ximo puede ser superado de uno a dos participantes en el caso de que la \u00faltima persona que se registre desea viajar con otra persona.<\/p>\n<p>Las prestaciones no ser\u00e1n modificadas y las condiciones de viaje ser\u00e1n id\u00e9nticas.<br \/>\nPodremos excepcionalmente ser obligados a cancelar una salida si el n\u00famero m\u00ednimo de participantes no es alcanzado. Esta decisi\u00f3n le ser\u00e1 comunicada como muy tarde 21 d\u00edas antes de la salida inicialmente prevista. Esta disposici\u00f3n implicar\u00eda por supuesto, el reembolso integro de las sumas que hubiese pagado. Tambi\u00e9n se le ofrecer\u00eda una selecci\u00f3n de viajes equivalentes.<br \/>\nSi desea salir antes de la fecha prevista o volver m\u00e1s tarde, es posible. Gracias por ponerse en contacto con su gu\u00eda para que tome sus disposiciones.<\/p>\n<p><strong>4. SEGUROS<\/strong><\/p>\n<p>El seguro asistencia \/ repatriaci\u00f3n es obligatorio tambi\u00e9n el seguro que cubre los retrasos \/ cancelaci\u00f3n \/ no presentaci\u00f3n para los vuelos. Es imprescindible presentar este seguro despu\u00e9s de cada inscripci\u00f3n y 15 d\u00edas antes de la salida para el viaje. Se recomienda un seguro de cancelaci\u00f3n.<\/p>\n<p><strong>5. RESPONSABILIDADES<\/strong><\/p>\n<p>5.1 Responsabilidades del organizador<\/p>\n<p>LATITUD SUR suscribi\u00f3 una p\u00f3liza de seguro Responsabilidad Civil en el Per\u00fa referente a sus viajes en el Selva Viva, barco perteneciendo a Latitud Sur. Cubre las consecuencias de su responsabilidad profesional, as\u00ed como los da\u00f1os corporales, materiales e inmateriales por igual.<br \/>\nLa noci\u00f3n de responsabilidad civil var\u00eda en funci\u00f3n de la legislaci\u00f3n de los pa\u00edses interesados, por eso es obligatorio que tenga la suya de manera individual.<\/p>\n<p>Las formalidades administrativas y sanitarias son responsabilidad del viajero: pasaporte v\u00e1lido de m\u00e1s de 6 meses en el momento de la salida del viaje.<\/p>\n<p>No se har\u00e1n devoluciones por razones relacionadas con las malas condiciones clim\u00e1ticas, especialmente en caso de retraso de un transporte nacional (el caso de las avionetas para ir por la selva, por ejemplo).<br \/>\n<strong><br \/>\n5.2 Responsabilidades del viajero<\/strong><\/p>\n<p>Ninguna contestaci\u00f3n referente al precio del viaje podr\u00e1 ser considerada a la vuelta.<br \/>\nEl pasajero tiene que determinar, antes de salir si el precio es correcto, al mismo tiempo aceptar el hecho de que se trate de una tarifa plana que incluye una amplia gama de servicios para los cuales los precios no pueden ser detallados por el organizador, asociaci\u00f3n sin \u00e1nimo de lucro, y que el viaje es solidario con los pueblos ind\u00edgenas.<\/p>\n<p>Cada viajero est\u00e1 actuando bajo su propia responsabilidad y de acuerdo a las especificaciones del seguro de viaje que suscribi\u00f3.<\/p>\n<p>LATITUD SUR no se hace responsable de cualquier problema de incumplimiento de comportamientos sanitarios y administrativos y de reglamentos administrativos y aduaneros vigentes en los pa\u00edses (alcohol, agresiones de d\u00eda o de noche, conflictos con la poblaci\u00f3n local o con las autoridades locales, el tr\u00e1fico o el uso de drogas durante el viaje, transportes de plantas o de objetos arqueol\u00f3gicos).<\/p>\n<p>Para todos los viajeros, un formulario de declaraci\u00f3n y de descarga de responsabilidad debe ser completada y firmada, un cuestionario m\u00e9dico, y luego enviados a LATITUD SUR como muy tarde dos semanas antes del viaje.<\/p>\n<p>Para las mujeres embarazadas de menos de cinco meses (en el momento del viaje), la misma declaraci\u00f3n y la descarga de responsabilidad deben ser completadas y firmadas, mencionando espec\u00edficamente su grado de embarazo.<\/p>\n<p>LATITUD SUR no tiene ning\u00fan medio de garantizar la salud de las personas y no puede ser cuestionado, tampoco sus socios locales, en caso de lesi\u00f3n, accidente o fallecimiento durante el viaje. Las actividades propuestas en estos viajes son responsabilidad del viajero, con pleno conocimiento de los riesgos y los l\u00edmites de su salud. Las formalidades administrativas son responsabilidad del viajero :<\/p>\n<p>&#8211; Pasaporte con una validez de m\u00e1s de 6 meses antes de la salida del viaje.<br \/>\n&#8211; Versi\u00f3n biom\u00e9trica del pasaporte para vuelos en tr\u00e1nsito por los Estados Unidos de Am\u00e9rica<br \/>\n&#8211; Visado (si es necesario y de acuerdo a la nacionalidad del viajero)<br \/>\n&#8211; Las vacunas requeridas por el pa\u00eds anfitri\u00f3n (fiebre amarilla,&#8230;)<br \/>\n&#8211; Elecci\u00f3n de un tratamiento preventivo de la malaria y del dengue<\/p>\n<p><strong>6. RIESGOS<\/strong><\/p>\n<p>Los viajes que ofrece LATITUD SUR son arriesgados, como tiene lugar en zonas donde los riesgos de salud y de seguridad no son nulos y el entorno (comunidades ind\u00edgenas) en el que todos los servicios no pueden ser garantizados.<\/p>\n<p>Como para la pr\u00e1ctica de deportes extremos, LATITUD SUR no se hace responsable del viajero, de lesiones o fallecimientos, as\u00ed como las posibles consecuencias de las reacciones de quienes les rodean (pareja, familiares y amigos).<\/p>\n<p>Para ello, el viajero est\u00e1 obligado a firmar una renuncia como se describe en el p\u00e1rrafo anterior.<br \/>\nEstos viajes no est\u00e1n destinados a \u00abconsumidores\u00bb de viajes ex\u00f3ticos, sino a personas dispuestas a hacer sacrificios y asumir ciertos riesgos para encontrar nuevas formas de pensar y otras culturas. Como resultado de ello, est\u00e1n dispuestos a considerar las diferencias y las adaptaciones al programa en funci\u00f3n de posibles incidentes ocurriendo durante el viaje.<\/p>\n<p><strong>7. EQUIPAJES<\/strong><\/p>\n<p>LATITUD SUR no se hace responsable del equipaje no llegado a su destino, es responsabilidad del viajero de tramitar estos litigios con la l\u00ednea a\u00e9rea o con el operador tur\u00edstico en cuesti\u00f3n para obtener una indemnizaci\u00f3n. De lo contrario, el viajero tiene la obligaci\u00f3n de comprar el equipamiento necesario para el viaje. Durante el viaje, su equipaje se queda permanentemente bajo su propia responsabilidad. No ser\u00e1 en ning\u00fan momento bajo la responsabilidad de su acompa\u00f1ante.<\/p>\n<p><strong>8. ALOJAMIENTO<\/strong><\/p>\n<p>Siempre que sea posible, se indica la clasificaci\u00f3n de las categor\u00edas de hotel de acuerdo a los est\u00e1ndares locales de los pa\u00edses interesados.<\/p>\n<p>Las condiciones de alojamiento pueden variar de un pa\u00eds al otro, de una regi\u00f3n a la otra o de un a\u00f1o al otro (el suministro de toallas, limpieza, &#8230;).<\/p>\n<p>Nuestros viajes no se dirigen a viajeros que busquen lujo, ofrecemos habitaciones con dos camas individuales para viajeros individuales o habitaciones con cama de matrimonio para las parejas.En el barco, proponemos cabinas dobles, que pueden ser convertidas en triples con una cama superpuesta.<br \/>\nPara algunos viajes, las noches est\u00e1n previstas en la naturaleza. El viajero es responsable de traer su propio material (saco de dormir adaptados al clima, colch\u00f3n hinchable, mosquiteras, hamacas, &#8230;).<\/p>\n<p><strong>9. COMIDAS<\/strong><\/p>\n<p>Los viajes est\u00e1n en pensi\u00f3n completa. Las bebidas alcoh\u00f3licas se limitan a la cerveza y al vino.<br \/>\nLos restaurantes incluidos en nuestros viajes son de clase media.<\/p>\n<p><strong>10. TRANSPORTE A\u00c9REO<\/strong><\/p>\n<p>En caso de llegada con retraso, por cualquier raz\u00f3n, el reembolso no ser\u00e1 posible.<br \/>\nLATITUD SUR no se hace responsable de los retrasos por culpa de la compa\u00f1\u00eda a\u00e9rea, de ferrocarril o de autobuses que llevar\u00eda a no presentarse en el aeropuerto de destino, por cualquier motivo, incluso si el retraso resulta de un caso de fuerza mayor, por caso fortuito o por tercero.<\/p>\n<p>Aceptamos un margen de dos horas para los pasajeros que tomaron un vuelo diferente al vuelo recomendada por el gu\u00eda. Con m\u00e1s de 2 horas de retraso, el viajero tendr\u00e1 que llegar al hotel por sus propios medios. Recuerde que tiene que avisar al gu\u00eda su hora de llegada para que un taxi le espere en el aeropuerto.<br \/>\nSi el viajero no llega antes del inicio de la gira como estaba previsto, tendr\u00e1 que alcanzar al grupo por sus propios medios. El gu\u00eda har\u00e1 todo lo posible para proporcionar al viajero un lugar de encuentro.<br \/>\nLos retrasos de las salidas y retornos, eventualmente causadas por el tr\u00e1fico terrestre intenso, o por las numerosas rotaciones de los aparatos, los requisitos de seguridad, las huelgas, los problemas t\u00e9cnicos, las condiciones meteorol\u00f3gicas, etc\u2026 no pueden generar ning\u00fan tipo de compensaci\u00f3n, en particular si est\u00e1n debidos al cambio de la duraci\u00f3n del programa inicialmente previsto.<\/p>\n<p>Los viajeros siempre deben tener seguro para el caso de vuelo perdido.<\/p>\n<p><strong>11. FUERZA MAYOR<\/strong><\/p>\n<p>Los casos de fuerza mayor que pueden ocasionar la cancelaci\u00f3n del viaje por LATITUD SUR son considerados como por ejemplo: golpe de Estado, crisis econ\u00f3mica repentina, un desastre natural (terremoto, erupci\u00f3n), etc.<\/p>\n<p><strong>12. PROTECCI\u00d3N DE DATOS PERSONALES DEL USUARIO<\/strong><\/p>\n<p>Las informaciones que proporcionar\u00e1 en la p\u00e1gina web a trav\u00e9s de hojas informativas permiten a LATITUD SUR, y a sus socios de tramitar y cumplir con los pedidos.<br \/>\nDe acuerdo con el art\u00edculo 27 de la Ley de Protecci\u00f3n de Datos (ley francesa) del 6 de enero de 1978, las informaciones necesarias para LATITUD SUR est\u00e1n marcadas con un asterisco en las p\u00e1ginas web. Las otras informaciones solicitadas est\u00e1n destinadas a conocerle mejor y mejorar los servicios proporcionados, asegurando la seguridad y la privacidad de sus datos.<\/p>\n<p>Cualquier consulta de ofertas o de inscripci\u00f3n en nuestra p\u00e1gina web permite el alta en el bolet\u00edn de noticias (Newsletter) o Grupos de correo (Mailing lists) de LATITUD SUR.<br \/>\nSiempre puede cancelar estas inscripciones por correo electr\u00f3nico.<\/p>\n<p><strong>13. PROTECCI\u00d3N DE LA MARCA LATITUD SUR<\/strong><\/p>\n<p>La p\u00e1gina web y el nombre de dominio localhost\/voyage\/ fueron validados por las autoridades vigentes. Todas las informaciones contenidas en la p\u00e1gina web son la propiedad exclusiva de LATITUD SUR, en las secciones de propiedad intelectual. Estos art\u00edculos fueron depositados y protegidos por la propiedad industrial del pa\u00eds. Cualquier reproducci\u00f3n, representaci\u00f3n o modificaci\u00f3n, aunque sea en parte, en cualquier forma y por cualquier canal de difusi\u00f3n que sea no se pueden realizar sin el permiso expreso de LATITUD SUR, bajo pena de ser procesadas jur\u00eddicamente.<\/p>\n<p>Enlaces (&quot;links&quot;): La p\u00e1gina web LATITUD SUR contiene enlaces a otros sitios. Estos elementos, a iniciativa propia responsabilidad y LATITUD SUR no se hace responsable del mal funcionamiento, del contenido o de las consecuencias que podr\u00edan producir estos enlaces para los usuarios.<\/p>\n<p><strong>14. LEYES APLICABLES<\/strong><\/p>\n<p>Las condiciones generales y particulares de venta en nuestra p\u00e1gina web se rigen por la legislaci\u00f3n peruana. Cualquier controversia sobre la interpretaci\u00f3n y \/ o los informes de ejecuci\u00f3n releva del Tribunal de Comercio de Lima o Quito y debe ser un procedimiento en el Registro de ONG de desarrollo peruano, ecuatoriano o mexicano.<\/p>\n<p>LATITUD SUR :<br \/>\nRUC P\u00e9rou: 20493635752<br \/>\nRUC Equateur: 1792224357001<br \/>\nRFC M\u00e9xico: ALM120315HL8<\/p>","protected":false},"excerpt":{"rendered":"<p>T\u00e9rminos, condiciones generales y particulares de venta Darse de alta a uno de los viajes presentados en nuestra p\u00e1gina internet implica el conocimiento y la aceptaci\u00f3n de los t\u00e9rminos y condiciones de venta que figuran a continuaci\u00f3n. 1. INSCRIPCI\u00d3N Y<span class=\"ellipsis\">&hellip;<\/span><\/p>\n<div class=\"read-more\"><a href=\"https:\/\/latitudsur.org\/voyage\/es\/voyagez\/conditions-de-vente\/\">Leer m\u00e1s \u203a<\/a><\/div>\n<p><!-- end of .read-more --><\/p>\n","protected":false},"author":1,"featured_media":0,"parent":56,"menu_order":0,"comment_status":"open","ping_status":"open","template":"template-page.php","meta":{"footnotes":""},"class_list":["post-129","page","type-page","status-publish","hentry"],"_links":{"self":[{"href":"https:\/\/latitudsur.org\/voyage\/es\/wp-json\/wp\/v2\/pages\/129","targetHints":{"allow":["GET"]}}],"collection":[{"href":"https:\/\/latitudsur.org\/voyage\/es\/wp-json\/wp\/v2\/pages"}],"about":[{"href":"https:\/\/latitudsur.org\/voyage\/es\/wp-json\/wp\/v2\/types\/page"}],"author":[{"embeddable":true,"href":"https:\/\/latitudsur.org\/voyage\/es\/wp-json\/wp\/v2\/users\/1"}],"replies":[{"embeddable":true,"href":"https:\/\/latitudsur.org\/voyage\/es\/wp-json\/wp\/v2\/comments?post=129"}],"version-history":[{"count":0,"href":"https:\/\/latitudsur.org\/voyage\/es\/wp-json\/wp\/v2\/pages\/129\/revisions"}],"up":[{"embeddable":true,"href":"https:\/\/latitudsur.org\/voyage\/es\/wp-json\/wp\/v2\/pages\/56"}],"wp:attachment":[{"href":"https:\/\/latitudsur.org\/voyage\/es\/wp-json\/wp\/v2\/media?parent=129"}],"curies":[{"name":"wp","href":"https:\/\/api.w.org\/{rel}","templated":true}]}}