{"id":131,"date":"2015-03-09T16:20:23","date_gmt":"2015-03-09T15:20:23","guid":{"rendered":"http:\/\/latitudsur.org\/voyage\/?page_id=131"},"modified":"2015-03-09T16:20:23","modified_gmt":"2015-03-09T15:20:23","slug":"croisiere-pacaya-samiria","status":"publish","type":"page","link":"https:\/\/latitudsur.org\/voyage\/es\/voyagez\/perou\/croisiere-pacaya-samiria\/","title":{"rendered":"R\u00e9serve Pacaya Samiria"},"content":{"rendered":"<p><\/p>\n<h2><img loading=\"lazy\" decoding=\"async\" style=\"float:left\" src=\"https:\/\/latitudsur.org\/voyage\/wp-content\/uploads\/sites\/3\/2015\/06\/ptchaman.gif\" alt=\"ptchaman\" width=\"97\" height=\"97\" \/><br \/>Circuito \u00abEl Dorado\u00bb &#8211; Reserva Pacaya Samiria<\/h2>\n<p><\/p>\n<p align=\"justify\">\n<p align=\"justify\"><span style=\"color: #1fa51c;font-size: 16px;font-weight: bold\"><strong>presupuesto por encargo<\/span><\/p>\n<h4 style=\"color: #800000;font-weight: normal\" align=\"justify\">Descubran la Reserva Nacional Pacaya Samiria, la reserva m\u00e1s grande del Per\u00fa<\/h4>\n<p style=\"text-align: justify\">Conocida como <strong>una de las zonas m\u00e1s ricas en biodiversidad del mundo<\/strong>, aloja m\u00e1s de 250 especies de peces, 130 de mam\u00edferos, 450 de aves y 250 de reptiles y anfibios en su abundante vegetaci\u00f3n y en sus aguas de diferentes colores! Un condensado de la Amazonia a descubrir a bordo del Selva Viva, para todos los amantes de la naturaleza.<\/p>\n<p style=\"text-align: justify\">Ubicada a 300 km de Iquitos y asequible \u00fanicamente por v\u00eda fluvial, la Reserva Nacional Pacaya Samiria es <strong>la zona protegida m\u00e1s grande de Per\u00fa<\/strong>, con sus 2 millones de hect\u00e1reas. Hemos elegido para ustedes el r\u00edo menos visitado, el r\u00edo Samiria.<\/p>\n<p style=\"text-align: justify\">Compuesto de lagos y pantanos, acoge una vegetaci\u00f3n exuberante como el Lupuna alcanzando hasta 50 metros de altura, 130 especies de mam\u00edferos tales como el jaguar, la nutria y el ronsoco (el roedor m\u00e1s grande del mundo) as\u00ed que varias especies de monos protegidas, como el leoncito, el fraile y el mach\u00edn.<\/p>\n<p style=\"text-align: justify\">Tambi\u00e9n es un para\u00edso ornitol\u00f3gico con m\u00e1s de 350 especies de p\u00e1jaros como el tuc\u00e1n y el guacamayo escarlata. En fin, la fauna acu\u00e1tica es su m\u00e1s bella atracci\u00f3n con m\u00e1s de 250 especies de peces, tales como el pa\u00efche, el pez de agua dulce m\u00e1s grande del mundo, sus tortugas taricaya y sus numerosos delfines rosas y grises.<\/p>\n<p style=\"text-align: justify\">Tambi\u00e9n podr\u00e1n pescar, admirar los delfines rosas y grises o simplemente relajarse en una hamaca escuchando los sonidos de la selva. El viaje acabar\u00e1 por la bajada de un r\u00edo m\u00edtico, el r\u00edo Mara\u00f1on que forma uni\u00e9ndose con el Ucayali el gran r\u00edo Amazonas.<\/p>\n<p>[tabby title=\u00bbDescripci\u00f3n del circuito\u00bb]<\/p>\n<div>\n<p>Su acompa\u00f1ante les recoger\u00e1 en el aeropuerto de Iquitos en minib\u00fas privado para llevarles a su hotel o directamente hasta Nauta.<\/p>\n<p>\u2022 D1: \u2026\/Iquitos\/Nauta\/Yarina<br \/>\n06:00 hrs.- Recogida de su hotel o alojamiento en Iquitos y traslado en auto hacia la ciudad de Nauta, distante 95 Km. por carretera asfaltada (aprox. 1 h 30 min. de viaje).  En Nauta nos embarcamos en bote r\u00e1pido para viajar aguas arriba por el r\u00edo Mara\u00f1\u00f3n, hacia la Reserva Nacional Pacaya Samiria, En el recorrido se podr\u00e1n apreciar especies de la avifauna t\u00edpicas de las riberas del r\u00edo, como playeritos, golondrinas, gaviotas de r\u00edo y varias especies de mart\u00edn pescador; es posible avistar tambi\u00e9n delfines grises de r\u00edo.<br \/>\n11:00 hrs.- Llegada a la Reserva, al puesto de Vigilancia de Santo Domingo, para hacer los tr\u00e1mites de ingreso. Se prosigue viaje por el R\u00edo Yanayacu. Al ingresar al Yanayacu se podr\u00e1 observar el cambio del color del agua, pasando del color marr\u00f3n y turbio del Mara\u00f1\u00f3n a un color m\u00e1s traslucido y a la vez m\u00e1s oscuro. Son las denominadas \u201caguas negras\u201d caracter\u00edsticas de muchos r\u00edos amaz\u00f3nicos y que deben su color a la presencia de sustancias derivadas de la materia vegetal. Estas aguas reflejan de forma especialmente n\u00edtida la vegetaci\u00f3n de la ribera y el cielo creando hermosos paisajes por los que se conoce a esta parte de la Reserva Pacaya Samiria como \u201cla selva de los espejos\u201d<br \/>\nEl viaje contin\u00faa aguas arriba entre paisajes que cambian progresivamente, pasando desde los bosques secundarios y peque\u00f1os cultivos de la zona cercana a las comunidades, a ecosistemas cada vez menos intervenidos caracter\u00edsticos de la selva pluvial inundable. Se dar\u00e1 un refrigerio a bordo. Se realizan paradas intermedia para observaci\u00f3n de fauna en especial bufeos rosados (Inia geoffrensis).<br \/>\n14:00 hrs.- Llegada a Yarina. Alojamiento en Yvy mara ey Lodge, en habitaciones dobles con ba\u00f1o privado. Almuerzo t\u00edpico a base de productos locales y reuni\u00f3n para coordinar las actividades de la tarde y pr\u00f3ximos d\u00edas.<br \/>\nTras el almuerzo existen distintas alternativas que se coordinar\u00e1n con el gu\u00eda seg\u00fan sus preferencias, se puede realizar una visita a la comunidad cercana de Yarina, una caminata breve, paseo en canoa ba\u00f1o en el r\u00edo.<br \/>\n20:00-21:00 hrs. Cena t\u00edpica.  Si lo desean es posible hacer un peque\u00f1o recorrido nocturno cerca del albergue para observar insectos, ranas y animales nocturnos en general despu\u00e9s de la cena. <\/p>\n<p>\u2022 D2: Yarina \/ German Cano<br \/>\n8:00-8:30. Despu\u00e9s del desayuno,  emprendemos viaje r\u00edo arriba en el bote r\u00e1pido hacia el lugar llamado Germ\u00e1n Ca\u00f1o, donde existe un peque\u00f1o campamento autorizado por la Reserva. El campamento es una plataforma techada y protegida con malla mosquitero donde instalaremos las carpas y cocina port\u00e1til. Tambi\u00e9n dispone de Servicios Higi\u00e9nicos.  Ivy Mara Ey proveer\u00e1 de todo el material necesario para la acampada.<br \/>\n9:30-10:00. Durante el viaje se realizar\u00e1 una parada y excursi\u00f3n en el lugar llamado Chingana. En este punto comienza la llamada  \u201czona de recuperaci\u00f3n\u201d donde no hay presencia humana permanente y est\u00e1n restringidas las actividades de caza y la agricultura. Esta zona es muy rica en fauna y dependiendo de la temporada es posible observar lobos de r\u00edo, variedad de monos, perezosos, aves, bufeos rosados, caimanes, entre otros.<br \/>\n13:00-13.30 Se realizar\u00e1 otra parada para el almuerzo en la zona llamada Llacchihuay.<br \/>\n17:00- 18:00 Llegada al Campamento de Germ\u00e1n Ca\u00f1o y nos preparamos para la cena y el pernocte.  <\/p>\n<p>\u2022 D3: German Cano \/ El Dorado<br \/>\n8:00- 8.30 Despu\u00e9s del desayuno proseguiremos hacia la laguna El Dorado.<br \/>\n12:00- 13:00 Durante el trayecto, realizaremos una parada en la laguna llamada \u201cPato Cocha\u201d donde es posible apreciar gran variedad de aves acu\u00e1ticas, delfines, caimanes negros y lobo de r\u00edo. Tambi\u00e9n es posible tomar un ba\u00f1o refrescante en la laguna.<br \/>\n16:00-17:00 Llegada al refugio de Canta Gallo, ubicado a la orilla de la laguna El Dorado donde nos instalaremos para pasar la noche.<br \/>\nAntes y despu\u00e9s de la cena se pueden realizar excursiones en bote para avistamiento de caimanes y aves acu\u00e1ticas.<\/p>\n<p>\u2022 D4: El Dorado<br \/>\n8:00- 8:30 Despu\u00e9s del desayuno realizaremos excursiones en bote tradicional y canoas por la laguna y sus afluentes.<br \/>\nEn la estaci\u00f3n seca (junio-noviembre) es posible  realizar breves caminatas interpretativas por los alrededores para avistamiento de flora y fauna.  Durante la \u00e9poca de creciente, cuando el agua est\u00e1 alta, las excursiones se realizar\u00e1n principalmente en canoa y en bote ya que la mayor\u00eda del bosque se encuentra inundado y hay poco terreno firme para caminar.<br \/>\nEl principal atractivo de \u201cEl Dorado\u201d son sus sugerentes paisajes y la abundancia de fauna vinculada al agua, peces, caimanes, gran cantidad de aves acu\u00e1ticas, y mam\u00edferos como capibaras, manat\u00edes y lobos de r\u00edo (nutria gigante).<br \/>\n Destaca la presencia de \u201cPaiche\u201d (arapaima gigas) uno de los peces de agua dulce m\u00e1s grande del mundo. El grupo de pescadores Yacu Tayta en colaboraci\u00f3n con la Reserva viene trabajando en la recuperaci\u00f3n y aprovechamiento sostenible de esta especie desde hace m\u00e1s de 20 a\u00f1os.   <\/p>\n<p>\u2022 D5: El Dorado \/ Yarina<br \/>\n8:00-8:30 Despu\u00e9s del desayuno emprendemos el viaje de regreso hasta el Lodge en bote r\u00e1pido.  A mitad de camino se har\u00e1 una parada para el almuerzo.<br \/>\n16:00 &#8211; 17: 00 Llegada al Lodge Ivy Mara Ey. Descanso y cena.<br \/>\nEn la noche es posible realizar alguna excursi\u00f3n para avistamiento de fauna nocturna en los alrededores.<\/p>\n<p>\u2022 D6: Yarina<br \/>\n8:00- 8:30 En la ma\u00f1ana podemos realizar una caminata interpretativa por las trochas cercanas al Lodge.<br \/>\nEn los recorridos es posible apreciar \u00e1rboles de gran porte como las ceibas y distintos tipos ecosistemas que van desde las \u00e1reas de restinga (zonas que no se inundan frecuentemente) hasta los bosques de palmeras permanentemente inundados (aguajales)<br \/>\nEl gu\u00eda local nos mostrar\u00e1 una gran diversidad de especies vegetales que la poblaci\u00f3n aprovecha para uso medicinal, alimentario, para construcci\u00f3n, para fabricar objetos de uso cotidiano o incluso con fines \u201cm\u00e1gicos\u201d Es frecuente ver y escuchar variedad de aves, insectos, reptiles y en ocasiones primates.<br \/>\n15:30-16:00 Despu\u00e9s del almuerzo se puede realizar una visita a la cercana comunidad de Yarina (120 habitantes) para conocer m\u00e1s de cerca su forma de vida y algunas de las actividades de aprovechamiento sostenible de recursos que desarrollan los pobladores locales.<br \/>\nEntre los meses de julio y octubre podemos apreciar las actividades de manejo de tortugas acu\u00e1ticas \u201cTaricaya\u201d (podocnemis unifilis) que realizan los pobladores de Yarina en coordinaci\u00f3n con la Jefatura de la Reserva.<br \/>\nLos huevos de esta tortuga son muy apreciados por la poblaci\u00f3n amaz\u00f3nica y tienen una alta demanda, lo que ha provocado que se sobrexplote en muchas zonas poniendo en riesgo su poblaci\u00f3n. Desde hace m\u00e1s de 20 a\u00f1os las comunidades de la Reserva se ocupan de vigilar las playas en la \u00e9poca de desove, recolectar los nidos y reanidarlos en playas artificiales en sus comunidades. Los pobladores tienen autorizaci\u00f3n para consumir y vender un 20% de los huevos recolectados, los cuales se consideran inviables.<br \/>\nEn el mes de octubre tras la eclosi\u00f3n, parte de las cr\u00edas son liberadas al medio para repoblaci\u00f3n y un porcentaje es vendido como especie ornamental a exportadores de Iquitos. De este modo los pobladores obtienen ingresos econ\u00f3micos y contribuyen a la recuperaci\u00f3n de la especie.  <\/p>\n<p>\u2022 D7: Yarina \/ Nauta \/ Iquitos<br \/>\n6:30 Antes del desayuno, al amanecer se puede realizar una excursi\u00f3n fluvial para ver aves que son m\u00e1s activas a esta hora.<br \/>\n8:00- 8:30. Despu\u00e9s del desayuno emprendemos el camino de regreso a Nauta realizado una visita a los renacales y las paradas de observaci\u00f3n de fauna que deseen.<br \/>\nEn el trayecto se realizar\u00e1 una parada y almuerzo en la comunidad de \u201cVeinte de Enero\u201d para conocer los proyectos de manejo sostenible de aguaje que all\u00ed se desarrollan.<br \/>\nPodremos asistir a una demostraci\u00f3n de escalamiento de la palmera llamada \u201caguaje\u201d (mauritia flexuosa) cuyo fruto es de gran importancia ecol\u00f3gica y econ\u00f3mica en la amazon\u00eda.<br \/>\nLas poblaciones de esta palmera estaban sufriendo un importante deterioro ya que los m\u00e9todos de cosecha tradicionales consist\u00edan en talar las plantas hembras para cosechar el fruto. Actualmente en la Reserva los pobladores con el apoyo de ONGs han desarrollado t\u00e9cnicas de cosecha sostenible escalando la palmera para evitar la tala.<br \/>\nLa llegada a la ciudad de Nauta se prev\u00e9 en las primeras horas de la tarde.<br \/>\nSi desean pueden almorzar en la ciudad de Nauta (el costo de este almuerzo no est\u00e1 incluido) y podemos realizar una visita por v\u00eda fluvial hasta el nacimiento del R\u00edo Amazonas, que es el lugar donde se juntan los r\u00edos Mara\u00f1\u00f3n y Ucayali donde existe una torre mirador a la que pueden subir para apreciar el paisaje.<br \/>\n De vuelta a Nauta tomaremos de nuevo un auto para llegar a Iquitos. Al regreso les dejamos en el lugar de su elecci\u00f3n: Hotel, Aeropuerto u otro. <\/p>\n<p><em>Avisos:<\/em> La Amazonia es un ambiente salvaje en el cual la observaci\u00f3n de la fauna es variable. Este programa puede ser adaptado seg\u00fan la temporada y las condiciones de navegaci\u00f3n.<\/p>\n<\/div>\n<p>[tabby title=\u00bbDetalles pr\u00e1cticos\u00bb]<br \/>\n<strong>Circuito en la Reserva Nacional de Pacaya Samiria (Per\u00fa)<\/strong><\/p>\n<p><strong>Regi\u00f3n :<\/strong> PER\u00da, Provincia de Loreto<br \/>\n<strong><br \/>\nSalida \/ Llegada :<\/strong> Aeropuerto de Iquitos \/ Aeropuerto de Iquitos<br \/>\n<strong><br \/>\nDuraci\u00f3n :<\/strong> propuesta 7 d\u00edas \/ 6 noches en la reserva todo incluido<br \/>\n(se puede modificar el numero de d\u00edas : entre 4 y 7)<\/p>\n<p><strong>N\u00famero de participantes :<\/strong> de 4 a 8<\/p>\n<p><strong>Idioma del viaje :<\/strong> Espa\u00f1ol, franc\u00e9s, ingl\u00e9s<br \/>\n<strong><br \/>\nMoneda local :<\/strong> Nuevo Sol (S\/.)<\/p>\n<p><strong>Visa :<\/strong> Ning\u00fan visa para una estad\u00eda inferior a 90 d\u00edas<\/p>\n<p><strong>R\u00edos recorridos :<\/strong> Amazonas, Mara\u00f1on, Samiria, Yarapa<\/p>\n<p><strong>SALUD<\/strong><\/p>\n<p>Vacunaci\u00f3n recomendada contra la fiebre amarilla al m\u00ednimo 3 semanas antes de la salida.<\/p>\n<p>Prevenci\u00f3n contra el paludismo recomendada.<\/p>\n<p>Contratar obligatoriamente un seguro individual \u00ab asistencia-rapatriamiento \u00bb con su boleto de avi\u00f3n.<\/p>\n<p>[tabby title=\u00bbMapa\u00bb]<br \/>\n<a href=\"https:\/\/latitudsur.org\/voyage\/wp-content\/uploads\/sites\/3\/2015\/06\/carte.gif\"><img loading=\"lazy\" decoding=\"async\" class=\"alignnone size-full wp-image-561\" src=\"https:\/\/latitudsur.org\/voyage\/wp-content\/uploads\/sites\/3\/2015\/06\/carte.gif\" alt=\"carte\" width=\"709\" height=\"500\" \/><\/a><\/p>\n<p>[tabby title=\u00bbPrecios\u00bb]<br \/>\n<strong>Tarifas por persona en pensi\u00f3n completa:<\/strong><\/p>\n<p>Salida asegurada si 3 pasajeros a las fechas de su elecci\u00f3n<br \/>\n1240 U$D a partir de 4 pasajeros (crucero de 10 d\u00edas)<br \/>\n830 U$D a partir de 4 pasajeros (crucero de 7 d\u00edas)<\/p>\n<p>Reducciones progresivas para grupos superiores a 5 personas<\/p>\n<p>Capacidad m\u00e1xima del barco para este viaje : 10 pasajeros<\/p>\n<p>Transferencia Aeropuerto Iquitos a la ida y vuelta<\/p>\n<p><strong>Estas tarifas no incluyen:<\/strong><\/p>\n<p>Los vuelos internacionales y nacionales<\/p>\n<p>&#8211; Hotel, transferencias aeropuerto y comidas en Lima a la ida y vuelta<\/p>\n<p>&#8211; Las bebidas alcoholizadas y los sodas a bordo<\/p>\n<p>&#8211; Las compras personales como las artesianas y propinas eventuales<\/p>\n<p>[tabby title=\u00bbReservaci\u00f3n\u00bb]<br \/>\n<strong>Las etapas de inscripci\u00f3n son las siguientes :<\/strong><\/p>\n<p>1) Formulario con sus coordenadas<br \/>\n2) E-mail de confirmaci\u00f3n por Latitud Sur de la disponibilidad<br \/>\n3) Pago del anticipo<br \/>\n4) E-mail de confirmaci\u00f3n por Latitud Sur del pago del anticipo.<br \/>\n<strong><br \/>\nA ra\u00edz de estas 4 etapas usted est\u00e1 inscrito !<\/strong><br \/>\nSiguen algunos tramites simples para completar su expediente y permitirle obtener todas las informaciones necesarias a una correcta preparaci\u00f3n de su viaje.<br \/>\nConsejos para la compra de sus boletos de avi\u00f3n.<br \/>\nPreparaci\u00f3n al viaje: env\u00edo de la hoja de ruta para llegar a Iquitos y al barco + nuestras fichas-consejos<\/p>\n<p>Luego poco antes del viaje: Pago del saldo.<\/p>\n<p><div id=\"usermessagea\" class=\"cf_info \"><\/div><form enctype=\"multipart\/form-data\" action=\"\/voyage\/es\/wp-json\/wp\/v2\/pages\/131#usermessagea\" method=\"post\" class=\"cform reservation-fr \" id=\"cformsform\"><fieldset class=\"cf-fs1\" style=\"\"><legend>Mes coordonn\u00e9es<\/legend><ol class=\"cf-ol\"><li id=\"li--2\" class=\"\"><label id=\"label--2\" for=\"cf_field_2\"><span>Pr\u00e9nom<\/span><\/label><input type=\"text\" name=\"cf_field_2\" id=\"cf_field_2\" class=\"single fldrequired\" value=\"\" onfocus=\"clearField(this)\" onblur=\"setField(this)\" title=\"\"\/><span class=\"reqtxt\">(required)<\/span><\/li><li id=\"li--3\" class=\"\"><label id=\"label--3\" for=\"cf_field_3\"><span>Nom<\/span><\/label><input type=\"text\" name=\"cf_field_3\" id=\"cf_field_3\" class=\"single fldrequired\" value=\"\" title=\"\"\/><span class=\"reqtxt\">(required)<\/span><\/li><li id=\"li--4\" class=\"\"><label id=\"label--4\" for=\"cf_field_4\"><span>Adresse<\/span><\/label><input type=\"text\" name=\"cf_field_4\" id=\"cf_field_4\" class=\"single fldrequired\" value=\"\" title=\"\"\/><span class=\"reqtxt\">(required)<\/span><\/li><li id=\"li--5\" class=\"\"><label id=\"label--5\" for=\"cf_field_5\"><span>Code Postal<\/span><\/label><input type=\"text\" name=\"cf_field_5\" id=\"cf_field_5\" class=\"single fldrequired\" value=\"\" title=\"\"\/><span class=\"reqtxt\">(required)<\/span><\/li><li id=\"li--6\" class=\"\"><label id=\"label--6\" for=\"cf_field_6\"><span>Ville<\/span><\/label><input type=\"text\" name=\"cf_field_6\" id=\"cf_field_6\" class=\"single fldrequired\" value=\"\" title=\"\"\/><span class=\"reqtxt\">(required)<\/span><\/li><li id=\"li--7\" class=\"\"><label id=\"label--7\" for=\"cf_field_7\"><span>Pays<\/span><\/label><input type=\"text\" name=\"cf_field_7\" id=\"cf_field_7\" class=\"single fldrequired\" value=\"\" title=\"\"\/><span class=\"reqtxt\">(required)<\/span><\/li><li id=\"li--8\" class=\"\"><label id=\"label--8\" for=\"cf_field_8\"><span>Courriel<\/span><\/label><input type=\"text\" name=\"cf_field_8\" id=\"cf_field_8\" class=\"single fldemail fldrequired\" value=\"\" title=\"\"\/><span class=\"emailreqtxt\">(valid email required)<\/span><\/li><li id=\"li--9\" class=\"\"><label id=\"label--9\" for=\"cf_field_9\"><span>T\u00e9l\u00e9phone<\/span><\/label><input type=\"text\" name=\"cf_field_9\" id=\"cf_field_9\" class=\"single fldrequired\" value=\"\" title=\"\"\/><span class=\"reqtxt\">(required)<\/span><\/li><li id=\"li--10\" class=\"\"><label id=\"label--10\" for=\"cf_field_10\"><span>Date de Naissance<\/span><\/label><input required=\"required\"  type=\"date\" name=\"cf_field_10\" id=\"cf_field_10\" class=\" fldrequired\" value=\"\" title=\"\"\/><span class=\"reqtxt\">(required)<\/span><\/li><li id=\"li--11\" class=\"\"><label id=\"label--11\" for=\"cf_field_11\"><span>N\u00b0 Passeport<\/span><\/label><input type=\"text\" name=\"cf_field_11\" id=\"cf_field_11\" class=\"single\" value=\"\" title=\"\"\/><\/li><li id=\"li--12\" class=\"\"><label id=\"label--12\" for=\"cf_field_12\"><span>Date de validit\u00e9<\/span><\/label><input  type=\"date\" name=\"cf_field_12\" id=\"cf_field_12\" class=\"\" value=\"\" title=\"\"\/><\/li><li id=\"li--13\" class=\"\"><label id=\"label--13\" for=\"cf_field_13\"><span>Mes dates de voyage \/ Question<\/span><\/label><textarea cols=\"30\" rows=\"8\" name=\"cf_field_13\" id=\"cf_field_13\" class=\"area\" title=\"\"><\/textarea><\/li><\/ol><\/fieldset><fieldset class=\"cf-fs2\" style=\"\"><legend>S\u00e9curit\u00e9<\/legend><ol class=\"cf-ol\"><li id=\"li--16\" class=\"\"><label for=\"cf_field_16\" class=\"secq\"><span>7-2 ?<\/span><\/label><input type=\"text\" name=\"cforms2_question_and_answer\" id=\"cf_field_16\" class=\"secinput fldrequired \" title=\"\"\/><input type=\"hidden\" name=\"cforms2_question_and_answer\/hint\" value=\"2\"\/><\/li><\/ol><\/fieldset><fieldset class=\"cf_hidden\"><legend>&nbsp;<\/legend><input type=\"hidden\" name=\"cf_working\" id=\"cf_working\" value=\"One moment please...\"\/><input type=\"hidden\" name=\"cf_failure\" id=\"cf_failure\" value=\"Merci de remplir toutes les informations demand\u00e9es\"\/><input type=\"hidden\" name=\"cf_customerr\" id=\"cf_customerr\" value=\"y\"\/><\/fieldset><p class=\"cf-sb\"><input type=\"submit\" name=\"sendbutton\" id=\"sendbutton\" class=\"sendbutton\" value=\"Envoyer\" \/><\/p><\/form><br \/>\n[tabbyending]<\/p>","protected":false},"excerpt":{"rendered":"<p>Circuito \u00abEl Dorado\u00bb &#8211; Reserva Pacaya Samiria presupuesto por encargo Descubran la Reserva Nacional Pacaya Samiria, la reserva m\u00e1s grande del Per\u00fa Conocida como una de las zonas m\u00e1s ricas en biodiversidad del mundo, aloja m\u00e1s de 250 especies de<span class=\"ellipsis\">&hellip;<\/span><\/p>\n<div class=\"read-more\"><a href=\"https:\/\/latitudsur.org\/voyage\/es\/voyagez\/perou\/croisiere-pacaya-samiria\/\">Leer m\u00e1s \u203a<\/a><\/div>\n<p><!-- end of .read-more --><\/p>\n","protected":false},"author":1,"featured_media":0,"parent":74,"menu_order":0,"comment_status":"open","ping_status":"open","template":"template-page.php","meta":{"footnotes":""},"class_list":["post-131","page","type-page","status-publish","hentry"],"_links":{"self":[{"href":"https:\/\/latitudsur.org\/voyage\/es\/wp-json\/wp\/v2\/pages\/131","targetHints":{"allow":["GET"]}}],"collection":[{"href":"https:\/\/latitudsur.org\/voyage\/es\/wp-json\/wp\/v2\/pages"}],"about":[{"href":"https:\/\/latitudsur.org\/voyage\/es\/wp-json\/wp\/v2\/types\/page"}],"author":[{"embeddable":true,"href":"https:\/\/latitudsur.org\/voyage\/es\/wp-json\/wp\/v2\/users\/1"}],"replies":[{"embeddable":true,"href":"https:\/\/latitudsur.org\/voyage\/es\/wp-json\/wp\/v2\/comments?post=131"}],"version-history":[{"count":0,"href":"https:\/\/latitudsur.org\/voyage\/es\/wp-json\/wp\/v2\/pages\/131\/revisions"}],"up":[{"embeddable":true,"href":"https:\/\/latitudsur.org\/voyage\/es\/wp-json\/wp\/v2\/pages\/74"}],"wp:attachment":[{"href":"https:\/\/latitudsur.org\/voyage\/es\/wp-json\/wp\/v2\/media?parent=131"}],"curies":[{"name":"wp","href":"https:\/\/api.w.org\/{rel}","templated":true}]}}