{"id":133,"date":"2015-03-09T16:20:54","date_gmt":"2015-03-09T15:20:54","guid":{"rendered":"http:\/\/latitudsur.org\/voyage\/?page_id=133"},"modified":"2015-03-09T16:20:54","modified_gmt":"2015-03-09T15:20:54","slug":"croisiere-curaray","status":"publish","type":"page","link":"https:\/\/latitudsur.org\/voyage\/es\/voyagez\/perou\/croisiere-curaray\/","title":{"rendered":"CircuitTapiche"},"content":{"rendered":"<p><a style=\"float:right\" href=\"\/voyage\/wp-content\/uploads\/sites\/3\/2015\/06\/accueil1.jpg\"><img loading=\"lazy\" decoding=\"async\" class=\"size-medium wp-image-560\" src=\"\/voyage\/wp-content\/uploads\/sites\/3\/2015\/06\/accueil1-265x300.jpg\" alt=\"accueil\" width=\"265\" height=\"300\" srcset=\"https:\/\/latitudsur.org\/voyage\/wp-content\/uploads\/sites\/3\/2015\/06\/accueil1-265x300.jpg 265w, https:\/\/latitudsur.org\/voyage\/wp-content\/uploads\/sites\/3\/2015\/06\/accueil1.jpg 398w\" sizes=\"auto, (max-width: 265px) 100vw, 265px\" \/><\/a><\/p>\n<h2 \/><img loading=\"lazy\" decoding=\"async\" style=\"float:left\" src=\"https:\/\/latitudsur.org\/voyage\/wp-content\/uploads\/sites\/3\/2015\/06\/ptchaman.gif\" alt=\"ptchaman\" width=\"97\" height=\"97\" \/><br \/>Rio Tapiche<br \/>Crucero en Per\u00fa<\/h2>\n<p align=\"justify\">\n<span style=\"color: #1fa51c;font-size:16px;font-weight:bold\"><strong>Presupuesto por encargo<\/span><br \/>\n<span style=\"color: #725F1F;font-weight:bold\"><\/span><\/p>\n<h4 align=\"justify\" style=\"color: #800000;font-weight:normal\">Una inmersion estupenda en la selva fronteriza&#8230;<\/h4>\n<\/p>\n<p align=\"justify\">Latitud Sur es el unico que propone una visita de dos reservas nacionales en un solo crucero : la famosa reserva Pacaya Samiria y la secreta reserva Matses.\n<\/p>\n<p align=\"justify\">Un crucero de 12 d\u00edas sobre uno de <strong>los rios mas salvaje de la amazonia peruana<\/strong>, cerca de los indigenas Matses a bordo de un barco que trabaja para preservar la biodiversidad. Un viaje en pequenos grupos (10 personas maximo) en la zona fronteriza con Brazil !<\/p>\n<p align=\"center\"><a href=\"\/voyage\/wp-content\/uploads\/sites\/3\/2015\/06\/pt12.jpg\"><img decoding=\"async\" style=\"border:7px solid #FFFFFF;width:210px;height:155px\" src=\"\/voyage\/wp-content\/uploads\/sites\/3\/2015\/06\/pt12.jpg\" alt=\"pt1\" \/><\/a> <a href=\"\/voyage\/wp-content\/uploads\/sites\/3\/2015\/06\/pt22.jpg\"><img decoding=\"async\" style=\"border:7px solid #FFFFFF;width:210px;height:155px\" src=\"\/voyage\/wp-content\/uploads\/sites\/3\/2015\/06\/pt22.jpg\" alt=\"pt2\" \/><\/a> <a href=\"\/voyage\/wp-content\/uploads\/sites\/3\/2015\/06\/pt32.jpg\"><img decoding=\"async\" style=\"border:7px solid #FFFFFF;width:210px;height:155px\" src=\"\/voyage\/wp-content\/uploads\/sites\/3\/2015\/06\/pt32.jpg\" alt=\"pt3\" \/><\/a><\/p>\n<p>[tabby title=\u00bbDescripci\u00f3n del viaje\u00bb]<br \/>\nD1: Recepci\u00f3n en el aeropuerto o en su hotel por la ma\u00f1ana (lo m\u00e1s temprano posible). Acogida en el M\/F \u201cSelva Viva\u201d e instalaci\u00f3n en su cabina. Inicio del crucero subiendo el m\u00edtico r\u00edo Amazonas. Almuerzo a bordo. Llegada por la tarde a la quebrada Tamshiyacu: excursi\u00f3n con el bote anexo para un primer contacto con la selva tropical. Cena y pernocte a bordo, en un sitio aislado.<\/p>\n<p>D2: Desayuno a bordo mientras navegamos hasta la comunidad de Hueyci. Caminata por la selva para visitar 3 pueblos y observar la vegetaci\u00f3n desde las colinas. Los habitantes nos presentar\u00e1n sus actividades cotidianas en funci\u00f3n de la temporada. Almuerzo a bordo y navegaci\u00f3n hasta Yanayacu de Yacapana. Pesca al atardecer. Cena y pernocte a bordo, en un sitio aislado.<\/p>\n<p>D3: Temprano por la ma\u00f1ana, exploraci\u00f3n en bote auxiliar de las lagunas que bordan el pueblo. Observaci\u00f3n de numerosas especies de aves. Desayuno a bordo mientras navegamos en direcci\u00f3n del estrecho r\u00edo Yarapa. Llegada al pueblo de Jaldar. Excursi\u00f3n con un gu\u00eda local especialista de las plantas medicinales. Posibilidad de observar monos y aves en los pantanos cerca del pueblo. Cena y pernocte a bordo.<\/p>\n<p>D4: Desayuno a bordo mientras navegamos hasta San Jos\u00e9 en la reserva Pacaya Samiria, donde observaremos nen\u00fafares gigantes (Victoria regia) y especies de aves prehist\u00f3ricas. Navegaremos luego hasta la confluencia del Ucayali y del Mara\u00f1\u00f3n, el lugar preciso donde nace el m\u00edtico r\u00edo Amazonas.<\/p>\n<p>D5: Los motores arrancar\u00e1n a las 5h para surcar hasta la quebrada Supay donde llegaremos a las 14h. Durante la navegaci\u00f3n, podr\u00e1n explorar la vegetaci\u00f3n y los hermosos paisajes de la selva Amaz\u00f3nica, c\u00f3modamente instalados en una hamaca, en la cubierta superior del Selva Viva. Excursi\u00f3n en bote auxiliar hasta la comunidad de Aucayacu y primer contacto con una familia Mats\u00e9s. Conoceremos la comunidad y sus alrededores con un gu\u00eda local. Pernocte en la boca de la quebrada Supay.<\/p>\n<p>D6: Salida a las 7h para una caminata desde la boca de la quebrada Supay hasta la comunidad de Once de Agosto (2 horas) donde volveremos a encontrar el Selva Viva. Reanudaci\u00f3n de la navegaci\u00f3n a las 10h y entrada en el rio Tapiche para llegar a la quebrada Yarina a las 16h. En el encuentro de estos dos r\u00edos, podremos observar los delfines rosados y grises pescando en grupos. Salida en auxiliar en la quebrada Yarina. Exploraci\u00f3n de la quebrada para observar aves y pescar pira\u00f1as. Pernocte en un lugar salvaje.<\/p>\n<p>D7: Reanudaci\u00f3n de la navegaci\u00f3n a las 5h para llegar a la quebrada Aleman a las 10h. Salida en auxiliar hasta la comunidad de Monte Sina\u00ef para conocer la exuberante flora del lugar. Posible observaci\u00f3n de monos. Visita de la comunidad y de sus alrededores. Regreso al barco a las 13h y reanudaci\u00f3n de la navegaci\u00f3n hasta Galicia donde llegaremos a las 18h. Salida de noche a las 20h a la b\u00fasqueda de animales nocturnos (2 horas). Pernocte en Galicia.<\/p>\n<p>D8: Empezaremos la navegaci\u00f3n a las 5h para llegar a la quebrada Torno sobre las 9h. Salida en auxiliar hasta la comunidad de Torno. Descubierta de la comunidad y de sus alrededores para observar el mono huapo negro (Pithecia monachus) y los guacamayos. Los habitantes nos hablar\u00e1n de la pesca del paiche (Arapaima gigas), el pez de agua dulce m\u00e1s grande del mundo. Almuerzo previsto en la comunidad. Regreso al barco a las 17h. Pernocte en la entrada de la quebrada Torno.<\/p>\n<p>D9: Reanudaci\u00f3n de la navegaci\u00f3n a las 7h para surcar hasta la cocha Garza donde llegaremos a las 14h. Salida en bote auxiliar a las 15h para observar las numerosas especies de aves (garzas, gavilanes, cara-caras, Mart\u00edn-pescadores, cormoranes, etc.) que viven en esta zona. El lugar se ubica en un \u00e1rea donde los cient\u00edficos siguen descubriendo nuevas especies de fauna y flora. Regreso al barco y pernocte en un lugar salvaje.<\/p>\n<p>D10: Inicio del retorno hacia Nauta e Iquitos. Empezaremos la navegaci\u00f3n a las 7h para barrar hasta Callao donde llegaremos a las 14h. Por el camino, excursi\u00f3n en bote auxiliar para observar monos (fraile o mono ardilla) y aves. Visita de la comunidad de Callao y encuentro con una familia Mats\u00e9s. Volveremos a seguir bajando por el r\u00edo Tapiche hasta Galicia donde pernoctaremos.<\/p>\n<p>D11: Reanudaci\u00f3n de la navegaci\u00f3n a las 7h para bajar hasta Sapuena donde llegaremos a las 9h. Visita de la comunidad de Sapuena y exploraci\u00f3n de la quebrada del mismo nombre. Posible observaci\u00f3n de delfines. Regreso al barco para el almuerzo y navegaci\u00f3n hasta la confluencia del Ucayali y Mara\u00f1\u00f3n, donde nace el Amazonas. Surcaremos el Mara\u00f1\u00f3n hasta Fundo Casual, parcela de bosque primario y segundario donde un gu\u00eda local nos ense\u00f1ar\u00e1 \u00e1rboles gigantes y ranas venenosas (excursi\u00f3n de d\u00eda o de noche seg\u00fan la hora de llegada).<\/p>\n<p>D12: Despu\u00e9s del desayuno, partiremos explorar Nauta Ca\u00f1o, una red de lagunas en la Reserva Nacional Pacaya Samiria y lugar conocido por la gran diversidad de aves pero tambi\u00e9n de iguanas o monos ardilla. Regreso al barco antes del almuerzo y navegaci\u00f3n hasta Nauta, puerto de destino. Visita de esta peque\u00f1a ciudad y de su parque Sapi-Sapi para observar paiche (Arapaima gigas) tortugas y caimanes. Traslado hasta Iquitos en la tarde.<\/p>\n<p> [tabby title=\u00bbDetalles pr\u00e1cticos\u00bb]<br \/>\n<strong>Crucero sobre el Rio Tapiche (Per\u00fa)<\/strong><\/p>\n<p>    Regi\u00f3n : PER\u00da, Provincia de Loreto<\/p>\n<p>    Salida \/ Llegada : Aeropuerto de Iquitos \/ Aeropuerto de Iquitos<\/p>\n<p>    Duraci\u00f3n : 12 d\u00edas \/ 11 noches en el barco \u00ab Selva Viva \u00bb todo incluido<br \/>\n (se puede modificar el numero de d\u00edas : entre 10 y 14)<\/p>\n<p>    N\u00famero de participantes : de 4 a 10<\/p>\n<p>    Idioma del viaje : Espa\u00f1ol<\/p>\n<p>    Moneda local : Nuevo Sol (S\/.)<\/p>\n<p>    Visa : Ning\u00fan visa para una estad\u00eda inferior a 90 d\u00edas<\/p>\n<p>    R\u00edos recorridos : Amazonas, Mara\u00f1on, Ucayali, Tapiche<\/p>\n<p><strong>SALUD<\/strong><\/p>\n<p>    Vacunaci\u00f3n recomendada contra la fiebre amarilla al m\u00ednimo 3 semanas antes de la salida.<\/p>\n<p>    Prevenci\u00f3n contra el paludismo recomendada.<\/p>\n<p>    Contratar obligatoriamente un seguro individual \u00ab asistencia-rapatriamiento \u00bb con su boleto de avi\u00f3n.<\/p>\n<p>[tabby title=\u00bbMapa\u00bb]<br \/>\n<a href=\"\/voyage\/wp-content\/uploads\/sites\/3\/2015\/03\/Tapiche_map.png\"><img decoding=\"async\" src=\"\/voyage\/wp-content\/uploads\/sites\/3\/2015\/03\/Tapiche_map.png\" alt=\"map\" class=\"aligncenter size-medium wp-image-561\" \/><\/a><\/p>\n<p>[tabby title=\u00bbPrecios\u00bb]<br \/>\n<strong>Tarifas por persona en pensi\u00f3n completa:<\/strong><\/p>\n<p>    Salida asegurada si 4 pasajeros a las fechas de su elecci\u00f3n<\/p>\n<p>    2990 U$D a partir de 4 pasajeros<\/p>\n<p>    Reducciones progresivas para grupos superiores a 5 personas<\/p>\n<p>    Capacidad m\u00e1xima del barco para este viaje : 10 pasajeros<\/p>\n<p>    Transferencia Aeropuerto Iquitos &#8211; Selva Viva incluida a la ida y vuelta<\/p>\n<p><strong>Estas tarifas no incluyen:<\/strong><\/p>\n<p>    Los vuelos internacionales y nacionales<\/p>\n<p>    Hotel, transferencias aeropuerto y comidas en Lima a la ida y vuelta<\/p>\n<p>    Las bebidas alcoholizadas y los sodas a bordo<\/p>\n<p>    Las compras personales como las artesan\u00edas y propinas eventuales<\/p>\n<p>[tabby title=\u00bbReservaci\u00f3n\u00bb]<br \/>\n<strong>Las etapas de inscripci\u00f3n son las siguientes :<\/strong><\/p>\n<p>    1) Formulario con sus coordenadas<br \/>\n    2) E-mail de confirmaci\u00f3n por Latitud Sur de la disponibilidad<br \/>\n    3) Pago del anticipo<br \/>\n    4) E-mail de confirmaci\u00f3n por Latitud Sur del pago del anticipo.<\/p>\n<p>    <strong>A ra\u00edz de estas 4 etapas usted est\u00e1 inscrito !<\/strong><br \/>\n    Siguen algunos tramites simples para completar su expediente y permitirle obtener todas las informaciones necesarias a una correcta preparaci\u00f3n de su viaje.<br \/>\n    Consejos para la compra de sus boletos de avi\u00f3n.<br \/>\n    Preparaci\u00f3n al viaje: env\u00edo de la hoja de ruta para llegar a Iquitos y al barco + nuestras fichas-consejos<\/p>\n<p>    Luego poco antes del viaje: Pago del saldo.<\/p>\n<p><div id=\"usermessagea\" class=\"cf_info \"><\/div><form enctype=\"multipart\/form-data\" action=\"\/voyage\/es\/wp-json\/wp\/v2\/pages\/133#usermessagea\" method=\"post\" class=\"cform reservation-fr \" id=\"cformsform\"><fieldset class=\"cf-fs1\" style=\"\"><legend>Mes coordonn\u00e9es<\/legend><ol class=\"cf-ol\"><li id=\"li--2\" class=\"\"><label id=\"label--2\" for=\"cf_field_2\"><span>Pr\u00e9nom<\/span><\/label><input type=\"text\" name=\"cf_field_2\" id=\"cf_field_2\" class=\"single fldrequired\" value=\"\" onfocus=\"clearField(this)\" onblur=\"setField(this)\" title=\"\"\/><span class=\"reqtxt\">(required)<\/span><\/li><li id=\"li--3\" class=\"\"><label id=\"label--3\" for=\"cf_field_3\"><span>Nom<\/span><\/label><input type=\"text\" name=\"cf_field_3\" id=\"cf_field_3\" class=\"single fldrequired\" value=\"\" title=\"\"\/><span class=\"reqtxt\">(required)<\/span><\/li><li id=\"li--4\" class=\"\"><label id=\"label--4\" for=\"cf_field_4\"><span>Adresse<\/span><\/label><input type=\"text\" name=\"cf_field_4\" id=\"cf_field_4\" class=\"single fldrequired\" value=\"\" title=\"\"\/><span class=\"reqtxt\">(required)<\/span><\/li><li id=\"li--5\" class=\"\"><label id=\"label--5\" for=\"cf_field_5\"><span>Code Postal<\/span><\/label><input type=\"text\" name=\"cf_field_5\" id=\"cf_field_5\" class=\"single fldrequired\" value=\"\" title=\"\"\/><span class=\"reqtxt\">(required)<\/span><\/li><li id=\"li--6\" class=\"\"><label id=\"label--6\" for=\"cf_field_6\"><span>Ville<\/span><\/label><input type=\"text\" name=\"cf_field_6\" id=\"cf_field_6\" class=\"single fldrequired\" value=\"\" title=\"\"\/><span class=\"reqtxt\">(required)<\/span><\/li><li id=\"li--7\" class=\"\"><label id=\"label--7\" for=\"cf_field_7\"><span>Pays<\/span><\/label><input type=\"text\" name=\"cf_field_7\" id=\"cf_field_7\" class=\"single fldrequired\" value=\"\" title=\"\"\/><span class=\"reqtxt\">(required)<\/span><\/li><li id=\"li--8\" class=\"\"><label id=\"label--8\" for=\"cf_field_8\"><span>Courriel<\/span><\/label><input type=\"text\" name=\"cf_field_8\" id=\"cf_field_8\" class=\"single fldemail fldrequired\" value=\"\" title=\"\"\/><span class=\"emailreqtxt\">(valid email required)<\/span><\/li><li id=\"li--9\" class=\"\"><label id=\"label--9\" for=\"cf_field_9\"><span>T\u00e9l\u00e9phone<\/span><\/label><input type=\"text\" name=\"cf_field_9\" id=\"cf_field_9\" class=\"single fldrequired\" value=\"\" title=\"\"\/><span class=\"reqtxt\">(required)<\/span><\/li><li id=\"li--10\" class=\"\"><label id=\"label--10\" for=\"cf_field_10\"><span>Date de Naissance<\/span><\/label><input required=\"required\"  type=\"date\" name=\"cf_field_10\" id=\"cf_field_10\" class=\" fldrequired\" value=\"\" title=\"\"\/><span class=\"reqtxt\">(required)<\/span><\/li><li id=\"li--11\" class=\"\"><label id=\"label--11\" for=\"cf_field_11\"><span>N\u00b0 Passeport<\/span><\/label><input type=\"text\" name=\"cf_field_11\" id=\"cf_field_11\" class=\"single\" value=\"\" title=\"\"\/><\/li><li id=\"li--12\" class=\"\"><label id=\"label--12\" for=\"cf_field_12\"><span>Date de validit\u00e9<\/span><\/label><input  type=\"date\" name=\"cf_field_12\" id=\"cf_field_12\" class=\"\" value=\"\" title=\"\"\/><\/li><li id=\"li--13\" class=\"\"><label id=\"label--13\" for=\"cf_field_13\"><span>Mes dates de voyage \/ Question<\/span><\/label><textarea cols=\"30\" rows=\"8\" name=\"cf_field_13\" id=\"cf_field_13\" class=\"area\" title=\"\"><\/textarea><\/li><\/ol><\/fieldset><fieldset class=\"cf-fs2\" style=\"\"><legend>S\u00e9curit\u00e9<\/legend><ol class=\"cf-ol\"><li id=\"li--16\" class=\"\"><label for=\"cf_field_16\" class=\"secq\"><span>7-2 ?<\/span><\/label><input type=\"text\" name=\"cforms2_question_and_answer\" id=\"cf_field_16\" class=\"secinput fldrequired \" title=\"\"\/><input type=\"hidden\" name=\"cforms2_question_and_answer\/hint\" value=\"2\"\/><\/li><\/ol><\/fieldset><fieldset class=\"cf_hidden\"><legend>&nbsp;<\/legend><input type=\"hidden\" name=\"cf_working\" id=\"cf_working\" value=\"One moment please...\"\/><input type=\"hidden\" name=\"cf_failure\" id=\"cf_failure\" value=\"Merci de remplir toutes les informations demand\u00e9es\"\/><input type=\"hidden\" name=\"cf_customerr\" id=\"cf_customerr\" value=\"y\"\/><\/fieldset><p class=\"cf-sb\"><input type=\"submit\" name=\"sendbutton\" id=\"sendbutton\" class=\"sendbutton\" value=\"Envoyer\" \/><\/p><\/form><br \/>\n[tabbyending]<\/p>","protected":false},"excerpt":{"rendered":"<p>Rio TapicheCrucero en Per\u00fa Presupuesto por encargo Una inmersion estupenda en la selva fronteriza&#8230; Latitud Sur es el unico que propone una visita de dos reservas nacionales en un solo crucero : la famosa reserva Pacaya Samiria y la secreta<span class=\"ellipsis\">&hellip;<\/span><\/p>\n<div class=\"read-more\"><a href=\"https:\/\/latitudsur.org\/voyage\/es\/voyagez\/perou\/croisiere-curaray\/\">Leer m\u00e1s \u203a<\/a><\/div>\n<p><!-- end of .read-more --><\/p>\n","protected":false},"author":1,"featured_media":0,"parent":74,"menu_order":0,"comment_status":"open","ping_status":"closed","template":"template-page.php","meta":{"footnotes":""},"class_list":["post-133","page","type-page","status-publish","hentry"],"_links":{"self":[{"href":"https:\/\/latitudsur.org\/voyage\/es\/wp-json\/wp\/v2\/pages\/133","targetHints":{"allow":["GET"]}}],"collection":[{"href":"https:\/\/latitudsur.org\/voyage\/es\/wp-json\/wp\/v2\/pages"}],"about":[{"href":"https:\/\/latitudsur.org\/voyage\/es\/wp-json\/wp\/v2\/types\/page"}],"author":[{"embeddable":true,"href":"https:\/\/latitudsur.org\/voyage\/es\/wp-json\/wp\/v2\/users\/1"}],"replies":[{"embeddable":true,"href":"https:\/\/latitudsur.org\/voyage\/es\/wp-json\/wp\/v2\/comments?post=133"}],"version-history":[{"count":0,"href":"https:\/\/latitudsur.org\/voyage\/es\/wp-json\/wp\/v2\/pages\/133\/revisions"}],"up":[{"embeddable":true,"href":"https:\/\/latitudsur.org\/voyage\/es\/wp-json\/wp\/v2\/pages\/74"}],"wp:attachment":[{"href":"https:\/\/latitudsur.org\/voyage\/es\/wp-json\/wp\/v2\/media?parent=133"}],"curies":[{"name":"wp","href":"https:\/\/api.w.org\/{rel}","templated":true}]}}