{"id":135,"date":"2015-03-09T16:21:50","date_gmt":"2015-03-09T15:21:50","guid":{"rendered":"http:\/\/latitudsur.org\/voyage\/?page_id=135"},"modified":"2015-03-09T16:21:50","modified_gmt":"2015-03-09T15:21:50","slug":"croisiere-amazonie-cuzco","status":"publish","type":"page","link":"https:\/\/latitudsur.org\/voyage\/es\/voyagez\/perou\/croisiere-amazonie-cuzco\/","title":{"rendered":"Croisi\u00e8re Amazonie &amp; Cuzco"},"content":{"rendered":"<p><a style=\"float:right\" href=\"\/voyage\/wp-content\/uploads\/sites\/3\/2015\/06\/accueil1.jpg\"><img loading=\"lazy\" decoding=\"async\" class=\"size-medium wp-image-560\" src=\"\/voyage\/wp-content\/uploads\/sites\/3\/2015\/06\/accueil1-265x300.jpg\" alt=\"accueil\" width=\"265\" height=\"300\" srcset=\"https:\/\/latitudsur.org\/voyage\/wp-content\/uploads\/sites\/3\/2015\/06\/accueil1-265x300.jpg 265w, https:\/\/latitudsur.org\/voyage\/wp-content\/uploads\/sites\/3\/2015\/06\/accueil1.jpg 398w\" sizes=\"auto, (max-width: 265px) 100vw, 265px\" \/><\/a><\/p>\n<h2 \/><img loading=\"lazy\" decoding=\"async\" style=\"float:left\" src=\"https:\/\/latitudsur.org\/voyage\/wp-content\/uploads\/sites\/3\/2015\/06\/ptchaman.gif\" alt=\"ptchaman\" width=\"97\" height=\"97\" \/><br \/>Sitios incas de Cuzco<br \/>&amp; Crucrero amazonico<\/h2>\n<p align=\"justify\">\n<span style=\"color: #1fa51c;font-size:16px;font-weight:bold\"><strong>Presupuesto por encargo<\/span><br \/>\n<span style=\"color: #725F1F;font-weight:bold\"><\/span><\/p>\n<h4 align=\"justify\" style=\"color: #800000;font-weight:normal\">\u00a1Combinar la magia de los sitios andinos en la regi\u00f3n de Cuzco y un crucero por el inolvidable r\u00edo Amazonas cerca de Iquitos!<\/h4>\n<\/p>\n<p align=\"justify\"><strong><em>Descubra los tesoros de Per\u00fa: una aventura fascinante en este pa\u00eds con mil facetas y una historia fascinante.<\/p>\n<p align=\"justify\">De Lima la colonial pasando por la m\u00edtica ciudad de Iquitos por el r\u00edo Amazonas, de la ciudad hist\u00f3rica de Cuzco al legendario Machu Picchu, una de las 7 maravillas del mundo, descubrir\u00e1n las m\u00faltiples riquezas y culturas del Per\u00fa, a trav\u00e9s de un viaje solidario y responsable, dise\u00f1ado por Latitud Sur en la parte amaz\u00f3nica y la agencia de viajes solidarios Pukanina en el sur de Per\u00fa.<\/em><\/strong><\/p>\n<p align=\"justify\">Embarcar\u00e1n por un crucero en pensi\u00f3n completa, todo incluido (menos bebidas alcoh\u00f3licas, sodas, compras personales y propinas eventuales), con comodidad pero sin lujo inapropiado, Latitud Sur teniendo como principio de viajar sin entrar en un mundo de consumismo exagerado. Descubrir\u00e1n la inmensa biodiversidad de la selva amaz\u00f3nica, su fauna y su flora consideradas como unas de las m\u00e1s ricas del mundo, conocer\u00e1n pueblos con fuerte identidad y compartir\u00e1n la sutileza de las culturas aut\u00f3ctonas. Amazon\u00eda desvelar\u00e1, al ritmo de la corriente, una parte de sus secretos y de sus misterios !<\/p>\n<p align=\"justify\">Este crucero siendo organizado por la ONG franco-peruana Latitud Sur, todos los beneficios de este viaje ser\u00e1n utilizados para la puesta en marcha o el seguimiento de proyectos de desarrollo en las comunidades rurales de la regi\u00f3n de Loreto, proyectos que les explicar\u00e1n durante su crucero. Un viaje responsable, m\u00e1s all\u00e1 de los criterios cl\u00e1sicos del Turismo Solidario, suscitando de paso una reflexi\u00f3n sobre las problem\u00e1ticas medioambiental e ind\u00edgenas. Este viaje \u00fanico, concebido para alejarse de los caminos trazados les llevar\u00e1 luego al sur de Per\u00fa, en unos sitios con mucho inter\u00e9s tur\u00edstico, y entonces m\u00e1s visitados, como el Machu Picchu (particularmente en julio y agosto) \u00bfPero c\u00f3mo pasar al lado de estas maravillas naturales, arqueol\u00f3gicas, hist\u00f3ricas y culturales estando tan cerca?<\/p>\n<p align=\"justify\">M\u00e1s all\u00e1 del simple turismo, la meta de este viaje es descubrir las poblaciones en su contexto actual, de manera autentica y no folcl\u00f3rica. Est\u00e1n previstos intercambios reales con los aut\u00f3ctonos con la ayuda de su acompa\u00f1ante. La agencia de viajes solidarios Pukanina tiene como principio el desarrollo de las poblaciones, no con acciones paternalistas sino con oportunidades laborales ofrecidas a esas mismas comunidades a trav\u00e9s del turismo solidario y enfocado a la evoluci\u00f3n social de los pueblos gracias a su desarrollo econ\u00f3mico y cultural.<\/p>\n<hr \/>\n<p align=\"justify\">El Selva Viva es un barco tradicional de madera de tipo brasile\u00f1o con fondo plano. Mide 22 metros de largo, 6 de ancho, y tiene una altura de 8 metros con 3 plantas y 1 metro 50 de calado. Tiene un motor de 125 caballos (para una velocidad de crucero de 6 nudos), 4 cabinas dobles y dos simples, con una capacidad m\u00e1xima de 18 pasajeros (7 miembros  de equipaje incluidos), un sonar, un GPS y una radio Alta Frecuencia con un alcance de 500 kil\u00f3metros. Sus 2 barcos auxiliares de aluminio, r\u00e1pidos y ultraligeros permiten entrar en los r\u00edos m\u00e1s estrechos. La energ\u00eda el\u00e9ctrica esta generada por 8 paneles solares y una turbina e\u00f3lica.<\/p>\n<p align=\"center\"><a href=\"\/voyage\/wp-content\/uploads\/sites\/3\/2015\/06\/bateaupt.jpg\"><img loading=\"lazy\" decoding=\"async\" src=\"\/voyage\/wp-content\/uploads\/sites\/3\/2015\/06\/bateaupt.jpg\" alt=\"bateaupt\" width=\"610\" height=\"248\" \/><\/a><\/p>\n<p align=\"justify\">Construido en Iquitos, en el barrio popular de Bel\u00e9n, en 2007-2008 con el apoyo de la Fundaci\u00f3n Audemars-Piguet (Suiza) y manejada por un equipaje peruano experimentado, se dedica el resto del a\u00f1o a misiones de preservaci\u00f3n de biodiversidad y de ayudas medicas bajo la supervisi\u00f3n de la ONG LATITUD SUR.<\/p>\n<p align=\"justify\">Su concepci\u00f3n misma hace del Selva Viva un barco abierto, familiar, perfecto para los viajes en peque\u00f1os grupos de amigos o familia (m\u00e1ximo de 10 pasajeros). Su equipaje se compone de 7 miembros que sabr\u00e1n darle una atenci\u00f3n particular. La cocina es muy variada: nunca comer\u00e1n dos veces la misma cosa durante el viaje. Nuestro chef se alegrar\u00e1 de hacerles descubrir la t\u00edpica comida peruana, y se adaptar\u00e1 en caso de dieta especial. Tendr\u00e1n a bordo jugos de frutas frescas y agua purificada siempre disponible a bordo. Se instalar\u00e1n en una de sus 6 cabinas, simple, dobles, triples o matrimonial. Se dormir\u00e1 todas las noches en el barco, u opcionalmente, si desean, podr\u00e1n dormir una noche en medio de la selva\u2026\n<\/p>\n<p align=\"center\"><a href=\"\/voyage\/wp-content\/uploads\/sites\/3\/2015\/06\/pt13.jpg\"><img decoding=\"async\" style=\"border:7px solid #FFFFFF;width:210px;height:155px\" src=\"\/voyage\/wp-content\/uploads\/sites\/3\/2015\/06\/pt13.jpg\" alt=\"pt1\" \/><\/a> <a href=\"\/voyage\/wp-content\/uploads\/sites\/3\/2015\/06\/pt23.jpg\"><img decoding=\"async\" style=\"border:7px solid #FFFFFF;width:210px;height:155px\" src=\"\/voyage\/wp-content\/uploads\/sites\/3\/2015\/06\/pt23.jpg\" alt=\"pt2\" \/><\/a> <a href=\"\/voyage\/wp-content\/uploads\/sites\/3\/2015\/06\/pt33.jpg\"><img decoding=\"async\" style=\"border:7px solid #FFFFFF;width:210px;height:155px\" src=\"\/voyage\/wp-content\/uploads\/sites\/3\/2015\/06\/pt33.jpg\" alt=\"pt3\" \/><\/a><\/p>\n<p>[tabby title=\u00bbDescripci\u00f3n del viaje\u00bb]<\/p>\n<div>\n<strong>Empezar\u00e1n este viaje descubriendo la Amazon\u00eda con un crucero de 7 d\u00edas. Navegar\u00e1n por el m\u00edtico r\u00edo Amazonas y entrar\u00e1n en la Reserva Nacional Pacaya Samiria, la reserva m\u00e1s grande de Per\u00fa y una de la zona m\u00e1s rica en biodiversidad del planeta; con m\u00e1s de 2 millones de hect\u00e1reas, cuenta con m\u00e1s de 250 especies de peces, 130 de mam\u00edferos, 450 de p\u00e1jaros y 250 de reptiles y anfibios en su exuberante vegetaci\u00f3n y sus aguas de colores tan variadas. Un condensado de Amazon\u00eda para los enamorados de la naturaleza, a bordo del Selva Viva, el barco solidario de la ONG Latitud Sur.<\/strong><\/p>\n<p>D1: Llegada a Lima. Recogida en el aeropuerto y traslado a su hotel. Comidas libres. Noche en Lima. Hotel 2 estrellas<\/p>\n<p>D2: Desayuno en el hotel, y traslado al aeropuerto para su vuelo Lima-Iquitos. Recepci\u00f3n en el aeropuerto de Iquitos y transfer a Nauta en minib\u00fas privado o taxi para embarcar en el Selva Viva. Empezar\u00e1 el crucero subiendo el r\u00edo Mara\u00f1on hasta Nauta Ca\u00f1o por un primer contacto con la selva tropical salvaje. Parada en un sitio aislado, seguido por una excursi\u00f3n nocturna con el bote auxiliar para observar caimanes. Cena y pernocte a bordo.<\/p>\n<p>D3: Desayuno a bordo seguido por una excursi\u00f3n con el bote auxiliar en la reserva ornitol\u00f3gica de Nauta Ca\u00f1o, famosa por sus n\u00fameros p\u00e1jaros y sus iguanas. Vuelta a bordo para la comida. Seguimos navegando por el r\u00edo Mara\u00f1on, hasta la comunidad ind\u00edgena de Solterito. Cena y noche a bordo, cerca del pueblo.<\/p>\n<p>D4: Desayuno seguido por una visita de Solterito con los moradores, para descubrir sus jardines y sus nen\u00fafares gigantes. Comida en el barco subiendo el Mara\u00f1on. Cena y noche a bordo en la embocadura del Samiria, donde podremos probablemente observar sus numerosos delfines rosados.<\/p>\n<p>D5: Desayuno a bordo y entrada en la reserva. Excursi\u00f3n en piragua por las aguas negras del Yanayacu con los ind\u00edgenas para disfrutar en primera l\u00ednea de la incre\u00edble biodiversidad de la zona. Comida en el Selva Viva, seguida por la visita del pueblo Cocama San Martin de Tipishca para descubrir los saberes aut\u00f3ctonos, principalmente la artesan\u00eda y las t\u00e9cnicas agr\u00edcolas en zonas inundables. Cena y noche a bordo.<\/p>\n<p>D6: Segundo d\u00eda en la reserva: desayuno a bordo seguido por una excursi\u00f3n naturalista en la selva primaria con un gu\u00eda local, observando la fauna y particularmente los monos. Vuelta a bordo para la comida y seguimos navegando rumbo al pueblo Bol\u00edvar, para una noche de fiesta con sus habitantes. Noche en el Selva Viva cerca del pueblo.<\/p>\n<p>D7: Desayuno a bordo bajando el Mara\u00f1\u00f3n hasta el mirador Grau para admirar el atardecer a la confluencia del Ucayali y del Mara\u00f1\u00f3n. Estamos en el sitio preciso donde nace el r\u00edo Amazonas! Cena y brindis con la tripulaci\u00f3n. Noche a bordo.<\/p>\n<p>D8: Desayuno a bordo siguiendo la navegaci\u00f3n hac\u00eda Iquitos. Comida y llegada a Iquitos sobre las 2 de la tarde. Posibilidad de visitar Iquitos, el barrio flotante de Bel\u00e9n con su pintoresco mercado. Compra posible de artesan\u00eda y otros art\u00edculos t\u00edpicos de la cultura amaz\u00f3nica. Traslado al aeropuerto para su vuelo Iquitos-Lima. Acogida en el aeropuerto y transfer a su hotel. Cena libre.<\/p>\n<p>Este crucero podr\u00e1 realizarse en el otro sentido (Iquitos-Nauta), con entonces el programa a la inversa.<\/p>\n<p>&#8212;&#8212;&#8211;<\/p>\n<p><strong>La segunda parte de su viaje les llevar\u00e1 en la tierra ancestral del pueblo Inca, al sur del pa\u00eds. Visitar\u00e1n numerosos sitios arqueol\u00f3gicos incas, en su gran mayor\u00eda clasificados \u201cmonumentos hist\u00f3ricos\u201d (como el leyendario Machu Picchu), el valle sagrado. Sentir\u00e1n la energ\u00eda que desprenden las piedras de estos lugares sagrados. El circuito previsto les har\u00e1 descubrir las poblaciones ind\u00edgenas que siguen hablando el quechua, su modo de vida y sus actividades. Una inmersi\u00f3n en el coraz\u00f3n de la historia de una de las civilizaciones m\u00e1s fascinante de toda Am\u00e9rica Latina&#8230;<\/strong><\/p>\n<p>D9: Lima-Cusco (3400m).<br \/>\nDesayuno en el hotel, seguido por el traslado para su vuelo Lima-Cuzco. Llegada a Cuzco, acogida en el aeropuerto y transfer a su hotel. Esta primera jornada en Cuzco es libre para que se puedan aclimatar a la altura, superior a 3300 metros. Podr\u00e1n recoger las callejuelas de la ciudad a su ritmo y descubrir la antigua capital del imperio Inca, una ciudad milenaria. Las comidas son libres. Noches en el Hotel 2* en el centro de Cuzco.<\/p>\n<p>D10: Cusco Chinchero (3750m) Lac Piuray.<br \/>\nServicio privado &#8211; Turismo equitativo.<br \/>\nDesayuno en el hotel. Salida para Chinchero, peque\u00f1o pueblo de 2000 habitantes a m\u00e1s de 3750m de altura. De camino, haremos una parada por el lago de Piuray, donde podremos apreciar, seg\u00fan la temporada, el trabajo de los campesinos. Comida t\u00edpica en un restaurante tradicional o una comunidad ind\u00edgena. Una vez llegados a Chinchero, verdadero museo vivo, disfrutar\u00e1n de las vistas magnificas a las monta\u00f1as, de las ruinas incas, antes de descubrir el proceso de la fabricaci\u00f3n artesanal de textil por las mujeres, tal y como se fabricaba en la \u00e9poca inca, con posibilidad de compra de su producci\u00f3n local. Vuelta a su hotel de Cuzco. Cena libre.<\/p>\n<p>D11: Cusco-Pisaq-Ollantaytambo-Patakancha.<br \/>\nServicio privado &#8211; Turismo equitativo.<br \/>\nDesayuno en el hotel. Salida para Pisaq, en el valle sagrado, con su gu\u00eda local. Durante les 30km de carretera, podr\u00e1n apreciar los paisajes monta\u00f1osos y los cultivos en terrazas. Visita de las ruinas de Pisaq, con su fortaleza inca en la cumbre de un acantilado y de su mercado. Comida en un buffet t\u00edpico en Pisaq, antes de salir para Ollantaytambo. 1h30 de trayecto m\u00e1s o menos, en el coraz\u00f3n del valle sagrado y nuevos paisajes para llegar a este peque\u00f1o pueblo de m\u00e1s o menos 2000 almas. Visita del sitio de Ollantaytambo  y sus numerosas ruinas cargadas de historia, cuya parte inca sigue muy bien preservada. Cena y noche en casa de los habitantes en Patakancha, con muchos encuentros con familias y campesinos.<\/p>\n<p>D12: Patakancha-Ollantaytambo-Machupicchu Pueblo.<br \/>\nServicio privado &#8211; Turismo equitativo.<br \/>\nTrayecto Ollantaytambo Machupicchu Pueblo en autonom\u00eda o gu\u00eda a tiempo completo seg\u00fan el n\u00famero de participantes (tiempo completo a partir de 6).<br \/>\nSalida desde Patakancha hasta Ollantaytambo. Desayuno libre y viaje en tren hasta Aguas Calientes. Un trayecto de una hora y media durante el cual ver\u00e1n el paisaje cambiar poco a poco hasta llegar en un ambiente semi-tropical. Transfer a su hotel y seg\u00fan la hora de llegada, visita aut\u00f3noma del pueblo, tambi\u00e9n llamado \u201cMachu Picchu Pueblo\u201d. Cena gastron\u00f3mica y noche en un hotel del pueblo. Hotel 2*.<\/p>\n<p>D13: Machupicchu Pueblo-Cusco.<br \/>\nServicio privado para la visita del sitio &#8211; Guia para d\u00eda entero a partir de 6 participantes.<br \/>\nDesayuno en su hotel antes de la salida temprana en autob\u00fas para las ruinas de Machu Picchu. Ser\u00e1n de los primeros en el sitio para visitar las ruinas. Esta visita guiada les permitir\u00e1 conocer la historia de esta ciudad inca perdida, descubierta hace a pena un siglo. Comida libre. Podr\u00e1n emprender la ascensi\u00f3n de Wayna Pichu y disfrutar de la vista desde la cumbre. La jornada entera se pasar\u00e1 en el sitio, con el fin de disfrutar al m\u00e1ximo de su energ\u00eda excepcional. Vuelta por la tarde en tren hac\u00eda Cuzco. Transfer a su hotel. Cena libre. Hotel 2*.<\/p>\n<p>D14:  Cusco-Lima.<br \/>\nVuelo interior Cusco Lima y visita de la ciudad.<br \/>\nDesayuno en el hotel, y traslado hasta el aeropuerto para su vuelo Cuzco-Lima. Acogida en el aeropuerto y visita de Lima. Comida libre y visita aut\u00f3noma del museo de arqueolog\u00eda y antropolog\u00eda de Pueblo Libre. Cena libre. Noche en su hotel 2*.<\/p>\n<p>D15: Lima-Vuelo internacional<br \/>\nFin de los servicios Latitud Sur &amp; Puka Nina.<br \/>\nDesayuno en el hotel, seguido por una jornada libre en Lima. Mas tarde, ser\u00e1 tiempo de dejar el Per\u00fa, la cabeza llena de recuerdos despu\u00e9s de este largo viaje del Norte al Sur, de la Amazon\u00eda hasta la tierra sagrada de los incas. Traslado al aeropuerto 4 horas antes de su salida. No hay noche prevista en un hotel este d\u00eda.<\/p>\n<p><strong>A este programa se podr\u00e1n a\u00f1adir diversas extensiones: Lago Titicaca en 4 d\u00edas, Arequipa \/ Ca\u00f1\u00f3n de Colca 4 d\u00edas y Titicaca-Arequipa-Colca 8 d\u00edas. Presupuestos disponibles bajo pedido.<\/strong>\n<\/div>\n<p> [tabby title=\u00bbDetalles pr\u00e1cticos\u00bb]<br \/>\n<strong>Cuzco + Crucero cerca de Iquitos(Per\u00fa)<\/strong><\/p>\n<p>    Regi\u00f3n : PER\u00da, Provincia de Loreto y de Cuzco<\/p>\n<p>    Salida \/ Llegada : Aeropuerto de Lima \/ Aeropuerto de Lima<\/p>\n<p>    Duraci\u00f3n : 15 d\u00edas \/ 14 noches con 7 en el barco \u00ab Selva Viva \u00bb<\/p>\n<p>    N\u00famero de participantes : de 3 a 10<\/p>\n<p>    Idioma del viaje : Espa\u00f1ol<\/p>\n<p>    Moneda local : Nuevo Sol (S\/.)<\/p>\n<p>    Visa : Ningun visa para una estad\u00eda inferior a 90 d\u00edas<\/p>\n<p>    Rios recorridos : Amazonas, Mara\u00f1on, Samiria, Yarapa<\/p>\n<p><strong>Salud<\/strong><\/p>\n<p>    Vacunaci\u00f3n recomendada contra la fiebre amarilla al m\u00ednimo 3 semanas antes de la salida.<\/p>\n<p>    Prevenci\u00f3n contra el paludismo recomendada.<\/p>\n<p>    Contratar obligatoriamente un seguro individual \u00ab asistencia-rapatriamiento \u00bb con su boleto de avi\u00f3n.<\/p>\n<p>[tabby title=\u00bbMapa\u00bb]<br \/>\n<a href=\"\/voyage\/wp-content\/uploads\/sites\/3\/2015\/03\/carte_cuzco.jpg\"><img decoding=\"async\" src=\"\/voyage\/wp-content\/uploads\/sites\/3\/2015\/03\/carte_cuzco.jpg\" alt=\"carte\" \/><\/a><\/p>\n<p><a href=\"\/voyage\/wp-content\/uploads\/sites\/3\/2015\/06\/carte.gif\"><img decoding=\"async\" src=\"\/voyage\/wp-content\/uploads\/sites\/3\/2015\/06\/carte.gif\" alt=\"carte\" \/><\/a><\/p>\n<p>[tabby title=\u00bbPrecios\u00bb]<br \/>\n<strong>Tarifas por persona en pensi\u00f3n completa:<\/strong><\/p>\n<p>    Salida asegurada si 2 pasajeros a las fechas de su elecci\u00f3n<\/p>\n<p>    2450 U$D a partir de 4 pasajeros<\/p>\n<p>    Reducciones progresivas para grupos superiores a 5 personas<\/p>\n<p>    Capacidad m\u00e1xima del barco para este viaje : 10 pasajeros<\/p>\n<p>    Transferencia Aeropuerto Iquitos &#8211; Selva Viva incluida a la ida y vuelta<\/p>\n<p><strong>Estas tarifas no incluyen:<\/strong><\/p>\n<p>    Los vuelos internacionales y nacionales<\/p>\n<p>    Hotel, transferencias aeropuerto y comidas en Lima a la ida y vuelta<\/p>\n<p>    Las bebidas alcoholizadas y los sodas a bordo<\/p>\n<p>    Las compras personales como las artesanas y propinas eventuales<\/p>\n<p>[tabby title=\u00bbReservaci\u00f3n\u00bb]<br \/>\n<strong>Las etapas de inscripci\u00f3n son las siguientes :<\/strong><\/p>\n<p>    Formulario con sus coordenadas<br \/>\n    E-mail de confirmaci\u00f3n por Latitud Sur de la disponibilidad<br \/>\n    Pago del anticipo<br \/>\n    E-mail de confirmaci\u00f3n por Latitud Sur del pago del anticipo.<\/p>\n<p>    A ra\u00edz de estas 4 etapas usted est\u00e1 inscrito !<br \/>\n    Siguen algunos tramites simples para completar su expediente y permitirle obtener todas las informaciones necesarias a una correcta preparaci\u00f3n de su viaje.<br \/>\n    Consejos para la compra de sus boletos de avi\u00f3n.<br \/>\n    Preparaci\u00f3n al viaje: env\u00edo de la hoja de ruta para llegar a Iquitos y al barco + nuestras fichas-consejos<\/p>\n<p>    Luego poco antes del viaje:<br \/>\n    Pago del saldo.<\/p>\n<p><div id=\"usermessagea\" class=\"cf_info \"><\/div><form enctype=\"multipart\/form-data\" action=\"\/voyage\/es\/wp-json\/wp\/v2\/pages\/135#usermessagea\" method=\"post\" class=\"cform reservation-fr \" id=\"cformsform\"><fieldset class=\"cf-fs1\" style=\"\"><legend>Mes coordonn\u00e9es<\/legend><ol class=\"cf-ol\"><li id=\"li--2\" class=\"\"><label id=\"label--2\" for=\"cf_field_2\"><span>Pr\u00e9nom<\/span><\/label><input type=\"text\" name=\"cf_field_2\" id=\"cf_field_2\" class=\"single fldrequired\" value=\"\" onfocus=\"clearField(this)\" onblur=\"setField(this)\" title=\"\"\/><span class=\"reqtxt\">(required)<\/span><\/li><li id=\"li--3\" class=\"\"><label id=\"label--3\" for=\"cf_field_3\"><span>Nom<\/span><\/label><input type=\"text\" name=\"cf_field_3\" id=\"cf_field_3\" class=\"single fldrequired\" value=\"\" title=\"\"\/><span class=\"reqtxt\">(required)<\/span><\/li><li id=\"li--4\" class=\"\"><label id=\"label--4\" for=\"cf_field_4\"><span>Adresse<\/span><\/label><input type=\"text\" name=\"cf_field_4\" id=\"cf_field_4\" class=\"single fldrequired\" value=\"\" title=\"\"\/><span class=\"reqtxt\">(required)<\/span><\/li><li id=\"li--5\" class=\"\"><label id=\"label--5\" for=\"cf_field_5\"><span>Code Postal<\/span><\/label><input type=\"text\" name=\"cf_field_5\" id=\"cf_field_5\" class=\"single fldrequired\" value=\"\" title=\"\"\/><span class=\"reqtxt\">(required)<\/span><\/li><li id=\"li--6\" class=\"\"><label id=\"label--6\" for=\"cf_field_6\"><span>Ville<\/span><\/label><input type=\"text\" name=\"cf_field_6\" id=\"cf_field_6\" class=\"single fldrequired\" value=\"\" title=\"\"\/><span class=\"reqtxt\">(required)<\/span><\/li><li id=\"li--7\" class=\"\"><label id=\"label--7\" for=\"cf_field_7\"><span>Pays<\/span><\/label><input type=\"text\" name=\"cf_field_7\" id=\"cf_field_7\" class=\"single fldrequired\" value=\"\" title=\"\"\/><span class=\"reqtxt\">(required)<\/span><\/li><li id=\"li--8\" class=\"\"><label id=\"label--8\" for=\"cf_field_8\"><span>Courriel<\/span><\/label><input type=\"text\" name=\"cf_field_8\" id=\"cf_field_8\" class=\"single fldemail fldrequired\" value=\"\" title=\"\"\/><span class=\"emailreqtxt\">(valid email required)<\/span><\/li><li id=\"li--9\" class=\"\"><label id=\"label--9\" for=\"cf_field_9\"><span>T\u00e9l\u00e9phone<\/span><\/label><input type=\"text\" name=\"cf_field_9\" id=\"cf_field_9\" class=\"single fldrequired\" value=\"\" title=\"\"\/><span class=\"reqtxt\">(required)<\/span><\/li><li id=\"li--10\" class=\"\"><label id=\"label--10\" for=\"cf_field_10\"><span>Date de Naissance<\/span><\/label><input required=\"required\"  type=\"date\" name=\"cf_field_10\" id=\"cf_field_10\" class=\" fldrequired\" value=\"\" title=\"\"\/><span class=\"reqtxt\">(required)<\/span><\/li><li id=\"li--11\" class=\"\"><label id=\"label--11\" for=\"cf_field_11\"><span>N\u00b0 Passeport<\/span><\/label><input type=\"text\" name=\"cf_field_11\" id=\"cf_field_11\" class=\"single\" value=\"\" title=\"\"\/><\/li><li id=\"li--12\" class=\"\"><label id=\"label--12\" for=\"cf_field_12\"><span>Date de validit\u00e9<\/span><\/label><input  type=\"date\" name=\"cf_field_12\" id=\"cf_field_12\" class=\"\" value=\"\" title=\"\"\/><\/li><li id=\"li--13\" class=\"\"><label id=\"label--13\" for=\"cf_field_13\"><span>Mes dates de voyage \/ Question<\/span><\/label><textarea cols=\"30\" rows=\"8\" name=\"cf_field_13\" id=\"cf_field_13\" class=\"area\" title=\"\"><\/textarea><\/li><\/ol><\/fieldset><fieldset class=\"cf-fs2\" style=\"\"><legend>S\u00e9curit\u00e9<\/legend><ol class=\"cf-ol\"><li id=\"li--16\" class=\"\"><label for=\"cf_field_16\" class=\"secq\"><span>3+8 ?<\/span><\/label><input type=\"text\" name=\"cforms2_question_and_answer\" id=\"cf_field_16\" class=\"secinput fldrequired \" title=\"\"\/><input type=\"hidden\" name=\"cforms2_question_and_answer\/hint\" value=\"0\"\/><\/li><\/ol><\/fieldset><fieldset class=\"cf_hidden\"><legend>&nbsp;<\/legend><input type=\"hidden\" name=\"cf_working\" id=\"cf_working\" value=\"One moment please...\"\/><input type=\"hidden\" name=\"cf_failure\" id=\"cf_failure\" value=\"Merci de remplir toutes les informations demand\u00e9es\"\/><input type=\"hidden\" name=\"cf_customerr\" id=\"cf_customerr\" value=\"y\"\/><\/fieldset><p class=\"cf-sb\"><input type=\"submit\" name=\"sendbutton\" id=\"sendbutton\" class=\"sendbutton\" value=\"Envoyer\" \/><\/p><\/form><br \/>\n[tabbyending]<\/p>","protected":false},"excerpt":{"rendered":"<p>Sitios incas de Cuzco&amp; Crucrero amazonico Presupuesto por encargo \u00a1Combinar la magia de los sitios andinos en la regi\u00f3n de Cuzco y un crucero por el inolvidable r\u00edo Amazonas cerca de Iquitos! Descubra los tesoros de Per\u00fa: una aventura fascinante<span class=\"ellipsis\">&hellip;<\/span><\/p>\n<div class=\"read-more\"><a href=\"https:\/\/latitudsur.org\/voyage\/es\/voyagez\/perou\/croisiere-amazonie-cuzco\/\">Leer m\u00e1s \u203a<\/a><\/div>\n<p><!-- end of .read-more --><\/p>\n","protected":false},"author":1,"featured_media":0,"parent":74,"menu_order":0,"comment_status":"closed","ping_status":"closed","template":"template-page.php","meta":{"footnotes":""},"class_list":["post-135","page","type-page","status-publish","hentry"],"_links":{"self":[{"href":"https:\/\/latitudsur.org\/voyage\/es\/wp-json\/wp\/v2\/pages\/135","targetHints":{"allow":["GET"]}}],"collection":[{"href":"https:\/\/latitudsur.org\/voyage\/es\/wp-json\/wp\/v2\/pages"}],"about":[{"href":"https:\/\/latitudsur.org\/voyage\/es\/wp-json\/wp\/v2\/types\/page"}],"author":[{"embeddable":true,"href":"https:\/\/latitudsur.org\/voyage\/es\/wp-json\/wp\/v2\/users\/1"}],"replies":[{"embeddable":true,"href":"https:\/\/latitudsur.org\/voyage\/es\/wp-json\/wp\/v2\/comments?post=135"}],"version-history":[{"count":0,"href":"https:\/\/latitudsur.org\/voyage\/es\/wp-json\/wp\/v2\/pages\/135\/revisions"}],"up":[{"embeddable":true,"href":"https:\/\/latitudsur.org\/voyage\/es\/wp-json\/wp\/v2\/pages\/74"}],"wp:attachment":[{"href":"https:\/\/latitudsur.org\/voyage\/es\/wp-json\/wp\/v2\/media?parent=135"}],"curies":[{"name":"wp","href":"https:\/\/api.w.org\/{rel}","templated":true}]}}