{"id":139,"date":"2015-03-09T16:24:26","date_gmt":"2015-03-09T15:24:26","guid":{"rendered":"http:\/\/latitudsur.org\/voyage\/?page_id=139"},"modified":"2015-03-09T16:24:26","modified_gmt":"2015-03-09T15:24:26","slug":"croisiere-peche-nanay","status":"publish","type":"page","link":"https:\/\/latitudsur.org\/voyage\/es\/voyagez\/perou\/croisiere-peche-nanay\/","title":{"rendered":"Circuit p\u00eache"},"content":{"rendered":"<p><a style=\"float: right\" href=\"\/voyage\/wp-content\/uploads\/sites\/3\/2015\/06\/accueil1.jpg\"><img loading=\"lazy\" decoding=\"async\" class=\"size-medium wp-image-560\" src=\"\/voyage\/wp-content\/uploads\/sites\/3\/2015\/06\/accueil1-265x300.jpg\" alt=\"accueil\" width=\"300\" height=\"300\" \/><\/a><\/p>\n<h2><\/h2>\n<h2 \/><img loading=\"lazy\" decoding=\"async\" style=\"float:left\" src=\"https:\/\/latitudsur.org\/voyage\/wp-content\/uploads\/sites\/3\/2015\/06\/ptchaman.gif\" alt=\"ptchaman\" width=\"97\" height=\"97\" \/><br \/>Circuito pesca deportiva<br \/>Rio Nanay<\/h2>\n<p align=\"justify\"><span style=\"color: #1fa51c;font-size: 16px;font-weight: bold\"><strong>Presupuesto por encargo<\/span><\/p>\n<h4 style=\"color: #800000;font-weight: normal\" align=\"justify\">Embarque en el Selva Viva y descubra a la Amazon\u00eda peruana y a su fauna acu\u00e1tica, una de las m\u00e1s ricas del planeta&#8230;<\/h4>\n<p align=\"justify\">Latitud Sur ha concebido este crucero espec\u00edficamente para ustedes, aficionados de tucuranes, arauanas, arapaimas, pira\u00f1as, rayas, tetras, peces gatos (doncella, zungaro) y tantas otras especies\u2026<\/p>\n<p align=\"center\"><a href=\"\/voyage\/wp-content\/uploads\/sites\/3\/2015\/06\/pt1.jpg\"><img decoding=\"async\" style=\"border: 7px solid #FFFFFF;width: 210px;height: 155px\" src=\"\/voyage\/wp-content\/uploads\/sites\/3\/2015\/06\/pt1.jpg\" alt=\"pt1\" \/><\/a> <a href=\"\/voyage\/wp-content\/uploads\/sites\/3\/2015\/06\/pt24.jpg\"><img decoding=\"async\" style=\"border: 7px solid #FFFFFF;width: 210px;height: 155px\" src=\"\/voyage\/wp-content\/uploads\/sites\/3\/2015\/06\/pt24.jpg\" alt=\"pt2\" \/><\/a> <a href=\"\/voyage\/wp-content\/uploads\/sites\/3\/2015\/06\/pt3.jpg\"><img decoding=\"async\" style=\"border: 7px solid #FFFFFF;width: 210px;height: 155px\" src=\"\/voyage\/wp-content\/uploads\/sites\/3\/2015\/06\/pt3.jpg\" alt=\"pt3\" \/><\/a><\/p>\n<p>[tabby title=\u00bbDescripci\u00f3n del viaje\u00bb]<\/p>\n<div>\n<p>D1: Recepci\u00f3n en el aeropuerto como muy tarde a las 12 del mediod\u00eda. Transfer al M\/F Selva Viva. Subida del r\u00edo Nanay. Comida en la terraza mientras navegamos. Primera expedici\u00f3n con el bote auxiliar para empezar con la colecta de espec\u00edmenes variados, en los peque\u00f1os afluentes y las quebradas del r\u00edo. Cena y noche a bordo, en un sitio salvaje, cerca del pueblo Llanchama.<\/p>\n<p>D2: Desayuno a bordo y, para los que lo desean, visita de Llanchama, con la posibilidad de colectar espec\u00edmenes en los peque\u00f1os r\u00edos alrededor. Volvemos a navegar. Comida servida a bordo. Entrada en la reserva nacional Allpahuayo-Mishana. Llegada al pueblo de Mishana donde los habitantes nos ense\u00f1ar\u00e1n su zona de pesca m\u00e1s fruct\u00edferas. Cena y noche a bordo.<\/p>\n<p>D3: Paseo por la selva desde Mishana acompa\u00f1ado por un gu\u00eda local para descubrir las colonias de monos y la flora de la zona para los que lo desean. Vuelta al barco para el desayuno. Volvemos a navegar hasta el pueblo de Lagunas para una colecta de espec\u00edmenes en su magn\u00edfica laguna. Vuelta al barco para la cena. Expedici\u00f3n nocturna con el bote auxiliar para observar los caimanes y sus ojos rojos luciendo en la oscuridad. Noche cerca del pueblo.<\/p>\n<p>D4: Desayuno a bordo y expedici\u00f3n de un poco m\u00e1s de una hora desde Lagunas, para alcanzar el siguiente pueblo: Samito. Presentaci\u00f3n de la artesan\u00eda local por las mujeres del pueblo. Vuelta al barco para la comida. La tarde estar\u00e1 dedicada a la colecta de espec\u00edmenes variados, en las quebradas y lagunas de los alrededores. Posibilidad de un segundo paseo nocturno por los jardines buscando tar\u00e1ntulas. Cena y noche a bordo.<\/p>\n<p>D5: Desayuno a bordo mientras bajamos por el r\u00edo Nanay. Haremos algunas paradas durante la navegaci\u00f3n para unas sesiones de pesca, deportiva esta vez, buscando espec\u00edmenes grandes (especialmente tucunar\u00e9s y peces gatos pesando hasta 30 kilos!). Habr\u00e1 que pelear duro para sacar estas impresionantes piezas, por su talla de una parte, pero tambi\u00e9n por su fuerza de combate. Cena y noche a bordo.<\/p>\n<p>D6: Desayuno a bordo y final del recorrido por el Nanay hasta la llegada a Iquitos, sobre las 10 de la ma\u00f1ana. Dejaremos el barco para ir a visitar las instalaciones de Ra\u00fal Yalan y entregarle los espec\u00edmenes capturados. Podr\u00e1n descubrir sus peceras y sus n\u00fameros peces tropicales. Pondr\u00e1n en marcha la exportaci\u00f3n de su pesca, sabiendo que los espec\u00edmenes colectados tendr\u00e1n que quedarse en cuarentena un m\u00ednimo de 2 semanas y obtener la autorizaci\u00f3n oficial de salida del territorio as\u00ed que el certificado sanitario, indispensable para la entrada en la Uni\u00f3n Europea. Una vez los detalles arreglados, transfer al aeropuerto.<\/p>\n<p>El programa ser\u00e1 adaptado a la temporada y a las condiciones de navegaci\u00f3n, y podr\u00e1 adaptarse tambi\u00e9n a sus intereses particulares. Recomendamos evitar los meses de marzo y abril para el programa Nanay: las aguas son muy altas y se hace muy dif\u00edcil la colecta de peces ornamentales o la pesca deportiva.<\/p>\n<\/div>\n<p>[tabby title=\u00bbInformaciones Pesca\u00bb]<br \/>\n<strong>La pesca deportiva, una riqueza para los nativos<\/strong><\/p>\n<p>Los aut\u00f3ctonos tienen que luchar contra el saqueo de sus recursos pisc\u00edcolas, generalmente organizado desde Iquitos y realizado clandestinamente de noche, con dinamita en las lagunas o con redes en los r\u00edos. Intentan proteger sus territorios y su venida les ayuda a valorizar la biodiversidad y mejorar la gesti\u00f3n de su territorio.<\/p>\n<p><strong>Pescados de la zona :<\/strong><br \/>\n&#8211; Cichlidaes<br \/>\n&#8211; Tetras (y el famoso ne\u00f3n)<br \/>\n&#8211; Apistogramas<br \/>\n&#8211; Pimelodellias<br \/>\n&#8211; Numerosos peces gatos (\u00a1algunos pueden alcanzar los 30 kilos!)<br \/>\n&#8211; Anguilas el\u00e9ctricas de hasta dos metros<br \/>\n&#8211; Paiche (arapaima), el pescado mas grande del mundo !<br \/>\n&#8211; Tucanar\u00e9, doncella, zungaro<br \/>\n&#8211; Pira\u00f1as, rayas de varios colores, y mucho m\u00e1s a\u00fan\u2026<\/p>\n<p><strong>Testimonio: <\/strong>\u201cMuchas veces los tucunar\u00e9s grandes est\u00e1n en el fondo de las lagunas. Se han apropiado el territorio (como todos los cichlidaes, es muy territorial). Es muy extra\u00f1o, de hecho, cuando se llega a una laguna de aguas negras, y se siente que se est\u00e1 en el territorio de un monstro. Unos minutos m\u00e1s tarde una columna de agua seguida por un \u201csplash\u201d enorme confirma su presencia\u2026 Uno se pregunta lo que acaba de pasar: \u00bfser\u00e1 un caim\u00e1n que acaba de tirarse al agua? El gu\u00eda le dice sonriendo que es un tucunar\u00e9 (peacock bass) cazando.\u201d<\/p>\n<p style=\"font-size: 12px\"><a href=\"https:\/\/latitudsur.org\/voyage\/wp-content\/uploads\/sites\/3\/2015\/06\/Poisson-chat1.jpg\"><img loading=\"lazy\" decoding=\"async\" class=\"aligncenter size-medium wp-image-584\" src=\"https:\/\/latitudsur.org\/voyage\/voyage\/wp-content\/uploads\/sites\/3\/2015\/06\/Poisson-chat1-300x144.jpg\" alt=\"Poisson-chat1\" width=\"300\" height=\"144\" srcset=\"https:\/\/latitudsur.org\/voyage\/wp-content\/uploads\/sites\/3\/2015\/06\/Poisson-chat1-300x144.jpg 300w, https:\/\/latitudsur.org\/voyage\/wp-content\/uploads\/sites\/3\/2015\/06\/Poisson-chat1.jpg 324w\" sizes=\"auto, (max-width: 300px) 100vw, 300px\" \/><\/a><\/p>\n<p style=\"font-size: 12px\"><a href=\"https:\/\/latitudsur.org\/voyage\/wp-content\/uploads\/sites\/3\/2015\/06\/Tucunare.jpg\"><img loading=\"lazy\" decoding=\"async\" class=\"aligncenter size-medium wp-image-590\" src=\"https:\/\/latitudsur.org\/voyage\/voyage\/wp-content\/uploads\/sites\/3\/2015\/06\/Tucunare-300x140.jpg\" alt=\"Tucunare\" width=\"300\" height=\"140\" srcset=\"https:\/\/latitudsur.org\/voyage\/wp-content\/uploads\/sites\/3\/2015\/06\/Tucunare-300x140.jpg 300w, https:\/\/latitudsur.org\/voyage\/wp-content\/uploads\/sites\/3\/2015\/06\/Tucunare.jpg 328w\" sizes=\"auto, (max-width: 300px) 100vw, 300px\" \/><\/a><\/p>\n<p style=\"font-size: 12px\"><a href=\"https:\/\/latitudsur.org\/voyage\/wp-content\/uploads\/sites\/3\/2015\/06\/Tiger_sorubim.jpg\"><img loading=\"lazy\" decoding=\"async\" class=\"aligncenter size-medium wp-image-588\" src=\"https:\/\/latitudsur.org\/voyage\/voyage\/wp-content\/uploads\/sites\/3\/2015\/06\/Tiger_sorubim-300x113.jpg\" alt=\"Tiger_sorubim\" width=\"300\" height=\"113\" srcset=\"https:\/\/latitudsur.org\/voyage\/wp-content\/uploads\/sites\/3\/2015\/06\/Tiger_sorubim-300x113.jpg 300w, https:\/\/latitudsur.org\/voyage\/wp-content\/uploads\/sites\/3\/2015\/06\/Tiger_sorubim.jpg 366w\" sizes=\"auto, (max-width: 300px) 100vw, 300px\" \/><\/a><\/p>\n<p style=\"font-size: 12px\"><a href=\"https:\/\/latitudsur.org\/voyage\/wp-content\/uploads\/sites\/3\/2015\/06\/Zungaro.jpg\"><img loading=\"lazy\" decoding=\"async\" class=\"aligncenter size-medium wp-image-591\" src=\"https:\/\/latitudsur.org\/voyage\/voyage\/wp-content\/uploads\/sites\/3\/2015\/06\/Zungaro-300x112.jpg\" alt=\"Zungaro\" width=\"300\" height=\"112\" srcset=\"https:\/\/latitudsur.org\/voyage\/wp-content\/uploads\/sites\/3\/2015\/06\/Zungaro-300x112.jpg 300w, https:\/\/latitudsur.org\/voyage\/wp-content\/uploads\/sites\/3\/2015\/06\/Zungaro.jpg 368w\" sizes=\"auto, (max-width: 300px) 100vw, 300px\" \/><\/a><\/p>\n<p>[tabby title=\u00bbLos + del viaje\u00bb]<br \/>\nLos diferentes r\u00edos (particularmente el m\u00edtico r\u00edo Amazonas y sus incre\u00edbles medidas) por los cuales navegar\u00e1n les permitir\u00e1n descubrir sus aguas de n\u00fameros colores, llenas de peces.<\/p>\n<p>Seg\u00fan los pescados que Ustedes quieren pescar, vamos a eligir los r\u00edos y lugares. Siempre les acompa\u00f1ara un gu\u00eda hispan\u00f3fono, con quien decidir\u00e1n las actividades que m\u00e1s les interesan, adaptando el programa a sus deseos.<\/p>\n<p>Este crucero est\u00e1 organizado por la ONG franco-peruana Latitud Sur, por lo cual todos los beneficios ser\u00e1n invertidos en la puesta en marcha o el seguimiento de proyectos de desarrollo en las comunidades rurales de la regi\u00f3n de Loreto. Podr\u00e1n descubrir estos proyectos durante su viaje.<\/p>\n<p>A parte de la pesca, dej\u00e1ndose llevar por el agua, tendr\u00e1n todo el tiempo de descubrir la selva tropical y su exuberante vegetaci\u00f3n, sus habitantes viviendo entre tradici\u00f3n y modernidad, siempre dispuestos a compartir con ustedes sus actividades y sus consejos como pescadores expertos.<\/p>\n<h4><a href=\"\/voyage\/wp-content\/uploads\/sites\/3\/2015\/03\/lista_pescado.pdf\"><img decoding=\"async\" class=\"size-full wp-image-783\" style=\"width: 32px;height: 32px\" src=\"\/voyage\/wp-content\/uploads\/sites\/2\/2015\/06\/pdf.jpg\" alt=\"pdf\" \/><\/a> Pescados del Peru<\/h4>\n<h4><a href=\"\/voyage\/wp-content\/uploads\/sites\/2\/2015\/08\/ornamental_list.pdf\"><img decoding=\"async\" class=\"size-full wp-image-783\" style=\"width: 32px;height: 32px\" src=\"\/voyage\/wp-content\/uploads\/sites\/2\/2015\/06\/pdf.jpg\" alt=\"pdf\" \/><\/a> Pescados ornamentales del Peru<\/h4>\n<p>[tabby title=\u00bbPrecios\u00bb]<br \/>\n<strong>Las tarifas son degresivas acorde el n\u00famero de participantes<\/strong><\/p>\n<p>Le toca convencer a sus amigos pescadores o simplemente viajeros\u2026<br \/>\nSi no logra alcanzar el n\u00famero de 4 participantes, cont\u00e1ctenos : le avisaremos de eventuales salidas confirmadas en las cuales le podr\u00edamos incluir.<br \/>\n<strong><br \/>\nTarifas por persona en pensi\u00f3n completa:<\/strong><\/p>\n<p>Salida asegurada desde 4 pasajeros (fechas de su elecci\u00f3n)<\/p>\n<p>1500 U$D en base a 4 pasajeros para 6 d\u00edas<\/p>\n<p>Tarifa degresiva si forma un grupo superior a 4 pasajeros<\/p>\n<p>Capacidad m\u00e1xima del barco para este viaje : 10 pasajeros<\/p>\n<p><strong>Estas tarifas no incluyen:<\/strong><\/p>\n<p>&#8211; Los vuelos internacionales y nacionales<\/p>\n<p>&#8211; Hotel, transferencias aeropuerto y comidas en Lima a la ida y vuelta<\/p>\n<p>&#8211; Las bebidas alcoholizadas y los sodas a bordo<\/p>\n<p>&#8211; Las compras personales como las artesa\u00f1ias y propinas eventuales<\/p>\n<p>&#8211; Los gastos de exportaci\u00f3n de los espec\u00edmenes<\/p>\n<p>[tabby title=\u00bbReservaci\u00f3n\u00bb]<br \/>\n<strong>Las etapas de inscripci\u00f3n son las siguientes :<\/strong><\/p>\n<p>1) Formulario con sus coordenadas<br \/>\n2) E-mail de confirmaci\u00f3n por Latitud Sur de la disponibilidad<br \/>\n3) Pago del anticipo<br \/>\n4) E-mail de confirmaci\u00f3n por Latitud Sur del pago del anticipo.<br \/>\n<strong><br \/>\nA ra\u00edz de estas 4 etapas usted est\u00e1 inscrito !<\/strong><br \/>\nSiguen algunos tramites simples para completar su expediente y permitirle obtener todas las informaciones necesarias a una correcta preparaci\u00f3n de su viaje.<br \/>\n&#8211; Consejos para la compra de sus boletos de avi\u00f3n.<br \/>\n&#8211; Preparaci\u00f3n al viaje: env\u00edo de la hoja de ruta para llegar a Iquitos y al barco<br \/>\n&#8211; Nuestras fichas-consejos<\/p>\n<p>5) Luego 30 d\u00edas antes del viaje: Pago del saldo.<\/p>\n<p><div id=\"usermessagea\" class=\"cf_info \"><\/div><form enctype=\"multipart\/form-data\" action=\"\/voyage\/es\/wp-json\/wp\/v2\/pages\/139#usermessagea\" method=\"post\" class=\"cform reservation-fr \" id=\"cformsform\"><fieldset class=\"cf-fs1\" style=\"\"><legend>Mes coordonn\u00e9es<\/legend><ol class=\"cf-ol\"><li id=\"li--2\" class=\"\"><label id=\"label--2\" for=\"cf_field_2\"><span>Pr\u00e9nom<\/span><\/label><input type=\"text\" name=\"cf_field_2\" id=\"cf_field_2\" class=\"single fldrequired\" value=\"\" onfocus=\"clearField(this)\" onblur=\"setField(this)\" title=\"\"\/><span class=\"reqtxt\">(required)<\/span><\/li><li id=\"li--3\" class=\"\"><label id=\"label--3\" for=\"cf_field_3\"><span>Nom<\/span><\/label><input type=\"text\" name=\"cf_field_3\" id=\"cf_field_3\" class=\"single fldrequired\" value=\"\" title=\"\"\/><span class=\"reqtxt\">(required)<\/span><\/li><li id=\"li--4\" class=\"\"><label id=\"label--4\" for=\"cf_field_4\"><span>Adresse<\/span><\/label><input type=\"text\" name=\"cf_field_4\" id=\"cf_field_4\" class=\"single fldrequired\" value=\"\" title=\"\"\/><span class=\"reqtxt\">(required)<\/span><\/li><li id=\"li--5\" class=\"\"><label id=\"label--5\" for=\"cf_field_5\"><span>Code Postal<\/span><\/label><input type=\"text\" name=\"cf_field_5\" id=\"cf_field_5\" class=\"single fldrequired\" value=\"\" title=\"\"\/><span class=\"reqtxt\">(required)<\/span><\/li><li id=\"li--6\" class=\"\"><label id=\"label--6\" for=\"cf_field_6\"><span>Ville<\/span><\/label><input type=\"text\" name=\"cf_field_6\" id=\"cf_field_6\" class=\"single fldrequired\" value=\"\" title=\"\"\/><span class=\"reqtxt\">(required)<\/span><\/li><li id=\"li--7\" class=\"\"><label id=\"label--7\" for=\"cf_field_7\"><span>Pays<\/span><\/label><input type=\"text\" name=\"cf_field_7\" id=\"cf_field_7\" class=\"single fldrequired\" value=\"\" title=\"\"\/><span class=\"reqtxt\">(required)<\/span><\/li><li id=\"li--8\" class=\"\"><label id=\"label--8\" for=\"cf_field_8\"><span>Courriel<\/span><\/label><input type=\"text\" name=\"cf_field_8\" id=\"cf_field_8\" class=\"single fldemail fldrequired\" value=\"\" title=\"\"\/><span class=\"emailreqtxt\">(valid email required)<\/span><\/li><li id=\"li--9\" class=\"\"><label id=\"label--9\" for=\"cf_field_9\"><span>T\u00e9l\u00e9phone<\/span><\/label><input type=\"text\" name=\"cf_field_9\" id=\"cf_field_9\" class=\"single fldrequired\" value=\"\" title=\"\"\/><span class=\"reqtxt\">(required)<\/span><\/li><li id=\"li--10\" class=\"\"><label id=\"label--10\" for=\"cf_field_10\"><span>Date de Naissance<\/span><\/label><input required=\"required\"  type=\"date\" name=\"cf_field_10\" id=\"cf_field_10\" class=\" fldrequired\" value=\"\" title=\"\"\/><span class=\"reqtxt\">(required)<\/span><\/li><li id=\"li--11\" class=\"\"><label id=\"label--11\" for=\"cf_field_11\"><span>N\u00b0 Passeport<\/span><\/label><input type=\"text\" name=\"cf_field_11\" id=\"cf_field_11\" class=\"single\" value=\"\" title=\"\"\/><\/li><li id=\"li--12\" class=\"\"><label id=\"label--12\" for=\"cf_field_12\"><span>Date de validit\u00e9<\/span><\/label><input  type=\"date\" name=\"cf_field_12\" id=\"cf_field_12\" class=\"\" value=\"\" title=\"\"\/><\/li><li id=\"li--13\" class=\"\"><label id=\"label--13\" for=\"cf_field_13\"><span>Mes dates de voyage \/ Question<\/span><\/label><textarea cols=\"30\" rows=\"8\" name=\"cf_field_13\" id=\"cf_field_13\" class=\"area\" title=\"\"><\/textarea><\/li><\/ol><\/fieldset><fieldset class=\"cf-fs2\" style=\"\"><legend>S\u00e9curit\u00e9<\/legend><ol class=\"cf-ol\"><li id=\"li--16\" class=\"\"><label for=\"cf_field_16\" class=\"secq\"><span>7-2 ?<\/span><\/label><input type=\"text\" name=\"cforms2_question_and_answer\" id=\"cf_field_16\" class=\"secinput fldrequired \" title=\"\"\/><input type=\"hidden\" name=\"cforms2_question_and_answer\/hint\" value=\"2\"\/><\/li><\/ol><\/fieldset><fieldset class=\"cf_hidden\"><legend>&nbsp;<\/legend><input type=\"hidden\" name=\"cf_working\" id=\"cf_working\" value=\"One moment please...\"\/><input type=\"hidden\" name=\"cf_failure\" id=\"cf_failure\" value=\"Merci de remplir toutes les informations demand\u00e9es\"\/><input type=\"hidden\" name=\"cf_customerr\" id=\"cf_customerr\" value=\"y\"\/><\/fieldset><p class=\"cf-sb\"><input type=\"submit\" name=\"sendbutton\" id=\"sendbutton\" class=\"sendbutton\" value=\"Envoyer\" \/><\/p><\/form><br \/>\n[tabbyending]<\/p>","protected":false},"excerpt":{"rendered":"<p>Circuito pesca deportivaRio Nanay Presupuesto por encargo Embarque en el Selva Viva y descubra a la Amazon\u00eda peruana y a su fauna acu\u00e1tica, una de las m\u00e1s ricas del planeta&#8230; Latitud Sur ha concebido este crucero espec\u00edficamente para ustedes, aficionados<span class=\"ellipsis\">&hellip;<\/span><\/p>\n<div class=\"read-more\"><a href=\"https:\/\/latitudsur.org\/voyage\/es\/voyagez\/perou\/croisiere-peche-nanay\/\">Leer m\u00e1s \u203a<\/a><\/div>\n<p><!-- end of .read-more --><\/p>\n","protected":false},"author":1,"featured_media":0,"parent":74,"menu_order":0,"comment_status":"open","ping_status":"open","template":"template-page.php","meta":{"footnotes":""},"class_list":["post-139","page","type-page","status-publish","hentry"],"_links":{"self":[{"href":"https:\/\/latitudsur.org\/voyage\/es\/wp-json\/wp\/v2\/pages\/139","targetHints":{"allow":["GET"]}}],"collection":[{"href":"https:\/\/latitudsur.org\/voyage\/es\/wp-json\/wp\/v2\/pages"}],"about":[{"href":"https:\/\/latitudsur.org\/voyage\/es\/wp-json\/wp\/v2\/types\/page"}],"author":[{"embeddable":true,"href":"https:\/\/latitudsur.org\/voyage\/es\/wp-json\/wp\/v2\/users\/1"}],"replies":[{"embeddable":true,"href":"https:\/\/latitudsur.org\/voyage\/es\/wp-json\/wp\/v2\/comments?post=139"}],"version-history":[{"count":0,"href":"https:\/\/latitudsur.org\/voyage\/es\/wp-json\/wp\/v2\/pages\/139\/revisions"}],"up":[{"embeddable":true,"href":"https:\/\/latitudsur.org\/voyage\/es\/wp-json\/wp\/v2\/pages\/74"}],"wp:attachment":[{"href":"https:\/\/latitudsur.org\/voyage\/es\/wp-json\/wp\/v2\/media?parent=139"}],"curies":[{"name":"wp","href":"https:\/\/api.w.org\/{rel}","templated":true}]}}