{"id":143,"date":"2015-03-09T16:25:37","date_gmt":"2015-03-09T15:25:37","guid":{"rendered":"http:\/\/latitudsur.org\/voyage\/?page_id=143"},"modified":"2015-03-09T16:25:37","modified_gmt":"2015-03-09T15:25:37","slug":"sejours-sur-mesure","status":"publish","type":"page","link":"https:\/\/latitudsur.org\/voyage\/es\/voyagez\/perou\/sejours-sur-mesure\/","title":{"rendered":"S\u00e9jours sur mesure&#8230;"},"content":{"rendered":"<p><a style=\"float:right\" href=\"\/voyage\/wp-content\/uploads\/sites\/3\/2015\/06\/accueil1.jpg\"><img loading=\"lazy\" decoding=\"async\" class=\"size-medium wp-image-560\" src=\"\/voyage\/wp-content\/uploads\/sites\/3\/2015\/06\/accueil1-265x300.jpg\" alt=\"accueil\" width=\"265\" height=\"300\" srcset=\"https:\/\/latitudsur.org\/voyage\/wp-content\/uploads\/sites\/3\/2015\/06\/accueil1-265x300.jpg 265w, https:\/\/latitudsur.org\/voyage\/wp-content\/uploads\/sites\/3\/2015\/06\/accueil1.jpg 398w\" sizes=\"auto, (max-width: 265px) 100vw, 265px\" \/><\/a><\/p>\n<h2 \/><img loading=\"lazy\" decoding=\"async\" style=\"float:left\" src=\"https:\/\/latitudsur.org\/voyage\/wp-content\/uploads\/sites\/3\/2015\/06\/ptchaman.gif\" alt=\"ptchaman\" width=\"97\" height=\"97\" \/><br \/>Viajes a medida &#8211; No disponible !<br \/>en la Amazonia peruana<\/h2>\n<p align=\"justify\">\n<span style=\"color: #1fa51c;font-size:16px;font-weight:bold\"><strong>Presupuesto por encargo<\/span><br \/>\n<span style=\"color: #725F1F;font-weight:bold\"><\/span><\/p>\n<h4 align=\"justify\" style=\"color: #800000;font-weight:normal\">Componga su viaje a su medida en las Reservas Naturales amaz\u00f3nicas mas bonitas del Per\u00fa !<\/p>\n<p>Una inmersi\u00f3n excepcional&#8230;<\/h4>\n<p><\/strong>\n<\/p>\n<p align=\"justify\">El Selva Viva es un barco ecol\u00f3gico de 22 metros de largo y 6 de largo, con 3 cubiertas equipadas de 4 camarotes dobles y 2 simples. Tiene una capacidad ideal de 10 personas y recorre la Amazon\u00eda peruana para preservar la biodiversidad de la selva.<br \/>\nAs\u00ed tienen la posibilidad de navegar de 3 a 30 d\u00edas eligiendo la o las tem\u00e1ticas del viaje tal y como: ornitolog\u00eda, ictiolog\u00eda, bot\u00e1nica, pesca deportiva, senderismo, expediciones en zonas aisladas, encuentro con los aut\u00f3ctonos, etc&#8230;\n<\/p>\n<p align=\"center\"><a href=\"\/voyage\/wp-content\/uploads\/sites\/3\/2015\/06\/pt12.jpg\"><img decoding=\"async\" style=\"border:7px solid #FFFFFF;width:210px;height:155px\" src=\"\/voyage\/wp-content\/uploads\/sites\/3\/2015\/06\/pt12.jpg\" alt=\"pt1\" \/><\/a> <a href=\"\/voyage\/wp-content\/uploads\/sites\/3\/2015\/06\/pt22.jpg\"><img decoding=\"async\" style=\"border:7px solid #FFFFFF;width:210px;height:155px\" src=\"\/voyage\/wp-content\/uploads\/sites\/3\/2015\/06\/pt22.jpg\" alt=\"pt2\" \/><\/a> <a href=\"\/voyage\/wp-content\/uploads\/sites\/3\/2015\/03\/gd3.jpg.jpg\"><img decoding=\"async\" style=\"border:7px solid #FFFFFF;width:210px;height:155px\" src=\"\/voyage\/wp-content\/uploads\/sites\/3\/2015\/03\/gd3.jpg\" alt=\"pt3\" \/><\/a><\/p>\n<p>[tabby title=\u00bbDescripci\u00f3n de los viajes\u00bb]<\/p>\n<div>\n<strong>Aqu\u00ed tienen unos ejemplos de viajes a la carta :<\/p>\n<p>Por un presupuesto promedio bajo o cerca de 100 USD\/d\u00eda\/persona (base 4 personas):<br \/>\n<\/strong><br \/>\n\u2013 Turismo vivencial en un pueblo nativo (ayudando reforestaci\u00f3n)<\/p>\n<p>\u2013 Estancia a un centro de salud tradicional en la selva<\/p>\n<p>Ambos pueden ser combinados con un crucero de algunos d\u00edas&#8230;<\/p>\n<p><strong>Con un presupuesto cerca de 200 USD\/d\u00eda\/persona (base 4 personas):<\/strong><\/p>\n<p>&#8211; 3 d\u00edas en la reserva Allpahuayo-Mishana por el r\u00edo Nanay<\/p>\n<p>&#8211; 4 d\u00edas por el r\u00edo Tahuayo o Yarapa<\/p>\n<p>&#8211; 5 a 10 d\u00edas en la reserva Pacaya-Samiria<\/p>\n<p><strong>Con un presupuesto cerca de 250 USD\/d\u00eda\/persona (base 4 personas):<\/strong><\/p>\n<p>&#8211; un crucero Iquitos-Tabatinga de 5 d\u00edas por el r\u00edo Amazonas con la posibilidad de seguir con un barco brasile\u00f1o hasta Manaos<\/p>\n<p>&#8211; 7 d\u00edas en la zona de las 3 fronteras Colombia-Brasil-Per\u00fa<\/p>\n<p>&#8211; una expedici\u00f3n de 15 d\u00edas por el r\u00edo-frontera Javari donde viven los hombres jaguares<\/p>\n<p>Contacto: iquitos @ localhost\/voyage\/ para programar su viaje\n<\/p><\/div>\n<p>[tabby title=\u00bbReservaci\u00f3n\u00bb]<br \/>\n<strong>Las etapas de inscripci\u00f3n son las siguientes :<\/strong><\/p>\n<p>    Formulario con sus coordenadas<br \/>\n    E-mail de confirmaci\u00f3n por Latitud Sur de la disponibilidad<br \/>\n    Pago del anticipo<br \/>\n    E-mail de confirmaci\u00f3n por Latitud Sur del pago del anticipo.<\/p>\n<p>    A ra\u00edz de estas 4 etapas usted est\u00e1 inscrito !<br \/>\n    Siguen algunos tramites simples para completar su expediente y permitirle obtener todas las informaciones necesarias a una correcta preparaci\u00f3n de su viaje.<br \/>\n    Consejos para la compra de sus boletos de avi\u00f3n.<br \/>\n    Preparaci\u00f3n al viaje: env\u00edo de la hoja de ruta para llegar a Iquitos y al barco + nuestras fichas-consejos<\/p>\n<p>    Luego poco antes del viaje:<br \/>\n    Pago del saldo.<\/p>\n<p><div id=\"usermessagea\" class=\"cf_info \"><\/div><form enctype=\"multipart\/form-data\" action=\"\/voyage\/es\/wp-json\/wp\/v2\/pages\/143#usermessagea\" method=\"post\" class=\"cform reservation-fr \" id=\"cformsform\"><fieldset class=\"cf-fs1\" style=\"\"><legend>Mes coordonn\u00e9es<\/legend><ol class=\"cf-ol\"><li id=\"li--2\" class=\"\"><label id=\"label--2\" for=\"cf_field_2\"><span>Pr\u00e9nom<\/span><\/label><input type=\"text\" name=\"cf_field_2\" id=\"cf_field_2\" class=\"single fldrequired\" value=\"\" onfocus=\"clearField(this)\" onblur=\"setField(this)\" title=\"\"\/><span class=\"reqtxt\">(required)<\/span><\/li><li id=\"li--3\" class=\"\"><label id=\"label--3\" for=\"cf_field_3\"><span>Nom<\/span><\/label><input type=\"text\" name=\"cf_field_3\" id=\"cf_field_3\" class=\"single fldrequired\" value=\"\" title=\"\"\/><span class=\"reqtxt\">(required)<\/span><\/li><li id=\"li--4\" class=\"\"><label id=\"label--4\" for=\"cf_field_4\"><span>Adresse<\/span><\/label><input type=\"text\" name=\"cf_field_4\" id=\"cf_field_4\" class=\"single fldrequired\" value=\"\" title=\"\"\/><span class=\"reqtxt\">(required)<\/span><\/li><li id=\"li--5\" class=\"\"><label id=\"label--5\" for=\"cf_field_5\"><span>Code Postal<\/span><\/label><input type=\"text\" name=\"cf_field_5\" id=\"cf_field_5\" class=\"single fldrequired\" value=\"\" title=\"\"\/><span class=\"reqtxt\">(required)<\/span><\/li><li id=\"li--6\" class=\"\"><label id=\"label--6\" for=\"cf_field_6\"><span>Ville<\/span><\/label><input type=\"text\" name=\"cf_field_6\" id=\"cf_field_6\" class=\"single fldrequired\" value=\"\" title=\"\"\/><span class=\"reqtxt\">(required)<\/span><\/li><li id=\"li--7\" class=\"\"><label id=\"label--7\" for=\"cf_field_7\"><span>Pays<\/span><\/label><input type=\"text\" name=\"cf_field_7\" id=\"cf_field_7\" class=\"single fldrequired\" value=\"\" title=\"\"\/><span class=\"reqtxt\">(required)<\/span><\/li><li id=\"li--8\" class=\"\"><label id=\"label--8\" for=\"cf_field_8\"><span>Courriel<\/span><\/label><input type=\"text\" name=\"cf_field_8\" id=\"cf_field_8\" class=\"single fldemail fldrequired\" value=\"\" title=\"\"\/><span class=\"emailreqtxt\">(valid email required)<\/span><\/li><li id=\"li--9\" class=\"\"><label id=\"label--9\" for=\"cf_field_9\"><span>T\u00e9l\u00e9phone<\/span><\/label><input type=\"text\" name=\"cf_field_9\" id=\"cf_field_9\" class=\"single fldrequired\" value=\"\" title=\"\"\/><span class=\"reqtxt\">(required)<\/span><\/li><li id=\"li--10\" class=\"\"><label id=\"label--10\" for=\"cf_field_10\"><span>Date de Naissance<\/span><\/label><input required=\"required\"  type=\"date\" name=\"cf_field_10\" id=\"cf_field_10\" class=\" fldrequired\" value=\"\" title=\"\"\/><span class=\"reqtxt\">(required)<\/span><\/li><li id=\"li--11\" class=\"\"><label id=\"label--11\" for=\"cf_field_11\"><span>N\u00b0 Passeport<\/span><\/label><input type=\"text\" name=\"cf_field_11\" id=\"cf_field_11\" class=\"single\" value=\"\" title=\"\"\/><\/li><li id=\"li--12\" class=\"\"><label id=\"label--12\" for=\"cf_field_12\"><span>Date de validit\u00e9<\/span><\/label><input  type=\"date\" name=\"cf_field_12\" id=\"cf_field_12\" class=\"\" value=\"\" title=\"\"\/><\/li><li id=\"li--13\" class=\"\"><label id=\"label--13\" for=\"cf_field_13\"><span>Mes dates de voyage \/ Question<\/span><\/label><textarea cols=\"30\" rows=\"8\" name=\"cf_field_13\" id=\"cf_field_13\" class=\"area\" title=\"\"><\/textarea><\/li><\/ol><\/fieldset><fieldset class=\"cf-fs2\" style=\"\"><legend>S\u00e9curit\u00e9<\/legend><ol class=\"cf-ol\"><li id=\"li--16\" class=\"\"><label for=\"cf_field_16\" class=\"secq\"><span>7-2 ?<\/span><\/label><input type=\"text\" name=\"cforms2_question_and_answer\" id=\"cf_field_16\" class=\"secinput fldrequired \" title=\"\"\/><input type=\"hidden\" name=\"cforms2_question_and_answer\/hint\" value=\"2\"\/><\/li><\/ol><\/fieldset><fieldset class=\"cf_hidden\"><legend>&nbsp;<\/legend><input type=\"hidden\" name=\"cf_working\" id=\"cf_working\" value=\"One moment please...\"\/><input type=\"hidden\" name=\"cf_failure\" id=\"cf_failure\" value=\"Merci de remplir toutes les informations demand\u00e9es\"\/><input type=\"hidden\" name=\"cf_customerr\" id=\"cf_customerr\" value=\"y\"\/><\/fieldset><p class=\"cf-sb\"><input type=\"submit\" name=\"sendbutton\" id=\"sendbutton\" class=\"sendbutton\" value=\"Envoyer\" \/><\/p><\/form><br \/>\n[tabbyending]<\/p>","protected":false},"excerpt":{"rendered":"<p>Viajes a medida &#8211; No disponible !en la Amazonia peruana Presupuesto por encargo Componga su viaje a su medida en las Reservas Naturales amaz\u00f3nicas mas bonitas del Per\u00fa ! Una inmersi\u00f3n excepcional&#8230; El Selva Viva es un barco ecol\u00f3gico de<span class=\"ellipsis\">&hellip;<\/span><\/p>\n<div class=\"read-more\"><a href=\"https:\/\/latitudsur.org\/voyage\/es\/voyagez\/perou\/sejours-sur-mesure\/\">Leer m\u00e1s \u203a<\/a><\/div>\n<p><!-- end of .read-more --><\/p>\n","protected":false},"author":1,"featured_media":0,"parent":74,"menu_order":0,"comment_status":"open","ping_status":"open","template":"template-page.php","meta":{"footnotes":""},"class_list":["post-143","page","type-page","status-publish","hentry"],"_links":{"self":[{"href":"https:\/\/latitudsur.org\/voyage\/es\/wp-json\/wp\/v2\/pages\/143","targetHints":{"allow":["GET"]}}],"collection":[{"href":"https:\/\/latitudsur.org\/voyage\/es\/wp-json\/wp\/v2\/pages"}],"about":[{"href":"https:\/\/latitudsur.org\/voyage\/es\/wp-json\/wp\/v2\/types\/page"}],"author":[{"embeddable":true,"href":"https:\/\/latitudsur.org\/voyage\/es\/wp-json\/wp\/v2\/users\/1"}],"replies":[{"embeddable":true,"href":"https:\/\/latitudsur.org\/voyage\/es\/wp-json\/wp\/v2\/comments?post=143"}],"version-history":[{"count":0,"href":"https:\/\/latitudsur.org\/voyage\/es\/wp-json\/wp\/v2\/pages\/143\/revisions"}],"up":[{"embeddable":true,"href":"https:\/\/latitudsur.org\/voyage\/es\/wp-json\/wp\/v2\/pages\/74"}],"wp:attachment":[{"href":"https:\/\/latitudsur.org\/voyage\/es\/wp-json\/wp\/v2\/media?parent=143"}],"curies":[{"name":"wp","href":"https:\/\/api.w.org\/{rel}","templated":true}]}}