{"id":28,"date":"2015-03-02T11:20:53","date_gmt":"2015-03-02T10:20:53","guid":{"rendered":"http:\/\/latitudsur.org\/developpement\/?page_id=28"},"modified":"2015-03-02T11:20:53","modified_gmt":"2015-03-02T10:20:53","slug":"latitud-sur","status":"publish","type":"page","link":"https:\/\/latitudsur.org\/voyage\/es\/latitud-sur\/","title":{"rendered":"QUI SOMMES-NOUS ?"},"content":{"rendered":"<p>Latitud Sur es una ONG que propone cruceros y viajes ecotur\u00edsticos solidarios en Am\u00e9rica del Sur.<\/p>\n<p>Viajen en Per\u00fa, Ecuador o M\u00e9xico ayudando a financiar nuestros proyectos de desarrollo que benefician a las poblaciones aut\u00f3ctonas. De esta manera, Latitud Sur no es una agencia de viaje, sino una organizaci\u00f3n que les propone combinar turismo e intercambios. Evitamos el turismo de masa dado que no solo tenemos el objetivo de hacer beneficios. Nuestras ofertas se alejan de los circuitos de viajes cl\u00e1sicos para proponer en cambio circuitos alternativos, algunos \u00fanicos y exclusivos, para experimentar un descubrimiento autentico.<\/p>\n<p>Al viajar con Latitud Sur, podr\u00e1n apreciar nuestra fuerte implicacion as\u00ed como nuestra proximidad con numerosas comunidades ind\u00edgenas. Mas que un circuito tur\u00edstico, les ofrecemos una verdadero inmersi\u00f3n en la riqueza de las culturas, el esplendor de los territorios, con una manera de percibir el viaje no como un consumo, sino como un intercambio.<\/p>\n<p>William Wadoux<br \/>\nPresidente de la Fundaci\u00f3n Latitud Sur<\/p>\n<p><a href=\"http:\/\/www.wtmresponsibletourism.com\/\"><img loading=\"lazy\" decoding=\"async\" style=\"float: right;margin-top: 20px\" src=\"\/voyage\/wp-content\/uploads\/sites\/3\/2015\/03\/Label-WTM.jpg\" alt=\"Label-WTM\" width=\"314\" height=\"194\" \/><\/a><br \/>\n<a href=\"\/voyage\/voyagez\/promotions\"><img decoding=\"async\" src=\"\/voyage\/wp-content\/uploads\/sites\/3\/2015\/03\/tourismesolidaire.jpg\" alt=\"\" \/><\/a><\/p>\n<p><\/p>","protected":false},"excerpt":{"rendered":"<p>Latitud Sur es una ONG que propone cruceros y viajes ecotur\u00edsticos solidarios en Am\u00e9rica del Sur. Viajen en Per\u00fa, Ecuador o M\u00e9xico ayudando a financiar nuestros proyectos de desarrollo que benefician a las poblaciones aut\u00f3ctonas. De esta manera, Latitud Sur<span class=\"ellipsis\">&hellip;<\/span><\/p>\n<div class=\"read-more\"><a href=\"https:\/\/latitudsur.org\/voyage\/es\/latitud-sur\/\">Leer m\u00e1s \u203a<\/a><\/div>\n<p><!-- end of .read-more --><\/p>\n","protected":false},"author":1,"featured_media":0,"parent":0,"menu_order":0,"comment_status":"closed","ping_status":"open","template":"template-page.php","meta":{"footnotes":""},"class_list":["post-28","page","type-page","status-publish","hentry"],"_links":{"self":[{"href":"https:\/\/latitudsur.org\/voyage\/es\/wp-json\/wp\/v2\/pages\/28","targetHints":{"allow":["GET"]}}],"collection":[{"href":"https:\/\/latitudsur.org\/voyage\/es\/wp-json\/wp\/v2\/pages"}],"about":[{"href":"https:\/\/latitudsur.org\/voyage\/es\/wp-json\/wp\/v2\/types\/page"}],"author":[{"embeddable":true,"href":"https:\/\/latitudsur.org\/voyage\/es\/wp-json\/wp\/v2\/users\/1"}],"replies":[{"embeddable":true,"href":"https:\/\/latitudsur.org\/voyage\/es\/wp-json\/wp\/v2\/comments?post=28"}],"version-history":[{"count":0,"href":"https:\/\/latitudsur.org\/voyage\/es\/wp-json\/wp\/v2\/pages\/28\/revisions"}],"wp:attachment":[{"href":"https:\/\/latitudsur.org\/voyage\/es\/wp-json\/wp\/v2\/media?parent=28"}],"curies":[{"name":"wp","href":"https:\/\/api.w.org\/{rel}","templated":true}]}}