{"id":34,"date":"2015-03-02T11:22:15","date_gmt":"2015-03-02T10:22:15","guid":{"rendered":"http:\/\/latitudsur.org\/developpement\/?page_id=34"},"modified":"2026-04-22T08:36:21","modified_gmt":"2026-04-22T08:36:21","slug":"lequipe","status":"publish","type":"page","link":"https:\/\/latitudsur.org\/voyage\/es\/latitud-sur\/lequipe\/","title":{"rendered":"Notre \u00e9quipe"},"content":{"rendered":"<p><strong><a href=\"\/voyage\/wp-content\/uploads\/sites\/3\/2015\/06\/William_Wadoux_75px.jpg\"><img loading=\"lazy\" decoding=\"async\" class=\"alignnone size-full wp-image-535\" src=\"\/voyage\/wp-content\/uploads\/sites\/3\/2015\/06\/William_Wadoux_75px.jpg\" alt=\"William_Wadoux_75px\" width=\"75\" height=\"100\" \/><\/a>William Wadoux &#8211; Presidente de Latitud Sur &#8211; Encargado de la misi\u00f3n Ecuador<\/strong><\/p>\n<p>Ingeniero de formaci\u00f3n, pas\u00e9 9 a\u00f1os de mi vida en Am\u00e9rica Latina por sectores de actividad muy diversos. Desde ahora hace 7 a\u00f1os que vivo en Ecuador y me dedico a proyectos de desarrollo en las comunidades indias al lado de las cuales aprend\u00ed a desarrollar otra visi\u00f3n del mundo, m\u00e1s abierta y tolerante. Es todo esto y estos contactos humanos tan ricos que deseo hacerle compartir como acompa\u00f1ante.<\/p>\n<hr \/>\n<p><strong>Anne Brukhanoff &#8211; Encargada de la misi\u00f3n Per\u00fa <\/strong><\/p>\n<hr \/>\n<p><strong><a href=\"\/voyage\/wp-content\/uploads\/sites\/3\/2015\/03\/Arnaud_Hugues_75px.jpg\"><img loading=\"lazy\" decoding=\"async\" class=\"alignnone size-full wp-image-533\" src=\"\/voyage\/wp-content\/uploads\/sites\/3\/2015\/03\/Arnaud_Hugues_75px.jpg\" alt=\"SONY DSC\" width=\"75\" height=\"100\" \/><\/a>Arno Aguilera &#8211; Coordinador de turismo <\/strong><\/p>\n<p>Decid\u00ed aportar mis conocimientos en los proyectos de preservaci\u00f3n de las tradiciones y de las culturas de Amazonia. Aseguro la intendencia del barco \u00bb Selva Viva \u00bb y acompa\u00f1o los viajes de Latitud Sur sobre los r\u00edos de Amazonia con el fin de asegurar la log\u00edstica y la comodidad de los pasajeros. Mi gusto por las culturas aut\u00f3ctonas no es reciente y adoro la idea de poder compartir sus conocimientos ricos de ense\u00f1anzas en el respeto y la tolerancia.<\/p>\n<hr \/>\n<p><strong><a href=\"https:\/\/latitudsur.org\/voyage\/wp-content\/uploads\/sites\/3\/2015\/03\/Morandet.jpg\"><img loading=\"lazy\" decoding=\"async\" class=\"alignnone size-full wp-image-529\" src=\"https:\/\/latitudsur.org\/voyage\/wp-content\/uploads\/sites\/3\/2015\/03\/Morandet.jpg\" alt=\"Lucie Morandet_75px\" width=\"75\" height=\"100\" \/><\/a>Lucie Morandet &#8211; Responsable de turismo<br \/>\n<\/strong><\/p>\n<p>Apoyo el responsable de turismo, estoy encargada de los viajes a Iquitos. Efectu\u00e9 mis estudios en el turismo sostenible y la ecolog\u00eda. Apasionada desde hace tiempo por la naturaleza, tengo ganas de actuar y toma a pecho muy mi papel de sensibilizaci\u00f3n a las riquezas de nuestro bello planeta. Mi meta: mejorar el respeto y la comprensi\u00f3n de nuestros ecosistemas con el fin de salvaguardar nuestro patrimonio natural y cultural. Mi patio de recreo favorito: la selva amaz\u00f3nica.<\/p>\n<hr \/>\n<p><strong><a href=\"https:\/\/latitudsur.org\/voyage\/wp-content\/uploads\/sites\/3\/2015\/03\/11710_10204069035151446_8579696090653352370_n-1.jpg\"><img loading=\"lazy\" decoding=\"async\" class=\"alignnone wp-image-2438\" src=\"https:\/\/latitudsur.org\/voyage\/wp-content\/uploads\/sites\/3\/2015\/03\/11710_10204069035151446_8579696090653352370_n-1.jpg\" alt=\"11710_10204069035151446_8579696090653352370_n (1)\" width=\"93\" height=\"116\" \/><\/a>C\u00e9line Burlot &#8211; Asistente de turismo<br \/>\n<\/strong><\/p>\n<p>Apasionada desde siempre por el continente latino americano, realic\u00e9 una licenciatura de idiomas y un M\u00e1ster de turismo cultural, antes de decidirme irme de Francia para dedicarme a proyectos de turismo solidario y responsable al extranjero, y es as\u00ed que el viento me llevo hasta Iquitos y la ONG Latitud Sur. Nuestras acciones tienen muchos valores humanas, trabajamos junto a las comunidades locales, respetando las costumbres y los ecosistemas locales, para promover la riqueza etnocultural y medioambiental de esta regi\u00f3n del planeta que solo espera por ser descubierta. Pasi\u00f3n, energ\u00eda y solidaridad son las palabras claves de nuestro equipo !<\/p>\n<hr \/>\n<p><strong><a href=\"\/voyage\/wp-content\/uploads\/sites\/3\/2015\/06\/JP_Costa_75px.jpg\"><img loading=\"lazy\" decoding=\"async\" class=\"alignnone size-full wp-image-532\" src=\"\/voyage\/wp-content\/uploads\/sites\/3\/2015\/06\/JP_Costa_75px.jpg\" alt=\"JP_Costa_75px\" width=\"75\" height=\"100\" \/><\/a>Jean-Patrick Costa &#8211; Latitud Sur especialista en antropolog\u00eda<\/strong><\/p>\n<p>Farmac\u00e9utico y antrop\u00f3logo de la salud, trabaj\u00e9 3 a\u00f1os para Farmac\u00e9uticos Sin Fronteras en Amazonia ecuatoriana. Fundador de Arutam, asociaci\u00f3n de apoyo de los primeros pueblos, soy el autor de varios libros sobre los indios de Amazonia y el chamanismo. Apasionado por las culturas aut\u00f3ctonas, acompa\u00f1o ciertos viaje Latitud Sur en Amazonia y en M\u00e9xico para continuar compartiendo su vida cotidiana en toda sencillez.<\/p>\n<hr \/>\n<p><strong><a href=\"\/voyage\/wp-content\/uploads\/sites\/3\/2015\/06\/Hernan_Ormaeche_75px.jpg\"><img loading=\"lazy\" decoding=\"async\" class=\"alignnone size-full wp-image-531\" src=\"\/voyage\/wp-content\/uploads\/sites\/3\/2015\/06\/Hernan_Ormaeche_75px.jpg\" alt=\"Hernan_Ormaeche_75px\" width=\"75\" height=\"100\" \/><\/a>Hern\u00e1n Ormaeche &#8211; Capit\u00e1n del barco Selva Viva<\/strong><\/p>\n<p>Trabajo desde hace 40 a\u00f1os a surcar los r\u00edos de Amazonia peruana. Trabaj\u00e9 hasta aqu\u00ed a transportar mercanc\u00edas a los confines de nuestro pa\u00eds tanto como personas para expediciones cient\u00edficas. Ser\u00e9 feliz de compartir con ustedes las alegr\u00edas de la navegaci\u00f3n fluvial en mi pa\u00eds.<\/p>\n<hr \/>\n<p><strong><a href=\"\/voyage\/wp-content\/uploads\/sites\/3\/2015\/06\/Simon_Fleury_75px.jpg\"><img loading=\"lazy\" decoding=\"async\" class=\"alignnone size-full wp-image-534\" src=\"\/voyage\/wp-content\/uploads\/sites\/3\/2015\/06\/Simon_Fleury_75px.jpg\" alt=\"Simon_Fleury_75px\" width=\"75\" height=\"100\" \/><\/a>Simon Fleury- Especialista en antropolog\u00eda<\/strong><\/p>\n<p>Viv\u00ed tres a\u00f1os en Ecuador, trabajando en un proyecto de aceite con las comunidades Shuar y Quichua. Ahora acompa\u00f1o los grupos en Amazonia por la parte del Ecuador.<\/p>\n<hr \/>\n<p><strong><a href=\"\/voyage\/wp-content\/uploads\/sites\/3\/2015\/06\/Adrien_Tieche_75px.jpg\"><img loading=\"lazy\" decoding=\"async\" class=\"alignnone size-full wp-image-529\" src=\"\/voyage\/wp-content\/uploads\/sites\/3\/2015\/06\/Adrien_Tieche_75px.jpg\" alt=\"Adrien_Tieche_75px\" width=\"75\" height=\"100\" \/><\/a>Adrien Tieche &#8211; Encargado de la misi\u00f3n M\u00e9xico<\/strong><br \/>\nVivo en M\u00e9xico<\/p>","protected":false},"excerpt":{"rendered":"<p>William Wadoux &#8211; Presidente de Latitud Sur &#8211; Encargado de la misi\u00f3n Ecuador Ingeniero de formaci\u00f3n, pas\u00e9 9 a\u00f1os de mi vida en Am\u00e9rica Latina por sectores de actividad muy diversos. Desde ahora hace 7 a\u00f1os que vivo en Ecuador<span class=\"ellipsis\">&hellip;<\/span><\/p>\n<div class=\"read-more\"><a href=\"https:\/\/latitudsur.org\/voyage\/es\/latitud-sur\/lequipe\/\">Leer m\u00e1s \u203a<\/a><\/div>\n<p><!-- end of .read-more --><\/p>\n","protected":false},"author":1,"featured_media":0,"parent":28,"menu_order":0,"comment_status":"closed","ping_status":"open","template":"template-page.php","meta":{"footnotes":""},"class_list":["post-34","page","type-page","status-publish","hentry"],"_links":{"self":[{"href":"https:\/\/latitudsur.org\/voyage\/es\/wp-json\/wp\/v2\/pages\/34","targetHints":{"allow":["GET"]}}],"collection":[{"href":"https:\/\/latitudsur.org\/voyage\/es\/wp-json\/wp\/v2\/pages"}],"about":[{"href":"https:\/\/latitudsur.org\/voyage\/es\/wp-json\/wp\/v2\/types\/page"}],"author":[{"embeddable":true,"href":"https:\/\/latitudsur.org\/voyage\/es\/wp-json\/wp\/v2\/users\/1"}],"replies":[{"embeddable":true,"href":"https:\/\/latitudsur.org\/voyage\/es\/wp-json\/wp\/v2\/comments?post=34"}],"version-history":[{"count":2,"href":"https:\/\/latitudsur.org\/voyage\/es\/wp-json\/wp\/v2\/pages\/34\/revisions"}],"predecessor-version":[{"id":2818,"href":"https:\/\/latitudsur.org\/voyage\/es\/wp-json\/wp\/v2\/pages\/34\/revisions\/2818"}],"up":[{"embeddable":true,"href":"https:\/\/latitudsur.org\/voyage\/es\/wp-json\/wp\/v2\/pages\/28"}],"wp:attachment":[{"href":"https:\/\/latitudsur.org\/voyage\/es\/wp-json\/wp\/v2\/media?parent=34"}],"curies":[{"name":"wp","href":"https:\/\/api.w.org\/{rel}","templated":true}]}}