{"id":65,"date":"2015-03-02T14:53:21","date_gmt":"2015-03-02T13:53:21","guid":{"rendered":"http:\/\/latitudsur.org\/developpement\/?page_id=65"},"modified":"2015-03-02T14:53:21","modified_gmt":"2015-03-02T13:53:21","slug":"guide-voyageur","status":"publish","type":"page","link":"https:\/\/latitudsur.org\/voyage\/es\/guide-voyageur\/","title":{"rendered":"GUIDE DU VOYAGEUR"},"content":{"rendered":"<p><strong>Quelques recommandations\u2026<\/strong><br \/>\n<strong>C\u00f4t\u00e9 pratique<\/strong><br \/>\n<strong>Bagages<\/strong><\/p>\n<p>Apr\u00e8s inscription, Latitud Sur vous fournira une liste des effets \u00e0 emporter.<\/p>\n<p><strong>Argent<\/strong><\/p>\n<p>Les s\u00e9jours comprenant pour la plupart la pension compl\u00e8te (voir fiche de chaque voyage), nous vous recommandons de n\u2019emporter qu\u2019une somme d\u2019environ 200 Euros qui servira \u00e0 vos achats personnels (artisanat, sorties hors programme,\u2026). Pour certaines de nos destinations, il est souvent plus int\u00e9ressant d\u2019effectuer le change depuis son pays de d\u00e9part (cas des dollars am\u00e9ricains pour l\u2019Equateur).<\/p>\n<p>Par s\u00e9curit\u00e9 et pour couvrir d\u2019\u00e9ventuels frais exceptionnels (sant\u00e9,\u2026), il est recommand\u00e9 d\u2019emporter une carte de cr\u00e9dit internationale. Les ch\u00e8ques de voyage sont inutiles<br \/>\n<strong>Langue<\/strong><\/p>\n<p>Votre accompagnateur parle la langue du pays et vous fera office de traducteur en toutes circonstances.<br \/>\nDans la mesure du possible, nous vous ferons parvenir une fiche avec quelques mots courants de la langue des communaut\u00e9s que vous rencontrerez.<br \/>\n<strong>Billet d\u2019avion<\/strong><\/p>\n<p>Latitud Sur vous recommandera un vol afin que le groupe puisse se retrouver \u00e0 l\u2019a\u00e9roport d\u2019arriv\u00e9e dans les meilleures conditions.<\/p>\n<p>L\u2019achat de billet gr\u00e2ce \u00e0 votre carte de cr\u00e9dit vous apporte souvent une assurance d\u00e9j\u00e0 compl\u00e8te (notamment en cas d\u2019annulation du voyage en avion). Vous renseigner aupr\u00e8s de votre banque ou en lisant le contrat li\u00e9 \u00e0 la carte.<br \/>\n<strong>C\u00f4t\u00e9 s\u00e9curit\u00e9<\/strong><\/p>\n<p>Les risques d\u2019agression physique sont rares dans les r\u00e9gions o\u00f9 nous nous rendons. Seul subsiste un risque de vol, comme pour toute destination touristique.<br \/>\nNous vous recommandons d\u2019\u00e9viter d\u2019emporter des choses de grande valeur ou en tout cas de les exhiber. Votre accompagnateur ne pouvant avoir les yeux partout, vos effets personnels restent sous votre enti\u00e8re responsabilit\u00e9. Ne vous \u00e9loignez pas de votre groupe et suivez les instructions de votre accompagnateur.<br \/>\nNe prenez pas de taxi seul.<br \/>\n<strong>C\u00f4t\u00e9 sant\u00e9<\/strong><\/p>\n<p>Pour chaque destination, l\u2019accompagnateur dispose de contacts m\u00e9dicaux, cependant, certaines destinations sont tr\u00e8s \u00e9loign\u00e9es de centres urbains et il subsiste un risque qui ne peut \u00eatre couvert que par une assurance sp\u00e9ciale.<br \/>\nNous vous invitons fortement \u00e0 faire part de vos probl\u00e8mes de sant\u00e9 d\u00e8s l\u2019inscription afin que nous puissions les prendre en consid\u00e9ration.<br \/>\nLes vaccins n\u00e9cessaires sont indiqu\u00e9s dans les fiches de voyage. La fi\u00e8vre jaune et le paludisme sont les risques les plus courants. Apr\u00e8s inscription, Latitud Sur vous enverra une fiche de recommandations concernant le paludisme et sa pr\u00e9vention.<br \/>\n<strong>Les mises en garde<\/strong><\/p>\n<p>Nos destinations n&#8217;\u00e9tant pas des lieux de tourisme classique avec toutes les garanties habituelles, nous nous devons de vous informer de certains aspects dont il vous faut avoir conscience. Et vous invitons donc \u00e0 lire avec attention le dernier paragraphe de la page suivante.<\/p>","protected":false},"excerpt":{"rendered":"<p>Quelques recommandations\u2026 C\u00f4t\u00e9 pratique Bagages Apr\u00e8s inscription, Latitud Sur vous fournira une liste des effets \u00e0 emporter. Argent Les s\u00e9jours comprenant pour la plupart la pension compl\u00e8te (voir fiche de chaque voyage), nous vous recommandons de n\u2019emporter qu\u2019une somme d\u2019environ<span class=\"ellipsis\">&hellip;<\/span><\/p>\n<div class=\"read-more\"><a href=\"https:\/\/latitudsur.org\/voyage\/es\/guide-voyageur\/\">Leer m\u00e1s \u203a<\/a><\/div>\n<p><!-- end of .read-more --><\/p>\n","protected":false},"author":1,"featured_media":0,"parent":0,"menu_order":0,"comment_status":"closed","ping_status":"closed","template":"","meta":{"footnotes":""},"class_list":["post-65","page","type-page","status-publish","hentry"],"_links":{"self":[{"href":"https:\/\/latitudsur.org\/voyage\/es\/wp-json\/wp\/v2\/pages\/65","targetHints":{"allow":["GET"]}}],"collection":[{"href":"https:\/\/latitudsur.org\/voyage\/es\/wp-json\/wp\/v2\/pages"}],"about":[{"href":"https:\/\/latitudsur.org\/voyage\/es\/wp-json\/wp\/v2\/types\/page"}],"author":[{"embeddable":true,"href":"https:\/\/latitudsur.org\/voyage\/es\/wp-json\/wp\/v2\/users\/1"}],"replies":[{"embeddable":true,"href":"https:\/\/latitudsur.org\/voyage\/es\/wp-json\/wp\/v2\/comments?post=65"}],"version-history":[{"count":0,"href":"https:\/\/latitudsur.org\/voyage\/es\/wp-json\/wp\/v2\/pages\/65\/revisions"}],"wp:attachment":[{"href":"https:\/\/latitudsur.org\/voyage\/es\/wp-json\/wp\/v2\/media?parent=65"}],"curies":[{"name":"wp","href":"https:\/\/api.w.org\/{rel}","templated":true}]}}