{"id":74,"date":"2015-03-02T14:56:45","date_gmt":"2015-03-02T13:56:45","guid":{"rendered":"http:\/\/latitudsur.org\/developpement\/?page_id=74"},"modified":"2026-04-21T14:20:43","modified_gmt":"2026-04-21T14:20:43","slug":"perou","status":"publish","type":"page","link":"https:\/\/latitudsur.org\/voyage\/es\/voyagez\/perou\/","title":{"rendered":"PEROU"},"content":{"rendered":"<p><\/p>\n<table style=\"width: 695px;height: 171px\" border=\"0\" bgcolor=\"#ffffff\">\n<tbody>\n<tr>\n<td style=\"padding: 0;vertical-align: middle\"><a href=\"https:\/\/latitudsur.org\/voyage\/wp-content\/uploads\/sites\/3\/2015\/05\/11.jpg\"><img loading=\"lazy\" decoding=\"async\" src=\"https:\/\/latitudsur.org\/voyage\/voyage\/wp-content\/uploads\/sites\/3\/2015\/05\/11-300x104.jpg\" alt=\"11\" width=\"300\" height=\"104\" class=\"alignnone size-medium wp-image-1568\" srcset=\"https:\/\/latitudsur.org\/voyage\/wp-content\/uploads\/sites\/3\/2015\/05\/11-300x104.jpg 300w, https:\/\/latitudsur.org\/voyage\/wp-content\/uploads\/sites\/3\/2015\/05\/11-768x266.jpg 768w, https:\/\/latitudsur.org\/voyage\/wp-content\/uploads\/sites\/3\/2015\/05\/11.jpg 1010w\" sizes=\"auto, (max-width: 300px) 100vw, 300px\" \/><\/a><\/p>\n<td style=\"padding: 5px;vertical-align: middle\"><span style=\"font-size: 16px;color: #000000\"><strong>Circuito \u00abEl Dorado\u00bb &#8211; reserva Pacaya Samiria<\/strong><\/span><br \/>\n<span style=\"font-size: 16px;color: #009900\"><strong>presupuesto por encargo<\/strong><\/span><br \/>\nDescubran la Reserva Nacional Pacaya Samiria, la reserva m\u00e1s grande del Per\u00fa con sus 2 millones de hect\u00e1reas\u2026<br \/>\n<a href=\"\/voyage\/croisiere-pacaya-samiria\"><span class=\"go-detail\">Ver el detalle !<\/span><\/a><\/td>\n<\/tr>\n<\/tbody>\n<\/table>\n<table style=\"width: 695px;height: 171px\" border=\"0\" bgcolor=\"#ffffff\">\n<tbody>\n<tr>\n<td style=\"padding: 0;vertical-align: middle\"><a href=\"\/voyage\/wp-content\/uploads\/sites\/3\/2015\/06\/02PCU.jpg\"><img loading=\"lazy\" decoding=\"async\" class=\"aligncenter wp-image-667 size-full\" src=\"\/voyage\/wp-content\/uploads\/sites\/3\/2015\/06\/02PCU.jpg\" alt=\"02PCU\" width=\"150\" height=\"113\" \/><\/a><\/td>\n<td style=\"padding: 5px;vertical-align: middle\"><span style=\"font-size: 16px;color: #000000\"><strong>Crucero Tapiche<\/strong><\/span><br \/>\n<span style=\"font-size: 16px;color: #009900\"><strong>presupuesto por encargo<\/strong> &#8211; 12 d\u00edas \/ 11 noches<\/span><br \/>\nVisita dos reservas nacionales en un solo crucero : la famosa reserva Pacaya Samiria y la secreta reserva Matses !<br \/>\n<a href=\"\/voyage\/croisiere-curaray\"><span class=\"go-detail\">Ver el detalle !<\/span><\/a><\/td>\n<\/tr>\n<\/tbody>\n<\/table>\n<table style=\"width: 695px;height: 171px\" border=\"0\" bgcolor=\"#ffffff\">\n<tbody>\n<tr>\n<td style=\"padding: 0;vertical-align: middle\"><a href=\"\/voyage\/wp-content\/uploads\/sites\/3\/2015\/06\/10PHU.jpg\"><img loading=\"lazy\" decoding=\"async\" class=\"aligncenter size-full wp-image-672\" src=\"\/voyage\/wp-content\/uploads\/sites\/3\/2015\/06\/10PHU.jpg\" alt=\"09ESS\" width=\"150\" height=\"113\" \/><\/a><\/td>\n<td style=\"padding: 5px;vertical-align: middle\"><span style=\"font-size: 16px;color: #000000\"><strong>Crucero Amazonia &amp; Cuzco<\/strong><\/span><br \/>\n<span style=\"font-size: 16px;color: #009900\"><strong>presupuesto por encargo<\/strong> &#8211; 15 d\u00edas \/ 14 noches con 7 d\u00edas de crucero<\/span><br \/>\n\u00a1Combina la magia de los sitios andinos en la regi\u00f3n de Cuzco y un crucero por el inolvidable r\u00edo Amazonas cerca de Iquitos!<br \/>\n<a href=\"\/voyage\/croisiere-amazonie-cuzco\"><span class=\"go-detail\">Ver el detalle !<\/span><\/a><\/td>\n<\/tr>\n<\/tbody>\n<\/table>\n<table style=\"width: 695px;height: 171px\" border=\"0\" bgcolor=\"#ffffff\">\n<tbody>\n<tr>\n<td style=\"padding: 0;vertical-align: middle\"><a href=\"\/voyage\/wp-content\/uploads\/sites\/3\/2015\/06\/05PME.jpg\"><img loading=\"lazy\" decoding=\"async\" class=\"aligncenter size-full wp-image-668\" src=\"\/voyage\/wp-content\/uploads\/sites\/3\/2015\/06\/05PME.jpg\" alt=\"05PME\" width=\"150\" height=\"113\" \/><\/a><\/td>\n<td style=\"padding: 5px;vertical-align: middle\"><span style=\"font-size: 16px;color: #000000\"><strong>Crucero a medida<\/strong><\/span><br \/>\n<span style=\"font-size: 16px;color: #009900\"><strong>presupuesto por encargo<\/strong> !<\/span><br \/>\nComponga su viaje a su medida en las Reservas Naturales amaz\u00f3nicas mas bonitas del Per\u00fa. Elije sus fechas, sus tematicas, sus rios y obtenga el Selva Viva en forma privada para su grupo !<br \/>\n<a href=\"\/voyage\/sejours-sur-mesure\"><span class=\"go-detail\">Ver el detalle !<\/span><\/a><\/td>\n<\/tr>\n<\/tbody>\n<\/table>\n<table style=\"width: 695px;height: 171px\" border=\"0\" bgcolor=\"#ffffff\">\n<tbody>\n<tr>\n<td style=\"padding: 0;vertical-align: middle\"><a href=\"\/voyage\/wp-content\/uploads\/sites\/3\/2015\/06\/07PAC.jpg\"><img loading=\"lazy\" decoding=\"async\" class=\"aligncenter size-full wp-image-670\" src=\"\/voyage\/wp-content\/uploads\/sites\/3\/2015\/06\/07PAC.jpg\" alt=\"07PAC\" width=\"150\" height=\"113\" \/><\/a><\/td>\n<td style=\"padding: 5px;vertical-align: middle\"><span style=\"font-size: 16px;color: #000000\"><strong>Crucero aquariofilo<\/strong><\/span><br \/>\n<span style=\"font-size: 16px;color: #009900\"><strong>presupuesto por encargo<\/strong> &#8211; 12 d\u00edas \/ 11 noches<\/span><br \/>\nUn crucero especial para los aficionados de cichlideas, discus, piranhas, rayas, tetras y muchos mas especias, con una guia experta !<br \/>\n<a href=\"\/voyage\/croisiere-aquariophiles-napo\"><span class=\"go-detail\">Ver el detalle !<\/span><\/a><\/td>\n<\/tr>\n<\/tbody>\n<\/table>\n<table style=\"width: 695px;height: 171px\" border=\"0\" bgcolor=\"#ffffff\">\n<tbody>\n<tr>\n<td style=\"padding: 0;vertical-align: middle\"><a href=\"\/voyage\/wp-content\/uploads\/sites\/3\/2015\/06\/08PAN.jpg\"><img loading=\"lazy\" decoding=\"async\" class=\"aligncenter size-full wp-image-671\" src=\"\/voyage\/wp-content\/uploads\/sites\/3\/2015\/06\/08PAN.jpg\" alt=\"08PAN\" width=\"150\" height=\"113\" \/><\/a><\/td>\n<td style=\"padding: 5px;vertical-align: middle\"><span style=\"font-size: 16px;color: #000000\"><strong>Crucero pesca deportiva<\/strong><\/span><br \/>\n<span style=\"font-size: 16px;color: #009900\"><strong>presupuesto por encargo<\/strong> &#8211; 6 d\u00edas \/ 5 noches<\/span><br \/>\nVenga a pesca en la Amazonia. Este crucero es para los aficionados de tucunar\u00e9s, piranhas, barbudos (doncella, zungaro) y mucho mas especias.<br \/>\n<a href=\"\/voyage\/croisiere-peche-nanay\"><span class=\"go-detail\">Ver el detalle !<\/span><\/a><\/td>\n<\/tr>\n<\/tbody>\n<\/table>\n<table style=\"width: 695px;height: 171px\" border=\"0\" bgcolor=\"#ffffff\">\n<tbody>\n<tr>\n<td style=\"padding: 0;vertical-align: middle\"><a href=\"\/voyage\/wp-content\/uploads\/sites\/3\/2015\/08\/wilder1.jpg\"><img loading=\"lazy\" decoding=\"async\" class=\"aligncenter size-full wp-image-671\" src=\"\/voyage\/wp-content\/uploads\/sites\/3\/2015\/08\/wilder1.jpg\" alt=\"08PAN\" width=\"150\" height=\"113\" \/><\/a><\/td>\n<td style=\"padding: 5px;vertical-align: middle\"><span style=\"font-size: 16px;color: #000000\"><strong>Turismo vivencial<\/strong><\/span><br \/>\n<span style=\"font-size: 16px;color: #009900\"><strong>presupuesto por encargo<\/strong> &#8211; 6 d\u00edas \/ 5 noches<\/span><br \/>\nUn viaje de encuentro humano, una inmersi\u00f3n en una familia de una comunidad amaz\u00f3nica, en un lugar donde disfrutar\u00e1 del ambiente sereno que ofrece la selva.<br \/>\n<a href=\"\/voyage\/sejour-chez-lhabitant\"><span class=\"go-detail\">Ver el detalle !<\/span><\/a><\/td>\n<\/tr>\n<\/tbody>\n<\/table>\n<p>&nbsp;<\/p>","protected":false},"excerpt":{"rendered":"<p>Circuito \u00abEl Dorado\u00bb &#8211; reserva Pacaya Samiria presupuesto por encargo Descubran la Reserva Nacional Pacaya Samiria, la reserva m\u00e1s grande del Per\u00fa con sus 2 millones de hect\u00e1reas\u2026 Ver el detalle ! Crucero Tapiche presupuesto por encargo &#8211; 12 d\u00edas<span class=\"ellipsis\">&hellip;<\/span><\/p>\n<div class=\"read-more\"><a href=\"https:\/\/latitudsur.org\/voyage\/es\/voyagez\/perou\/\">Leer m\u00e1s \u203a<\/a><\/div>\n<p><!-- end of .read-more --><\/p>\n","protected":false},"author":1,"featured_media":0,"parent":56,"menu_order":0,"comment_status":"closed","ping_status":"closed","template":"template-page.php","meta":{"footnotes":""},"class_list":["post-74","page","type-page","status-publish","hentry"],"_links":{"self":[{"href":"https:\/\/latitudsur.org\/voyage\/es\/wp-json\/wp\/v2\/pages\/74","targetHints":{"allow":["GET"]}}],"collection":[{"href":"https:\/\/latitudsur.org\/voyage\/es\/wp-json\/wp\/v2\/pages"}],"about":[{"href":"https:\/\/latitudsur.org\/voyage\/es\/wp-json\/wp\/v2\/types\/page"}],"author":[{"embeddable":true,"href":"https:\/\/latitudsur.org\/voyage\/es\/wp-json\/wp\/v2\/users\/1"}],"replies":[{"embeddable":true,"href":"https:\/\/latitudsur.org\/voyage\/es\/wp-json\/wp\/v2\/comments?post=74"}],"version-history":[{"count":1,"href":"https:\/\/latitudsur.org\/voyage\/es\/wp-json\/wp\/v2\/pages\/74\/revisions"}],"predecessor-version":[{"id":2806,"href":"https:\/\/latitudsur.org\/voyage\/es\/wp-json\/wp\/v2\/pages\/74\/revisions\/2806"}],"up":[{"embeddable":true,"href":"https:\/\/latitudsur.org\/voyage\/es\/wp-json\/wp\/v2\/pages\/56"}],"wp:attachment":[{"href":"https:\/\/latitudsur.org\/voyage\/es\/wp-json\/wp\/v2\/media?parent=74"}],"curies":[{"name":"wp","href":"https:\/\/api.w.org\/{rel}","templated":true}]}}