{"id":86,"date":"2015-03-02T15:41:32","date_gmt":"2015-03-02T14:41:32","guid":{"rendered":"http:\/\/latitudsur.org\/developpement\/?page_id=86"},"modified":"2015-03-02T15:41:32","modified_gmt":"2015-03-02T14:41:32","slug":"barometre-voyages","status":"publish","type":"page","link":"https:\/\/latitudsur.org\/voyage\/es\/bateau-selva-viva\/barometre-voyages\/","title":{"rendered":"Barom\u00e8tre des voyages"},"content":{"rendered":"<p><a style=\"float: right\" href=\"\/voyage\/wp-content\/uploads\/sites\/3\/2015\/03\/barometro.jpg\"><img loading=\"lazy\" decoding=\"async\" class=\"size-medium wp-image-560\" src=\"\/voyage\/wp-content\/uploads\/sites\/3\/2015\/03\/barometro.jpg\" alt=\"barometre\" width=\"180\" height=\"250\" \/><\/a><\/p>\n<h4>Bar\u00f3metro Comodidad<\/h4>\n<p>1 \u2013 Mayor\u00eda de las noches en la selva o en los pueblos ind\u00edgenas en las mismas condiciones que los ind\u00edgenas<br \/>\n2 \u2013 Mayor\u00eda de las noches en tienda de campa\u00f1a o en instalaciones indigenas para turistas<br \/>\n3 \u2013 Algunas noches \u201cal duro\u201d, el resto en condiciones que corresponden a hoteles 2 estrellas<br \/>\n4 \u2013 Condiciones de estancia correspondiente a hoteles 2 estrellas<br \/>\n5 \u2013 Condiciones de estancia a menudo superiores a hoteles 2 estrellas<\/p>\n<h4><\/h4>\n<h4>Bar\u00f3metro Naturaleza<\/h4>\n<p>1 \u2013 Incursiones raras en la naturaleza en el estado salvaje<br \/>\n2 \u2013 Estancia que incluye varios d\u00edas al contacto de la naturaleza en el estado salvaje<br \/>\n3 \u2013 Inmersi\u00f3n diaria con la naturaleza en el estado salvaje durante el viaje<br \/>\n4 \u2013 Contacto diario con la naturaleza y probabilidad fuerte de encuentros de animales en el estado salvaje<br \/>\n5 \u2013 Contacto diario con la naturaleza y casi certeza de encuentros de animales en el estado salvaje<\/p>\n<h4><\/h4>\n<h4>Bar\u00f3metro Vida nativa<\/h4>\n<p>1 \u2013 Visitas puntuales y organizadas entre representantes de una cultura ind\u00edgena<br \/>\n2 \u2013 Varios d\u00edas de la estancia que da la ocasi\u00f3n de encontrar a poblaciones ind\u00edgenas<br \/>\n3 \u2013 Varios d\u00edas dedicados al intercambio con las poblaciones ind\u00edgenas en su vida corriente<br \/>\n4 \u2013 Mayor\u00eda de la estancia dedicada al intercambio con las poblaciones nativas en su vida corriente<br \/>\n5 \u2013 Vida sin interrupci\u00f3n al contacto de las poblaciones ind\u00edgenas durante el viaje <\/p>\n<h4><\/h4>\n<h4>Bar\u00f3metro Chamanismo<\/h4>\n<p>0 \u2013 Ning\u00fan encuentro cham\u00e1nico<br \/>\n1 \u2013 Encuentro \/ discusi\u00f3n \/ demostraci\u00f3n simple con un cham\u00e1n<br \/>\n2 \u2013 Invitaci\u00f3n para asistir (sin participar) a una curaci\u00f3n corriente o una ceremonia cham\u00e1nica<br \/>\n3 \u2013 Participaci\u00f3n a una ceremonia cham\u00e1nica<br \/>\n4 \u2013 Participaci\u00f3n a varias ceremonias cham\u00e1nicas que permiten un cierto seguimiento personalizado<br \/>\n5 \u2013 Viaja cuyo objetivo es una inmersi\u00f3n cham\u00e1nica con un trabajo de tipo \u201d desarrollo personal \u201d <\/p>\n<p><a href=\"https:\/\/latitudsur.org\/voyage\/wp-content\/uploads\/sites\/3\/2015\/05\/17.jpg\"><img loading=\"lazy\" decoding=\"async\" class=\"alignnone size-medium wp-image-888\" src=\"https:\/\/latitudsur.org\/voyage\/wp-content\/uploads\/sites\/3\/2015\/05\/17.jpg\" alt=\"feuille\" width=\"700\" height=\"400\" \/><\/a><\/p>","protected":false},"excerpt":{"rendered":"<p>Bar\u00f3metro Comodidad 1 \u2013 Mayor\u00eda de las noches en la selva o en los pueblos ind\u00edgenas en las mismas condiciones que los ind\u00edgenas 2 \u2013 Mayor\u00eda de las noches en tienda de campa\u00f1a o en instalaciones indigenas para turistas 3<span class=\"ellipsis\">&hellip;<\/span><\/p>\n<div class=\"read-more\"><a href=\"https:\/\/latitudsur.org\/voyage\/es\/bateau-selva-viva\/barometre-voyages\/\">Leer m\u00e1s \u203a<\/a><\/div>\n<p><!-- end of .read-more --><\/p>\n","protected":false},"author":1,"featured_media":0,"parent":71,"menu_order":0,"comment_status":"closed","ping_status":"closed","template":"template-page.php","meta":{"footnotes":""},"class_list":["post-86","page","type-page","status-publish","hentry"],"_links":{"self":[{"href":"https:\/\/latitudsur.org\/voyage\/es\/wp-json\/wp\/v2\/pages\/86","targetHints":{"allow":["GET"]}}],"collection":[{"href":"https:\/\/latitudsur.org\/voyage\/es\/wp-json\/wp\/v2\/pages"}],"about":[{"href":"https:\/\/latitudsur.org\/voyage\/es\/wp-json\/wp\/v2\/types\/page"}],"author":[{"embeddable":true,"href":"https:\/\/latitudsur.org\/voyage\/es\/wp-json\/wp\/v2\/users\/1"}],"replies":[{"embeddable":true,"href":"https:\/\/latitudsur.org\/voyage\/es\/wp-json\/wp\/v2\/comments?post=86"}],"version-history":[{"count":0,"href":"https:\/\/latitudsur.org\/voyage\/es\/wp-json\/wp\/v2\/pages\/86\/revisions"}],"up":[{"embeddable":true,"href":"https:\/\/latitudsur.org\/voyage\/es\/wp-json\/wp\/v2\/pages\/71"}],"wp:attachment":[{"href":"https:\/\/latitudsur.org\/voyage\/es\/wp-json\/wp\/v2\/media?parent=86"}],"curies":[{"name":"wp","href":"https:\/\/api.w.org\/{rel}","templated":true}]}}