{"id":1060,"date":"2015-06-23T10:13:14","date_gmt":"2015-06-23T09:13:14","guid":{"rendered":"http:\/\/latitudsur.org\/voyage\/?page_id=1060"},"modified":"2015-06-23T10:13:14","modified_gmt":"2015-06-23T09:13:14","slug":"brigade-medicale-itinerante","status":"publish","type":"page","link":"https:\/\/latitudsur.org\/voyage\/fr\/voyagez\/tous-les-voyages\/croisiere\/brigade-medicale-itinerante\/","title":{"rendered":"Brigade m\u00e9dicale itin\u00e9rante"},"content":{"rendered":"<p><a style=\"float:right\" href=\"\/voyage\/wp-content\/uploads\/sites\/3\/2015\/06\/accueil1.jpg\"><img loading=\"lazy\" decoding=\"async\" class=\"size-medium wp-image-560\" src=\"\/voyage\/wp-content\/uploads\/sites\/3\/2015\/06\/accueil1-265x300.jpg\" alt=\"accueil\" width=\"265\" height=\"300\" srcset=\"https:\/\/latitudsur.org\/voyage\/wp-content\/uploads\/sites\/3\/2015\/06\/accueil1-265x300.jpg 265w, https:\/\/latitudsur.org\/voyage\/wp-content\/uploads\/sites\/3\/2015\/06\/accueil1.jpg 398w\" sizes=\"auto, (max-width: 265px) 100vw, 265px\" \/><\/a><\/p>\n<h2 style=\"height:97px;font-family:'Comic Sans MS', cursive, sans-serif;color:#009900;font-size:28px;font-weight:bold\" \/><img loading=\"lazy\" decoding=\"async\" style=\"float:left\" src=\"https:\/\/latitudsur.org\/voyage\/wp-content\/uploads\/sites\/3\/2015\/06\/ptchaman.gif\" alt=\"ptchaman\" width=\"97\" height=\"97\" \/><br \/>D\u00e9couverte Cuzco<br \/>Sites Incas et croisi\u00e8re<\/h2>\n<p align=\"justify\">\n<span style=\"color: #1fa51c;font-size:16px;font-weight:bold\"><strong>A partir de 2450 US$ TTC <\/strong>&#8211; 15 jours \/ 14 nuits dont 7 jours de croisi\u00e8re<\/span><br \/>\n<span style=\"color: #725F1F;font-weight:bold\"><\/span><\/p>\n<h4 align=\"justify\" style=\"color: #800000;font-weight:normal\">Combinez la magie des sites andins de la r\u00e9gion de Cuzco et une croisi\u00e8re sur l&#039;inoubliable Amazone \u00e0 proximit\u00e9 d&#039;Iquitos !<\/h4>\n<\/p>\n<p align=\"justify\"><strong><em>Partez \u00e0 la d\u00e9couverte des tr\u00e9sors du P\u00e9rou! Un p\u00e9riple fascinant dans ce pays aux mille facettes et \u00e0 l&#039;histoire fascinante. <\/em><\/strong><\/p>\n<p align=\"justify\"><strong><em>De Lima la coloniale en passant par la mythique ville d&#039;Iquitos sur le fleuve Amazone, de la ville historique de Cuzco et par le l\u00e9gendaire Machu Picchu, une des 7 nouvelles merveilles du monde, vous d\u00e9couvrirez les multiples richesses et cultures du P\u00e9rou, au travers d&#039;un voyage solidaire et responsable, con\u00e7u par Latitud Sur pour la partie Amazonienne et l&#039;agence de voyage solidaire Pukanina pour le Sud P\u00e9rou.<\/em><\/strong><\/p>\n<p align=\"justify\">Vous prendrez part \u00e0 une croisi\u00e8re en pension compl\u00e8te, tout inclus (hors boissons alcoolis\u00e9es, sodas, achats personnels et pourboires \u00e9ventuels), avec confort mais sans luxe inappropri\u00e9, Latitud Sur ayant comme principe de voyager sans entrer dans un mode de consommation exag\u00e9r\u00e9e. Vous d\u00e9couvrirez l\u2019immense biodiversit\u00e9 de la jungle amazonienne, sa faune et sa flore parmi les plus riches au monde, et partirez \u00e0 la rencontre de peuples \u00e0 forte identit\u00e9, et partagerez la subtilit\u00e9 des cultures autochtones. L\u2019Amazonie vous r\u00e9v\u00e9lera, au fil de l\u2019eau, une part de ses secrets et de ses myst\u00e8res!<\/p>\n<p>Cette croisi\u00e8re \u00e9tant organis\u00e9 par l\u2019ONG Franco-P\u00e9ruvienne Latitud Sur, tous les b\u00e9n\u00e9fices de ce voyage serviront \u00e0 la mise en place ou \u00e0 la p\u00e9rennisation de projets de d\u00e9veloppement dans des communaut\u00e9s rurales de la r\u00e9gion Loreto, projets dont vous prendrez connaissance pendant votre s\u00e9jour. Un voyage responsable, bien au-del\u00e0 des crit\u00e8res classiques du tourisme solidaire, suscitant au passage une r\u00e9flexion sur les probl\u00e9matiques environnementales et indig\u00e8nes.Ce voyage unique, que nous avons voulu au maximum en dehors des sentiers battus, vous emm\u00e8nera ensuite au Sud du P\u00e9rou sur des sites \u00e0 fort attrait touristiques et donc assez visit\u00e9s, notamment le Machu Picchu, particuli\u00e8rement en haute saison (Juillet et Aout). Mais comment passer \u00e0 cot\u00e9 de ces merveilles naturelles, arch\u00e9ologiques, historiques et culturelles \u00e0 port\u00e9e de semelle\u2026<\/p>\n<p>Au del\u00e0 du simple tourisme, le but pour sera ici aussi de vous faire rencontrer les populations dans leur contexte actuel, de mani\u00e8re authentique et non folklorique. Il est donc pr\u00e9vu de r\u00e9els \u00e9changes avec les autochtones avec l\u2019aide de votre accompagnateur. L\u2019agence de voyage solidaire Pukanina a pour cheval de bataille le d\u00e9veloppement des populations, non par des actions paternalistes mais par des opportunit\u00e9s de travail offertes \u00e0 ces m\u00eames communaut\u00e9s par le biais du tourisme solidaire et orient\u00e9 vers l&#039;\u00e9volution sociale des peuples par leur d\u00e9veloppement \u00e9conomique et culturel.<\/p>\n<hr \/>\n<p align=\"center\">Le SELVA VIVA (la for\u00eat vivante en espagnol) est un bateau traditionnel en bois de type br\u00e9silien \u00e0 fond plat de 22 m de long, 6 m de large, 8 m de haut sur 3 niveaux avec 1,50 m de tirant d&#039;eau. Il poss\u00e8de un moteur de 125 CH (pour une vitesse de croisi\u00e8re de 6 noeuds), 4 cabines doubles et deux simples, avec une capacit\u00e9 maximale de 18 passagers (les 7 membres d&#039;\u00e9quipage inclus), un sondeur, un GPS et une radio HF d&#039;une port\u00e9e de 500kms. Son bateau-annexe en aluminium de 4 m, d&#039;une capacit\u00e9 maximale de 7 passagers est ultral\u00e9ger, rapide et permet d&#039;entrer dans les cours d&#039;eau les plus \u00e9troits. l&#039;\u00e9nergie \u00e9lectrique est fournie gr\u00e2ce \u00e0 8 panneaux solaires et une \u00e9olienne.<\/p>\n<p align=\"center\"><a href=\"\/voyage\/wp-content\/uploads\/sites\/3\/2015\/06\/bateaupt.jpg\"><img loading=\"lazy\" decoding=\"async\" src=\"\/voyage\/wp-content\/uploads\/sites\/3\/2015\/06\/bateaupt.jpg\" alt=\"bateaupt\" width=\"610\" height=\"248\" \/><\/a><\/p>\n<p align=\"center\">Construit \u00e0 Iquitos, dans le quartier populaire de B\u00e9len, en 2007-2008 avec le soutien de la Fondation Audemars-Piguet (Suisse) et pilot\u00e9 par un \u00e9quipage p\u00e9ruvien exp\u00e9riment\u00e9, il se consacre le reste de l&#039;ann\u00e9e \u00e0 des missions de pr\u00e9servation de la biodiversit\u00e9 et d&#039;aides m\u00e9dicales sous l&#039;\u00e9gide de l&#039;ONG de d\u00e9veloppement LATITUD SUR.<\/p>\n<p>Sa conception m\u00eame en fait un bateau ouvert, familial propice aux voyages en petit groupe d&#039;amis ou en famille (10 passagers maximum). Son \u00e9quipage se compose de 7 membres qui sauront vous apportez une attention toute particuli\u00e8re. La cuisine y est vari\u00e9e: vous ne mangerez pas deux fois le m\u00eame plat pendant le s\u00e9jour! Notre chef mettra un point d&#039;honneur \u00e0 vous faire d\u00e9couvrir la cuisine typique du P\u00e9rou, et saura s&rsquo;adapter en cas de besoins aux n\u00e9cessit\u00e9s de chacun. Des jus de fruits frais et de l&#039;eau purifi\u00e9e seront disponibles \u00e0 volont\u00e9 \u00e0 bord. Vous vous installerez dans une de ses 6 cabines, simples, doubles, triples ou matrimoniales. Toutes les nuits seront pass\u00e9es \u00e0 bord, \u00e0 moins que vous ne souhaitiez passer une nuit ou deux sous une tente, en plein coeur de la for\u00eat\u2026\n<\/p>\n<p align=\"center\"><a href=\"\/voyage\/wp-content\/uploads\/sites\/3\/2015\/06\/pt13.jpg\"><img decoding=\"async\" style=\"border:7px solid #FFFFFF;width:210px;height:155px\" src=\"\/voyage\/wp-content\/uploads\/sites\/3\/2015\/06\/pt13.jpg\" alt=\"pt1\" \/><\/a> <a href=\"\/voyage\/wp-content\/uploads\/sites\/3\/2015\/06\/pt23.jpg\"><img decoding=\"async\" style=\"border:7px solid #FFFFFF;width:210px;height:155px\" src=\"\/voyage\/wp-content\/uploads\/sites\/3\/2015\/06\/pt23.jpg\" alt=\"pt2\" \/><\/a> <a href=\"\/voyage\/wp-content\/uploads\/sites\/3\/2015\/06\/pt33.jpg\"><img decoding=\"async\" style=\"border:7px solid #FFFFFF;width:210px;height:155px\" src=\"\/voyage\/wp-content\/uploads\/sites\/3\/2015\/06\/pt33.jpg\" alt=\"pt3\" \/><\/a><\/p>\n<p>[tabby title=\u00a0\u00bbDescription du s\u00e9jour\u00a0\u00bb]<\/p>\n<div style=\") no-repeat 0 0\">\n<p style=\"font-size:12px\">La plupart des vols transatlantiques venant d\u2019Europe arrivent \u00e0 Lima en fin d\u2019apr\u00e8s-midi ou en soir\u00e9e. Vous passerez ainsi une nuit \u00e0 Lima avant de prendre un vol pour Iquitos. Nous vous conseillerons les meilleurs vols et des h\u00f4tels qui pourront venir vous chercher directement \u00e0 l\u2019a\u00e9roport et vous y ramener le lendemain pour prendre votre connexion int\u00e9rieure dans l\u2019apr\u00e8s-midi, vous aurez ainsi le temps de faire une br\u00e8ve visite de la capitale.<\/p>\n<p style=\"font-size:12px\">Votre accompagnateur fran\u00e7ais viendra vous chercher \u00e0 l\u2019a\u00e9roport d\u2019Iquitos pour vous transf\u00e9rer en minibus priv\u00e9 soit \u00e0 l&#039;h\u00f4tel \u00e0 Iquitos soit jusqu\u2019\u00e0 Nauta (80 km) o\u00f9 le \u00abSelva Viva\u00bb vous attendra pour la soir\u00e9e.<\/p>\n<p style=\"font-size:12px\">\u2022 J1: R\u00e9ception \u00e0 l&#039;a\u00e9roport ou \u00e0 votre h\u00f4tel en matin\u00e9e (le plus t\u00f4t sera le mieux) et transfert sur le M\/F \u00ab\u00a0Selva Viva\u00a0\u00bb. Installation dans vos cabines, et d\u00e9part de la croisi\u00e8re par la remont\u00e9e du mythique fleuve Amazone. D\u00e9jeuner \u00e0 bord et arriv\u00e9e sur la petite rivi\u00e8re Tapira dans l&#039;apr\u00e8s-midi. A la nuit tomb\u00e9e, sortie en bateau annexe pour \u00e0 la recherche de la faune nocturne. Diner et nuit \u00e0 bord, sur un site sauvage.<\/p>\n<p style=\"font-size:12px\">\u2022 J2: Petit d\u00e9jeuner \u00e0 bord pendant que le Selva Viva remonte l&#039;Amazone jusqu&rsquo;\u00e0 la rivi\u00e8re Yarapa. D\u00e9jeuner \u00e0 bord et arriv\u00e9e dans la communaut\u00e9 de Jaldar pour une excursion en for\u00eat avec un guide local afin de profiter de l&#039;incroyable biodiversit\u00e9 du lieu et d\u00e9couvrir les plantes m\u00e9dicinales. Observation de la faune et possiblement de singes capucins. Au retour, pr\u00e9sentation des savoir-faire autochtones. Possibilit\u00e9 de faire une promenade nocturne puis diner et nuit \u00e0 bord.<\/p>\n<p style=\"font-size:12px\">\u2022 J3: Petit d\u00e9jeuner \u00e0 bord pendant que le bateau navigue en direction de la communaut\u00e9 de San Jos\u00e9, r\u00e9put\u00e9e pour ses lagunes aux eaux noires. D\u00e9jeuner \u00e0 bord et excursion en pirogue ou annexe sur les lagunes alentours o\u00f9 vous aurez la possibilit\u00e9 d&#039;observer de nombreuses esp\u00e8ces d&#039;oiseaux. Pour ceux qui le souhaitent, s\u00e9ance de p\u00eache r\u00e9cr\u00e9ative. Reprise de la navigation en d\u00e9but d&#039;apr\u00e8s-midi pour arriver le soir \u00e0 Fondo Casual. Diner et nuit \u00e0 bord.<\/p>\n<p style=\"font-size:12px\">\u2022 J4: T\u00f4t le matin, excursion \u00e0 pied hors des sentiers touristiques habituels. Petit-d\u00e9jeuner et reprise de la navigation jusqu&rsquo;\u00e0 Pucat\u00e9 dans la r\u00e9serve Pacaya Samiria. D\u00e9jeuner \u00e0 bord suivi d&#039;une excursion en bateau annexe jusqu&rsquo;\u00e0 la communaut\u00e9 de 20 de Enero o\u00f9, gr\u00e2ce \u00e0 Latitud Sur, on y produit la fameuse huile de buriti. Retour sur le Selva Viva et reprise de la navigation jusqu&rsquo;\u00e0 la petite rivi\u00e8re Pampa Ca\u00f1o. Diner et nuit \u00e0 bord sur ce site sauvage.<\/p>\n<p style=\"font-size:12px\">\u2022 J5: Petit d\u00e9jeuner \u00e0 bord puis excursion en bateau annexe sur la rivi\u00e8re Pampa Ca\u00f1o, durant laquelle vous aurez la possibilit\u00e9 de p\u00eacher. Reprise de la navigation jusqu&rsquo;au village de Solterito. D\u00e9jeuner \u00e0 bord puis visite de la communaut\u00e9 et excursion en pirogue sur le lac du village pour observer les \u00a0\u00bbVictoria Regia\u00a0\u00bb. Reprise de la navigation jusqu&rsquo;\u00e0 la rivi\u00e8re Chiryacu. Diner et nuit \u00e0 bord, sur site sauvage.<\/p>\n<p style=\"font-size:12px\">\u2022 J6: D\u00e9jeuner \u00e0 bord suivi d&#039;une promenade \u00e0 pied ou en bateau sur le Chiryacu o\u00f9 vous pourrez appr\u00e9cier la fascinante biodiversit\u00e9 de ce lieu tr\u00e8s sauvage et peu visit\u00e9. D\u00e9jeuner \u00e0 bord et reprise de la navigation pour arriver en fin d&#039;apr\u00e8s-midi \u00e0 l&#039;embouchure du Samiria. Diner et nuit \u00e0 bord, sur un site sauvage.<\/p>\n<p style=\"font-size:12px\">\u2022 J7: Petit d\u00e9jeuner \u00e0 bord et visite de la communaut\u00e9 de San Mart\u00edn de Tipishca, avec notamment d\u00e9couverte de l&#039;artisanat local, puis travers\u00e9e de San Martin de Tipishca \u00e0 Arica, village o\u00f9 vous aurez la possibilit\u00e9 de voir des chants et danses typiques. Retour au bateau pour diner et nuit \u00e0 bord, sur un site isol\u00e9.<\/p>\n<p style=\"font-size:12px\">\u2022 J8: Petit d\u00e9jeuner \u00e0 bord et d\u00e9but de la descente du Mara\u00f1\u00f3n. Apr\u00e8s le d\u00e9jeuner, visite de la r\u00e9serve ornithologique de Nauta Ca\u00f1o, r\u00e9put\u00e9e ses oiseaux et aussi ses iguanes. Diner et nuit \u00e0 bord, \u00e0 l&#039;int\u00e9rieur de la r\u00e9serve.<\/p>\n<p style=\"font-size:12px\">\u2022 J9: Petit d\u00e9jeuner \u00e0 bord et poursuite de la descente des fleuves Mara\u00f1\u00f3n puis Amazone. Visite de la communaut\u00e9 Tapira et sa petite rivi\u00e8re. Possibilit\u00e9 de p\u00eacher, de se baigner. Diner et nuit \u00e0 bord pr\u00e8s du village.<\/p>\n<p style=\"font-size:12px\">\u2022 J10: Poursuite de la navigation sur l&#039;Amazone : arr\u00eat au village de Tamshiyacu pour d\u00e9couvrir un march\u00e9 typique de l&#039;Amazone. Halte chez un fabricant de bateaux traditionnels en bois. D\u00e9jeuner \u00e0 bord et arriv\u00e9e vers 15 h \u00e0 Iquitos. Transfert \u00e0 l&#039;a\u00e9roport ou \u00e0 votre h\u00f4tel.<br \/>\nAvertissements: &#8211; Le programme pourra \u00eatre adapt\u00e9 selon la saison et les conditions climatiques.<\/p>\n<p style=\"font-size:12px\">&#8211; l&#039;Amazonie \u00e9tant un milieu sauvage, l&#039;observation de la faune y est tr\u00e8s variable.<\/p>\n<\/div>\n<p>[tabby title=\u00a0\u00bbD\u00e9tails pratiques\u00a0\u00bb]<\/p>\n<p style=\"font-size:12px\">Croisi\u00e8re dans la R\u00e9serve Nationale de Pacaya Samiria (P\u00e9rou)<\/p>\n<p style=\"font-size:12px\">R\u00e9gion : P\u00c9ROU, Province du Loreto<\/p>\n<p style=\"font-size:12px\">D\u00e9part \/ Arriv\u00e9e : A\u00e9roport d\u2019Iquitos \/ A\u00e9roport d\u2019Iquitos<\/p>\n<p style=\"font-size:12px\">Dur\u00e9e : 10 jours \/ 9 nuits sur le bateau \u00ab Selva Viva \u00bb<\/p>\n<p style=\"font-size:12px\">Nombre de participants : 4 \u00e0 10 (possible pour les enfants de plus de 8 ans)<\/p>\n<p style=\"font-size:12px\">Langue du voyage : Espagnol traduit en Fran\u00e7ais par un accompagnateur fran\u00e7ais<\/p>\n<p style=\"font-size:12px\">Monnaie locale : Nuevo Sol (S\/.)<\/p>\n<p style=\"font-size:12px\">Visa : Pas de visa pour un s\u00e9jour inf\u00e9rieur \u00e0 90 jours<\/p>\n<p style=\"font-size:12px\">Fleuves navigu\u00e9s : Amazonas, Mara\u00f1on, Samiria, Yarapa<\/p>\n<p style=\"font-size:12px\">Sant\u00e9<\/p>\n<p style=\"font-size:12px\">Vaccination recommand\u00e9e contre la fi\u00e8vre jaune au minimum 3 semaines avant le d\u00e9part.<\/p>\n<p style=\"font-size:12px\">Pr\u00e9vention contre le paludisme recommand\u00e9e.<\/p>\n<p style=\"font-size:12px\">Prendre obligatoirement une assurance individuelle \u00ab assistance-rapatriement \u00bb avec votre billet.<\/p>\n<p>[tabby title=\u00a0\u00bbCarte d\u00e9taill\u00e9e\u00a0\u00bb]<br \/>\n<a href=\"\/voyage\/wp-content\/uploads\/sites\/3\/2015\/06\/carte.gif\"><img decoding=\"async\" src=\"\/voyage\/wp-content\/uploads\/sites\/3\/2015\/06\/carte.gif\" alt=\"carte\" \/><\/a><br \/>\n[tabby title=\u00a0\u00bbBudget\u00a0\u00bb]<\/p>\n<p style=\"font-size:12px\">Tarifs par personne en pension compl\u00e8te:<\/p>\n<p style=\"font-size:12px\">    D\u00e9part assur\u00e9 si 4 passagers (aux dates de votre choix)<\/p>\n<p style=\"font-size:12px\">    1880 U$D \u00e0 partir de 4 passagers (croisi\u00e8re de 10 jours)<br \/>\n    1316 U$D \u00e0 partir de 4 passagers (croisi\u00e8re de 7 jours)<\/p>\n<p style=\"font-size:12px\">    R\u00e9ductions progressives pour groupes sup\u00e9rieurs \u00e0 5 personnes<\/p>\n<p style=\"font-size:12px\">    Capacit\u00e9 maximale du bateau pour ce voyage : 10 passagers<\/p>\n<p style=\"font-size:12px\">Ces tarifs n&rsquo;incluent pas:<\/p>\n<p style=\"font-size:12px\">    Les vols internationaux et nationaux<\/p>\n<p style=\"font-size:12px\">    H\u00f4tel, transferts a\u00e9roport et repas \u00e0 Lima \u00e0 l&#039;aller et au retour<\/p>\n<p style=\"font-size:12px\">    Les boissons alcoolis\u00e9es et les sodas \u00e0 bord<\/p>\n<p style=\"font-size:12px\">    Les achats personnels comme l&#039;artisanat et pourboires \u00e9ventuels<\/p>\n<p>[tabby title=\u00a0\u00bbR\u00e9servation et inscription\u00a0\u00bb]<\/p>\n<p style=\"font-size:12px\">Les \u00e9tapes d&#039;inscription sont les suivantes :<\/p>\n<p>    Formulaire avec vos coordonn\u00e9es<br \/>\n    E-mail de confirmation par Latitud Sur de la disponibilit\u00e9<br \/>\n    Paiement de l&#039;acompte<br \/>\n    E-mail de confirmation par Latitud Sur du paiement de l&#039;acompte.<\/p>\n<p style=\"font-size:12px\">    A l\u2019issue de ces 4 \u00e9tapes vous voil\u00e0 inscrit !<br \/>\n    Suivent quelques d\u00e9marches simples pour compl\u00e9ter votre dossier et vous permettre d\u2019obtenir toutes les informations n\u00e9cessaires \u00e0 une bonne pr\u00e9paration de votre voyage.<br \/>\n    Conseils pour l&#039;achats des billets d&#039;avion.<br \/>\n    Pr\u00e9paration au voyage: envoi de la feuille de route pour rejoindre Iquitos et le bateau + nos fiches-conseils<\/p>\n<p style=\"font-size:12px\">    Puis peu avant le voyage:<br \/>\n    Paiement du solde.<\/p>\n<p><div id=\"usermessagea\" class=\"cf_info \"><\/div><form enctype=\"multipart\/form-data\" action=\"\/voyage\/fr\/wp-json\/wp\/v2\/pages\/1060#usermessagea\" method=\"post\" class=\"cform reservation-fr \" id=\"cformsform\"><fieldset class=\"cf-fs1\" style=\"\"><legend>Mes coordonn\u00e9es<\/legend><ol class=\"cf-ol\"><li id=\"li--2\" class=\"\"><label id=\"label--2\" for=\"cf_field_2\"><span>Pr\u00e9nom<\/span><\/label><input type=\"text\" name=\"cf_field_2\" id=\"cf_field_2\" class=\"single fldrequired\" value=\"\" onfocus=\"clearField(this)\" onblur=\"setField(this)\" title=\"\"\/><span class=\"reqtxt\">(required)<\/span><\/li><li id=\"li--3\" class=\"\"><label id=\"label--3\" for=\"cf_field_3\"><span>Nom<\/span><\/label><input type=\"text\" name=\"cf_field_3\" id=\"cf_field_3\" class=\"single fldrequired\" value=\"\" title=\"\"\/><span class=\"reqtxt\">(required)<\/span><\/li><li id=\"li--4\" class=\"\"><label id=\"label--4\" for=\"cf_field_4\"><span>Adresse<\/span><\/label><input type=\"text\" name=\"cf_field_4\" id=\"cf_field_4\" class=\"single fldrequired\" value=\"\" title=\"\"\/><span class=\"reqtxt\">(required)<\/span><\/li><li id=\"li--5\" class=\"\"><label id=\"label--5\" for=\"cf_field_5\"><span>Code Postal<\/span><\/label><input type=\"text\" name=\"cf_field_5\" id=\"cf_field_5\" class=\"single fldrequired\" value=\"\" title=\"\"\/><span class=\"reqtxt\">(required)<\/span><\/li><li id=\"li--6\" class=\"\"><label id=\"label--6\" for=\"cf_field_6\"><span>Ville<\/span><\/label><input type=\"text\" name=\"cf_field_6\" id=\"cf_field_6\" class=\"single fldrequired\" value=\"\" title=\"\"\/><span class=\"reqtxt\">(required)<\/span><\/li><li id=\"li--7\" class=\"\"><label id=\"label--7\" for=\"cf_field_7\"><span>Pays<\/span><\/label><input type=\"text\" name=\"cf_field_7\" id=\"cf_field_7\" class=\"single fldrequired\" value=\"\" title=\"\"\/><span class=\"reqtxt\">(required)<\/span><\/li><li id=\"li--8\" class=\"\"><label id=\"label--8\" for=\"cf_field_8\"><span>Courriel<\/span><\/label><input type=\"text\" name=\"cf_field_8\" id=\"cf_field_8\" class=\"single fldemail fldrequired\" value=\"\" title=\"\"\/><span class=\"emailreqtxt\">(valid email required)<\/span><\/li><li id=\"li--9\" class=\"\"><label id=\"label--9\" for=\"cf_field_9\"><span>T\u00e9l\u00e9phone<\/span><\/label><input type=\"text\" name=\"cf_field_9\" id=\"cf_field_9\" class=\"single fldrequired\" value=\"\" title=\"\"\/><span class=\"reqtxt\">(required)<\/span><\/li><li id=\"li--10\" class=\"\"><label id=\"label--10\" for=\"cf_field_10\"><span>Date de Naissance<\/span><\/label><input required=\"required\"  type=\"date\" name=\"cf_field_10\" id=\"cf_field_10\" class=\" fldrequired\" value=\"\" title=\"\"\/><span class=\"reqtxt\">(required)<\/span><\/li><li id=\"li--11\" class=\"\"><label id=\"label--11\" for=\"cf_field_11\"><span>N\u00b0 Passeport<\/span><\/label><input type=\"text\" name=\"cf_field_11\" id=\"cf_field_11\" class=\"single\" value=\"\" title=\"\"\/><\/li><li id=\"li--12\" class=\"\"><label id=\"label--12\" for=\"cf_field_12\"><span>Date de validit\u00e9<\/span><\/label><input  type=\"date\" name=\"cf_field_12\" id=\"cf_field_12\" class=\"\" value=\"\" title=\"\"\/><\/li><li id=\"li--13\" class=\"\"><label id=\"label--13\" for=\"cf_field_13\"><span>Mes dates de voyage \/ Question<\/span><\/label><textarea cols=\"30\" rows=\"8\" name=\"cf_field_13\" id=\"cf_field_13\" class=\"area\" title=\"\"><\/textarea><\/li><\/ol><\/fieldset><fieldset class=\"cf-fs2\" style=\"\"><legend>S\u00e9curit\u00e9<\/legend><ol class=\"cf-ol\"><li id=\"li--16\" class=\"\"><label for=\"cf_field_16\" class=\"secq\"><span>The color of grass is<\/span><\/label><input type=\"text\" name=\"cforms2_question_and_answer\" id=\"cf_field_16\" class=\"secinput fldrequired \" title=\"\"\/><input type=\"hidden\" name=\"cforms2_question_and_answer\/hint\" value=\"1\"\/><\/li><\/ol><\/fieldset><fieldset class=\"cf_hidden\"><legend>&nbsp;<\/legend><input type=\"hidden\" name=\"cf_working\" id=\"cf_working\" value=\"One moment please...\"\/><input type=\"hidden\" name=\"cf_failure\" id=\"cf_failure\" value=\"Merci de remplir toutes les informations demand\u00e9es\"\/><input type=\"hidden\" name=\"cf_customerr\" id=\"cf_customerr\" value=\"y\"\/><\/fieldset><p class=\"cf-sb\"><input type=\"submit\" name=\"sendbutton\" id=\"sendbutton\" class=\"sendbutton\" value=\"Envoyer\" \/><\/p><\/form><br \/>\n[tabbyending]<\/p>","protected":false},"excerpt":{"rendered":"<p>D\u00e9couverte CuzcoSites Incas et croisi\u00e8re A partir de 2450 US$ TTC &#8211; 15 jours \/ 14 nuits dont 7 jours de croisi\u00e8re Combinez la magie des sites andins de la r\u00e9gion de Cuzco et une croisi\u00e8re sur l&#039;inoubliable Amazone \u00e0<span class=\"ellipsis\">&hellip;<\/span><\/p>\n<div class=\"read-more\"><a href=\"https:\/\/latitudsur.org\/voyage\/fr\/voyagez\/tous-les-voyages\/croisiere\/brigade-medicale-itinerante\/\">Lire la suite &#8250;<\/a><\/div>\n<p><!-- end of .read-more --><\/p>\n","protected":false},"author":1,"featured_media":0,"parent":151,"menu_order":0,"comment_status":"open","ping_status":"open","template":"template-page.php","meta":{"footnotes":""},"class_list":["post-1060","page","type-page","status-publish","hentry"],"_links":{"self":[{"href":"https:\/\/latitudsur.org\/voyage\/fr\/wp-json\/wp\/v2\/pages\/1060","targetHints":{"allow":["GET"]}}],"collection":[{"href":"https:\/\/latitudsur.org\/voyage\/fr\/wp-json\/wp\/v2\/pages"}],"about":[{"href":"https:\/\/latitudsur.org\/voyage\/fr\/wp-json\/wp\/v2\/types\/page"}],"author":[{"embeddable":true,"href":"https:\/\/latitudsur.org\/voyage\/fr\/wp-json\/wp\/v2\/users\/1"}],"replies":[{"embeddable":true,"href":"https:\/\/latitudsur.org\/voyage\/fr\/wp-json\/wp\/v2\/comments?post=1060"}],"version-history":[{"count":0,"href":"https:\/\/latitudsur.org\/voyage\/fr\/wp-json\/wp\/v2\/pages\/1060\/revisions"}],"up":[{"embeddable":true,"href":"https:\/\/latitudsur.org\/voyage\/fr\/wp-json\/wp\/v2\/pages\/151"}],"wp:attachment":[{"href":"https:\/\/latitudsur.org\/voyage\/fr\/wp-json\/wp\/v2\/media?parent=1060"}],"curies":[{"name":"wp","href":"https:\/\/api.w.org\/{rel}","templated":true}]}}