{"id":1067,"date":"2015-06-23T11:22:01","date_gmt":"2015-06-23T10:22:01","guid":{"rendered":"http:\/\/latitudsur.org\/voyage\/?page_id=1067"},"modified":"2015-06-23T11:22:01","modified_gmt":"2015-06-23T10:22:01","slug":"liens-et-partenaires","status":"publish","type":"page","link":"https:\/\/latitudsur.org\/voyage\/fr\/guide-voyageur\/liens-et-partenaires\/","title":{"rendered":"Liens et Partenaires"},"content":{"rendered":"<p><\/p>\n<h4>Partenaires dans nos voyages<\/h4>\n<table cellspacing=\"2\" cellpadding=\"2\" align=\"center\">\n<tbody>\n<tr>\n<td style=\"vertical-align: middle\" align=\"center\" bgcolor=\"#e2fcde\" height=\"75\"><a href=\"http:\/\/www.arutam.fr\" target=\"_blank\"><img decoding=\"async\" src=\"\/voyage\/wp-content\/uploads\/sites\/2\/2015\/06\/Logo-Arutam.jpg\" alt=\"Arutam\" width=\"100\" border=\"0\" \/><\/a><\/td>\n<td valign=\"top\" bgcolor=\"#e2fcde\" height=\"75\"><a href=\"http:\/\/www.arutam.fr\" target=\"_blank\">ARUTAM<\/a><br \/>\n<em>Association de soutien aux Peuples Premiers : Shuar, Achuar, Zapara, Shiwiar, Indiens d&rsquo;Amazonie (Equateur, P\u00e9rou), Huichol (Mexique).<\/em><\/td>\n<\/tr>\n<tr>\n<td style=\"vertical-align: middle\" align=\"center\" bgcolor=\"#e2fcde\" width=\"198\" height=\"110\"><a href=\"http:\/\/www.zero-deforestation.org\" target=\"_blank\"><img loading=\"lazy\" decoding=\"async\" src=\"\/voyage\/wp-content\/uploads\/sites\/2\/2015\/06\/Logo-Zero-Deforestation.jpg\" alt=\"Zero-Deforestation\" width=\"100\" height=\"100\" border=\"0\" \/><\/a><\/td>\n<td valign=\"top\" bgcolor=\"#e2fcde\" height=\"110\"><a href=\"http:\/\/www.zero-deforestation.org\" target=\"_blank\">ARUTAM &#8211; ZERO-DEFORESTATION<\/a><br \/>\n<em>Action port\u00e9e par l&rsquo;association de soutien aux peuples premiers (ARUTAM) en faveur de la restitution des terres autochtones<\/em><\/td>\n<\/tr>\n<tr>\n<td style=\"vertical-align: middle\" align=\"center\" bgcolor=\"#e2fcde\" height=\"77\"><a href=\"http:\/\/www.odapi.org\" target=\"_blank\"><img decoding=\"async\" src=\"\/voyage\/wp-content\/uploads\/sites\/2\/2015\/06\/Logo-ODAPI.jpg\" alt=\"ODAPI\" width=\"100\" border=\"0\" \/><\/a><\/td>\n<td valign=\"top\" bgcolor=\"#e2fcde\" height=\"77\"><a href=\"http:\/\/www.odapi.org\" target=\"_blank\">ODAPI<\/a><br \/>\n<em>Organisation de D\u00e9veloppement et d&rsquo;Aide aux Peuples Autochtones du Mexique, et en particulier les Huichols. Partenaire principal de Latitud Sur dans ce pays.<\/em><\/td>\n<\/tr>\n<tr>\n<td style=\"vertical-align: middle\" align=\"center\" bgcolor=\"#e2fcde\" height=\"77\"><a href=\"http:\/\/www.avsf.org\/\" target=\"_blank\"><img loading=\"lazy\" decoding=\"async\" src=\"\/voyage\/wp-content\/uploads\/sites\/3\/2015\/06\/AVSF_logo.png\" alt=\"Logo-avsf\" width=\"100\" height=\"100\" \/><\/a><\/td>\n<td valign=\"top\" bgcolor=\"#e2fcde\" height=\"77\"><a href=\"http:\/\/www.avsf.org\/\" target=\"_blank\">AGRONOMES &amp; V\u00c9T\u00c9RINAIRES SANS FRONTI\u00c8RES<\/a><br \/>\n<em>Met en oeuvre et participe \u00e0 des programmes de d\u00e9veloppement rural dans plusieurs pays d&rsquo;Am\u00e9rique latine et centrale.<\/em><\/td>\n<\/tr>\n<\/tbody>\n<\/table>\n<h4>R\u00e9seau d&rsquo;organisations Amies &#8211; Tourisme Solidaire ou Assimil\u00e9<\/h4>\n<table cellspacing=\"2\" cellpadding=\"2\" align=\"center\">\n<tbody>\n<tr>\n<td style=\"vertical-align: middle\" align=\"center\" bgcolor=\"#e2fcde\" height=\"75\"><a href=\"http:\/\/www.abm.fr\" target=\"_blank\"><img decoding=\"async\" src=\"\/voyage\/wp-content\/uploads\/sites\/3\/2015\/06\/logoabm.png\" alt=\"ABM\" width=\"100\" border=\"0\" \/><\/a><\/td>\n<td valign=\"top\" bgcolor=\"#e2fcde\" height=\"75\"><a href=\"http:\/\/www.abm.fr\" target=\"_blank\">ABM<\/a><br \/>\n<em>Aventure au bout du monde&#8230;<\/em><\/td>\n<\/tr>\n<tr>\n<td style=\"vertical-align: middle\" align=\"center\" bgcolor=\"#e2fcde\" width=\"198\" height=\"110\"><a href=\"http:\/\/www.ecoportal.net\" target=\"_blank\"><img loading=\"lazy\" decoding=\"async\" src=\"\/voyage\/wp-content\/uploads\/sites\/3\/2015\/06\/logo-eco-portal.png\" alt=\"Ecoportal\" width=\"100\" height=\"100\" border=\"0\" \/><\/a><\/td>\n<td valign=\"top\" bgcolor=\"#e2fcde\" height=\"110\"><a href=\"http:\/\/www.ecoportal.net\" target=\"_blank\">ECO PORTAL<\/a><br \/>\n<em>EcoPortal.net se ha convertido luego de mas de nueve a\u00f1os en l\u00ednea en el mayor Portal de Internet en espa\u00f1ol dedicado al Medio Ambiente, la Naturaleza, los Derechos Humanos y la Calidad de Vida<\/em><\/td>\n<\/tr>\n<tr>\n<td style=\"vertical-align: middle\" align=\"center\" bgcolor=\"#e2fcde\" width=\"198\" height=\"110\"><a href=\"http:\/\/www.turismo-sustentable.com.ar\/\" target=\"_blank\"><img loading=\"lazy\" decoding=\"async\" src=\"\/voyage\/wp-content\/uploads\/sites\/3\/2015\/06\/logo_turismo_sustentable.jpg\" alt=\"TS\" width=\"100\" height=\"100\" border=\"0\" \/><\/a><\/td>\n<td valign=\"top\" bgcolor=\"#e2fcde\" height=\"110\"><a href=\"http:\/\/www.turismo-sustentable.com.ar\/\" target=\"_blank\">TOURISMO SUSTENTABLE<\/a><br \/>\n<em>Turismo Sustentable EVT es una agencia de viajes que nace en el seno del Grupo de Turismo Sustentable, con la conservaci\u00f3n de la naturaleza en la Argentina<\/em><\/td>\n<\/tr>\n<tr>\n<td style=\"vertical-align: middle\" align=\"center\" bgcolor=\"#e2fcde\" height=\"77\"><a href=\"http:\/\/www.voyagespourlaplanete.com\/perou-croisiere-amazonie-iquitos\/\" target=\"_blank\"><img decoding=\"async\" src=\"\/voyage\/wp-content\/uploads\/sites\/3\/2015\/06\/logo-voyagespourlaplanete.png\" alt=\"VPP\" width=\"100\" border=\"0\" \/><\/a><\/td>\n<td valign=\"top\" bgcolor=\"#e2fcde\" height=\"77\"><a href=\"http:\/\/www.voyagespourlaplanete.com\/perou-croisiere-amazonie-iquitos\/\" target=\"_blank\">VOYAGES POUR LA PLAN\u00c8TE<\/a><br \/>\n<em>Des h\u00f4tels, ecolodges, g\u00eetes et tours op\u00e9rateurs rigoureusement s\u00e9lectionn\u00e9s pour leur engagement pour la plan\u00e8te.<\/em><\/td>\n<\/tr>\n<tr>\n<td style=\"vertical-align: middle\" align=\"center\" bgcolor=\"#e2fcde\" height=\"77\"><a href=\"http:\/\/www.voyageons-autrement.com\/croisiere-responsable\/latitud-sur-selva-viva.html\" target=\"_blank\"><img decoding=\"async\" src=\"\/voyage\/wp-content\/uploads\/sites\/3\/2015\/06\/logo-voyageons-autrement1.png\" alt=\"VA\" width=\"100\" border=\"0\" \/><\/a><\/td>\n<td valign=\"top\" bgcolor=\"#e2fcde\" height=\"77\"><a href=\"http:\/\/www.voyageons-autrement.com\/croisiere-responsable\/latitud-sur-selva-viva.html\" target=\"_blank\">VOYAGEONS AUTREMENT<\/a><br \/>\n<em>Portail d&rsquo;informations sur le tourisme durable<\/em><\/td>\n<\/tr>\n<tr>\n<td style=\"vertical-align: middle\" align=\"center\" bgcolor=\"#e2fcde\" height=\"77\"><a href=\"http:\/\/www.pusayperu.com\/\" target=\"_blank\"><img loading=\"lazy\" decoding=\"async\" src=\"\/voyage\/wp-content\/uploads\/sites\/3\/2015\/06\/logopusay.jpg\" alt=\"Pusay\" width=\"100\" height=\"100\" \/><\/a><\/td>\n<td valign=\"top\" bgcolor=\"#e2fcde\" height=\"77\"><a href=\"http:\/\/www.pusayperu.com\/\" target=\"_blank\">PUSAY<\/a><br \/>\n<em>Instituci\u00f3n de Turismo Alternativo formada por iniciativa de l\u00edderes de Organizaciones Juveniles<\/em><\/td>\n<\/tr>\n<tr>\n<td style=\"vertical-align: middle\" align=\"center\" bgcolor=\"#e2fcde\" height=\"77\"><a href=\"http:\/\/tourisme-solidaire.uniterre.com\/liens\/liens_tourisme_suite_2.htm\" target=\"_blank\"><img loading=\"lazy\" decoding=\"async\" src=\"\/voyage\/wp-content\/uploads\/sites\/3\/2015\/06\/logo-uniterre.gif\" alt=\"Uniterre\" width=\"100\" height=\"100\" \/><\/a><\/td>\n<td valign=\"top\" bgcolor=\"#e2fcde\" height=\"77\"><a href=\"http:\/\/tourisme-solidaire.uniterre.com\/liens\/liens_tourisme_suite_2.htm\" target=\"_blank\">UNITERRE<\/a><br \/>\n<em>Le voyage par les voyageurs : canets de bord, blogs, photos<\/em><\/td>\n<\/tr>\n<\/tbody>\n<\/table>\n<h4>Agences de Voyages &amp; Tour Op\u00e9rateurs partenaires<\/h4>\n<table cellspacing=\"2\" cellpadding=\"2\" align=\"center\">\n<tbody>\n<tr>\n<td style=\"vertical-align: middle\" align=\"center\" bgcolor=\"#e2fcde\" height=\"75\"><a href=\"http:\/\/fleuves-du-monde.com\/\" target=\"_blank\"><img decoding=\"async\" src=\"\/voyage\/wp-content\/uploads\/sites\/3\/2015\/06\/LogoFDM.png\" alt=\"FDM\" width=\"100\" border=\"0\" \/><\/a><\/td>\n<td valign=\"top\" bgcolor=\"#e2fcde\" height=\"75\"><a href=\"http:\/\/fleuves-du-monde.com\/\" target=\"_blank\">FLEUVES DU MONDE<\/a><br \/>\n<em>A bord de bateaux traditionnels, des itin\u00e9raires in\u00e9dits, \u00e0 vous le bonheur de glisser sur l\u2019eau vers des territoires oubli\u00e9s par les h\u00f4tels et les autocars.<\/em><\/td>\n<\/tr>\n<tr>\n<td style=\"vertical-align: middle\" align=\"center\" bgcolor=\"#e2fcde\" height=\"75\">\n<a href=\"https:\/\/latitudsur.org\/voyage\/wp-content\/uploads\/sites\/3\/2015\/06\/logo-communitymember.png\"><img loading=\"lazy\" decoding=\"async\" class=\"alignnone  wp-image-2401\" src=\"https:\/\/latitudsur.org\/voyage\/voyage\/wp-content\/uploads\/sites\/3\/2015\/06\/logo-communitymember-300x300.png\" alt=\"logo-communitymember\" width=\"77\" height=\"77\" srcset=\"https:\/\/latitudsur.org\/voyage\/wp-content\/uploads\/sites\/3\/2015\/06\/logo-communitymember-300x300.png 300w, https:\/\/latitudsur.org\/voyage\/wp-content\/uploads\/sites\/3\/2015\/06\/logo-communitymember-150x150.png 150w, https:\/\/latitudsur.org\/voyage\/wp-content\/uploads\/sites\/3\/2015\/06\/logo-communitymember-768x768.png 768w, https:\/\/latitudsur.org\/voyage\/wp-content\/uploads\/sites\/3\/2015\/06\/logo-communitymember.png 1000w\" sizes=\"auto, (max-width: 77px) 100vw, 77px\" \/><\/a><\/td>\n<td valign=\"top\" bgcolor=\"#e2fcde\" height=\"75\"><a href=\"http:\/\/visit.org\/\" target=\"_blank\">VISIT.ORG<\/a><br \/>\n<em> Plateforme en ligne pour des voyages qui b\u00e9n\u00e9ficient \u00e9galement aux communaut\u00e9s. Une fa\u00e7on de promouvoir votre itin\u00e9raire et de partager votre exp\u00e9rience .<\/em><\/td>\n<\/tr>\n<tr>\n<td style=\"vertical-align: middle\" align=\"center\" bgcolor=\"#e2fcde\" height=\"75\"><a href=\"http:\/\/www.grandsespaces.ch\/\" target=\"_blank\"><img decoding=\"async\" src=\"\/voyage\/wp-content\/uploads\/sites\/3\/2015\/06\/Logo-Grands-Espaces.jpg\" alt=\"GE\" width=\"100\" border=\"0\" \/><\/a><\/td>\n<td valign=\"top\" bgcolor=\"#e2fcde\" height=\"75\"><a href=\"http:\/\/www.grandsespaces.ch\/\" target=\"_blank\">GRANDS ESPACES<\/a><br \/>\n<em>Grands Espaces vous emm\u00e8ne \u00e0 la d\u00e9couverte des r\u00e9gions les plus secr\u00e8tes du monde, dans l&rsquo;esprit d&rsquo;un tourisme \u00e9quitable et respectueux de l&rsquo;environnement<\/em><\/td>\n<\/tr>\n<tr>\n<td style=\"vertical-align: middle\" align=\"center\" bgcolor=\"#e2fcde\" width=\"198\" height=\"110\"><a href=\"http:\/\/www.terra-incognita.fr\/\" target=\"_blank\"><img loading=\"lazy\" decoding=\"async\" src=\"\/voyage\/wp-content\/uploads\/sites\/3\/2015\/06\/Logo-Terra-Incognita.jpg\" alt=\"CI\" width=\"100\" height=\"100\" border=\"0\" \/><\/a><\/td>\n<td valign=\"top\" bgcolor=\"#e2fcde\" height=\"110\"><a href=\"http:\/\/www.terra-incognita.fr\/\" target=\"_blank\">CONTINENTS INSOLITES<\/a><br \/>\n<em>Un savoir-faire n\u00e9 de 30 ans de voyages insolites en Asie, Afrique, Am\u00e9riques, Oc\u00e9anie&#8230; <\/em><\/td>\n<\/tr>\n<tr>\n<td style=\"vertical-align: middle\" align=\"center\" bgcolor=\"#e2fcde\" height=\"77\"><a href=\"http:\/\/www.route-voyages.com\/\" target=\"_blank\"><img decoding=\"async\" src=\"\/voyage\/wp-content\/uploads\/sites\/3\/2015\/06\/logo-routedesvoyages.png\" alt=\"RDV\" width=\"100\" border=\"0\" \/><\/a><\/td>\n<td valign=\"top\" bgcolor=\"#e2fcde\" height=\"77\"><a href=\"http:\/\/www.route-voyages.com\/\" target=\"_blank\">ROUTE DES VOYAGES<\/a><br \/>\n<em>La Route des Voyages : le voyage sur mesure.<\/em><\/td>\n<\/tr>\n<tr>\n<td style=\"vertical-align: middle\" align=\"center\" bgcolor=\"#e2fcde\" height=\"35\"><a href=\"http:\/\/www.ecotur.es\/\" target=\"_blank\"><img decoding=\"async\" src=\"\/voyage\/wp-content\/uploads\/sites\/3\/2015\/06\/logo_ecotur.png\" alt=\"ECOTUR\" width=\"100\" border=\"0\" \/><\/a><\/td>\n<td style=\"vertical-align: middle\" bgcolor=\"#e2fcde\" height=\"35\"><a href=\"http:\/\/www.ecotur.es\/\" target=\"_blank\">ECOTUR<\/a><br \/>\n<em>Portal de Ecoturismo es la Gu\u00eda de los mejores Alojamientos de Turismo Rural y Agroturismo en Espa\u00f1a<\/em><\/td>\n<\/tr>\n<tr>\n<td style=\"vertical-align: middle\" align=\"center\" bgcolor=\"#e2fcde\" height=\"75\"><a href=\"http:\/\/www.comptoir.fr\/\" target=\"_blank\"><img decoding=\"async\" src=\"\/voyage\/wp-content\/uploads\/sites\/3\/2015\/06\/logoHimmersion.png\" alt=\"Comptoir\" width=\"100\" border=\"0\" \/><\/a><\/td>\n<td valign=\"top\" bgcolor=\"#e2fcde\" height=\"75\"><a href=\"http:\/\/www.comptoir.fr\/\" target=\"_blank\">COMPTOIR DES VOYAGES<\/a><br \/>\n<em>Votre voyage sur mesure au P\u00e9rou avec Comptoir des Pays Andins.<\/em><\/td>\n<\/tr>\n<tr>\n<td style=\"vertical-align: middle\" align=\"center\" bgcolor=\"#e2fcde\" width=\"198\" height=\"110\"><a href=\"http:\/\/www.babel-voyages.com\/voyage\/perou\" target=\"_blank\"><img loading=\"lazy\" decoding=\"async\" src=\"\/voyage\/wp-content\/uploads\/sites\/3\/2015\/06\/logo-babel.png\" alt=\"BABEL\" width=\"100\" height=\"100\" border=\"0\" \/><\/a><\/td>\n<td valign=\"top\" bgcolor=\"#e2fcde\" height=\"110\"><a href=\"http:\/\/www.babel-voyages.com\/voyage\/perou\" target=\"_blank\">BABEL VOYAGES<\/a><br \/>\n<em>Latitud Sur est recommand\u00e9 par Babel Voyages. Pour plus d&rsquo;infos sur voyager responsable au P\u00e9rou avec Babel Voyage, cliquez sur le logo.<\/em><\/td>\n<\/tr>\n<tr>\n<td style=\"vertical-align: middle\" align=\"center\" bgcolor=\"#e2fcde\" width=\"198\" height=\"110\"><a href=\"http:\/\/www.nomade-aventure.com\/\" target=\"_blank\"><img loading=\"lazy\" decoding=\"async\" src=\"\/voyage\/wp-content\/uploads\/sites\/3\/2015\/06\/logo-nomade.png\" alt=\"NOMADE\" width=\"100\" height=\"100\" border=\"0\" \/><\/a><\/td>\n<td valign=\"top\" bgcolor=\"#e2fcde\" height=\"110\"><a href=\"http:\/\/www.nomade-aventure.com\/\" target=\"_blank\">NOMADE AVENTURE<\/a><br \/>\n<em>Voyagez en Amazonie avec Nomade Aventure.<\/em><\/td>\n<\/tr>\n<tr>\n<td style=\"vertical-align: middle\" align=\"center\" bgcolor=\"#e2fcde\" height=\"77\"><a href=\"http:\/\/www.saiga-voyage-nature.fr\/\" target=\"_blank\"><img decoding=\"async\" src=\"\/voyage\/wp-content\/uploads\/sites\/3\/2015\/06\/logo-saiga.jpg\" alt=\"SAIGA\" width=\"100\" border=\"0\" \/><\/a><\/td>\n<td valign=\"top\" bgcolor=\"#e2fcde\" height=\"77\"><a href=\"http:\/\/www.saiga-voyage-nature.fr\/\" target=\"_blank\">SA\u00cfGA<\/a><br \/>\n<em>Une croisi\u00e8re au coeur de l&rsquo;Amazonie avec nos amis de Sa\u00efga<\/em><\/td>\n<\/tr>\n<\/tbody>\n<\/table>\n<h4>Informations sur les Formes de Tourisme<\/h4>\n<table cellspacing=\"2\" cellpadding=\"2\" align=\"center\">\n<tbody>\n<tr>\n<td style=\"vertical-align: middle\" align=\"center\" bgcolor=\"#e2fcde\" height=\"75\"><a href=\"http:\/\/fr.wikipedia.org\/wiki\/Tourisme_responsable\" target=\"_blank\"><img decoding=\"async\" src=\"\/voyage\/wp-content\/uploads\/sites\/3\/2015\/06\/frwiki.png\" alt=\"Wiki\" width=\"100\" border=\"0\" \/><\/a><\/td>\n<td valign=\"top\" bgcolor=\"#e2fcde\" height=\"75\"><a href=\"http:\/\/fr.wikipedia.org\/wiki\/Tourisme_responsable\" target=\"_blank\">WIKIPEDIA<\/a><br \/>\n<em>Tourisme responsable<\/em><\/td>\n<\/tr>\n<tr>\n<td style=\"vertical-align: middle\" align=\"center\" bgcolor=\"#e2fcde\" height=\"75\"><a href=\"http:\/\/www.echoway.org\/\" target=\"_blank\"><img decoding=\"async\" src=\"\/voyage\/wp-content\/uploads\/sites\/3\/2015\/06\/logo_echoway.gif\" alt=\"Echoway\" width=\"100\" border=\"0\" \/><\/a><\/td>\n<td valign=\"top\" bgcolor=\"#e2fcde\" height=\"75\"><a href=\"http:\/\/www.echoway.org\/\" target=\"_blank\">ECHOWAY<\/a><br \/>\n<em>Guide gratuit de l&rsquo;\u00e9cotourisme solidaire<\/em><\/td>\n<\/tr>\n<tr>\n<td style=\"vertical-align: middle\" align=\"center\" bgcolor=\"#e2fcde\" width=\"198\" height=\"110\"><a href=\"http:\/\/www.eveil-tourisme-responsable.org\/\" target=\"_blank\"><img loading=\"lazy\" decoding=\"async\" src=\"\/voyage\/wp-content\/uploads\/sites\/3\/2015\/06\/logo-eveil.png\" alt=\"EVEIL\" width=\"100\" height=\"100\" border=\"0\" \/><\/a><\/td>\n<td valign=\"top\" bgcolor=\"#e2fcde\" height=\"110\"><a href=\"http:\/\/www.eveil-tourisme-responsable.org\/\" target=\"_blank\">EVEIL<\/a><br \/>\n<em>Tourisme Responsable et Solidaire&#8230;<\/em><\/td>\n<\/tr>\n<tr>\n<td style=\"vertical-align: middle\" align=\"center\" bgcolor=\"#e2fcde\" height=\"77\"><a href=\"http:\/\/www.tourismesolidaire.org\/\" target=\"_blank\"><img loading=\"lazy\" decoding=\"async\" src=\"\/voyage\/wp-content\/uploads\/sites\/3\/2015\/06\/logo-ates.png\" alt=\"Logo\" width=\"100\" height=\"100\" \/><\/a><\/td>\n<td valign=\"top\" bgcolor=\"#e2fcde\" height=\"77\"><a href=\"http:\/\/www.tourismesolidaire.org\/\" target=\"_blank\">ATES<\/a><br \/>\n<em>Association pour le tourisme \u00e9quitable et solidaire<\/em><\/td>\n<\/tr>\n<tr>\n<td style=\"vertical-align: middle\" align=\"center\" bgcolor=\"#e2fcde\" height=\"35\"><a href=\"http:\/\/www.redturs.org\/\" target=\"_blank\"><img decoding=\"async\" src=\"\/voyage\/wp-content\/uploads\/sites\/3\/2015\/06\/Logo-Redtours.jpg\" alt=\"redtours\" width=\"100\" border=\"0\" \/><\/a><\/td>\n<td style=\"vertical-align: middle\" bgcolor=\"#e2fcde\" height=\"35\"><a href=\"http:\/\/www.redturs.org\/\" target=\"_blank\">REDTURS<\/a><br \/>\n<em>Portals of the living cultures<\/em><\/td>\n<\/tr>\n<tr>\n<td style=\"vertical-align: middle\" align=\"center\" bgcolor=\"#e2fcde\" height=\"75\"><a href=\"http:\/\/www.tusoco.com\/\" target=\"_blank\"><img decoding=\"async\" src=\"\/voyage\/wp-content\/uploads\/sites\/3\/2015\/06\/logo-tusoco.jpg\" alt=\"TUSCO\" width=\"100\" border=\"0\" \/><\/a><\/td>\n<td valign=\"top\" bgcolor=\"#e2fcde\" height=\"75\"><a href=\"http:\/\/www.tusoco.com\/\" target=\"_blank\">TUSOCO<\/a><br \/>\n<em>Le R\u00e9seau Tusoco est une association \u00e0 but non lucratif compos\u00e9e et dirig\u00e9e par les organisations de tourisme solidaire et communautaire de Bolivie.<\/em><\/td>\n<\/tr>\n<tr>\n<td style=\"vertical-align: middle\" align=\"center\" bgcolor=\"#e2fcde\" height=\"77\"><a href=\"http:\/\/www.ritimo.org\/\" target=\"_blank\"><img decoding=\"async\" src=\"\/voyage\/wp-content\/uploads\/sites\/3\/2015\/06\/logo-ritimo.png\" alt=\"RITIMO\" width=\"100\" border=\"0\" \/><\/a><\/td>\n<td valign=\"top\" bgcolor=\"#e2fcde\" height=\"77\"><a href=\"http:\/\/www.ritimo.org\/\" target=\"_blank\">RITIMO<\/a><br \/>\n<em>R\u00e9seau d&rsquo;information et de documentation pour le d\u00e9veloppement durable et la solidarit\u00e9 internationale<\/em><\/td>\n<\/tr>\n<tr>\n<td style=\"vertical-align: middle\" align=\"center\" bgcolor=\"#e2fcde\" height=\"77\"><a href=\"http:\/\/www.ecotourisme.info\/\" target=\"_blank\"><img loading=\"lazy\" decoding=\"async\" src=\"\/voyage\/wp-content\/uploads\/sites\/3\/2015\/06\/Logo-Ecotourisme.jpg\" alt=\"AFE\" width=\"100\" height=\"100\" \/><\/a><\/td>\n<td valign=\"top\" bgcolor=\"#e2fcde\" height=\"77\"><a href=\"http:\/\/www.ecotourisme.info\/\" target=\"_blank\">ASSOCIATION FRANCAISE d&rsquo;ECOTOURISME<\/a><br \/>\n<em>L\u2019Association Fran\u00e7aise d&rsquo;Ecotourisme diffuse le concept d&rsquo;\u00e9cotourisme en France, en fait la promotion aupr\u00e8s des professionnels et du grand public, d&rsquo;accompagne le d\u00e9veloppement de projets et la mise en place de strat\u00e9gies de territoire li\u00e9es au tourisme durable.<\/em><\/td>\n<\/tr>\n<\/tbody>\n<\/table>\n<h4>Divers<\/h4>\n<table cellspacing=\"2\" cellpadding=\"2\" align=\"center\">\n<tbody>\n<tr>\n<td style=\"vertical-align: middle\" align=\"center\" bgcolor=\"#e2fcde\" height=\"75\"><a href=\"http:\/\/www.bio-voyage.fr\/\" target=\"_blank\"><img decoding=\"async\" src=\"\/voyage\/wp-content\/uploads\/sites\/3\/2015\/06\/logo-Bio-Voyage.jpg\" alt=\"BV\" width=\"100\" border=\"0\" \/><\/a><\/td>\n<td valign=\"top\" bgcolor=\"#e2fcde\" height=\"75\"><a href=\"http:\/\/www.bio-voyage.fr\/\" target=\"_blank\">BIO\u2022VOYAGE<\/a><br \/>\n<em>Pour vos achats de produits de voyage bio&#8230;<\/em><\/td>\n<\/tr>\n<tr>\n<td style=\"vertical-align: middle\" align=\"center\" bgcolor=\"#e2fcde\" width=\"198\" height=\"110\"><a href=\"http:\/\/www.carnetsdevoyage.org\/\" target=\"_blank\"><img loading=\"lazy\" decoding=\"async\" src=\"\/voyage\/wp-content\/uploads\/sites\/3\/2015\/06\/Logo-Croux.jpg\" alt=\"CROUX\" width=\"100\" height=\"100\" border=\"0\" \/><\/a><\/td>\n<td valign=\"top\" bgcolor=\"#e2fcde\" height=\"110\"><a href=\"http:\/\/www.carnetsdevoyage.org\/\" target=\"_blank\">Pierre CROUX<\/a><br \/>\n<em>Architecte Globe-Trotter, r\u00e9alise de magnifiques Carnets de Voyage dont un \u00e0 para\u00eetre sur une croisi\u00e8re avec le Selva Viva<\/em><\/td>\n<\/tr>\n<tr>\n<td style=\"vertical-align: middle\" align=\"center\" bgcolor=\"#e2fcde\" height=\"77\"><a href=\"http:\/\/www.actulatino.com\/\" target=\"_blank\"><img loading=\"lazy\" decoding=\"async\" src=\"\/voyage\/wp-content\/uploads\/sites\/3\/2015\/06\/logo-actu-latino.png\" alt=\"Logo-avsf\" width=\"100\" height=\"100\" \/><\/a><\/td>\n<td valign=\"top\" bgcolor=\"#e2fcde\" height=\"77\"><a href=\"http:\/\/www.actulatino.com\/\" target=\"_blank\">ACTU LATINO<\/a><br \/>\n<em>Site grand public d&rsquo;information sur l&rsquo;Am\u00e9rique Latine<\/em><\/td>\n<\/tr>\n<tr>\n<td style=\"vertical-align: middle\" align=\"center\" bgcolor=\"#e2fcde\" height=\"35\"><a href=\"http:\/\/www.shamanportal.org\/\" target=\"_blank\"><img decoding=\"async\" src=\"\/voyage\/wp-content\/uploads\/sites\/3\/2015\/06\/logo-shamanportal.gif\" alt=\"SP\" width=\"100\" border=\"0\" \/><\/a><\/td>\n<td style=\"vertical-align: middle\" bgcolor=\"#e2fcde\" height=\"35\"><a href=\"http:\/\/www.shamanportal.org\/\" target=\"_blank\">SHAMAN PORTAL<\/a><br \/>\n<em>The resource for all things shamanic, Post and find shamanic healers, shamanic teachers, shamanic workshops, shamanic books<\/em><\/td>\n<\/tr>\n<tr>\n<td style=\"vertical-align: middle\" align=\"center\" bgcolor=\"#e2fcde\" height=\"77\"><a href=\"http:\/\/www.chamanisme.fr\" target=\"_blank\"><img decoding=\"async\" src=\"\/voyage\/wp-content\/uploads\/sites\/3\/2015\/06\/Logo-Forges-de-Sylva.jpg\" alt=\"chamanisme\" width=\"100\" border=\"0\" \/><\/a><\/td>\n<td valign=\"top\" bgcolor=\"#e2fcde\" height=\"77\"><a href=\"http:\/\/www.chamanisme.fr\" target=\"_blank\">CHAMANISME.FR<\/a><br \/>\n<em>\u00ab\u00a0Chamanisme.fr\u00a0\u00bb est votre portail sur le chamanisme<\/em><\/td>\n<\/tr>\n<tr>\n<td style=\"vertical-align: middle\" align=\"center\" bgcolor=\"#e2fcde\" height=\"35\"><a href=\"http:\/\/www.seressourcer.net\" target=\"_blank\"><img decoding=\"async\" src=\"\/voyage\/wp-content\/uploads\/sites\/3\/2015\/06\/Logo-se-Ressourcer.jpg\" alt=\"Se ressourcer\" width=\"100\" border=\"0\" \/><\/a><\/td>\n<td style=\"vertical-align: middle\" bgcolor=\"#e2fcde\" height=\"35\"><a href=\"http:\/\/www.seressourcer.net\" target=\"_blank\">SE RESSOURCER<\/a><br \/>\n<em>Le site de l&rsquo;\u00e9cologie int\u00e9rieure !<\/em><\/td>\n<\/tr>\n<tr>\n<td style=\"vertical-align: middle\" align=\"center\" bgcolor=\"#e2fcde\" height=\"35\"><a href=\"https:\/\/www.facebook.com\/pages\/Eco-Hotel-El-Refugio-De-La-Floresta-Amazonas\/459900677409868?ref=hl\" target=\"_blank\"><img decoding=\"async\" src=\"\/voyage\/wp-content\/uploads\/sites\/3\/2015\/06\/logo-ecohotel.jpg\" alt=\"refugio\" width=\"100\" border=\"0\" \/><\/a><\/td>\n<td style=\"vertical-align: middle\" bgcolor=\"#e2fcde\" height=\"35\"><a href=\"https:\/\/www.facebook.com\/pages\/Eco-Hotel-El-Refugio-De-La-Floresta-Amazonas\/459900677409868?ref=hl\" target=\"_blank\">Eco Hotel El Refugio de la Floresta<\/a><br \/>\n<em>Cet h\u00f4tel nous soutient avec 1$ vers\u00e9 par client pour appuyer l&rsquo;effort de reforestation aux environs d&rsquo;Iquitos &#8211; P\u00e9rou<\/em><\/td>\n<\/tr>\n<\/tbody>\n<\/table>\n<p><\/p>","protected":false},"excerpt":{"rendered":"<p>Partenaires dans nos voyages ARUTAM Association de soutien aux Peuples Premiers : Shuar, Achuar, Zapara, Shiwiar, Indiens d&rsquo;Amazonie (Equateur, P\u00e9rou), Huichol (Mexique). ARUTAM &#8211; ZERO-DEFORESTATION Action port\u00e9e par l&rsquo;association de soutien aux peuples premiers (ARUTAM) en faveur de la restitution<span class=\"ellipsis\">&hellip;<\/span><\/p>\n<div class=\"read-more\"><a href=\"https:\/\/latitudsur.org\/voyage\/fr\/guide-voyageur\/liens-et-partenaires\/\">Lire la suite &#8250;<\/a><\/div>\n<p><!-- end of .read-more --><\/p>\n","protected":false},"author":1,"featured_media":0,"parent":65,"menu_order":0,"comment_status":"open","ping_status":"open","template":"template-page.php","meta":{"footnotes":""},"class_list":["post-1067","page","type-page","status-publish","hentry"],"_links":{"self":[{"href":"https:\/\/latitudsur.org\/voyage\/fr\/wp-json\/wp\/v2\/pages\/1067","targetHints":{"allow":["GET"]}}],"collection":[{"href":"https:\/\/latitudsur.org\/voyage\/fr\/wp-json\/wp\/v2\/pages"}],"about":[{"href":"https:\/\/latitudsur.org\/voyage\/fr\/wp-json\/wp\/v2\/types\/page"}],"author":[{"embeddable":true,"href":"https:\/\/latitudsur.org\/voyage\/fr\/wp-json\/wp\/v2\/users\/1"}],"replies":[{"embeddable":true,"href":"https:\/\/latitudsur.org\/voyage\/fr\/wp-json\/wp\/v2\/comments?post=1067"}],"version-history":[{"count":0,"href":"https:\/\/latitudsur.org\/voyage\/fr\/wp-json\/wp\/v2\/pages\/1067\/revisions"}],"up":[{"embeddable":true,"href":"https:\/\/latitudsur.org\/voyage\/fr\/wp-json\/wp\/v2\/pages\/65"}],"wp:attachment":[{"href":"https:\/\/latitudsur.org\/voyage\/fr\/wp-json\/wp\/v2\/media?parent=1067"}],"curies":[{"name":"wp","href":"https:\/\/api.w.org\/{rel}","templated":true}]}}