{"id":1174,"date":"2015-08-07T11:50:17","date_gmt":"2015-08-07T10:50:17","guid":{"rendered":"http:\/\/latitudsur.org\/voyage\/?page_id=1174"},"modified":"2026-04-22T09:06:31","modified_gmt":"2026-04-22T09:06:31","slug":"ecotourisme","status":"publish","type":"page","link":"https:\/\/latitudsur.org\/voyage\/fr\/voyagez\/tous-les-voyages\/ecotourisme\/","title":{"rendered":"Ecotourisme"},"content":{"rendered":"<p><\/p>\n<table style=\"width: 695px; height: 171px;\" border=\"0\" bgcolor=\"#ffffff\">\n<tbody>\n<tr>\n<td style=\"padding: 0; vertical-align: middle;\"><a href=\"\/voyage\/wp-content\/uploads\/sites\/3\/2015\/06\/07PAC.jpg\"><img loading=\"lazy\" decoding=\"async\" class=\"aligncenter size-full wp-image-670\" src=\"\/voyage\/wp-content\/uploads\/sites\/3\/2015\/06\/07PAC.jpg\" alt=\"07PAC\" width=\"150\" height=\"113\" \/><\/a><\/td>\n<td style=\"padding: 5px; vertical-align: middle;\"><span style=\"font-size: 16px; color: #000000;\"><strong>Croisi\u00e8re Aquariophile sur le fleuve Tapiche ou Napo<\/strong><\/span><br \/>\n<span style=\"font-size: 16px; color: #009900;\"><strong>2990 USD<\/strong><strong> TTC<\/strong> &#8211; 12 jours \/ 11 nuits<\/span><br \/>\nEmbarquez sur le Selva Viva et partez \u00e0 la d\u00e9couverte de l&rsquo;Amazonie p\u00e9ruvienne et de sa faune piscicole parmi les plus riches de la plan\u00e8te. Latitud Sur a con\u00e7u cette croisi\u00e8re sp\u00e9cialement pour vous, aficionados de cichlides, piranhas, raies, t\u00e9tras, poissons chats et de bien d&rsquo;autres esp\u00e8ces.<br \/>\n<a href=\"\/voyage\/perou\/croisiere-pacaya-samiria\">Voyage suspendu<\/a>\u00a0!<\/td>\n<\/tr>\n<\/tbody>\n<\/table>\n<table style=\"width: 695px; height: 171px;\" border=\"0\" bgcolor=\"#ffffff\">\n<tbody>\n<tr>\n<td style=\"padding: 0; vertical-align: middle;\"><a href=\"\/voyage\/wp-content\/uploads\/sites\/3\/2015\/06\/08PAN.jpg\"><img loading=\"lazy\" decoding=\"async\" class=\"aligncenter size-full wp-image-671\" src=\"\/voyage\/wp-content\/uploads\/sites\/3\/2015\/06\/08PAN.jpg\" alt=\"08PAN\" width=\"150\" height=\"113\" \/><\/a><\/td>\n<td style=\"padding: 5px; vertical-align: middle;\"><span style=\"font-size: 16px; color: #000000;\"><strong>Croisi\u00e8re P\u00eache sur le fleuve Nanay<\/strong><\/span><br \/>\n<span style=\"font-size: 16px; color: #009900;\"><strong>1500 USD<\/strong><strong> TTC<\/strong> &#8211; 6 jours \/ 5 nuits<\/span><br \/>\nVenez p\u00eacher en Amazonie ! Latitud Sur a con\u00e7u cette croisi\u00e8re sp\u00e9cialement pour vous, aficionados de tucunar\u00e9s, piranhas, poissons chats (doncella, zungaro) et de bien d&rsquo;autres esp\u00e8ces.<br \/>\n<a href=\"\/voyage\/perou\/croisiere-peche-nanay\"><span class=\"go-detail\">Voyage suspendu !<\/span><\/a><\/td>\n<\/tr>\n<\/tbody>\n<\/table>\n<table style=\"width: 695px; height: 171px;\" border=\"0\" bgcolor=\"#ffffff\">\n<tbody>\n<tr>\n<td style=\"padding: 0; vertical-align: middle;\"><a href=\"\/voyage\/wp-content\/uploads\/sites\/3\/2015\/08\/wilder1.jpg\"><img loading=\"lazy\" decoding=\"async\" class=\"aligncenter size-full wp-image-671\" src=\"\/voyage\/wp-content\/uploads\/sites\/3\/2015\/08\/wilder1.jpg\" alt=\"08PAN\" width=\"150\" height=\"113\" \/><\/a><\/td>\n<td style=\"padding: 5px; vertical-align: middle;\"><span style=\"font-size: 16px; color: #000000;\"><strong>S\u00e9jour chez l&rsquo;habitant<\/strong><\/span><br \/>\n<span style=\"font-size: 16px; color: #009900;\"><strong>480 USD<\/strong><strong> TTC<\/strong> &#8211; 6 jours \/ 5 nuits<\/span><br \/>\nUne rencontre humaine hors des sentiers battus, une immersion au sein d\u2019une famille amazonienne, en pleine jungle, dans un lodge traditionnel.<br \/>\n<a href=\"\/voyage\/perou\/sejour-chez-lhabitant\"><span class=\"go-detail\">Voir le d\u00e9tail !<\/span><\/a><\/td>\n<\/tr>\n<\/tbody>\n<\/table>\n<table style=\"width: 695px; height: 171px;\" border=\"0\" bgcolor=\"#ffffff\">\n<tbody>\n<tr>\n<td style=\"padding: 0; vertical-align: middle;\"><a href=\"\/voyage\/wp-content\/uploads\/sites\/3\/2015\/06\/09ESS.jpg\"><img loading=\"lazy\" decoding=\"async\" class=\"aligncenter size-full wp-image-672\" src=\"\/voyage\/wp-content\/uploads\/sites\/3\/2015\/06\/09ESS.jpg\" alt=\"09ESS\" width=\"150\" height=\"113\" \/><\/a><\/td>\n<td style=\"padding: 5px; vertical-align: middle;\"><span style=\"font-size: 16px; color: #000000;\"><strong>Immersion \u00e9cotouristique chez les Indiens Shuar, Shiwiar &amp; Sapara<\/strong><\/span><br \/>\n<span style=\"font-size: 16px; color: #009900;\"><strong>1300 \u20ac TTC<\/strong> &#8211; 10 jours \/ 9 nuits<\/span><br \/>\nPartez \u00e0 la rencontre de la faune et de la flore d&rsquo;une des for\u00eats d&rsquo;Amazonie les plus sauvages, en plein c\u0153ur du territoire des Indiens Shuar, Shiwiar ou Sapara. Un voyage solidaire d&rsquo;aventure et d&rsquo;observation 100 % Immersion ! D\u00e8s 2 personnes&#8230;<br \/>\n<a href=\"\/voyage\/equateur\/ecotourisme-shiwiar-sapara\"><span class=\"go-detail\">Voir le d\u00e9tail !<\/span><\/a><\/td>\n<\/tr>\n<\/tbody>\n<\/table>\n<p>&nbsp;<\/p>","protected":false},"excerpt":{"rendered":"<p>Croisi\u00e8re Aquariophile sur le fleuve Tapiche ou Napo 2990 USD TTC &#8211; 12 jours \/ 11 nuits Embarquez sur le Selva Viva et partez \u00e0 la d\u00e9couverte de l&rsquo;Amazonie p\u00e9ruvienne et de sa faune piscicole parmi les plus riches de<span class=\"ellipsis\">&hellip;<\/span><\/p>\n<div class=\"read-more\"><a href=\"https:\/\/latitudsur.org\/voyage\/fr\/voyagez\/tous-les-voyages\/ecotourisme\/\">Lire la suite &#8250;<\/a><\/div>\n<p><!-- end of .read-more --><\/p>\n","protected":false},"author":1,"featured_media":0,"parent":127,"menu_order":0,"comment_status":"open","ping_status":"open","template":"template-page.php","meta":{"footnotes":""},"class_list":["post-1174","page","type-page","status-publish","hentry"],"_links":{"self":[{"href":"https:\/\/latitudsur.org\/voyage\/fr\/wp-json\/wp\/v2\/pages\/1174","targetHints":{"allow":["GET"]}}],"collection":[{"href":"https:\/\/latitudsur.org\/voyage\/fr\/wp-json\/wp\/v2\/pages"}],"about":[{"href":"https:\/\/latitudsur.org\/voyage\/fr\/wp-json\/wp\/v2\/types\/page"}],"author":[{"embeddable":true,"href":"https:\/\/latitudsur.org\/voyage\/fr\/wp-json\/wp\/v2\/users\/1"}],"replies":[{"embeddable":true,"href":"https:\/\/latitudsur.org\/voyage\/fr\/wp-json\/wp\/v2\/comments?post=1174"}],"version-history":[{"count":2,"href":"https:\/\/latitudsur.org\/voyage\/fr\/wp-json\/wp\/v2\/pages\/1174\/revisions"}],"predecessor-version":[{"id":2823,"href":"https:\/\/latitudsur.org\/voyage\/fr\/wp-json\/wp\/v2\/pages\/1174\/revisions\/2823"}],"up":[{"embeddable":true,"href":"https:\/\/latitudsur.org\/voyage\/fr\/wp-json\/wp\/v2\/pages\/127"}],"wp:attachment":[{"href":"https:\/\/latitudsur.org\/voyage\/fr\/wp-json\/wp\/v2\/media?parent=1174"}],"curies":[{"name":"wp","href":"https:\/\/api.w.org\/{rel}","templated":true}]}}