{"id":131,"date":"2015-03-09T16:20:23","date_gmt":"2015-03-09T15:20:23","guid":{"rendered":"http:\/\/latitudsur.org\/voyage\/?page_id=131"},"modified":"2015-03-09T16:20:23","modified_gmt":"2015-03-09T15:20:23","slug":"croisiere-pacaya-samiria","status":"publish","type":"page","link":"https:\/\/latitudsur.org\/voyage\/fr\/voyagez\/perou\/croisiere-pacaya-samiria\/","title":{"rendered":"R\u00e9serve Pacaya Samiria"},"content":{"rendered":"<p><\/p>\n<h2><img loading=\"lazy\" decoding=\"async\" style=\"float: left\" src=\"https:\/\/latitudsur.org\/voyage\/wp-content\/uploads\/sites\/3\/2015\/06\/ptchaman.gif\" alt=\"ptchaman\" width=\"97\" height=\"97\" \/><br \/>\nCircuit \u00ab\u00a0El Dorado\u00a0\u00bb &#8211; R\u00e9serve Pacaya Samiria<\/h2>\n<p align=\"justify\"><span style=\"color: #1fa51c;font-size: 16px;font-weight: bold\"><strong>Devis sur demande<\/span><\/p>\n<h4 style=\"color: #800000;font-weight: normal\" align=\"justify\">D\u00e9couvrez la R\u00e9serve Nationale Pacaya Samiria, la plus grande r\u00e9serve nationale du P\u00e9rou<\/h4>\n<p align=\"justify\">Connue comme <strong>une des zones les plus riches en biodiversit\u00e9 au monde<\/strong>, elle abrite plus de 250 esp\u00e8ces de poissons, 130 de mammif\u00e8res, 450 d&rsquo;oiseaux et 250 de reptiles et amphibiens dans sa luxuriante v\u00e9g\u00e9tation et ses eaux de diff\u00e9rentes couleurs ! Un condens\u00e9 d&rsquo;Amazonie pour tous les amoureux de la nature.<\/p>\n<p align=\"justify\">Situ\u00e9e \u00e0 300 km d&rsquo;Iquitos et accessible uniquement par voie fluviale, la R\u00e9serve Nationale de Pacaya-Samiria est <strong>la plus grande zone prot\u00e9g\u00e9e du P\u00e9rou<\/strong>, avec ses 2 millions d&rsquo;hectares. Nous y avons choisi pour vous le fleuve le moins visit\u00e9, le Rio Samiria.<\/p>\n<p align=\"justify\">Compos\u00e9e de lacs et de marais, elle abrite une v\u00e9g\u00e9tation exub\u00e9rante dont le Lupuna mesurant jusqu&rsquo;\u00e0 50 m de haut, 130 esp\u00e8ces de mammif\u00e8res tels que le jaguar, la loutre g\u00e9ante et le ronsoco (le rongeur le plus grand au monde) ainsi que plusieurs esp\u00e8ces de singes prot\u00e9g\u00e9s, tels que le singe hurleur, le singe au buste jaune et le singe laineux.<\/p>\n<p align=\"justify\">C&rsquo;est aussi un <strong>paradis ornithologique<\/strong> avec pr\u00e8s de 350 esp\u00e8ces d&rsquo;oiseaux comme le toucan et le perroquet royal. Enfin, la faune aquatique est sa plus belle attraction avec plus de 250 esp\u00e8ces de poissons, tels que le paiche, le poisson d&rsquo;eau douce le plus grand du monde, ses tortues taricaya et ses nombreux dauphins roses et gris.<\/p>\n<p align=\"justify\">Vous pourrez \u00e9galement p\u00eacher, admirer les dauphins roses ou simplement vous reposer dans un hamac en \u00e9coutant les bruits de la for\u00eat. Le voyage se terminera par la descente d&rsquo;un fleuve mythique, le Rio Mara\u00f1on qui en s&rsquo;unissant avec le Rio Ucayali forme l&rsquo;Amazone.<\/p>\n<p>[tabby title=\u00a0\u00bbDescription du circuit\u00a0\u00bb]<\/p>\n<div>\nVotre accompagnateur fran\u00e7ais viendra vous chercher \u00e0 l&rsquo;a\u00e9roport d&rsquo;Iquitos pour vous transf\u00e9rer en minibus priv\u00e9 soit \u00e0 l&rsquo;h\u00f4tel \u00e0 Iquitos soit directement jusqu&rsquo;\u00e0 Nauta (80 km) o\u00f9 votre aventure commence&#8230;<\/p>\n<p style=\"font-size: 12px\">\u2022 J1: \u2026\/Iquitos\/Nauta\/Yarina<br \/>\n06:00 heures.- Apr\u00e8s avoir \u00e9t\u00e9 accueillis  par votre guide \u00e0 votre h\u00f4tel ou \u00e0 l\u2019a\u00e9roport d\u2019Iquitos, vous commencerez votre voyage en vous rendant en voiture priv\u00e9e jusqu\u2019\u00e0 la ville de Nauta (95km, soit 1h30 de route), d&rsquo;o\u00f9 vous embarquerez dans un bateau \u00e0 moteur pour remonter le fleuve Mara\u00f1\u00f3n jusqu\u2019\u00e0 la R\u00e9serve Nationale Pacaya Samiria.Sur le chemin, vous pourrez admirer de nombreux repr\u00e9sentants de la faune a\u00e9rienne et aquatique, tels que martins-p\u00eacheurs, h\u00e9rons, cormorans, rapaces  et dauphins gris.<br \/>\n11:00 heures.- Arriv\u00e9e dans la R\u00e9serve au poste de vigilance de Santo Domingo. Vous continuerez votre voyage en remontant la rivi\u00e8re Yanayacu, \u00e0 l\u2019entr\u00e9e de laquelle vous pourrez observer le spectaculaire m\u00e9lange des eaux, l&rsquo;eau  noire du Yanayacu se m\u00ealant \u00e0 l&rsquo;eau blanche du Mara\u00f1\u00f3n. Blanches ou noires, venues des hauteurs andines ou de la jungle, ces eaux refl\u00e8tent de fa\u00e7on extraordinaire le ciel et la v\u00e9g\u00e9tation des rives, cr\u00e9ant des tableaux d&rsquo;une beaut\u00e9 \u00e0 couper le souffle, d\u2019o\u00f9 le surnom de \u00abfor\u00eat aux miroirs\u00bb donn\u00e9 \u00e0 la r\u00e9serve de Pacaya Samiria.<br \/>\nLe voyage continue avec des paysages changeants, passant des for\u00eats secondaires et des petites zones cultiv\u00e9es proches des villages \u00e0 des \u00e9cosyst\u00e8mes caract\u00e9ristiques de la zone inondable. Vous pourrez profiter d\u2019un snack \u00e0 bord du bateau. Nous organiserons en chemin des arr\u00eats \u00e0 votre convenance afin d&rsquo;observer la faune, et notamment les myst\u00e9rieux dauphins roses (Inia geoffrensis).<br \/>\n14:00 heures.- Arriv\u00e9e \u00e0 la communaut\u00e9 de Yarina et installation dans le lodge, en chambre double avec salle de bain priv\u00e9e. D\u00e9jeuner typique \u00e0 base de produits locaux et r\u00e9union pour coordonner les activit\u00e9s de l\u2019apr\u00e8s-midi et des jours suivants.<br \/>\nApr\u00e8s le d\u00e9jeuner, vous pourrez choisir entre diverses options que le guide vous proposera selon vos pr\u00e9f\u00e9rences: visite de la communaut\u00e9 proche de Yarina, randonn\u00e9e, excursion en cano\u00eb et baignade dans la rivi\u00e8re.<br \/>\n20:00-21:00 heures. D\u00eener typique. Si vous le souhaitez, nous pourrons partir ensuite pour une petite randonn\u00e9e nocturne en for\u00eat afin d\u2019observer les insectes, araign\u00e9es, grenouilles, reptiles et autres animaux difficiles \u00e0 voir en plein jour.<\/p>\n<p style=\"font-size: 12px\">\u2022 J2: Yarina \/ German Cano<br \/>\n8:00-8:30. Apr\u00e8s le petit-d\u00e9jeuner nous continuerons notre voyage en bateau \u00e0 moteur en direction du village de Germ\u00e1n Ca\u00f1o, o\u00f9 se trouve une zone de campement autoris\u00e9e par la R\u00e9serve. Le campement est une plateforme dot\u00e9e d\u2019un toit et enti\u00e8rement prot\u00e9g\u00e9e par des moustiquaires o\u00f9 nous installerons les tentes et la cuisine portative. Il dispose \u00e9galement de sanitaires. Latitud Sur vous donnera tout le mat\u00e9riel n\u00e9cessaire pour camper.<br \/>\n9:30-10:00 heures. Pendant le voyage nous effectuerons un premier arr\u00eat et une excursion dans le village de Chingana. A partir de ce point commence la \u00abzone de r\u00e9cup\u00e9ration\u00bb de la r\u00e9serve, o\u00f9 il n\u2019y a pas de pr\u00e9sence humaine permanente et o\u00f9 les activit\u00e9s de chasse et d\u2019agriculture sont limit\u00e9es. Cette zone est donc extr\u00eamement riche en faune, et selon la saison il est possible d\u2019y observer entre autres la loutre g\u00e9ante, de nombreuses esp\u00e8ces de singes, des paresseux, des dauphins roses, et les deux esp\u00e8ces de ca\u00efmans: le ca\u00efman noir et le ca\u00efman commun.<br \/>\n13:00-13.30. Nouvel arr\u00eat pour le d\u00e9jeuner dans la zone appel\u00e9e Llacchihuay.<br \/>\n17:00- 18:00 heures. Arriv\u00e9e au Campement de Germ\u00e1n Ca\u00f1o, o\u00f9 nous pr\u00e9parerons le d\u00eener et la nuit.<\/p>\n<p style=\"font-size: 12px\">\u2022 J3: German Cano \/ El Dorado<br \/>\n8:00- 8.30 Apr\u00e8s le petit-d\u00e9jeuner nous continuerons notre p\u00e9riple vers la lagune El Dorado.<br \/>\n12:00- 13:00 heures. Pendant le trajet, arr\u00eat \u00e0 la lagune nomm\u00e9e \u00abPato Cocha\u00bb, o\u00f9 il est possible d\u2019admirer un grand nombre d\u2019oiseaux aquatiques, des dauphins roses, des ca\u00efmans noirs et des loutres g\u00e9antes. Vous pourrez \u00e9galement vous baigner dans la lagune.<br \/>\n16:00-17:00 Arriv\u00e9e au refuge de Canta Gallo, situ\u00e9 sur la rive de la lagune El Dorado, o\u00f9 nous nous installerons pour passer la nuit.<br \/>\nAvant et apr\u00e8s le d\u00eener nous pourrons r\u00e9aliser des excursions en bateau pour observer les ca\u00efmans et certains oiseaux aquatiques.<\/p>\n<p style=\"font-size: 12px\">\u2022 J4: El Dorado<br \/>\n8:00- 8:30 Apr\u00e8s le petit-d\u00e9jeuner, nous effectuerons des excursions en bateau traditionnel et en cano\u00eb sur la lagune et ses affluents.<br \/>\nEn saison s\u00e8che (juin-novembre), il est possible d&rsquo;effectuer des marches interpr\u00e9tatives aux alentours de la lagune pour observer la faune et la flore. Au contraire, durant la saison des pluies, les excursions se r\u00e9alisent en bateau puisque la  for\u00eat est largement inond\u00e9e et qu\u2019il y a peu d\u2019endroits pour marcher.<br \/>\nLa principale attraction de la cocha\u201cEl Dorado\u201d tient \u00e0 la beaut\u00e9 de ses paysages et \u00e0 son abondance en faune associ\u00e9e \u00e0 l\u2019eau : poissons (Piranhas, Arahuanas, Astronautus, Tucunares, etc), ca\u00efmans,  oiseaux aquatiques et mammif\u00e8res amphibies comme le Capybara, le plus gros rongeur du monde, la loutre g\u00e9ante, rarissime, et le lamantin de l&rsquo;Amazone, au bord de l&rsquo;extinction.<br \/>\n Nous pourrons apercevoir avec un peu de chance le \u201cPaiche\u201d (Arapaima gigas), un des plus grands poissons d\u2019eau douce du monde. Depuis plus de 2O ans, le groupe de p\u00eacheurs Yacu Tayta, en collaboration avec la R\u00e9serve, travaille ici \u00e0 la r\u00e9cup\u00e9ration et \u00e0 la protection de cette esp\u00e8ce extr\u00eamement menac\u00e9e partout ailleurs.<\/p>\n<p style=\"font-size: 12px\">\u2022 J5: El Dorado \/ Yarina<br \/>\n8:00-8:30 Apr\u00e8s le petit-d\u00e9jeuner, nous d\u00e9buterons notre voyage de retour jusqu\u2019au lodge en bateau \u00e0 moteur. A mi-chemin nous nous arr\u00eaterons pour d\u00e9jeuner.<br \/>\n16:00 &#8211; 17: 00 heures. Arriv\u00e9e au lodge. Repos et d\u00eener.<br \/>\nLe soir il sera possible de r\u00e9aliser une excursion pour observer la faune alentour.<\/p>\n<p style=\"font-size: 12px\">\u2022 J6: Yarina<br \/>\n8:00- 8:30. Le matin marche interpr\u00e9tative sur les chemins proches du lodge.<br \/>\nNous d\u00e9couvrirons les arbres g\u00e9ants de la for\u00eat, tels les Lupunas (kapokiers) et diff\u00e9rents types d\u2019\u00e9cosyst\u00e8mes qui vont des aires soumises \u00e0 l&rsquo;inondation saisonni\u00e8re jusqu\u2019aux for\u00eats de palmiers inond\u00e9es en permanence.<br \/>\nNotre guide local vous montrera une grande diversit\u00e9 d\u2019esp\u00e8ces v\u00e9g\u00e9tales que la population utilise \u00e0 des fins m\u00e9dicales, alimentaires, pour la construction, pour fabriquer des objets du quotidien, voire \u00e0 des fins magiques. Il est fr\u00e9quent de voir et d\u2019entendre une grande vari\u00e9t\u00e9 d\u2019oiseaux, d\u2019insectes, de reptiles et de primates.<br \/>\n15:30-16:00 heures. Apr\u00e8s le d\u00e9jeuner nous pourrons visiter un village proche de celui de Yarina (120 habitants) afin de d\u00e9couvrir le mode de vie de ses habitants. Nous appr\u00e9cierons l&rsquo;inventivit\u00e9 dont ils font preuve pour g\u00e9rer leurs ressources de fa\u00e7on durable. Par exemple entre les mois de juillet et d\u2019ao\u00fbt, nous d\u00e9couvrirons une activit\u00e9 qu&rsquo;ils mettent en \u0153uvre en partenariat avec les gestionnaires de la R\u00e9serve afin de renforcer les effectifs de la tortue aquatique Taricaya (Podocnemis unifilis).<br \/>\nTr\u00e8s appr\u00e9ci\u00e9s depuis toujours par les populations  amazoniennes, les \u0153ufs de cette tr\u00e8s grande tortue font l&rsquo;objet d&rsquo;une demande si forte qu&rsquo;elle a mis l&rsquo;esp\u00e8ce en danger d&rsquo;extinction. Depuis plus de 20 ans, les communaut\u00e9s de la R\u00e9serve s\u2019occupent de prot\u00e9ger les plages \u00e0 l&rsquo;\u00e9poque de la ponte, de collecter les \u0153ufs de Taricayas dans les nids et de les transf\u00e9rer sur des plages artificielles dans les villages, o\u00f9 les \u00e9closions s&rsquo;op\u00e8rent avec le maximum de succ\u00e8s.  En octobre, la plupart des jeunes tortues sont lib\u00e9r\u00e9es dans la rivi\u00e8re,  un faible pourcentage \u00e9tant vendu comme esp\u00e8ce ornementale \u00e0 des exportateurs d\u2019Iquitos. De cette fa\u00e7on, les habitants obtiennent un revenu non n\u00e9gligeable en contribuant \u00e0 la r\u00e9cup\u00e9ration de l\u2019esp\u00e8ce.<\/p>\n<p style=\"font-size: 12px\">\u2022 J7: Yarina \/ Nauta \/ Iquitos<br \/>\n6:30. Avant le petit-d\u00e9jeuner, au lever du soleil, vous pourrez r\u00e9aliser une excursion fluviale pour voir les oiseaux qui sont de sortie \u00e0 l&rsquo;aube.<br \/>\n8:00- 8:30. Apr\u00e8s le petit-d\u00e9jeuner, d\u00e9part \u00e0 destination de Nauta. Excursion en chemin pour d\u00e9couvrir des arbres g\u00e9ants et observer des \u00e9chantillons de faune.<br \/>\nNous effectuerons ensuite un arr\u00eat pour d\u00e9jeuner dans le village de Veinte de Enero o\u00f9 nous d\u00e9couvrirons le \u00abprojet aguaje\u00bb initi\u00e9 et men\u00e9 \u00e0 bien par Latitud Sur avec des habitants de cette communaut\u00e9.<br \/>\nL&rsquo;aguaje (Mauritia flexuosa), grand palmier particuli\u00e8rement abondant dans la r\u00e9serve, est d&rsquo;une grande importance sur le plan \u00e9conomique (ses fruits font l&rsquo;objet d&rsquo;une demande tr\u00e8s forte en Amazonie, notamment \u00e0 Iquitos) aussi bien que sur le plan \u00e9cologique (les fruits d&rsquo;aguaje nourrissent \u00e9galement quantit\u00e9 de mammif\u00e8res, d&rsquo;oiseaux et m\u00eame de poissons).<br \/>\nLes m\u00e9thodes de r\u00e9colte traditionnelles consistaient \u00e0 couper les arbres pour r\u00e9colter les fruits, ce qui mettait en p\u00e9ril l&rsquo;\u00e9cosyst\u00e8me de la r\u00e9serve dans son ensemble. Aujourd&rsquo;hui, gr\u00e2ce \u00e0 l&rsquo;initiative men\u00e9e par Latitud Sur dans la communaut\u00e9 de Veinte de Enero, les cueilleurs d&rsquo;aguaje escaladent le palmier au moyen d&rsquo;un syst\u00e8me de corde et de planchette mobile, sans endommager l&rsquo;arbre -vous pourrez assister \u00e0 l&rsquo;escalade d&rsquo;un aguaje par un cueilleur de Veinte.  Enfin une unit\u00e9 de fabrication d&rsquo;huile et de savons d&rsquo;aguaje a \u00e9t\u00e9 mise en place  dans le village et fonctionne d\u00e9sormais de fa\u00e7on autonome.<br \/>\nArriv\u00e9e \u00e0 Nauta en d\u00e9but d\u2019apr\u00e8s-midi.<br \/>\nSi vous le d\u00e9sirez, nous pourrons d\u00e9jeuner en ville (ce d\u00e9jeuner n\u2019est pas inclus dans le programme) et nous rendre ensuite au fameux confluent des fleuves Mara\u00f1\u00f3n et Ucayali., o\u00f9 l&rsquo;on situe la naissance du fleuve Amazone.<br \/>\nDe retour \u00e0 Nauta, nous embarquerons dans un v\u00e9hicule priv\u00e9 \u00e0 destination d&rsquo;Iquitos. A l\u2019arriv\u00e9e, nous vous d\u00e9poserons \u00e0 votre h\u00f4tel ou \u00e0 l\u2019a\u00e9roport.<\/p>\n<\/div>\n<p>[tabby title=\u00a0\u00bbD\u00e9tails pratiques\u00a0\u00bb]<\/p>\n<p style=\"font-size: 12px\">\n<h5>Croisi\u00e8re dans la R\u00e9serve Nationale de Pacaya Samiria (P\u00e9rou)<\/H5><\/p>\n<p style=\"font-size: 12px\"><strong>R\u00e9gion :<\/strong> P\u00c9ROU, Province du Loreto<\/p>\n<p style=\"font-size: 12px\"><strong>D\u00e9part \/ Arriv\u00e9e :<\/strong> A\u00e9roport d\u2019Iquitos \/ A\u00e9roport d\u2019Iquitos<\/p>\n<p style=\"font-size: 12px\"><strong>Dur\u00e9e :<\/strong> 7 jours \/ 6 nuits<\/p>\n<p style=\"font-size: 12px\"><strong>Nombre de participants :<\/strong> 4 \u00e0 8 (possible pour les enfants de plus de 8 ans)<\/p>\n<p style=\"font-size: 12px\"><strong>Langue du voyage :<\/strong> Espagnol, Anglais et fran\u00e7ais <\/p>\n<p style=\"font-size: 12px\"><strong>Monnaie locale :<\/strong> Nuevo Sol (S\/.)<\/p>\n<p style=\"font-size: 12px\"><strong>Visa :<\/strong> Pas de visa pour un s\u00e9jour inf\u00e9rieur \u00e0 90 jours<\/p>\n<p style=\"font-size: 12px\"><strong>Fleuves navigu\u00e9s :<\/strong> Amazonas, Mara\u00f1on, Yarina<\/p>\n<p style=\"font-size: 12px\"><strong>SANT\u00c9<\/strong><\/p>\n<p style=\"font-size: 12px\">Vaccination recommand\u00e9e contre la fi\u00e8vre jaune au minimum 3 semaines avant le d\u00e9part.<\/p>\n<p style=\"font-size: 12px\">Pr\u00e9vention contre le paludisme recommand\u00e9e.<\/p>\n<p style=\"font-size: 12px\">Prendre obligatoirement une assurance individuelle \u00ab assistance-rapatriement \u00bb avec votre billet.<\/p>\n<p>[tabby title=\u00a0\u00bbCarte d\u00e9taill\u00e9e\u00a0\u00bb]<br \/>\n<a href=\"https:\/\/latitudsur.org\/voyage\/wp-content\/uploads\/sites\/3\/2015\/06\/carte.gif\"><img loading=\"lazy\" decoding=\"async\" class=\"alignnone size-full wp-image-561\" src=\"https:\/\/latitudsur.org\/voyage\/wp-content\/uploads\/sites\/3\/2015\/06\/carte.gif\" alt=\"carte\" width=\"709\" height=\"500\" \/><\/a><\/p>\n<p>[tabby title=\u00a0\u00bbBudget\u00a0\u00bb]<\/p>\n<p style=\"font-size: 12px\">Tarifs par personne en pension compl\u00e8te:<\/p>\n<p style=\"font-size: 12px\">D\u00e9part assur\u00e9 si 4 passagers (aux dates de votre choix)<\/p>\n<p style=\"font-size: 12px\">1240 U$D \u00e0 partir de 4 passagers (Circuit de 7 jours\/6 nuits)<br \/>\n830 U$D \u00e0 partir de 4 passagers (Circuit de 6 jours\/5 nuits)<\/p>\n<p style=\"font-size: 12px\">R\u00e9ductions progressives pour groupes sup\u00e9rieurs \u00e0 5 personnes<\/p>\n<p style=\"font-size: 12px\"><strong>Ces tarifs n&rsquo;incluent pas<\/strong>:<\/p>\n<p style=\"font-size: 12px\">&#8211; Les vols internationaux et nationaux<\/p>\n<p style=\"font-size: 12px\">&#8211; H\u00f4tel, transferts a\u00e9roport et repas \u00e0 Lima \u00e0 l&rsquo;aller et au retour<\/p>\n<p style=\"font-size: 12px\">&#8211; Les achats personnels comme l&rsquo;artisanat et pourboires \u00e9ventuels<\/p>\n<p>[tabby title=\u00a0\u00bbR\u00e9servation et inscription\u00a0\u00bb]<\/p>\n<p style=\"font-size: 12px\">Les \u00e9tapes d&rsquo;inscription sont les suivantes :<br \/>\n1) Formulaire avec vos coordonn\u00e9es<br \/>\n2) E-mail de confirmation par Latitud Sur de la disponibilit\u00e9<br \/>\n3) Paiement de l&rsquo;acompte<br \/>\n4) E-mail de confirmation par Latitud Sur du paiement de l&rsquo;acompte.<\/p>\n<p style=\"font-size: 12px\"><strong>A l\u2019issue de ces 4 \u00e9tapes vous voil\u00e0 inscrit !<\/strong><\/p>\n<p>Suivent quelques d\u00e9marches simples pour compl\u00e9ter votre dossier et vous permettre d\u2019obtenir toutes les informations n\u00e9cessaires \u00e0 une bonne pr\u00e9paration de votre voyage.<br \/>\nConseils pour l&rsquo;achats des billets d&rsquo;avion.<br \/>\nPr\u00e9paration au voyage: envoi de la feuille de route pour rejoindre Iquitos et le bateau + nos fiches-conseils<\/p>\n<p style=\"font-size: 12px\">Puis peu avant le voyage: Paiement du solde.<\/p>\n<p><div id=\"usermessagea\" class=\"cf_info \"><\/div><form enctype=\"multipart\/form-data\" action=\"\/voyage\/fr\/wp-json\/wp\/v2\/pages\/131#usermessagea\" method=\"post\" class=\"cform reservation-fr \" id=\"cformsform\"><fieldset class=\"cf-fs1\" style=\"\"><legend>Mes coordonn\u00e9es<\/legend><ol class=\"cf-ol\"><li id=\"li--2\" class=\"\"><label id=\"label--2\" for=\"cf_field_2\"><span>Pr\u00e9nom<\/span><\/label><input type=\"text\" name=\"cf_field_2\" id=\"cf_field_2\" class=\"single fldrequired\" value=\"\" onfocus=\"clearField(this)\" onblur=\"setField(this)\" title=\"\"\/><span class=\"reqtxt\">(required)<\/span><\/li><li id=\"li--3\" class=\"\"><label id=\"label--3\" for=\"cf_field_3\"><span>Nom<\/span><\/label><input type=\"text\" name=\"cf_field_3\" id=\"cf_field_3\" class=\"single fldrequired\" value=\"\" title=\"\"\/><span class=\"reqtxt\">(required)<\/span><\/li><li id=\"li--4\" class=\"\"><label id=\"label--4\" for=\"cf_field_4\"><span>Adresse<\/span><\/label><input type=\"text\" name=\"cf_field_4\" id=\"cf_field_4\" class=\"single fldrequired\" value=\"\" title=\"\"\/><span class=\"reqtxt\">(required)<\/span><\/li><li id=\"li--5\" class=\"\"><label id=\"label--5\" for=\"cf_field_5\"><span>Code Postal<\/span><\/label><input type=\"text\" name=\"cf_field_5\" id=\"cf_field_5\" class=\"single fldrequired\" value=\"\" title=\"\"\/><span class=\"reqtxt\">(required)<\/span><\/li><li id=\"li--6\" class=\"\"><label id=\"label--6\" for=\"cf_field_6\"><span>Ville<\/span><\/label><input type=\"text\" name=\"cf_field_6\" id=\"cf_field_6\" class=\"single fldrequired\" value=\"\" title=\"\"\/><span class=\"reqtxt\">(required)<\/span><\/li><li id=\"li--7\" class=\"\"><label id=\"label--7\" for=\"cf_field_7\"><span>Pays<\/span><\/label><input type=\"text\" name=\"cf_field_7\" id=\"cf_field_7\" class=\"single fldrequired\" value=\"\" title=\"\"\/><span class=\"reqtxt\">(required)<\/span><\/li><li id=\"li--8\" class=\"\"><label id=\"label--8\" for=\"cf_field_8\"><span>Courriel<\/span><\/label><input type=\"text\" name=\"cf_field_8\" id=\"cf_field_8\" class=\"single fldemail fldrequired\" value=\"\" title=\"\"\/><span class=\"emailreqtxt\">(valid email required)<\/span><\/li><li id=\"li--9\" class=\"\"><label id=\"label--9\" for=\"cf_field_9\"><span>T\u00e9l\u00e9phone<\/span><\/label><input type=\"text\" name=\"cf_field_9\" id=\"cf_field_9\" class=\"single fldrequired\" value=\"\" title=\"\"\/><span class=\"reqtxt\">(required)<\/span><\/li><li id=\"li--10\" class=\"\"><label id=\"label--10\" for=\"cf_field_10\"><span>Date de Naissance<\/span><\/label><input required=\"required\"  type=\"date\" name=\"cf_field_10\" id=\"cf_field_10\" class=\" fldrequired\" value=\"\" title=\"\"\/><span class=\"reqtxt\">(required)<\/span><\/li><li id=\"li--11\" class=\"\"><label id=\"label--11\" for=\"cf_field_11\"><span>N\u00b0 Passeport<\/span><\/label><input type=\"text\" name=\"cf_field_11\" id=\"cf_field_11\" class=\"single\" value=\"\" title=\"\"\/><\/li><li id=\"li--12\" class=\"\"><label id=\"label--12\" for=\"cf_field_12\"><span>Date de validit\u00e9<\/span><\/label><input  type=\"date\" name=\"cf_field_12\" id=\"cf_field_12\" class=\"\" value=\"\" title=\"\"\/><\/li><li id=\"li--13\" class=\"\"><label id=\"label--13\" for=\"cf_field_13\"><span>Mes dates de voyage \/ Question<\/span><\/label><textarea cols=\"30\" rows=\"8\" name=\"cf_field_13\" id=\"cf_field_13\" class=\"area\" title=\"\"><\/textarea><\/li><\/ol><\/fieldset><fieldset class=\"cf-fs2\" style=\"\"><legend>S\u00e9curit\u00e9<\/legend><ol class=\"cf-ol\"><li id=\"li--16\" class=\"\"><label for=\"cf_field_16\" class=\"secq\"><span>3+8 ?<\/span><\/label><input type=\"text\" name=\"cforms2_question_and_answer\" id=\"cf_field_16\" class=\"secinput fldrequired \" title=\"\"\/><input type=\"hidden\" name=\"cforms2_question_and_answer\/hint\" value=\"0\"\/><\/li><\/ol><\/fieldset><fieldset class=\"cf_hidden\"><legend>&nbsp;<\/legend><input type=\"hidden\" name=\"cf_working\" id=\"cf_working\" value=\"One moment please...\"\/><input type=\"hidden\" name=\"cf_failure\" id=\"cf_failure\" value=\"Merci de remplir toutes les informations demand\u00e9es\"\/><input type=\"hidden\" name=\"cf_customerr\" id=\"cf_customerr\" value=\"y\"\/><\/fieldset><p class=\"cf-sb\"><input type=\"submit\" name=\"sendbutton\" id=\"sendbutton\" class=\"sendbutton\" value=\"Envoyer\" \/><\/p><\/form><br \/>\n[tabbyending]<\/p>","protected":false},"excerpt":{"rendered":"<p>Circuit \u00ab\u00a0El Dorado\u00a0\u00bb &#8211; R\u00e9serve Pacaya Samiria Devis sur demande D\u00e9couvrez la R\u00e9serve Nationale Pacaya Samiria, la plus grande r\u00e9serve nationale du P\u00e9rou Connue comme une des zones les plus riches en biodiversit\u00e9 au monde, elle abrite plus de 250<span class=\"ellipsis\">&hellip;<\/span><\/p>\n<div class=\"read-more\"><a href=\"https:\/\/latitudsur.org\/voyage\/fr\/voyagez\/perou\/croisiere-pacaya-samiria\/\">Lire la suite &#8250;<\/a><\/div>\n<p><!-- end of .read-more --><\/p>\n","protected":false},"author":1,"featured_media":0,"parent":74,"menu_order":0,"comment_status":"open","ping_status":"open","template":"template-page.php","meta":{"footnotes":""},"class_list":["post-131","page","type-page","status-publish","hentry"],"_links":{"self":[{"href":"https:\/\/latitudsur.org\/voyage\/fr\/wp-json\/wp\/v2\/pages\/131","targetHints":{"allow":["GET"]}}],"collection":[{"href":"https:\/\/latitudsur.org\/voyage\/fr\/wp-json\/wp\/v2\/pages"}],"about":[{"href":"https:\/\/latitudsur.org\/voyage\/fr\/wp-json\/wp\/v2\/types\/page"}],"author":[{"embeddable":true,"href":"https:\/\/latitudsur.org\/voyage\/fr\/wp-json\/wp\/v2\/users\/1"}],"replies":[{"embeddable":true,"href":"https:\/\/latitudsur.org\/voyage\/fr\/wp-json\/wp\/v2\/comments?post=131"}],"version-history":[{"count":0,"href":"https:\/\/latitudsur.org\/voyage\/fr\/wp-json\/wp\/v2\/pages\/131\/revisions"}],"up":[{"embeddable":true,"href":"https:\/\/latitudsur.org\/voyage\/fr\/wp-json\/wp\/v2\/pages\/74"}],"wp:attachment":[{"href":"https:\/\/latitudsur.org\/voyage\/fr\/wp-json\/wp\/v2\/media?parent=131"}],"curies":[{"name":"wp","href":"https:\/\/api.w.org\/{rel}","templated":true}]}}