{"id":133,"date":"2015-03-09T16:20:54","date_gmt":"2015-03-09T15:20:54","guid":{"rendered":"http:\/\/latitudsur.org\/voyage\/?page_id=133"},"modified":"2015-03-09T16:20:54","modified_gmt":"2015-03-09T15:20:54","slug":"croisiere-curaray","status":"publish","type":"page","link":"https:\/\/latitudsur.org\/voyage\/fr\/voyagez\/perou\/croisiere-curaray\/","title":{"rendered":"CircuitTapiche"},"content":{"rendered":"<p><a style=\"float:right\" href=\"\/voyage\/wp-content\/uploads\/sites\/3\/2015\/06\/accueil1.jpg\"><img loading=\"lazy\" decoding=\"async\" class=\"size-medium wp-image-560\" src=\"\/voyage\/wp-content\/uploads\/sites\/3\/2015\/06\/accueil1-265x300.jpg\" alt=\"accueil\" width=\"265\" height=\"300\" srcset=\"https:\/\/latitudsur.org\/voyage\/wp-content\/uploads\/sites\/3\/2015\/06\/accueil1-265x300.jpg 265w, https:\/\/latitudsur.org\/voyage\/wp-content\/uploads\/sites\/3\/2015\/06\/accueil1.jpg 398w\" sizes=\"auto, (max-width: 265px) 100vw, 265px\" \/><\/a><\/p>\n<h2 \/><img loading=\"lazy\" decoding=\"async\" style=\"float:left\" src=\"https:\/\/latitudsur.org\/voyage\/wp-content\/uploads\/sites\/3\/2015\/06\/ptchaman.gif\" alt=\"ptchaman\" width=\"97\" height=\"97\" \/><br \/>Rio Tapiche<br \/>Croisi\u00e8re au P\u00e9rou<\/h2>\n<p align=\"justify\">\n<span style=\"color: #1fa51c;font-size:16px;font-weight:bold\"><strong>Devis sur demande<\/span><br \/>\n<span style=\"color: #725F1F;font-weight:bold\"><\/span><\/p>\n<h4 align=\"justify\" style=\"color: #800000;font-weight:normal\">Une immersion exceptionnelle au c\u0153ur de la for\u00eat amazonienne&#8230;<\/h4>\n<\/p>\n<p align=\"justify\">Latitud Sur est le seul op\u00e9rateur \u00e0 proposer en une seule croisi\u00e8re la visite de deux r\u00e9serves nationales : la fameuse R\u00e9serve Pacaya Samiria et la secr\u00e8te R\u00e9serve Matses.\n<\/p>\n<p align=\"justify\">Une croisi\u00e8re de 12 jours sur l&#039;un des fleuves les plus sauvages d\u2019Amazonie p\u00e9ruvienne, le Rio Tapiche, \u00e0 la rencontre des derniers indiens Matses, \u00e0 bord du Selva Viva, un bateau traditionnel en bois qui sillonne l\u2019Amazonie pour pr\u00e9server la biodiversit\u00e9. Un voyage en tout petit groupe (10 passagers maximum), au plus pr\u00e8s de la nature tout en assurant votre confort et votre s\u00e9curit\u00e9. Une exp\u00e9dition unique dans une zone proche de la fronti\u00e8re br\u00e9silienne o\u00f9 aucun op\u00e9rateur touristique ne voyage de mani\u00e8re r\u00e9guli\u00e8re !<\/p>\n<p align=\"center\"><a href=\"\/voyage\/wp-content\/uploads\/sites\/3\/2015\/06\/pt12.jpg\"><img decoding=\"async\" style=\"border:7px solid #FFFFFF;width:210px;height:155px\" src=\"\/voyage\/wp-content\/uploads\/sites\/3\/2015\/06\/pt12.jpg\" alt=\"pt1\" \/><\/a> <a href=\"\/voyage\/wp-content\/uploads\/sites\/3\/2015\/06\/pt22.jpg\"><img decoding=\"async\" style=\"border:7px solid #FFFFFF;width:210px;height:155px\" src=\"\/voyage\/wp-content\/uploads\/sites\/3\/2015\/06\/pt22.jpg\" alt=\"pt2\" \/><\/a> <a href=\"\/voyage\/wp-content\/uploads\/sites\/3\/2015\/06\/pt32.jpg\"><img decoding=\"async\" style=\"border:7px solid #FFFFFF;width:210px;height:155px\" src=\"\/voyage\/wp-content\/uploads\/sites\/3\/2015\/06\/pt32.jpg\" alt=\"pt3\" \/><\/a><\/p>\n<p>[tabby title=\u00a0\u00bbDescription du s\u00e9jour\u00a0\u00bb]<\/p>\n<div>\nJ1 : R\u00e9ception \u00e0 l\u2019a\u00e9roport ou \u00e0 votre h\u00f4tel en matin\u00e9e (le plus t\u00f4t sera le mieux) et transfert jusqu\u2019au port en minibus priv\u00e9 ou taxi. Accueil sur le M\/F \u201cSelva Viva\u201d, installation dans votre cabine et d\u00e9part de la croisi\u00e8re. D\u00e9jeuner en terrasse pendant la navigation. Arriv\u00e9e en fin d\u2019apr\u00e8s-midi \u00e0 la Quebrada Tamshyacu. Balade \u00e0 pied ou en bateau auxiliaire pour un premier contact avec la for\u00eat tropicale. D\u00eener et nuit sur un site isol\u00e9.<\/p>\n<p>J2 : Petit d\u00e9jeuner \u00e0 bord pendant que nous naviguons jusqu\u2019au petit village de Hueyci. Excursion \u00e0 pied avec un guide sp\u00e9cialiste des poissons ornementaux. Il nous pr\u00e9sentera quelques curieux sp\u00e9cimens de poissons qui peuplent les eaux de l\u2019Amazonie et nous terminerons la ballade dans le village de Santa Cruz pour observer la jungle depuis les hauteurs. Retour au bateau pour le d\u00e9jeuner. Navigation jusqu\u2019\u00e0 Yanayacu de Yacapana. P\u00eache en fin d\u2019apr\u00e8s-midi. Diner et nuit \u00e0 bord pr\u00e8s du village. <\/p>\n<p>J3 : Excursion t\u00f4t le matin en bateau annexe pour explorer le r\u00e9seau de lagunes qui bordent le village. Observation de nombreuses esp\u00e8ces d\u2019oiseaux et possibilit\u00e9 de p\u00eache. Retour au bateau puis reprise de la navigation pour rentrer sur l\u2019\u00e9troite rivi\u00e8re Yarapa. Arriv\u00e9e au village de Jaldar pour une ballade avec un guide sp\u00e9cialiste des plantes m\u00e9dicinales. Pr\u00e9sentation d\u2019un large \u00e9ventail d\u2019artisanat traditionnel par les villageoises. Possibilit\u00e9 de p\u00eache sur une lagune au coucher du soleil.<\/p>\n<p>J4 : Petit d\u00e9jeuner pendant que nous naviguons jusqu\u2019\u00e0 San Jos\u00e9 de Panarapura dans la r\u00e9serve nationale Pacaya Samiria. Marche en for\u00eat pour observer le Hoatzin, esp\u00e8ce d\u2019oiseau pr\u00e9historique et les Victorias R\u00e9gias\/Amazonicas (n\u00e9nuphars g\u00e9ants).<\/p>\n<p>J5 : Nous d\u00e9buterons la navigation t\u00f4t le matin pour atteindre la Quebrada (petit cours d\u2019eau) Supay. Petit d\u00e9jeuner et d\u00e9jeuner \u00e0 bord. Nous partirons en d\u00e9but d\u2019apr\u00e8s-midi pour rejoindre la communaut\u00e9 Aucayacu en bateau annexe. Premi\u00e8re rencontre avec une famille Mats\u00e9s. Visite de la communaut\u00e9 et de ses alentours. Retour au bateau en fin d\u2019apr\u00e8s-midi. Nuit \u00e0 l\u2019entr\u00e9e de la Quebrada Supay.<\/p>\n<p>J6 : Petit d\u00e9jeuner puis sortie pour une randonn\u00e9e (environ 2h) depuis l\u2019entr\u00e9e de la Quebrada jusqu\u2019\u00e0 la communaut\u00e9 Once de Agosto, o\u00f9 nous attendra le Selva Viva. Nous reprendrons la navigation pour entrer sur le Rio Tapiche jusqu\u2019\u00e0 la Quebrada Yarina en fin d\u2019apr\u00e8s-midi. Exploration en bateau et possibilit\u00e9 de p\u00eache au piranha. D\u00eener et nuit \u00e0 bord.<\/p>\n<p>J7 : Nous reprendrons la navigation vers 5h pour atteindre la Quebrada Alem\u00e1n en milieu de matin\u00e9e. Sortie en bateau annexe jusqu\u2019\u00e0 la communaut\u00e9 Monte Sina\u00ef. D\u00e9couverte de la communaut\u00e9 et rencontre avec les habitants qui nous pr\u00e9senterons leurs activit\u00e9s quotidiennes. Retour au bateau pour le d\u00e9jeuner et reprise de la navigation jusqu\u2019\u00e0 Galicia o\u00f9 nous arriverons en fin d\u2019apr\u00e8s-midi. D\u00eener puis sortie nocturne \u00e0 la recherche de ca\u00efmans, de singes et d\u2019oiseaux nocturnes.<\/p>\n<p>J8 : D\u00e9marrage des moteurs \u00e0 5h pour naviguer jusqu\u2019\u00e0 la Quebrada Torno. Sortie en auxiliaire jusqu`\u00e0 la communaut\u00e9 homonyme. Visite du village et marche en for\u00eat \u00e0 la recherche du Saki hirsute (Pithecia monachus) et de groupes d\u2019aras. Si nous avons de la chance, nous pourrons apercevoir l\u2019Arapaima Giga, le plus grand poisson d\u2019eau douce au monde. Possibilit\u00e9 de d\u00e9jeuner dans la communaut\u00e9. Retour au bateau vers 17h. D\u00eener et nuit \u00e0 bord.<\/p>\n<p>J9 : D\u00e9marrage \u00e0 7h pour arriver \u00e0 la cocha (lac) Garza en d\u00e9but d\u2019apr\u00e8s-midi. Excursion en auxiliaire pour observer les nombreuses esp\u00e8ces d\u2019oiseaux qui peuplent cet endroit pris\u00e9 des ornithologues du monde entier. Le lieu se situe dans une zone o\u00f9 les scientifiques d\u00e9couvrent encore de nouvelles esp\u00e8ces de faune et flore. Retour au bateau \u00e0 la tomb\u00e9e du jour. D\u00eener et nuit \u00e0 bord. Possibilit\u00e9 de sortie nocturne.<\/p>\n<p>J10 : D\u00e9part \u00e0 7h pour commencer la redescente vers Nauta et Iquitos. Dans la matin\u00e9e, nous explorerons en bateau annexe un petit affluent du Tapiche pour observer la faune et la flore. D\u00e9jeuner \u00e0 bord. Nous ferons escale en d\u00e9but d\u2019apr\u00e8s-midi dans la communaut\u00e9 de Callao et rencontrer une famille Mats\u00e9s. Retour au bateau pour reprendre la navigation jusqu\u2019\u00e0 Galicia o\u00f9 nous passerons la nuit.<\/p>\n<p>J11 : D\u00e9part \u00e0 7h pour atteindre Sapuena aux alentours de 9h. Visite de la communaut\u00e9 et exploration d\u2019un cours d\u2019eau qui porte le m\u00eame nom. Retour au bateau \u00e0 midi et navigation jusqu\u2019\u00e0 l\u2019embouchure des fleuves Ucayali et Mara\u00f1on, l\u2019endroit pr\u00e9cis o\u00f9 prend sa source le mythique fleuve Amazone. Nous remonterons ensuite le Mara\u00f1on jusqu\u2019\u00e0 Fundo Casual, parcelle de for\u00eat primaire de plusieurs hectares o\u00f9 nous partirons en excursion avec un guide local \u00e0 la d\u00e9couverte des arbres g\u00e9ants et de grenouilles tropicales (excursion de jour ou de nuit selon l\u2019heure d\u2019arriv\u00e9e).<\/p>\n<p>J12 : Apr\u00e8s le petit-d\u00e9jeuner, nous partirons explorer en bateau annexe Nauta Ca\u00f1o, un r\u00e9seau de lagunes propice \u00e0 l\u2019observation de nombreuses esp\u00e8ces d\u2019oiseaux, notamment de h\u00e9rons et d\u2019aigles. Il est \u00e9galement fr\u00e9quent d\u2019y observer des iguanes et des groupes de singes \u00e9cureuils. Retour au bateau avant le d\u00e9jeuner. Nous naviguerons jusqu\u2019\u00e0 Nauta, notre port d\u2019arriv\u00e9e. Visite de cette petite ville exotique. Nous nous rendrons jusqu\u2019au parc Sapi-Sapi pour observer les Arapa\u00efmas gigas (poisson d\u2019eau douce le plus grand au monde), les tortues et les ca\u00efmans. Transfert en milieu d\u2019apr\u00e8s-midi jusqu\u2019\u00e0 Iquitos.<\/p>\n<\/div>\n<p>[tabby title=\u00a0\u00bbD\u00e9tails pratiques\u00a0\u00bb]<\/p>\n<p style=\"font-size:12px\"><strong>Rio Tapiche sur le bateau \u00ab\u00a0Selva Viva\u00a0\u00bb<\/strong><\/p>\n<p style=\"font-size:12px\">    R\u00e9gion : P\u00c9ROU, Province du Loreto<\/p>\n<p style=\"font-size:12px\">    D\u00e9part \/ Arriv\u00e9e : A\u00e9roport d\u2019Iquitos \/ A\u00e9roport d\u2019Iquitos<\/p>\n<p style=\"font-size:12px\">    Dur\u00e9e : 12 jours \/ 11 nuits sur le bateau \u00ab Selva Viva \u00bb<\/p>\n<p style=\"font-size:12px\">    Nombre de participants : 4 \u00e0 10<\/p>\n<p style=\"font-size:12px\">    Langue du voyage : Espagnol traduit en Fran\u00e7ais par un accompagnateur fran\u00e7ais<\/p>\n<p style=\"font-size:12px\">    Monnaie locale : Nuevo Sol (S\/.)<\/p>\n<p style=\"font-size:12px\">    Visa : Pas de visa pour un s\u00e9jour inf\u00e9rieur \u00e0 90 jours<\/p>\n<p style=\"font-size:12px\">    Formalit\u00e9s : Passeport valable 6 mois apr\u00e8s la date d\u2019arriv\u00e9e<\/p>\n<p style=\"font-size:12px\">    Climat : Chaud (27\u00b0C avec des pointes \u00e0 30\u00b0C) et humide (90 % d\u2019hygrom\u00e9trie)<br \/>\n    Averses fr\u00e9quentes en Amazonie toute l\u2019ann\u00e9e, mais aussi soleil presque tous les jours<\/p>\n<p style=\"font-size:12px\">    Equipement : V\u00eatements l\u00e9gers (liste sur demande).<br \/>\n    Pr\u00e9voyez de vous couvrir en Amazonie (manches longues et pantalons longs) \u00e0 cause des moustiques, m\u00eame si toutes les chambres sont \u00e9quip\u00e9es de moustiquaires.<br \/>\n    Cr\u00e8mes anti-moustique et solaire.<br \/>\n    Bottes fournies pour les marches en for\u00eat (sauf pointures sup\u00e9rieures \u00e0 43).<\/p>\n<p style=\"font-size:12px\">Logement<\/p>\n<p style=\"font-size:12px\">11 nuits \u00e0 bord du Selva Viva en cabines simples, doubles ou matrimoniales *** poss\u00e9dant 2 salles de bain &#8211; WC Cuisine : cuisine familiale franco-p\u00e9ruvienne s\u2019adaptant \u00e0 vos pr\u00e9f\u00e9rences<\/p>\n<p>Guides autochtones sur le Tapiche.<\/p>\n<p><strong>Sant\u00e9<\/strong><\/p>\n<p style=\"font-size:12px\">    Vaccination recommand\u00e9e contre la fi\u00e8vre jaune au minimum 3 semaines avant le d\u00e9part.<\/p>\n<p style=\"font-size:12px\">    Pr\u00e9vention contre le paludisme recommand\u00e9e.<\/p>\n<p style=\"font-size:12px\">    Prendre obligatoirement une assurance individuelle \u00ab assistance-rapatriement \u00bb avec votre billet.<\/p>\n<p>[tabby title=\u00a0\u00bbCarte d\u00e9taill\u00e9e\u00a0\u00bb]<br \/>\n<a href=\"\/voyage\/wp-content\/uploads\/sites\/3\/2015\/03\/Tapiche_map.png\"><img decoding=\"async\" src=\"\/voyage\/wp-content\/uploads\/sites\/3\/2015\/03\/Tapiche_map.png\" alt=\"map\" class=\"aligncenter size-medium wp-image-561\" \/><\/a><\/p>\n<p>[tabby title=\u00a0\u00bbBudget\u00a0\u00bb]<\/p>\n<p style=\"font-size:12px\">Tarifs par personne en pension compl\u00e8te:<\/p>\n<p style=\"font-size:12px\">    D\u00e9part assur\u00e9 si 4 passagers (aux dates de votre choix)<\/p>\n<p style=\"font-size:12px\">    2990 U$D sur la base de 4 passagers<\/p>\n<p style=\"font-size:12px\">    Remise progressive si vous formez un groupe sup\u00e9rieur \u00e0 4 passagers<\/p>\n<p style=\"font-size:12px\">    Capacit\u00e9 maximale du bateau pour ce voyage : 10 passagers<\/p>\n<p style=\"font-size:12px\"><strong>Ces tarifs n&rsquo;incluent pas:<\/strong><\/p>\n<p style=\"font-size:12px\">    Les vols internationaux et nationaux<\/p>\n<p style=\"font-size:12px\">    H\u00f4tel, transferts a\u00e9roport et repas \u00e0 Lima \u00e0 l&#039;aller et au retour<\/p>\n<p style=\"font-size:12px\">    Les boissons alcoolis\u00e9es et les sodas \u00e0 bord<\/p>\n<p style=\"font-size:12px\">    Les achats personnels comme l&#039;artisanat et pourboires \u00e9ventuels<\/p>\n<p>[tabby title=\u00a0\u00bbR\u00e9servation et inscription\u00a0\u00bb]<\/p>\n<p style=\"font-size:12px\">Les \u00e9tapes d&#039;inscription sont les suivantes :<br \/>\n    1) Formulaire avec vos coordonn\u00e9es<br \/>\n    2) E-mail de confirmation par Latitud Sur de la disponibilit\u00e9<br \/>\n    3) Paiement de l&#039;acompte<br \/>\n    4) E-mail de confirmation par Latitud Sur du paiement de l&#039;acompte.<\/p>\n<p style=\"font-size:12px\">    A l\u2019issue de ces 4 \u00e9tapes vous voil\u00e0 inscrit !<br \/>\n    Suivent quelques d\u00e9marches simples pour compl\u00e9ter votre dossier et vous permettre d\u2019obtenir toutes les informations n\u00e9cessaires \u00e0 une bonne pr\u00e9paration de votre voyage.<br \/>\n    Conseils pour l&#039;achats des billets d&#039;avion.<br \/>\n    Pr\u00e9paration au voyage: envoi de la feuille de route pour rejoindre Iquitos et le bateau + nos fiches-conseils<\/p>\n<p style=\"font-size:12px\">    Puis peu avant le voyage: Paiement du solde.<\/p>\n<p><div id=\"usermessagea\" class=\"cf_info \"><\/div><form enctype=\"multipart\/form-data\" action=\"\/voyage\/fr\/wp-json\/wp\/v2\/pages\/133#usermessagea\" method=\"post\" class=\"cform reservation-fr \" id=\"cformsform\"><fieldset class=\"cf-fs1\" style=\"\"><legend>Mes coordonn\u00e9es<\/legend><ol class=\"cf-ol\"><li id=\"li--2\" class=\"\"><label id=\"label--2\" for=\"cf_field_2\"><span>Pr\u00e9nom<\/span><\/label><input type=\"text\" name=\"cf_field_2\" id=\"cf_field_2\" class=\"single fldrequired\" value=\"\" onfocus=\"clearField(this)\" onblur=\"setField(this)\" title=\"\"\/><span class=\"reqtxt\">(required)<\/span><\/li><li id=\"li--3\" class=\"\"><label id=\"label--3\" for=\"cf_field_3\"><span>Nom<\/span><\/label><input type=\"text\" name=\"cf_field_3\" id=\"cf_field_3\" class=\"single fldrequired\" value=\"\" title=\"\"\/><span class=\"reqtxt\">(required)<\/span><\/li><li id=\"li--4\" class=\"\"><label id=\"label--4\" for=\"cf_field_4\"><span>Adresse<\/span><\/label><input type=\"text\" name=\"cf_field_4\" id=\"cf_field_4\" class=\"single fldrequired\" value=\"\" title=\"\"\/><span class=\"reqtxt\">(required)<\/span><\/li><li id=\"li--5\" class=\"\"><label id=\"label--5\" for=\"cf_field_5\"><span>Code Postal<\/span><\/label><input type=\"text\" name=\"cf_field_5\" id=\"cf_field_5\" class=\"single fldrequired\" value=\"\" title=\"\"\/><span class=\"reqtxt\">(required)<\/span><\/li><li id=\"li--6\" class=\"\"><label id=\"label--6\" for=\"cf_field_6\"><span>Ville<\/span><\/label><input type=\"text\" name=\"cf_field_6\" id=\"cf_field_6\" class=\"single fldrequired\" value=\"\" title=\"\"\/><span class=\"reqtxt\">(required)<\/span><\/li><li id=\"li--7\" class=\"\"><label id=\"label--7\" for=\"cf_field_7\"><span>Pays<\/span><\/label><input type=\"text\" name=\"cf_field_7\" id=\"cf_field_7\" class=\"single fldrequired\" value=\"\" title=\"\"\/><span class=\"reqtxt\">(required)<\/span><\/li><li id=\"li--8\" class=\"\"><label id=\"label--8\" for=\"cf_field_8\"><span>Courriel<\/span><\/label><input type=\"text\" name=\"cf_field_8\" id=\"cf_field_8\" class=\"single fldemail fldrequired\" value=\"\" title=\"\"\/><span class=\"emailreqtxt\">(valid email required)<\/span><\/li><li id=\"li--9\" class=\"\"><label id=\"label--9\" for=\"cf_field_9\"><span>T\u00e9l\u00e9phone<\/span><\/label><input type=\"text\" name=\"cf_field_9\" id=\"cf_field_9\" class=\"single fldrequired\" value=\"\" title=\"\"\/><span class=\"reqtxt\">(required)<\/span><\/li><li id=\"li--10\" class=\"\"><label id=\"label--10\" for=\"cf_field_10\"><span>Date de Naissance<\/span><\/label><input required=\"required\"  type=\"date\" name=\"cf_field_10\" id=\"cf_field_10\" class=\" fldrequired\" value=\"\" title=\"\"\/><span class=\"reqtxt\">(required)<\/span><\/li><li id=\"li--11\" class=\"\"><label id=\"label--11\" for=\"cf_field_11\"><span>N\u00b0 Passeport<\/span><\/label><input type=\"text\" name=\"cf_field_11\" id=\"cf_field_11\" class=\"single\" value=\"\" title=\"\"\/><\/li><li id=\"li--12\" class=\"\"><label id=\"label--12\" for=\"cf_field_12\"><span>Date de validit\u00e9<\/span><\/label><input  type=\"date\" name=\"cf_field_12\" id=\"cf_field_12\" class=\"\" value=\"\" title=\"\"\/><\/li><li id=\"li--13\" class=\"\"><label id=\"label--13\" for=\"cf_field_13\"><span>Mes dates de voyage \/ Question<\/span><\/label><textarea cols=\"30\" rows=\"8\" name=\"cf_field_13\" id=\"cf_field_13\" class=\"area\" title=\"\"><\/textarea><\/li><\/ol><\/fieldset><fieldset class=\"cf-fs2\" style=\"\"><legend>S\u00e9curit\u00e9<\/legend><ol class=\"cf-ol\"><li id=\"li--16\" class=\"\"><label for=\"cf_field_16\" class=\"secq\"><span>3+8 ?<\/span><\/label><input type=\"text\" name=\"cforms2_question_and_answer\" id=\"cf_field_16\" class=\"secinput fldrequired \" title=\"\"\/><input type=\"hidden\" name=\"cforms2_question_and_answer\/hint\" value=\"0\"\/><\/li><\/ol><\/fieldset><fieldset class=\"cf_hidden\"><legend>&nbsp;<\/legend><input type=\"hidden\" name=\"cf_working\" id=\"cf_working\" value=\"One moment please...\"\/><input type=\"hidden\" name=\"cf_failure\" id=\"cf_failure\" value=\"Merci de remplir toutes les informations demand\u00e9es\"\/><input type=\"hidden\" name=\"cf_customerr\" id=\"cf_customerr\" value=\"y\"\/><\/fieldset><p class=\"cf-sb\"><input type=\"submit\" name=\"sendbutton\" id=\"sendbutton\" class=\"sendbutton\" value=\"Envoyer\" \/><\/p><\/form><br \/>\n[tabbyending]<\/p>","protected":false},"excerpt":{"rendered":"<p>Rio TapicheCroisi\u00e8re au P\u00e9rou Devis sur demande Une immersion exceptionnelle au c\u0153ur de la for\u00eat amazonienne&#8230; Latitud Sur est le seul op\u00e9rateur \u00e0 proposer en une seule croisi\u00e8re la visite de deux r\u00e9serves nationales : la fameuse R\u00e9serve Pacaya Samiria<span class=\"ellipsis\">&hellip;<\/span><\/p>\n<div class=\"read-more\"><a href=\"https:\/\/latitudsur.org\/voyage\/fr\/voyagez\/perou\/croisiere-curaray\/\">Lire la suite &#8250;<\/a><\/div>\n<p><!-- end of .read-more --><\/p>\n","protected":false},"author":1,"featured_media":0,"parent":74,"menu_order":0,"comment_status":"open","ping_status":"closed","template":"template-page.php","meta":{"footnotes":""},"class_list":["post-133","page","type-page","status-publish","hentry"],"_links":{"self":[{"href":"https:\/\/latitudsur.org\/voyage\/fr\/wp-json\/wp\/v2\/pages\/133","targetHints":{"allow":["GET"]}}],"collection":[{"href":"https:\/\/latitudsur.org\/voyage\/fr\/wp-json\/wp\/v2\/pages"}],"about":[{"href":"https:\/\/latitudsur.org\/voyage\/fr\/wp-json\/wp\/v2\/types\/page"}],"author":[{"embeddable":true,"href":"https:\/\/latitudsur.org\/voyage\/fr\/wp-json\/wp\/v2\/users\/1"}],"replies":[{"embeddable":true,"href":"https:\/\/latitudsur.org\/voyage\/fr\/wp-json\/wp\/v2\/comments?post=133"}],"version-history":[{"count":0,"href":"https:\/\/latitudsur.org\/voyage\/fr\/wp-json\/wp\/v2\/pages\/133\/revisions"}],"up":[{"embeddable":true,"href":"https:\/\/latitudsur.org\/voyage\/fr\/wp-json\/wp\/v2\/pages\/74"}],"wp:attachment":[{"href":"https:\/\/latitudsur.org\/voyage\/fr\/wp-json\/wp\/v2\/media?parent=133"}],"curies":[{"name":"wp","href":"https:\/\/api.w.org\/{rel}","templated":true}]}}