{"id":143,"date":"2015-03-09T16:25:37","date_gmt":"2015-03-09T15:25:37","guid":{"rendered":"http:\/\/latitudsur.org\/voyage\/?page_id=143"},"modified":"2015-03-09T16:25:37","modified_gmt":"2015-03-09T15:25:37","slug":"sejours-sur-mesure","status":"publish","type":"page","link":"https:\/\/latitudsur.org\/voyage\/fr\/voyagez\/perou\/sejours-sur-mesure\/","title":{"rendered":"S\u00e9jours sur mesure&#8230;"},"content":{"rendered":"<p><a style=\"float:right\" href=\"\/voyage\/wp-content\/uploads\/sites\/3\/2015\/06\/accueil1.jpg\"><img loading=\"lazy\" decoding=\"async\" class=\"size-medium wp-image-560\" src=\"\/voyage\/wp-content\/uploads\/sites\/3\/2015\/06\/accueil1-265x300.jpg\" alt=\"accueil\" width=\"265\" height=\"300\" srcset=\"https:\/\/latitudsur.org\/voyage\/wp-content\/uploads\/sites\/3\/2015\/06\/accueil1-265x300.jpg 265w, https:\/\/latitudsur.org\/voyage\/wp-content\/uploads\/sites\/3\/2015\/06\/accueil1.jpg 398w\" sizes=\"auto, (max-width: 265px) 100vw, 265px\" \/><\/a><\/p>\n<h2 \/><img loading=\"lazy\" decoding=\"async\" style=\"float:left\" src=\"https:\/\/latitudsur.org\/voyage\/wp-content\/uploads\/sites\/3\/2015\/06\/ptchaman.gif\" alt=\"ptchaman\" width=\"97\" height=\"97\" \/><br \/>Crois\u00e8re sur mesure &#8211; Pas disponible !<br \/>en Amazonie p\u00e9ruvienne<\/h2>\n<p align=\"justify\">\n<span style=\"color: #1fa51c;font-size:16px;font-weight:bold\"><strong>Devis sur demande<\/span><br \/>\n<span style=\"color: #725F1F;font-weight:bold\"><\/span><\/p>\n<h4 align=\"justify\" style=\"color: #800000;font-weight:normal\">Composez votre voyage \u00e0 la carte et au fil de l&#039;eau, dans les plus belles r\u00e9serves naturelles amazoniennes !<br \/>\nUne immersion exceptionnelle&#8230;<\/h4>\n<p><\/strong>\n<\/p>\n<p align=\"justify\">Le Selva Viva, \u00ab la for\u00eat vivante \u00bb en espagnol, est un bateau \u00e9cologique de 22 m de long et 6 m de large sur trois niveaux \u00e9quip\u00e9 de 4 cabines doubles et 2 simples, soit d&#039;une capacit\u00e9 id\u00e9ale de 10 passagers, qui sillonne l&#039;Amazonie pour pr\u00e9server la biodiversit\u00e9 de la for\u00eat p\u00e9ruvienne.\n<\/p>\n<p align=\"justify\">Vous avez ainsi la possibilit\u00e9 de naviguer de 3 \u00e0 30 jours en choisissant la ou les th\u00e9matiques de votre voyage telles que ornithologie, aquariophilie, botanique, p\u00eache sportive, trekking, exp\u00e9dition en zones recul\u00e9es, rencontre avec les autochtones, etc&#8230;<\/p>\n<p align=\"center\"><a href=\"\/voyage\/wp-content\/uploads\/sites\/3\/2015\/06\/pt12.jpg\"><img decoding=\"async\" style=\"border:7px solid #FFFFFF;width:210px;height:155px\" src=\"\/voyage\/wp-content\/uploads\/sites\/3\/2015\/06\/pt12.jpg\" alt=\"pt1\" \/><\/a> <a href=\"\/voyage\/wp-content\/uploads\/sites\/3\/2015\/06\/pt22.jpg\"><img decoding=\"async\" style=\"border:7px solid #FFFFFF;width:210px;height:155px\" src=\"\/voyage\/wp-content\/uploads\/sites\/3\/2015\/06\/pt22.jpg\" alt=\"pt2\" \/><\/a> <a href=\"\/voyage\/wp-content\/uploads\/sites\/3\/2015\/03\/gd3.jpg.jpg\"><img decoding=\"async\" style=\"border:7px solid #FFFFFF;width:210px;height:155px\" src=\"\/voyage\/wp-content\/uploads\/sites\/3\/2015\/03\/gd3.jpg\" alt=\"pt3\" \/><\/a><\/p>\n<p>[tabby title=\u00a0\u00bbDescription du s\u00e9jour\u00a0\u00bb]<\/p>\n<div>\n<p style=\"font-size:12px\"><strong>Voici quelques exemples de s\u00e9jours sur mesure :<br \/>\nPour un budget moyen inf\u00e9rieur ou \u00e9gal \u00e0 150 \u20ac par personne et par jour (base 4 personnes)<\/strong><\/p>\n<p style=\"font-size:12px\">&#8211; un s\u00e9jour solidaire en immersion dans un village am\u00e9rindien (aide \u00e0 la reforestation)<\/p>\n<p style=\"font-size:12px\">&#8211; un trekking en for\u00eat<\/p>\n<p style=\"font-size:12px\">&#8211; un s\u00e9jour bien-\u00eatre dans un centre de soin en for\u00eat<\/p>\n<p style=\"font-size:12px\"><strong>Pour un budget moyen de 200 \u20ac par personne et par jour (base 4 personnes)<\/strong><\/p>\n<p style=\"font-size:12px\">&#8211; 3 jours dans la r\u00e9serve Allpahuayo-Mishana sur le Nanay ou sur le fleuve Yarapa<\/p>\n<p style=\"font-size:12px\">&#8211; 4 jours sur le fleuve Tahuayo<\/p>\n<p style=\"font-size:12px\">&#8211; 5 \u00e0 10 jours dans la r\u00e9serve Pacaya-Samiria<\/p>\n<p style=\"font-size:12px\"><strong>Pour un budget moyen de 200 \u00e0 280 \u20ac par personne et par jour (base 4 personnes)<\/strong><\/p>\n<p style=\"font-size:12px\">&#8211; une travers\u00e9e Selva Viva puis Cargo br\u00e9silien de 9 jours Iquitos-Manaus au Br\u00e9sil<\/p>\n<p style=\"font-size:12px\">&#8211; une travers\u00e9e aventure Equateur-P\u00e9rou Quito-Iquitos en 9 jours sur le fleuve Napo<\/p>\n<p style=\"font-size:12px\">&#8211; 5 \u00e0 12 jours dans la zone des 3 fronti\u00e8res Colombie-Br\u00e9sil-P\u00e9rou<\/p>\n<p style=\"font-size:12px\">&#8211; une exp\u00e9dition de 15 jours sur le fleuve-fronti\u00e8re Javari o\u00f9 vivent <a href=\"http:\/\/arutam.free.fr\/Yavari_Matses.html\" target=\"_blank\">les hommes-jaguar<\/a><\/p>\n<p style=\"font-size:12px\">\n<p style=\"font-size:12px\">Ecrire \u00e0 iquitos @ localhost\/voyage\/ pour construire votre programme\n<\/div>\n<p>[tabby title=\u00a0\u00bbCarte du Loreto\u00a0\u00bb]<br \/>\n<a href=\"https:\/\/latitudsur.org\/voyage\/wp-content\/uploads\/sites\/3\/2015\/03\/carte3.jpg\"><img loading=\"lazy\" decoding=\"async\" class=\"alignnone size-full wp-image-561\" src=\"https:\/\/latitudsur.org\/voyage\/wp-content\/uploads\/sites\/3\/2015\/03\/carte3.jpg\" alt=\"carte\" width=\"709\" height=\"500\" \/><\/a><\/p>\n<p>[tabby title=\u00a0\u00bbR\u00e9servation et inscription\u00a0\u00bb]<\/p>\n<p style=\"font-size:12px\">Les \u00e9tapes d&#039;inscription sont les suivantes :<br \/>\n    1) Formulaire avec vos coordonn\u00e9es<br \/>\n    2) E-mail de confirmation par Latitud Sur de la disponibilit\u00e9<br \/>\n    3) Paiement de l&#039;acompte<br \/>\n    4) E-mail de confirmation par Latitud Sur du paiement de l&#039;acompte.<\/p>\n<p style=\"font-size:12px\">    <strong>A l\u2019issue de ces 4 \u00e9tapes vous voil\u00e0 inscrit !<\/strong><br \/>\n    Suivent quelques d\u00e9marches simples pour compl\u00e9ter votre dossier et vous permettre d\u2019obtenir toutes les informations n\u00e9cessaires \u00e0 une bonne pr\u00e9paration de votre voyage.<br \/>\n&#8211; Conseils pour l&#039;achats des billets d&#039;avion.<br \/>\n&#8211; Pr\u00e9paration au voyage: envoi de la feuille de route pour rejoindre Iquitos et le bateau<br \/>\n&#8211; Nos fiches-conseils<\/p>\n<p style=\"font-size:12px\">\n5) Puis 30 jours avant le voyage: Paiement du solde.<\/p>\n<p><div id=\"usermessagea\" class=\"cf_info \"><\/div><form enctype=\"multipart\/form-data\" action=\"\/voyage\/fr\/wp-json\/wp\/v2\/pages\/143#usermessagea\" method=\"post\" class=\"cform reservation-fr \" id=\"cformsform\"><fieldset class=\"cf-fs1\" style=\"\"><legend>Mes coordonn\u00e9es<\/legend><ol class=\"cf-ol\"><li id=\"li--2\" class=\"\"><label id=\"label--2\" for=\"cf_field_2\"><span>Pr\u00e9nom<\/span><\/label><input type=\"text\" name=\"cf_field_2\" id=\"cf_field_2\" class=\"single fldrequired\" value=\"\" onfocus=\"clearField(this)\" onblur=\"setField(this)\" title=\"\"\/><span class=\"reqtxt\">(required)<\/span><\/li><li id=\"li--3\" class=\"\"><label id=\"label--3\" for=\"cf_field_3\"><span>Nom<\/span><\/label><input type=\"text\" name=\"cf_field_3\" id=\"cf_field_3\" class=\"single fldrequired\" value=\"\" title=\"\"\/><span class=\"reqtxt\">(required)<\/span><\/li><li id=\"li--4\" class=\"\"><label id=\"label--4\" for=\"cf_field_4\"><span>Adresse<\/span><\/label><input type=\"text\" name=\"cf_field_4\" id=\"cf_field_4\" class=\"single fldrequired\" value=\"\" title=\"\"\/><span class=\"reqtxt\">(required)<\/span><\/li><li id=\"li--5\" class=\"\"><label id=\"label--5\" for=\"cf_field_5\"><span>Code Postal<\/span><\/label><input type=\"text\" name=\"cf_field_5\" id=\"cf_field_5\" class=\"single fldrequired\" value=\"\" title=\"\"\/><span class=\"reqtxt\">(required)<\/span><\/li><li id=\"li--6\" class=\"\"><label id=\"label--6\" for=\"cf_field_6\"><span>Ville<\/span><\/label><input type=\"text\" name=\"cf_field_6\" id=\"cf_field_6\" class=\"single fldrequired\" value=\"\" title=\"\"\/><span class=\"reqtxt\">(required)<\/span><\/li><li id=\"li--7\" class=\"\"><label id=\"label--7\" for=\"cf_field_7\"><span>Pays<\/span><\/label><input type=\"text\" name=\"cf_field_7\" id=\"cf_field_7\" class=\"single fldrequired\" value=\"\" title=\"\"\/><span class=\"reqtxt\">(required)<\/span><\/li><li id=\"li--8\" class=\"\"><label id=\"label--8\" for=\"cf_field_8\"><span>Courriel<\/span><\/label><input type=\"text\" name=\"cf_field_8\" id=\"cf_field_8\" class=\"single fldemail fldrequired\" value=\"\" title=\"\"\/><span class=\"emailreqtxt\">(valid email required)<\/span><\/li><li id=\"li--9\" class=\"\"><label id=\"label--9\" for=\"cf_field_9\"><span>T\u00e9l\u00e9phone<\/span><\/label><input type=\"text\" name=\"cf_field_9\" id=\"cf_field_9\" class=\"single fldrequired\" value=\"\" title=\"\"\/><span class=\"reqtxt\">(required)<\/span><\/li><li id=\"li--10\" class=\"\"><label id=\"label--10\" for=\"cf_field_10\"><span>Date de Naissance<\/span><\/label><input required=\"required\"  type=\"date\" name=\"cf_field_10\" id=\"cf_field_10\" class=\" fldrequired\" value=\"\" title=\"\"\/><span class=\"reqtxt\">(required)<\/span><\/li><li id=\"li--11\" class=\"\"><label id=\"label--11\" for=\"cf_field_11\"><span>N\u00b0 Passeport<\/span><\/label><input type=\"text\" name=\"cf_field_11\" id=\"cf_field_11\" class=\"single\" value=\"\" title=\"\"\/><\/li><li id=\"li--12\" class=\"\"><label id=\"label--12\" for=\"cf_field_12\"><span>Date de validit\u00e9<\/span><\/label><input  type=\"date\" name=\"cf_field_12\" id=\"cf_field_12\" class=\"\" value=\"\" title=\"\"\/><\/li><li id=\"li--13\" class=\"\"><label id=\"label--13\" for=\"cf_field_13\"><span>Mes dates de voyage \/ Question<\/span><\/label><textarea cols=\"30\" rows=\"8\" name=\"cf_field_13\" id=\"cf_field_13\" class=\"area\" title=\"\"><\/textarea><\/li><\/ol><\/fieldset><fieldset class=\"cf-fs2\" style=\"\"><legend>S\u00e9curit\u00e9<\/legend><ol class=\"cf-ol\"><li id=\"li--16\" class=\"\"><label for=\"cf_field_16\" class=\"secq\"><span>3+8 ?<\/span><\/label><input type=\"text\" name=\"cforms2_question_and_answer\" id=\"cf_field_16\" class=\"secinput fldrequired \" title=\"\"\/><input type=\"hidden\" name=\"cforms2_question_and_answer\/hint\" value=\"0\"\/><\/li><\/ol><\/fieldset><fieldset class=\"cf_hidden\"><legend>&nbsp;<\/legend><input type=\"hidden\" name=\"cf_working\" id=\"cf_working\" value=\"One moment please...\"\/><input type=\"hidden\" name=\"cf_failure\" id=\"cf_failure\" value=\"Merci de remplir toutes les informations demand\u00e9es\"\/><input type=\"hidden\" name=\"cf_customerr\" id=\"cf_customerr\" value=\"y\"\/><\/fieldset><p class=\"cf-sb\"><input type=\"submit\" name=\"sendbutton\" id=\"sendbutton\" class=\"sendbutton\" value=\"Envoyer\" \/><\/p><\/form><br \/>\n[tabbyending]<\/p>","protected":false},"excerpt":{"rendered":"<p>Crois\u00e8re sur mesure &#8211; Pas disponible !en Amazonie p\u00e9ruvienne Devis sur demande Composez votre voyage \u00e0 la carte et au fil de l&#039;eau, dans les plus belles r\u00e9serves naturelles amazoniennes ! Une immersion exceptionnelle&#8230; Le Selva Viva, \u00ab la for\u00eat<span class=\"ellipsis\">&hellip;<\/span><\/p>\n<div class=\"read-more\"><a href=\"https:\/\/latitudsur.org\/voyage\/fr\/voyagez\/perou\/sejours-sur-mesure\/\">Lire la suite &#8250;<\/a><\/div>\n<p><!-- end of .read-more --><\/p>\n","protected":false},"author":1,"featured_media":0,"parent":74,"menu_order":0,"comment_status":"open","ping_status":"open","template":"template-page.php","meta":{"footnotes":""},"class_list":["post-143","page","type-page","status-publish","hentry"],"_links":{"self":[{"href":"https:\/\/latitudsur.org\/voyage\/fr\/wp-json\/wp\/v2\/pages\/143","targetHints":{"allow":["GET"]}}],"collection":[{"href":"https:\/\/latitudsur.org\/voyage\/fr\/wp-json\/wp\/v2\/pages"}],"about":[{"href":"https:\/\/latitudsur.org\/voyage\/fr\/wp-json\/wp\/v2\/types\/page"}],"author":[{"embeddable":true,"href":"https:\/\/latitudsur.org\/voyage\/fr\/wp-json\/wp\/v2\/users\/1"}],"replies":[{"embeddable":true,"href":"https:\/\/latitudsur.org\/voyage\/fr\/wp-json\/wp\/v2\/comments?post=143"}],"version-history":[{"count":0,"href":"https:\/\/latitudsur.org\/voyage\/fr\/wp-json\/wp\/v2\/pages\/143\/revisions"}],"up":[{"embeddable":true,"href":"https:\/\/latitudsur.org\/voyage\/fr\/wp-json\/wp\/v2\/pages\/74"}],"wp:attachment":[{"href":"https:\/\/latitudsur.org\/voyage\/fr\/wp-json\/wp\/v2\/media?parent=143"}],"curies":[{"name":"wp","href":"https:\/\/api.w.org\/{rel}","templated":true}]}}