{"id":145,"date":"2015-03-09T16:28:45","date_gmt":"2015-03-09T15:28:45","guid":{"rendered":"http:\/\/latitudsur.org\/voyage\/?page_id=145"},"modified":"2026-04-23T15:20:04","modified_gmt":"2026-04-23T15:20:04","slug":"ecotourisme-shiwiar-sapara","status":"publish","type":"page","link":"https:\/\/latitudsur.org\/voyage\/fr\/voyagez\/equateur\/ecotourisme-shiwiar-sapara\/","title":{"rendered":"Ecotourisme Shuar, Shiwiar, Waorani"},"content":{"rendered":"<p><a style=\"float: right;\" href=\"\/voyage\/wp-content\/uploads\/sites\/3\/2015\/03\/accueil1.jpg\"><img loading=\"lazy\" decoding=\"async\" class=\"size-medium wp-image-560\" src=\"\/voyage\/wp-content\/uploads\/sites\/3\/2015\/03\/accueil1.jpg\" alt=\"accueil\" width=\"300\" height=\"300\" \/><\/a><\/p>\n<h2><img loading=\"lazy\" decoding=\"async\" style=\"float: left;\" src=\"https:\/\/latitudsur.org\/voyage\/wp-content\/uploads\/sites\/3\/2015\/06\/ptchaman.gif\" alt=\"ptchaman\" width=\"97\" height=\"97\" \/>Immersion \u00e9cotouristique<br \/>\nchez les Indiens Shuar, Kichwa<\/h2>\n<p align=\"justify\"><span style=\"color: #1fa51c; font-size: 16px; font-weight: bold;\"><strong>A partir de 500 U$D<\/strong> &#8211; De 5 \u00e0 10 jours<\/span><\/p>\n<h4 style=\"color: #800000; font-weight: normal;\" align=\"justify\">Partez \u00e0 la rencontre de la faune et de la flore d&rsquo;une des for\u00eats d&rsquo;Amazonie les plus sauvages, en plein c\u0153ur de territoires autochtones.<\/h4>\n<h4 style=\"color: #800000; font-weight: normal;\" align=\"justify\">Un s\u00e9jour solidaire d&rsquo;aventure et d&rsquo;observation 100 % Immersion !<\/h4>\n<p align=\"justify\">Situ\u00e9s loin du front de colonisation, les territoires Shuar, Shiwiar et Waorani constituent aujourd&rsquo;hui l&rsquo;une des r\u00e9gions les plus sauvages d\u2019Haute Amazonie. Malgr\u00e9 cet isolement et gr\u00e2ce \u00e0 l&rsquo;aide de l&rsquo;association fran\u00e7aise Arutam, les Indiens se sont organis\u00e9s pour recevoir des \u00e9trangers dans leurs villages, car ils ont pris conscience que l&rsquo;\u00e9cotourisme \u00e9tait la meilleure fa\u00e7on de prot\u00e9ger leur environnement dot\u00e9 d&rsquo;une exceptionnelle biodiversit\u00e9.<\/p>\n<p align=\"justify\">Vous vivrez avec eux leur vie quotidienne, leurs minguas, leurs f\u00eates et leurs c\u00e9r\u00e9monies du moment. Vous vous d\u00e9placerez \u00e0 pied chez les shuar, en pirogue traditionnelle chez kichwa et waorani, vous pourrez bivouaquer en pleine for\u00eat ou sur une plage le long du fleuve. Vous marcherez en for\u00eat toujours accompagn\u00e9s par les Indiens.<\/p>\n<p>Les indiens vous feront visiter leurs joyaux naturels (salin, lagune, cascade ou grotte). Ils vous inviteront aussi \u00e0 p\u00eacher et \u00e0 r\u00e9colter des c\u0153urs de palmier en pleine for\u00eat vierge. Cinq \u00e0 dix jours tr\u00e8s authentiques et donc forc\u00e9ment un peu rudes&#8230;<\/p>\n<p align=\"center\"><a href=\"\/voyage\/wp-content\/uploads\/sites\/3\/2015\/03\/gd11.jpg\"><img decoding=\"async\" style=\"border: 7px solid #FFFFFF; width: 210px; height: 155px;\" src=\"\/voyage\/wp-content\/uploads\/sites\/3\/2015\/03\/gd11.jpg\" alt=\"pt1\" \/><\/a> <a href=\"\/voyage\/wp-content\/uploads\/sites\/3\/2015\/03\/gd21.jpg\"><img decoding=\"async\" style=\"border: 7px solid #FFFFFF; width: 210px; height: 155px;\" src=\"\/voyage\/wp-content\/uploads\/sites\/3\/2015\/03\/gd21.jpg\" alt=\"pt2\" \/><\/a> <a href=\"\/voyage\/wp-content\/uploads\/sites\/3\/2015\/03\/gd32.jpg\"><img decoding=\"async\" style=\"border: 7px solid #FFFFFF; width: 210px; height: 155px;\" src=\"\/voyage\/wp-content\/uploads\/sites\/3\/2015\/03\/gd32.jpg\" alt=\"pt3\" \/><\/a><\/p>\n<p><strong>Description du s\u00e9jour<\/strong><\/p>\n<div><strong>Vous parlez espagnol : <\/strong>votre accompagnateur autochtone vous rejoindra \u00e0 Macas ou Tena, portes de l\u2019Amazonie \u00e9quatorienne \u00e0 5-7 h de bus de Quito. Nous vous mettrons directement en contact avec lui, il vous donnera rendez-vous dans un h\u00f4tel, la veille de votre d\u00e9part en for\u00eat pour faire avec vous les derniers achats de nourriture ou d\u2019\u00e9quipement. A noter \u00e0 ce sujet que si vous chaussez du 44 et plus, il vous faudra apporter vos bottes depuis la France. Dans le cas contraire, elles vous seront fournies.<\/div>\n<div><strong>Vous ne parlez pas espagnol :<\/strong> seul le voyage kichwa et waorani sont possibles. Nous vous proposons un guide kichwa francophone.<\/p>\n<p><strong>Nous attirons votre attention sur deux points en particulier :<\/strong><br \/>L&rsquo;entr\u00e9e en for\u00eat comporte des al\u00e9as dus aux conditions m\u00e9t\u00e9o : il est donc possible d\u2019avoir un retard d\u2019une journ\u00e9e \u00e0 l\u2019entr\u00e9e comme \u00e0 la sortie de la for\u00eat.<\/p>\n<p>Les conditions de confort de ce voyage seront rudimentaires, ceci afin de permettre un meilleur \u00e9change avec les Indiens. Vous vous retrouverez dans un endroit particuli\u00e8rement isol\u00e9, loin de toute couverture m\u00e9dicale, en totale autonomie, dans des tribus peu habitu\u00e9es au tourisme. N\u2019imaginez donc pas que vous aurez un programme journalier d\u00e9taill\u00e9 et planifi\u00e9 \u00e0 l\u2019avance.<br \/>\n<strong><br \/>\nNous proposons 3 formules au choix :<\/strong><\/p>\n<p>10 jours \u2013 2 ou 3 villages waorani et kichwa<br \/>\n7 jours \u2013 1 ou 2 villages shuar ou kichwa \u2013 D\u00e8s 2 de personnes<br \/>\n5 jours \u2013 1 village shuar ou kichwa \u2013 D\u00e8s 2 de personnes<br \/>\n<strong><br \/>\nVoici une liste des activit\u00e9s syst\u00e9matiquement propos\u00e9es :<\/strong><\/p>\n<p>Bivouacs en for\u00eat et sites d\u2019observation de la vie sauvage<br \/>\nVisite des jardins traditionnels et pr\u00e9sentation de plantes m\u00e9dicinales<br \/>\nCollecte d\u2019un c\u0153ur de palmier et des vers de palmier<br \/>\nFabrication de poterie traditionnelle (shiwiar, kichwa)<br \/>\nPr\u00e9paration de la bi\u00e8re de manioc (chicha)<br \/>\nP\u00eache avec les indiens<br \/>\nObservation nocturne des ca\u00efmans en pirogue (sauf nuits de pleine lune, kichwa, waorani)<\/p>\n<p>Des soir\u00e9es festives dans chaque village seront possibles, mais resteront spontan\u00e9es et jamais r\u00e9alis\u00e9es sur demande, ceci afin d\u2019\u00e9viter toute folkorisation et d\u00e9rives li\u00e9es au tourisme.<\/p>\n<p>Plus rarement et \u00e0 organiser \u00e0 l\u2019avance :<br \/>\nTrek de plusieurs jours en for\u00eat (pr\u00e9ciser dur\u00e9e de marche par jour souhait\u00e9e)<br \/>\nChasse \u00e0 la sarbacane au petit matin avec les Indiens ou construction de pi\u00e8ges<br \/>\nC\u00e9r\u00e9monie du th\u00e9 de wayusa au petit matin<br \/>\nRencontre avec le chaman du village en soir\u00e9e (certains villages seulement)<br \/>\nSalin de perroquets (dans certaines zones seulement)<br \/>\nSalin de p\u00e9caris (marche et attente nocturnes n\u00e9cessaires)<\/p>\n<p>Apr\u00e8s inscription, merci de pr\u00e9ciser avec votre accompagnateur vos pr\u00e9f\u00e9rences.<\/p>\n<\/div>\n<p><strong>D\u00e9tails pratiques<\/strong><br \/>\n<strong><br \/>\nFormalit\u00e9s<\/strong><\/p>\n<p>Langue du voyage : Espagnol ou Fran\u00e7ais (selon votre demande)<br \/>\nMonnaie locale : Dollar am\u00e9ricain<br \/>\nVisa : Pas de visa pour un s\u00e9jour inf\u00e9rieur \u00e0 90 jours<br \/>\nFormalit\u00e9s : Passeport valable 6 mois apr\u00e8s la date d\u2019arriv\u00e9e<br \/>\n<strong><br \/>\nSant\u00e9<\/strong><\/p>\n<p>Climat : Chaud (27\u00b0C avec des pointes \u00e0 30\u00b0C) et humide (90 % d\u2019hygrom\u00e9trie)<br \/>\nAverses fr\u00e9quentes en Amazonie toute l\u2019ann\u00e9e, mais aussi soleil presque tous les jours<br \/>\nEquipement : V\u00eatements l\u00e9gers (liste sur demande).<br \/>\nPr\u00e9voyez de vous couvrir en Amazonie (manches longues et pantalons longs) \u00e0 cause des moustiques, m\u00eame si toutes les chambres sont \u00e9quip\u00e9es de moustiquaires.<br \/>\nCr\u00e8mes anti-moustique et solaire.<br \/>\nBottes fournies pour les marches en for\u00eat (sauf pointures sup\u00e9rieures \u00e0 43).<br \/>\nVaccination recommand\u00e9e contre la fi\u00e8vre jaune au minimum 3 semaines avant le d\u00e9part.<br \/>\nPr\u00e9vention contre le paludisme recommand\u00e9e.<br \/>\nPrendre obligatoirement une assurance individuelle \u00ab assistance-rapatriement \u00bb avec votre billet.<\/p>\n<p><strong>Budget<\/strong><br \/>\n<strong>Tarif indicatif par personne tout inclus (base 2 personnes) :<\/strong><\/p>\n<p>Formule 1 : 10 jours Waorani \u2013 1.800 USD *<br \/>\nFormule 2 : 7 jours Kichwa \u2013 890 USD *<br \/>\nFormule 3 : 5 jours Shuar \u2013 500 USD<\/p>\n<p>* Voyage avec accompagnement francophone<br \/>\n<strong><br \/>\nNon inclus :<\/strong><br \/>\nCircuits au d\u00e9part de Macas ou de Tena<br \/>\nBillets d\u2019avion internationaux : nous vous conseillerons un plan de vol<br \/>\nS\u00e9jour hors-for\u00eat et acheminement Quito-Macas\/Tena : comptez 40 \u00e0 60 USD\/jour\/personne (taxi, h\u00f4tel, restaurant, bus)<br \/>\nArtisanat et achats personnels<\/p>\n<p><strong>R\u00e9servation et inscription<\/strong><\/p>\n<p style=\"font-size: 12px;\">Formulaire avec vos coordonn\u00e9es.<\/p>\n<p style=\"font-size: 12px;\">Nous vous mettons en contact avec un guide \u00e9quatorien correspondant \u00e0 votre demande.<\/p>\n<p><div id=\"usermessagea\" class=\"cf_info \"><\/div><form enctype=\"multipart\/form-data\" action=\"\/voyage\/fr\/wp-json\/wp\/v2\/pages\/145#usermessagea\" method=\"post\" class=\"cform reservation-fr \" id=\"cformsform\"><fieldset class=\"cf-fs1\" style=\"\"><legend>Mes coordonn\u00e9es<\/legend><ol class=\"cf-ol\"><li id=\"li--2\" class=\"\"><label id=\"label--2\" for=\"cf_field_2\"><span>Pr\u00e9nom<\/span><\/label><input type=\"text\" name=\"cf_field_2\" id=\"cf_field_2\" class=\"single fldrequired\" value=\"\" onfocus=\"clearField(this)\" onblur=\"setField(this)\" title=\"\"\/><span class=\"reqtxt\">(required)<\/span><\/li><li id=\"li--3\" class=\"\"><label id=\"label--3\" for=\"cf_field_3\"><span>Nom<\/span><\/label><input type=\"text\" name=\"cf_field_3\" id=\"cf_field_3\" class=\"single fldrequired\" value=\"\" title=\"\"\/><span class=\"reqtxt\">(required)<\/span><\/li><li id=\"li--4\" class=\"\"><label id=\"label--4\" for=\"cf_field_4\"><span>Adresse<\/span><\/label><input type=\"text\" name=\"cf_field_4\" id=\"cf_field_4\" class=\"single fldrequired\" value=\"\" title=\"\"\/><span class=\"reqtxt\">(required)<\/span><\/li><li id=\"li--5\" class=\"\"><label id=\"label--5\" for=\"cf_field_5\"><span>Code Postal<\/span><\/label><input type=\"text\" name=\"cf_field_5\" id=\"cf_field_5\" class=\"single fldrequired\" value=\"\" title=\"\"\/><span class=\"reqtxt\">(required)<\/span><\/li><li id=\"li--6\" class=\"\"><label id=\"label--6\" for=\"cf_field_6\"><span>Ville<\/span><\/label><input type=\"text\" name=\"cf_field_6\" id=\"cf_field_6\" class=\"single fldrequired\" value=\"\" title=\"\"\/><span class=\"reqtxt\">(required)<\/span><\/li><li id=\"li--7\" class=\"\"><label id=\"label--7\" for=\"cf_field_7\"><span>Pays<\/span><\/label><input type=\"text\" name=\"cf_field_7\" id=\"cf_field_7\" class=\"single fldrequired\" value=\"\" title=\"\"\/><span class=\"reqtxt\">(required)<\/span><\/li><li id=\"li--8\" class=\"\"><label id=\"label--8\" for=\"cf_field_8\"><span>Courriel<\/span><\/label><input type=\"text\" name=\"cf_field_8\" id=\"cf_field_8\" class=\"single fldemail fldrequired\" value=\"\" title=\"\"\/><span class=\"emailreqtxt\">(valid email required)<\/span><\/li><li id=\"li--9\" class=\"\"><label id=\"label--9\" for=\"cf_field_9\"><span>T\u00e9l\u00e9phone<\/span><\/label><input type=\"text\" name=\"cf_field_9\" id=\"cf_field_9\" class=\"single fldrequired\" value=\"\" title=\"\"\/><span class=\"reqtxt\">(required)<\/span><\/li><li id=\"li--10\" class=\"\"><label id=\"label--10\" for=\"cf_field_10\"><span>Date de Naissance<\/span><\/label><input required=\"required\"  type=\"date\" name=\"cf_field_10\" id=\"cf_field_10\" class=\" fldrequired\" value=\"\" title=\"\"\/><span class=\"reqtxt\">(required)<\/span><\/li><li id=\"li--11\" class=\"\"><label id=\"label--11\" for=\"cf_field_11\"><span>N\u00b0 Passeport<\/span><\/label><input type=\"text\" name=\"cf_field_11\" id=\"cf_field_11\" class=\"single\" value=\"\" title=\"\"\/><\/li><li id=\"li--12\" class=\"\"><label id=\"label--12\" for=\"cf_field_12\"><span>Date de validit\u00e9<\/span><\/label><input  type=\"date\" name=\"cf_field_12\" id=\"cf_field_12\" class=\"\" value=\"\" title=\"\"\/><\/li><li id=\"li--13\" class=\"\"><label id=\"label--13\" for=\"cf_field_13\"><span>Mes dates de voyage \/ Question<\/span><\/label><textarea cols=\"30\" rows=\"8\" name=\"cf_field_13\" id=\"cf_field_13\" class=\"area\" title=\"\"><\/textarea><\/li><\/ol><\/fieldset><fieldset class=\"cf-fs2\" style=\"\"><legend>S\u00e9curit\u00e9<\/legend><ol class=\"cf-ol\"><li id=\"li--16\" class=\"\"><label for=\"cf_field_16\" class=\"secq\"><span>2x3 ?<\/span><\/label><input type=\"text\" name=\"cforms2_question_and_answer\" id=\"cf_field_16\" class=\"secinput fldrequired \" title=\"\"\/><input type=\"hidden\" name=\"cforms2_question_and_answer\/hint\" value=\"1\"\/><\/li><\/ol><\/fieldset><fieldset class=\"cf_hidden\"><legend>&nbsp;<\/legend><input type=\"hidden\" name=\"cf_working\" id=\"cf_working\" value=\"One moment please...\"\/><input type=\"hidden\" name=\"cf_failure\" id=\"cf_failure\" value=\"Merci de remplir toutes les informations demand\u00e9es\"\/><input type=\"hidden\" name=\"cf_customerr\" id=\"cf_customerr\" value=\"y\"\/><\/fieldset><p class=\"cf-sb\"><input type=\"submit\" name=\"sendbutton\" id=\"sendbutton\" class=\"sendbutton\" value=\"Envoyer\" \/><\/p><\/form><\/p>","protected":false},"excerpt":{"rendered":"<p>Immersion \u00e9cotouristique chez les Indiens Shuar, Kichwa A partir de 500 U$D &#8211; De 5 \u00e0 10 jours Partez \u00e0 la rencontre de la faune et de la flore d&rsquo;une des for\u00eats d&rsquo;Amazonie les plus sauvages, en plein c\u0153ur de<span class=\"ellipsis\">&hellip;<\/span><\/p>\n<div class=\"read-more\"><a href=\"https:\/\/latitudsur.org\/voyage\/fr\/voyagez\/equateur\/ecotourisme-shiwiar-sapara\/\">Lire la suite &#8250;<\/a><\/div>\n<p><!-- end of .read-more --><\/p>\n","protected":false},"author":1,"featured_media":0,"parent":51,"menu_order":0,"comment_status":"open","ping_status":"open","template":"template-page.php","meta":{"footnotes":""},"class_list":["post-145","page","type-page","status-publish","hentry"],"_links":{"self":[{"href":"https:\/\/latitudsur.org\/voyage\/fr\/wp-json\/wp\/v2\/pages\/145","targetHints":{"allow":["GET"]}}],"collection":[{"href":"https:\/\/latitudsur.org\/voyage\/fr\/wp-json\/wp\/v2\/pages"}],"about":[{"href":"https:\/\/latitudsur.org\/voyage\/fr\/wp-json\/wp\/v2\/types\/page"}],"author":[{"embeddable":true,"href":"https:\/\/latitudsur.org\/voyage\/fr\/wp-json\/wp\/v2\/users\/1"}],"replies":[{"embeddable":true,"href":"https:\/\/latitudsur.org\/voyage\/fr\/wp-json\/wp\/v2\/comments?post=145"}],"version-history":[{"count":8,"href":"https:\/\/latitudsur.org\/voyage\/fr\/wp-json\/wp\/v2\/pages\/145\/revisions"}],"predecessor-version":[{"id":2845,"href":"https:\/\/latitudsur.org\/voyage\/fr\/wp-json\/wp\/v2\/pages\/145\/revisions\/2845"}],"up":[{"embeddable":true,"href":"https:\/\/latitudsur.org\/voyage\/fr\/wp-json\/wp\/v2\/pages\/51"}],"wp:attachment":[{"href":"https:\/\/latitudsur.org\/voyage\/fr\/wp-json\/wp\/v2\/media?parent=145"}],"curies":[{"name":"wp","href":"https:\/\/api.w.org\/{rel}","templated":true}]}}