{"id":147,"date":"2015-03-09T16:30:40","date_gmt":"2015-03-09T15:30:40","guid":{"rendered":"http:\/\/latitudsur.org\/voyage\/?page_id=147"},"modified":"2026-04-22T09:15:10","modified_gmt":"2026-04-22T09:15:10","slug":"plantes-et-chamanisme","status":"publish","type":"page","link":"https:\/\/latitudsur.org\/voyage\/fr\/voyagez\/equateur\/plantes-et-chamanisme\/","title":{"rendered":"Plantes et Chamanisme"},"content":{"rendered":"<p><a class=\"fbx-instance fbx-link\" style=\"float: right;\" href=\"https:\/\/latitudsur.org\/voyage\/wp-content\/uploads\/sites\/3\/2023\/12\/accueil2-b.jpg\"><img loading=\"lazy\" decoding=\"async\" class=\"alignnone wp-image-2755 size-medium\" src=\"https:\/\/latitudsur.org\/voyage\/voyage\/wp-content\/uploads\/sites\/3\/2023\/12\/accueil2-b-247x300.jpg\" alt=\"\" width=\"247\" height=\"300\" srcset=\"https:\/\/latitudsur.org\/voyage\/wp-content\/uploads\/sites\/3\/2023\/12\/accueil2-b-247x300.jpg 247w, https:\/\/latitudsur.org\/voyage\/wp-content\/uploads\/sites\/3\/2023\/12\/accueil2-b.jpg 300w\" sizes=\"auto, (max-width: 247px) 100vw, 247px\" \/><\/a><\/p>\n<h2>en Amazonie \u00e9quatorienne<\/h2>\n<p align=\"justify\"><span style=\"color: #1fa51c; font-size: 16px; font-weight: bold;\"><strong>1800 \u20ac TTC<\/strong> &#8211; 16 jours \/ 15 nuits<\/span><\/p>\n<h4 style=\"color: #800000; font-weight: normal;\" align=\"justify\">A la rencontre des plantes m\u00e9dicinales et du chamanisme amazonien&#8230;<\/h4>\n<p align=\"justify\">D\u00e9couvrez l\u2019usage th\u00e9rapeutique des plantes m\u00e9dicinales d\u2019Amazonie avec deux gu\u00e9risseurs autochtones \u00e9quatoriens choisis entre <b>Jos\u00e9 Licuy<\/b>, ex-pr\u00e9sident de l&rsquo;association des chamans kichwa de Tena, <strong>Carlos Naikiat<\/strong>, chaman shuar de la Cordill\u00e8re du Condor ou <b>Maria Shiqui<\/b>, une des rares femme-chamane shuar. Une immersion dans une pratique et un savoir mill\u00e9naire !<\/p>\n<table style=\"height: 99px;\" width=\"576\" cellspacing=\"1\" cellpadding=\"1\">\n<tbody>\n<tr>\n<td align=\"center\" bgcolor=\"#e2fcde\"><strong>PROCHAIN VOYAGE \u00ab\u00a0PLANTES &amp; CHAMANISME\u00a0\u00bb (Equateur)<br \/>\ndu Samedi 7 au Dimanche 22 Novembre 2026<\/strong><strong><br \/>\n(inscriptions ouvertes, limit\u00e9 \u00e0 10 participants)<\/strong><\/td>\n<\/tr>\n<\/tbody>\n<\/table>\n<p align=\"justify\">Ce voyage convient particuli\u00e8rement \u00e0 toute personne souffrant d&rsquo;addiction (tabac, alcool, jeu, internet, etc&#8230;), d&rsquo;insomnie, de d\u00e9prime, mal de vivre, ou pour lib\u00e9rer des traumas, \u00e9motions refoul\u00e9es, blessures du pass\u00e9 (violences, abus) au sein de familles dysfonctionnelles. Le propos de ce voyage est un travail profond et individuel sur le corps, les \u00e9motions, le mental et l\u2019esprit gr\u00e2ce \u00e0 des rituels de purification, r\u00e9g\u00e9n\u00e9ration et harmonisation, traditionnellement utilis\u00e9s par les chamans amazoniens.<\/p>\n<p align=\"justify\">Latitud Sur avec le soutien de l&rsquo;association Arutam organise depuis plus de vingt ans des voyages chez certains peuples autochtones. Suite \u00e0 une demande de nos voyageurs, nous avons con\u00e7u ce voyage de deux semaines ax\u00e9 sur la rencontre de deux gu\u00e9risseurs \u00e9quatoriens r\u00e9put\u00e9s, en passant une semaine avec chacun d\u2019eux :<\/p>\n<p><b>Jos\u00e9 Licuy<\/b> est un Yachak (\u00ab chaman \u00bb en langue kichwa) poss\u00e9dant d\u2019int\u00e9ressantes facult\u00e9s m\u00e9diumniques. Ag\u00e9 de 82 ans et mari\u00e9 \u00e0 une femme cof\u00e1n (tribu vivant plus au nord), il poss\u00e8de une tr\u00e8s longue exp\u00e9rience de gu\u00e9risseur et a ainsi int\u00e9gr\u00e9 de nombreuses pratiques th\u00e9rapeutiques d\u2019autres ethnies. Il fut pr\u00e9sident de l\u2019Association des Yachak de Tena dans les ann\u00e9es 90. Aujourd\u2019hui, il a d\u00e9cid\u00e9 de se retirer dans sa finca de Santa Rosa entre Tena et Puyo, le long d\u2019une tr\u00e8s belle rivi\u00e8re, dans une for\u00eat de 25 ans d\u2019\u00e2ge qui nous permettra de voir comment la for\u00eat tropicale reprend vite ses droits sur des anciens p\u00e2turages en une g\u00e9n\u00e9ration seulement.<\/p>\n<p><b>Maria Shiqui<\/b>, 68 ans, est une des rares femme-chamane shuar, son enseignement est donc tr\u00e8s particulier et se charge de toute l\u2019\u00e9nergie f\u00e9minine. Elle est devenue chaman suite \u00e0 une grave maladie \u00e0 l\u2019\u00e2ge de 42 ans qui l\u2019a oblig\u00e9e \u00e0 prendre seule de l\u2019ayahuasca et du datura pour \u00e9chapper \u00e0 la mort. Elle est d\u2019ailleurs ensuite tomb\u00e9e enceinte, alors que les m\u00e9decins l\u2019avaient d\u00e9clar\u00e9e d\u00e9finitivement infertile. Son initiation aupr\u00e8s d\u2019autres chamans s\u2019est d\u00e9roul\u00e9e en compagnie de sa fille qu\u2019elle allaitait, ce qui l\u2019a amen\u00e9e \u00e0 enseigner par la suite le chamanisme \u00e0 d\u2019autres femmes, notamment plusieurs de ses filles.<\/p>\n<p><b>Carlos Naikiat<\/b>, 47 ans, est un jeune chaman shuar n\u00e9 dans la Cordill\u00e8re du Condor et qui vit en for\u00eat dans la r\u00e9gion de Makuma, p\u00e8re de six enfants. Nous avons \u00e9t\u00e9 s\u00e9duit par son dynamisme et ses capacit\u00e9s de gu\u00e9risseur. Il assiste et m\u00eame parfois remplace les anciens lorsque ceux-ci ne peuvent r\u00e9pondre \u00e0 nos invitations.<\/p>\n<p><b>Si vous \u00eates enseignant de th\u00e9rapies alternatives (ou professeur de yoga ou de tout autre technique de bien-\u00eatre et sant\u00e9), vous pouvez monter un voyage sp\u00e9cifique avec un groupe d\u2019\u00e9l\u00e8ves ou de confr\u00e8res et ainsi choisir vos dates et une formule adapt\u00e9e \u00e0 vos objectifs.<\/b><\/p>\n<p align=\"center\"><a href=\"\/voyage\/wp-content\/uploads\/sites\/3\/2015\/03\/gd1.jpg\"><img decoding=\"async\" style=\"border: 7px solid #FFFFFF; width: 210px; height: 155px;\" src=\"\/voyage\/wp-content\/uploads\/sites\/3\/2015\/03\/gd1.jpg\" alt=\"pt1\" \/><\/a> <a href=\"\/voyage\/wp-content\/uploads\/sites\/3\/2015\/03\/gd2.jpg\"><img decoding=\"async\" style=\"border: 7px solid #FFFFFF; width: 210px; height: 155px;\" src=\"\/voyage\/wp-content\/uploads\/sites\/3\/2015\/03\/gd2.jpg\" alt=\"pt2\" \/><\/a> <a href=\"\/voyage\/wp-content\/uploads\/sites\/3\/2015\/03\/gd31.jpg\"><img decoding=\"async\" style=\"border: 7px solid #FFFFFF; width: 210px; height: 155px;\" src=\"\/voyage\/wp-content\/uploads\/sites\/3\/2015\/03\/gd31.jpg\" alt=\"pt3\" \/><\/a><\/p>\n<p><strong>Description du s\u00e9jour<\/strong><\/p>\n<div>\n<p style=\"font-size: 12px;\">Votre arriv\u00e9e<\/p>\n<p style=\"font-size: 12px;\">La plupart des vols transatlantiques venant d\u2019Europe arrivent \u00e0 Quito en fin d\u2019apr\u00e8s-midi ou en soir\u00e9e. Vous passerez ainsi une nuit \u00e0 Quito avant de prendre un bus pour l\u2019Amazonie. Nous vous conseillerons alors les meilleurs vols.<\/p>\n<p style=\"font-size: 12px;\">Votre programme:<\/p>\n<ul>\n<li>J1 (Un Samedi) : Vol Europe-Quito. Taxi, H\u00f4tel.<\/li>\n<\/ul>\n<ul>\n<li>J2 : Trajet en bus jusqu\u2019\u00e0 la ville de Tena, H\u00f4tel (4 h de bus confortable).<\/li>\n<\/ul>\n<ul>\n<li>J3 \u00e0 J7 : 5 jours avec le chaman shuar Carlos Naikiat (dans un lodge indien ou une r\u00e9serve priv\u00e9e)<\/li>\n<\/ul>\n<ul>\n<li>J8 \u00e0 J13 : 6 jours chez le chaman kichwa Jos\u00e9 Licuy<\/li>\n<\/ul>\n<ul>\n<li>J14 : Retour en bus \u00e0 Quito dans l\u2019apr\u00e8s-midi (5 h), H\u00f4tel<\/li>\n<\/ul>\n<ul>\n<li>J15 (Un Samedi) : Journ\u00e9e libre \u00e0 Quito, Retour vers l\u2019Europe le soir<\/li>\n<\/ul>\n<ul>\n<li>J16 : Arriv\u00e9e le lendemain en Europe, \u00e0 cause du d\u00e9calage horaire<\/li>\n<\/ul>\n<h4>D\u00e9tail du s\u00e9jour chez Jos\u00e9 Licuy (6 jours) :<\/h4>\n<blockquote>\n<p style=\"font-size: 12px;\">Nous serons h\u00e9berg\u00e9s dans sa maison qu\u2019il vient de r\u00e9am\u00e9nager pour pouvoir recevoir 10 invit\u00e9s dans des abris traditionnels individuels diss\u00e9min\u00e9s dans la for\u00eat environnante au bord d\u2019une petite rivi\u00e8re. Sa famille s\u2019occupera des repas. Il nous montrera longuement en for\u00eat les plantes qu\u2019il utilise et comment il les pr\u00e9pare. Il est notamment pr\u00e9vu un bain de vapeur de plantes, un lever au th\u00e9 de wayusa, une marche vers un arbre sacr\u00e9 et trois sessions chamaniques avec lui. Nous pr\u00e9parerons aussi l\u2019ayahuasca qui servira \u00e0 ces c\u00e9r\u00e9monies.<\/p>\n<\/blockquote>\n<h4>D\u00e9tail du s\u00e9jour avec Carlos Naikiat (5 jours) :<\/h4>\n<blockquote>\n<p style=\"font-size: 12px;\">Nous serons h\u00e9berg\u00e9s dans un lodge tenu par des indiens. Carlos nous parlera de son exp\u00e9rience en tant que gu\u00e9risseur. Il nous montrera longuement les plantes m\u00e9dicinales de la for\u00eat primaire de Haute-Amazonie. Il est notamment pr\u00e9vu plusieurs interventions sur la cosmovision shuar et la spiritualit\u00e9 am\u00e9rindienne, une m\u00e9ditation entre les racines d\u2019un arbre g\u00e9ant et un bain purificateur dans une cascade sacr\u00e9e. Deux c\u00e9r\u00e9monies sont pr\u00e9vues avec lui.<\/p>\n<\/blockquote>\n<p style=\"font-size: 12px;\"><b>Les deux chamans d\u00e9livreront aussi \u00e0 chacun des participants une consultation et des soins individuels pour les aider dans leur chemin de vie ou d\u00e9marches de d\u00e9veloppement personnel.<\/b><\/p>\n<\/div>\n<p><strong>D\u00e9tails pratiques<\/strong><\/p>\n<p style=\"font-size: 12px;\">D\u00e9couverte des plantes m\u00e9dicinales et du chamanisme amazonien (Equateur)<\/p>\n<p style=\"font-size: 12px;\">R\u00e9gion : EQUATEUR, Provinces de Pastaza et Napo<\/p>\n<p style=\"font-size: 12px;\">D\u00e9part \/ Arriv\u00e9e : A\u00e9roport de Quito \/ A\u00e9roport de Quito<\/p>\n<p style=\"font-size: 12px;\">Dur\u00e9e : 15 jours<\/p>\n<p style=\"font-size: 12px;\">Nombre de participants : 6 \u00e0 10<\/p>\n<p style=\"font-size: 12px;\">Langue du voyage : Espagnol traduit en Fran\u00e7ais par un accompagnateur fran\u00e7ais<\/p>\n<p style=\"font-size: 12px;\">Monnaie locale : Dollar US<\/p>\n<p style=\"font-size: 12px;\">Visa : Pas de visa pour un s\u00e9jour inf\u00e9rieur \u00e0 90 jours<\/p>\n<p style=\"font-size: 12px;\">Formalit\u00e9s : Passeport valable 6 mois apr\u00e8s la date d\u2019arriv\u00e9e<\/p>\n<p style=\"font-size: 12px;\">Sant\u00e9<\/p>\n<p style=\"font-size: 12px;\">Vaccination recommand\u00e9e contre la fi\u00e8vre jaune au minimum 3 semaines avant le d\u00e9part.<\/p>\n<p style=\"font-size: 12px;\">Pr\u00e9vention contre le paludisme recommand\u00e9e.<\/p>\n<p style=\"font-size: 12px;\">Prendre obligatoirement une assurance individuelle \u00ab assistance-rapatriement \u00bb avec votre billet.<\/p>\n<p><strong>Carte d\u00e9taill\u00e9e<\/strong><\/p>\n<p><a href=\"\/voyage\/wp-content\/uploads\/sites\/3\/2015\/03\/carte.jpg\"><img decoding=\"async\" src=\"\/voyage\/wp-content\/uploads\/sites\/3\/2015\/03\/carte.jpg\" alt=\"carte\" \/><\/a><\/p>\n<p><strong>Budget<\/strong><\/p>\n<p style=\"font-size: 12px;\">1.500 \u20ac en pension compl\u00e8te (prise en charge \u00e0 partir et jusqu\u2019au d\u00e9part de Quito) + 300 \u20ac de contribution au programme Z\u00e9ro D\u00e9forestation, soit au total 1.800 \u20ac<\/p>\n<p style=\"font-size: 12px;\">Non inclus :<\/p>\n<p style=\"font-size: 12px;\">Vol international : nous vous conseillerons un plan de vol<br \/>\nArtisanat et achats personnels<\/p>\n<p><strong>R\u00e9servation et inscription<\/strong><\/p>\n<p style=\"font-size: 12px;\">Les \u00e9tapes d&rsquo;inscription sont les suivantes :<br \/>\nFormulaire avec vos coordonn\u00e9es<br \/>\nE-mail de confirmation par Latitud Sur sur la disponibilit\u00e9 de places pour ce voyage<br \/>\nA l\u2019issue de ces 2 \u00e9tapes vous voil\u00e0 inscrit !<\/p>\n<h6>Nous vous demanderons alors de r\u00e9diger une lettre pr\u00e9cisant vos intentions pour ce voyage et de r\u00e9pondre \u00e0 un questionnaire m\u00e9dical, ce qui confirmera votre inscription.<\/h6>\n<p style=\"font-size: 12px;\">Suivent quelques d\u00e9marches pour compl\u00e9ter votre dossier et vous permettre d\u2019obtenir toutes les informations n\u00e9cessaires \u00e0 une bonne pr\u00e9paration de votre voyage :<br \/>\nConseils pour l&rsquo;achat des billets d&rsquo;avion<br \/>\nPr\u00e9paration au voyage : envoi de votre feuille de route et de nos fiches-conseils<br \/>\nGroupe de discussion entre tous les participants, trois mois avant d\u00e9part<\/p>\n<p><div id=\"usermessagea\" class=\"cf_info \"><\/div><form enctype=\"multipart\/form-data\" action=\"\/voyage\/fr\/wp-json\/wp\/v2\/pages\/147#usermessagea\" method=\"post\" class=\"cform reservation-fr \" id=\"cformsform\"><fieldset class=\"cf-fs1\" style=\"\"><legend>Mes coordonn\u00e9es<\/legend><ol class=\"cf-ol\"><li id=\"li--2\" class=\"\"><label id=\"label--2\" for=\"cf_field_2\"><span>Pr\u00e9nom<\/span><\/label><input type=\"text\" name=\"cf_field_2\" id=\"cf_field_2\" class=\"single fldrequired\" value=\"\" onfocus=\"clearField(this)\" onblur=\"setField(this)\" title=\"\"\/><span class=\"reqtxt\">(required)<\/span><\/li><li id=\"li--3\" class=\"\"><label id=\"label--3\" for=\"cf_field_3\"><span>Nom<\/span><\/label><input type=\"text\" name=\"cf_field_3\" id=\"cf_field_3\" class=\"single fldrequired\" value=\"\" title=\"\"\/><span class=\"reqtxt\">(required)<\/span><\/li><li id=\"li--4\" class=\"\"><label id=\"label--4\" for=\"cf_field_4\"><span>Adresse<\/span><\/label><input type=\"text\" name=\"cf_field_4\" id=\"cf_field_4\" class=\"single fldrequired\" value=\"\" title=\"\"\/><span class=\"reqtxt\">(required)<\/span><\/li><li id=\"li--5\" class=\"\"><label id=\"label--5\" for=\"cf_field_5\"><span>Code Postal<\/span><\/label><input type=\"text\" name=\"cf_field_5\" id=\"cf_field_5\" class=\"single fldrequired\" value=\"\" title=\"\"\/><span class=\"reqtxt\">(required)<\/span><\/li><li id=\"li--6\" class=\"\"><label id=\"label--6\" for=\"cf_field_6\"><span>Ville<\/span><\/label><input type=\"text\" name=\"cf_field_6\" id=\"cf_field_6\" class=\"single fldrequired\" value=\"\" title=\"\"\/><span class=\"reqtxt\">(required)<\/span><\/li><li id=\"li--7\" class=\"\"><label id=\"label--7\" for=\"cf_field_7\"><span>Pays<\/span><\/label><input type=\"text\" name=\"cf_field_7\" id=\"cf_field_7\" class=\"single fldrequired\" value=\"\" title=\"\"\/><span class=\"reqtxt\">(required)<\/span><\/li><li id=\"li--8\" class=\"\"><label id=\"label--8\" for=\"cf_field_8\"><span>Courriel<\/span><\/label><input type=\"text\" name=\"cf_field_8\" id=\"cf_field_8\" class=\"single fldemail fldrequired\" value=\"\" title=\"\"\/><span class=\"emailreqtxt\">(valid email required)<\/span><\/li><li id=\"li--9\" class=\"\"><label id=\"label--9\" for=\"cf_field_9\"><span>T\u00e9l\u00e9phone<\/span><\/label><input type=\"text\" name=\"cf_field_9\" id=\"cf_field_9\" class=\"single fldrequired\" value=\"\" title=\"\"\/><span class=\"reqtxt\">(required)<\/span><\/li><li id=\"li--10\" class=\"\"><label id=\"label--10\" for=\"cf_field_10\"><span>Date de Naissance<\/span><\/label><input required=\"required\"  type=\"date\" name=\"cf_field_10\" id=\"cf_field_10\" class=\" fldrequired\" value=\"\" title=\"\"\/><span class=\"reqtxt\">(required)<\/span><\/li><li id=\"li--11\" class=\"\"><label id=\"label--11\" for=\"cf_field_11\"><span>N\u00b0 Passeport<\/span><\/label><input type=\"text\" name=\"cf_field_11\" id=\"cf_field_11\" class=\"single\" value=\"\" title=\"\"\/><\/li><li id=\"li--12\" class=\"\"><label id=\"label--12\" for=\"cf_field_12\"><span>Date de validit\u00e9<\/span><\/label><input  type=\"date\" name=\"cf_field_12\" id=\"cf_field_12\" class=\"\" value=\"\" title=\"\"\/><\/li><li id=\"li--13\" class=\"\"><label id=\"label--13\" for=\"cf_field_13\"><span>Mes dates de voyage \/ Question<\/span><\/label><textarea cols=\"30\" rows=\"8\" name=\"cf_field_13\" id=\"cf_field_13\" class=\"area\" title=\"\"><\/textarea><\/li><\/ol><\/fieldset><fieldset class=\"cf-fs2\" style=\"\"><legend>S\u00e9curit\u00e9<\/legend><ol class=\"cf-ol\"><li id=\"li--16\" class=\"\"><label for=\"cf_field_16\" class=\"secq\"><span>7-2 ?<\/span><\/label><input type=\"text\" name=\"cforms2_question_and_answer\" id=\"cf_field_16\" class=\"secinput fldrequired \" title=\"\"\/><input type=\"hidden\" name=\"cforms2_question_and_answer\/hint\" value=\"2\"\/><\/li><\/ol><\/fieldset><fieldset class=\"cf_hidden\"><legend>&nbsp;<\/legend><input type=\"hidden\" name=\"cf_working\" id=\"cf_working\" value=\"One moment please...\"\/><input type=\"hidden\" name=\"cf_failure\" id=\"cf_failure\" value=\"Merci de remplir toutes les informations demand\u00e9es\"\/><input type=\"hidden\" name=\"cf_customerr\" id=\"cf_customerr\" value=\"y\"\/><\/fieldset><p class=\"cf-sb\"><input type=\"submit\" name=\"sendbutton\" id=\"sendbutton\" class=\"sendbutton\" value=\"Envoyer\" \/><\/p><\/form><\/p>","protected":false},"excerpt":{"rendered":"<p>en Amazonie \u00e9quatorienne 1800 \u20ac TTC &#8211; 16 jours \/ 15 nuits A la rencontre des plantes m\u00e9dicinales et du chamanisme amazonien&#8230; D\u00e9couvrez l\u2019usage th\u00e9rapeutique des plantes m\u00e9dicinales d\u2019Amazonie avec deux gu\u00e9risseurs autochtones \u00e9quatoriens choisis entre Jos\u00e9 Licuy, ex-pr\u00e9sident de<span class=\"ellipsis\">&hellip;<\/span><\/p>\n<div class=\"read-more\"><a href=\"https:\/\/latitudsur.org\/voyage\/fr\/voyagez\/equateur\/plantes-et-chamanisme\/\">Lire la suite &#8250;<\/a><\/div>\n<p><!-- end of .read-more --><\/p>\n","protected":false},"author":1,"featured_media":0,"parent":51,"menu_order":0,"comment_status":"open","ping_status":"open","template":"template-page.php","meta":{"footnotes":""},"class_list":["post-147","page","type-page","status-publish","hentry"],"_links":{"self":[{"href":"https:\/\/latitudsur.org\/voyage\/fr\/wp-json\/wp\/v2\/pages\/147","targetHints":{"allow":["GET"]}}],"collection":[{"href":"https:\/\/latitudsur.org\/voyage\/fr\/wp-json\/wp\/v2\/pages"}],"about":[{"href":"https:\/\/latitudsur.org\/voyage\/fr\/wp-json\/wp\/v2\/types\/page"}],"author":[{"embeddable":true,"href":"https:\/\/latitudsur.org\/voyage\/fr\/wp-json\/wp\/v2\/users\/1"}],"replies":[{"embeddable":true,"href":"https:\/\/latitudsur.org\/voyage\/fr\/wp-json\/wp\/v2\/comments?post=147"}],"version-history":[{"count":3,"href":"https:\/\/latitudsur.org\/voyage\/fr\/wp-json\/wp\/v2\/pages\/147\/revisions"}],"predecessor-version":[{"id":2826,"href":"https:\/\/latitudsur.org\/voyage\/fr\/wp-json\/wp\/v2\/pages\/147\/revisions\/2826"}],"up":[{"embeddable":true,"href":"https:\/\/latitudsur.org\/voyage\/fr\/wp-json\/wp\/v2\/pages\/51"}],"wp:attachment":[{"href":"https:\/\/latitudsur.org\/voyage\/fr\/wp-json\/wp\/v2\/media?parent=147"}],"curies":[{"name":"wp","href":"https:\/\/api.w.org\/{rel}","templated":true}]}}