{"id":149,"date":"2015-03-09T16:33:27","date_gmt":"2015-03-09T15:33:27","guid":{"rendered":"https:\/\/latitudsur.org\/voyage\/voyagez\/mexique\/chamanisme-maya\/"},"modified":"2026-04-26T12:37:01","modified_gmt":"2026-04-26T12:37:01","slug":"chamanisme-maya","status":"publish","type":"page","link":"https:\/\/latitudsur.org\/voyage\/fr\/voyagez\/mexique\/chamanisme-maya\/","title":{"rendered":"Chamanisme au Mexique"},"content":{"rendered":"<p><a class=\"fbx-instance fbx-link\" style=\"float: right;\" href=\"\/voyage\/wp-content\/uploads\/sites\/3\/2015\/03\/accueil3.jpg\"><img loading=\"lazy\" decoding=\"async\" class=\"size-medium wp-image-560\" src=\"\/voyage\/wp-content\/uploads\/sites\/3\/2015\/03\/accueil3.jpg\" alt=\"accueil\" width=\"300\" height=\"300\" \/><\/a><\/p>\n<h2><img loading=\"lazy\" decoding=\"async\" style=\"float: left;\" src=\"https:\/\/latitudsur.org\/voyage\/wp-content\/uploads\/sites\/3\/2015\/06\/ptchaman.gif\" alt=\"ptchaman\" width=\"97\" height=\"97\" \/>Immersion chamanique en territoire maya<\/h2>\n<p align=\"justify\"><span style=\"color: #1fa51c; font-size: 16px; font-weight: bold;\"><strong>1800 \u20ac TTC<\/strong> &#8211; 16 jours \/ 15 nuits<\/span><\/p>\n<h4 style=\"color: #800000; font-weight: normal;\" align=\"justify\">Deux semaines intenses en compagnie de chamans mayas, huichols et mazat\u00e8ques sur diff\u00e9rents sites sacr\u00e9s.<\/h4>\n<h4 style=\"color: #800000; font-weight: normal;\" align=\"justify\">Une exp\u00e9rience humaine unique au c\u0153ur de pratiques chamaniques mill\u00e9naires.<\/h4>\n<table style=\"height: 68px;\" width=\"433\" cellspacing=\"1\" cellpadding=\"1\">\n<tbody>\n<tr>\n<td align=\"center\" bgcolor=\"#e2fcde\"><strong>S\u00c9JOUR CHAMANIQUE du 9 au 31 Janvier 2027<br \/>(inscriptions ouvertes, limit\u00e9 \u00e0 6 participants)<\/strong>\n<p><strong>RETRAITE CHAMANIQUE chez <\/strong><strong>les Arhuacos et Kogis de Colombie<br \/>du 1 au 21 Mars 2027<br \/><\/strong><strong>(inscriptions ouvertes, limit\u00e9 \u00e0 6 participants)<\/strong><\/p>\n<\/td>\n<\/tr>\n<\/tbody>\n<\/table>\n<p align=\"justify\">Latitud Sur, en partenariat avec l\u2019association Arutam, propose ce voyage d\u2019immersion chamanique chez les mayas en itin\u00e9rance au Chiapas et au Guatemala \u00e0 la rencontre de gu\u00e9risseurs et herboristes travaillant dans les communaut\u00e9s autochtones recul\u00e9es.<\/p>\n<p>Ce voyage est unique car il se base sur le travail de chamans avec lesquels nous entretenons d\u2019\u00e9troites relations. Il s\u2019adresse \u00e0 des personnes adultes mues par une authentique recherche int\u00e9rieure et poss\u00e9dant une bonne condition physique, c\u2019est-\u00e0-dire capables de s\u00e9journer en pleine nature.<\/p>\n<p>Nous encourageons notamment les m\u00e9decins, les th\u00e9rapeutes alternatifs et les personnes travaillant dans le param\u00e9dical \u00e0 s\u2019inscrire \u00e0 ce voyage ce qui d\u2019une part, leur donnera une autre approche de la sant\u00e9 et d\u2019autre part augmentera les \u00e9changes entre occidentaux et gu\u00e9risseurs locaux.<\/p>\n<p>Au-del\u00e0 de la d\u00e9couverte d&rsquo;une cosmovision diff\u00e9rente, le propos de ce voyage est un travail profond et individuel sur le corps, les \u00e9motions, le mental et l&rsquo;esprit gr\u00e2ce \u00e0 des rituels de purification, r\u00e9g\u00e9n\u00e9ration et harmonisation, dont la hutte de sudation, traditionnellement utilis\u00e9s par les chamans mayas.<\/p>\n<p align=\"center\"><a href=\"\/voyage\/wp-content\/uploads\/sites\/3\/2015\/03\/gd12.jpg\"><img decoding=\"async\" style=\"border: 7px solid #FFFFFF; width: 210px; height: 155px;\" src=\"\/voyage\/wp-content\/uploads\/sites\/3\/2015\/03\/gd12.jpg\" alt=\"pt1\" \/><\/a> <a href=\"\/voyage\/wp-content\/uploads\/sites\/3\/2020\/03\/cenote_luna1.jpg\"><img decoding=\"async\" style=\"border: 7px solid #FFFFFF; width: 210px; height: 155px;\" src=\"\/voyage\/wp-content\/uploads\/sites\/3\/2020\/03\/cenote_luna1.jpg\" alt=\"pt2\" \/><\/a> <a href=\"\/voyage\/wp-content\/uploads\/sites\/3\/2015\/03\/gd33.jpg\"><img decoding=\"async\" style=\"border: 7px solid #FFFFFF; width: 210px; height: 155px;\" src=\"\/voyage\/wp-content\/uploads\/sites\/3\/2015\/03\/gd33.jpg\" alt=\"pt3\" \/><\/a><\/p>\n<p><strong>Description du s\u00e9jour<\/strong><\/p>\n<div>\n<p style=\"font-size: 12px;\">Votre programme:<\/p>\n<ul>\n<li>J1 (Un Samedi) : Vol Europe-Mexique. Taxi, H\u00f4tel.<\/li>\n<\/ul>\n<ul>\n<li>J2 \u00e0 J7 : 6 jours avec les chamans mayas du Chiapas<\/li>\n<\/ul>\n<ul>\n<li>J8 \u00e0 J13 : 6 jours avec les chamans maya Quich\u00e9 du Guatemala<\/li>\n<\/ul>\n<ul>\n<li>J14 \u00e0 J19 : 6 jours autour du Lac Atitlan<\/li>\n<\/ul>\n<ul>\n<li>J20 (Un Samedi) : Journ\u00e9e libre avant votre retour vers l\u2019Europe le soir<\/li>\n<\/ul>\n<ul>\n<li>J21 : Arriv\u00e9e le lendemain en Europe, \u00e0 cause du d\u00e9calage horaire<\/li>\n<\/ul>\n<\/div>\n<p><strong>D\u00e9tails pratiques<\/strong><\/p>\n<p style=\"font-size: 12px;\">R\u00e9gion : MEXIQUE<\/p>\n<p style=\"font-size: 12px;\">D\u00e9part \/ Arriv\u00e9e : A\u00e9roport de Mexico \/ A\u00e9roport de Guatemala City<\/p>\n<p style=\"font-size: 12px;\">Dur\u00e9e : 21 jours<\/p>\n<p style=\"font-size: 12px;\">Nombre de participants : 6<\/p>\n<p style=\"font-size: 12px;\">Langue du voyage : Espagnol traduit en Fran\u00e7ais par un accompagnateur fran\u00e7ais<\/p>\n<p style=\"font-size: 12px;\">Monnaie locale : Nuevo Peso MXN<\/p>\n<p style=\"font-size: 12px;\">Visa : Pas de visa pour un s\u00e9jour inf\u00e9rieur \u00e0 90 jours<\/p>\n<p style=\"font-size: 12px;\">Formalit\u00e9s : Passeport valable 6 mois apr\u00e8s la date d\u2019arriv\u00e9e<\/p>\n<p style=\"font-size: 12px;\">Sant\u00e9<\/p>\n<p style=\"font-size: 12px;\">Prendre obligatoirement une assurance individuelle \u00ab assistance-rapatriement \u00bb avec votre billet.<\/p>\n<p><strong>Carte d\u00e9taill\u00e9e<\/strong><br \/><a href=\"\/voyage\/wp-content\/uploads\/sites\/3\/2015\/03\/carte2.jpg\"><img decoding=\"async\" src=\"\/voyage\/wp-content\/uploads\/sites\/3\/2015\/03\/carte2.jpg\" alt=\"Mexique\" \/><\/a><\/p>\n<p><strong>Budget<\/strong><\/p>\n<p style=\"font-size: 12px;\">Budget<\/p>\n<p style=\"font-size: 12px;\">1.500 \u20ac en pension compl\u00e8te (prise en charge Cancun-Cancun ou selon le cas Cancun-Mexico) + 300 \u20ac de contribution au programme Z\u00e9ro D\u00e9forestation, soit au total 1.800 \u20ac<\/p>\n<p style=\"font-size: 12px;\">Non inclus :<\/p>\n<p style=\"font-size: 12px;\">Vol international : nous vous conseillerons un plan de vol<br \/>Artisanat et achats personnels<\/p>\n<p><strong>R\u00e9servation et inscription<\/strong><\/p>\n<p style=\"font-size: 12px;\">Les \u00e9tapes d&rsquo;inscription sont les suivantes :<br \/>Formulaire avec vos coordonn\u00e9es<br \/>E-mail de confirmation par Latitud Sur sur la disponibilit\u00e9 de places pour ce voyage<br \/>A l\u2019issue de ces 2 \u00e9tapes vous voil\u00e0 inscrit !<\/p>\n<p style=\"font-size: 12px;\">Suivent quelques d\u00e9marches pour compl\u00e9ter votre dossier et vous permettre d\u2019obtenir toutes les informations n\u00e9cessaires \u00e0 une bonne pr\u00e9paration de votre voyage :<br \/>Conseils pour l&rsquo;achat des billets d&rsquo;avion<br \/>Pr\u00e9paration au voyage : envoi de votre feuille de route et de nos fiches-conseils<br \/>Groupe de discussion entre tous les participants, trois mois avant d\u00e9part<\/p>\n<div id=\"usermessagea\" class=\"cf_info \"><\/div><form enctype=\"multipart\/form-data\" action=\"\/voyage\/fr\/wp-json\/wp\/v2\/pages\/149#usermessagea\" method=\"post\" class=\"cform reservation-fr \" id=\"cformsform\"><fieldset class=\"cf-fs1\" style=\"\"><legend>Mes coordonn\u00e9es<\/legend><ol class=\"cf-ol\"><li id=\"li--2\" class=\"\"><label id=\"label--2\" for=\"cf_field_2\"><span>Pr\u00e9nom<\/span><\/label><input type=\"text\" name=\"cf_field_2\" id=\"cf_field_2\" class=\"single fldrequired\" value=\"\" onfocus=\"clearField(this)\" onblur=\"setField(this)\" title=\"\"\/><span class=\"reqtxt\">(required)<\/span><\/li><li id=\"li--3\" class=\"\"><label id=\"label--3\" for=\"cf_field_3\"><span>Nom<\/span><\/label><input type=\"text\" name=\"cf_field_3\" id=\"cf_field_3\" class=\"single fldrequired\" value=\"\" title=\"\"\/><span class=\"reqtxt\">(required)<\/span><\/li><li id=\"li--4\" class=\"\"><label id=\"label--4\" for=\"cf_field_4\"><span>Adresse<\/span><\/label><input type=\"text\" name=\"cf_field_4\" id=\"cf_field_4\" class=\"single fldrequired\" value=\"\" title=\"\"\/><span class=\"reqtxt\">(required)<\/span><\/li><li id=\"li--5\" class=\"\"><label id=\"label--5\" for=\"cf_field_5\"><span>Code Postal<\/span><\/label><input type=\"text\" name=\"cf_field_5\" id=\"cf_field_5\" class=\"single fldrequired\" value=\"\" title=\"\"\/><span class=\"reqtxt\">(required)<\/span><\/li><li id=\"li--6\" class=\"\"><label id=\"label--6\" for=\"cf_field_6\"><span>Ville<\/span><\/label><input type=\"text\" name=\"cf_field_6\" id=\"cf_field_6\" class=\"single fldrequired\" value=\"\" title=\"\"\/><span class=\"reqtxt\">(required)<\/span><\/li><li id=\"li--7\" class=\"\"><label id=\"label--7\" for=\"cf_field_7\"><span>Pays<\/span><\/label><input type=\"text\" name=\"cf_field_7\" id=\"cf_field_7\" class=\"single fldrequired\" value=\"\" title=\"\"\/><span class=\"reqtxt\">(required)<\/span><\/li><li id=\"li--8\" class=\"\"><label id=\"label--8\" for=\"cf_field_8\"><span>Courriel<\/span><\/label><input type=\"text\" name=\"cf_field_8\" id=\"cf_field_8\" class=\"single fldemail fldrequired\" value=\"\" title=\"\"\/><span class=\"emailreqtxt\">(valid email required)<\/span><\/li><li id=\"li--9\" class=\"\"><label id=\"label--9\" for=\"cf_field_9\"><span>T\u00e9l\u00e9phone<\/span><\/label><input type=\"text\" name=\"cf_field_9\" id=\"cf_field_9\" class=\"single fldrequired\" value=\"\" title=\"\"\/><span class=\"reqtxt\">(required)<\/span><\/li><li id=\"li--10\" class=\"\"><label id=\"label--10\" for=\"cf_field_10\"><span>Date de Naissance<\/span><\/label><input required=\"required\"  type=\"date\" name=\"cf_field_10\" id=\"cf_field_10\" class=\" fldrequired\" value=\"\" title=\"\"\/><span class=\"reqtxt\">(required)<\/span><\/li><li id=\"li--11\" class=\"\"><label id=\"label--11\" for=\"cf_field_11\"><span>N\u00b0 Passeport<\/span><\/label><input type=\"text\" name=\"cf_field_11\" id=\"cf_field_11\" class=\"single\" value=\"\" title=\"\"\/><\/li><li id=\"li--12\" class=\"\"><label id=\"label--12\" for=\"cf_field_12\"><span>Date de validit\u00e9<\/span><\/label><input  type=\"date\" name=\"cf_field_12\" id=\"cf_field_12\" class=\"\" value=\"\" title=\"\"\/><\/li><li id=\"li--13\" class=\"\"><label id=\"label--13\" for=\"cf_field_13\"><span>Mes dates de voyage \/ Question<\/span><\/label><textarea cols=\"30\" rows=\"8\" name=\"cf_field_13\" id=\"cf_field_13\" class=\"area\" title=\"\"><\/textarea><\/li><\/ol><\/fieldset><fieldset class=\"cf-fs2\" style=\"\"><legend>S\u00e9curit\u00e9<\/legend><ol class=\"cf-ol\"><li id=\"li--16\" class=\"\"><label for=\"cf_field_16\" class=\"secq\"><span>3+8 ?<\/span><\/label><input type=\"text\" name=\"cforms2_question_and_answer\" id=\"cf_field_16\" class=\"secinput fldrequired \" title=\"\"\/><input type=\"hidden\" name=\"cforms2_question_and_answer\/hint\" value=\"0\"\/><\/li><\/ol><\/fieldset><fieldset class=\"cf_hidden\"><legend>&nbsp;<\/legend><input type=\"hidden\" name=\"cf_working\" id=\"cf_working\" value=\"One moment please...\"\/><input type=\"hidden\" name=\"cf_failure\" id=\"cf_failure\" value=\"Merci de remplir toutes les informations demand\u00e9es\"\/><input type=\"hidden\" name=\"cf_customerr\" id=\"cf_customerr\" value=\"y\"\/><\/fieldset><p class=\"cf-sb\"><input type=\"submit\" name=\"sendbutton\" id=\"sendbutton\" class=\"sendbutton\" value=\"Envoyer\" \/><\/p><\/form>\n\n\n<p><\/p>","protected":false},"excerpt":{"rendered":"<p>Immersion chamanique en territoire maya 1800 \u20ac TTC &#8211; 16 jours \/ 15 nuits Deux semaines intenses en compagnie de chamans mayas, huichols et mazat\u00e8ques sur diff\u00e9rents sites sacr\u00e9s. Une exp\u00e9rience humaine unique au c\u0153ur de pratiques chamaniques mill\u00e9naires. S\u00c9JOUR<span class=\"ellipsis\">&hellip;<\/span><\/p>\n<div class=\"read-more\"><a href=\"https:\/\/latitudsur.org\/voyage\/fr\/voyagez\/mexique\/chamanisme-maya\/\">Lire la suite &#8250;<\/a><\/div>\n<p><!-- end of .read-more --><\/p>\n","protected":false},"author":1,"featured_media":0,"parent":80,"menu_order":0,"comment_status":"open","ping_status":"open","template":"template-page.php","meta":{"footnotes":""},"class_list":["post-149","page","type-page","status-publish","hentry"],"_links":{"self":[{"href":"https:\/\/latitudsur.org\/voyage\/fr\/wp-json\/wp\/v2\/pages\/149","targetHints":{"allow":["GET"]}}],"collection":[{"href":"https:\/\/latitudsur.org\/voyage\/fr\/wp-json\/wp\/v2\/pages"}],"about":[{"href":"https:\/\/latitudsur.org\/voyage\/fr\/wp-json\/wp\/v2\/types\/page"}],"author":[{"embeddable":true,"href":"https:\/\/latitudsur.org\/voyage\/fr\/wp-json\/wp\/v2\/users\/1"}],"replies":[{"embeddable":true,"href":"https:\/\/latitudsur.org\/voyage\/fr\/wp-json\/wp\/v2\/comments?post=149"}],"version-history":[{"count":6,"href":"https:\/\/latitudsur.org\/voyage\/fr\/wp-json\/wp\/v2\/pages\/149\/revisions"}],"predecessor-version":[{"id":2878,"href":"https:\/\/latitudsur.org\/voyage\/fr\/wp-json\/wp\/v2\/pages\/149\/revisions\/2878"}],"up":[{"embeddable":true,"href":"https:\/\/latitudsur.org\/voyage\/fr\/wp-json\/wp\/v2\/pages\/80"}],"wp:attachment":[{"href":"https:\/\/latitudsur.org\/voyage\/fr\/wp-json\/wp\/v2\/media?parent=149"}],"curies":[{"name":"wp","href":"https:\/\/api.w.org\/{rel}","templated":true}]}}