{"id":157,"date":"2015-03-09T16:38:39","date_gmt":"2015-03-09T15:38:39","guid":{"rendered":"http:\/\/latitudsur.org\/voyage\/?page_id=157"},"modified":"2015-03-09T16:38:39","modified_gmt":"2015-03-09T15:38:39","slug":"humanitaire","status":"publish","type":"page","link":"https:\/\/latitudsur.org\/voyage\/fr\/voyagez\/tous-les-voyages\/humanitaire\/","title":{"rendered":"Humanitaire"},"content":{"rendered":"<p><a href=\"https:\/\/latitudsur.org\/voyage\/wp-content\/uploads\/sites\/3\/2015\/03\/bandeau_humanitaire.jpg\"><img decoding=\"async\" class=\"alignnone size-medium wp-image-888\" src=\"https:\/\/latitudsur.org\/voyage\/wp-content\/uploads\/sites\/3\/2015\/03\/bandeau_humanitaire.jpg\" alt=\"bandeau\" \/><\/a><\/p>\n<p><strong>Voir la vid\u00e9o \u00ab\u00a0<a href=\"https:\/\/vimeo.com\/89389520\" target=\"_blank\">Selva Viva, le bateau de l&rsquo;espoir<\/a>\u00a0\u00bb du Dr Bernard Fontanille, Arte.<\/strong><\/p>\n<p>Vous pouvez vous impliquer dans les projets de l&#039;association lors de courts s\u00e9jours, notamment dans le domaine de l&rsquo;agroforesterie, si vous parlez espagnol.<\/p>\n<p>En tant que personnel de sant\u00e9 (m\u00e9decins &amp; infirmiers notamment), vous pouvez aussi vous int\u00e9grer dans certaines de nos exp\u00e9ditions.<\/p>\n<p><strong><a href=\"mailto:iquitos@latitudsur.org\" target=\"_blank\">Nous \u00e9crire par mail pour en savoir plus.<\/a><\/strong><\/p>","protected":false},"excerpt":{"rendered":"<p>Voir la vid\u00e9o \u00ab\u00a0Selva Viva, le bateau de l&rsquo;espoir\u00a0\u00bb du Dr Bernard Fontanille, Arte. Vous pouvez vous impliquer dans les projets de l&#039;association lors de courts s\u00e9jours, notamment dans le domaine de l&rsquo;agroforesterie, si vous parlez espagnol. En tant que<span class=\"ellipsis\">&hellip;<\/span><\/p>\n<div class=\"read-more\"><a href=\"https:\/\/latitudsur.org\/voyage\/fr\/voyagez\/tous-les-voyages\/humanitaire\/\">Lire la suite &#8250;<\/a><\/div>\n<p><!-- end of .read-more --><\/p>\n","protected":false},"author":1,"featured_media":0,"parent":127,"menu_order":0,"comment_status":"open","ping_status":"open","template":"template-page.php","meta":{"footnotes":""},"class_list":["post-157","page","type-page","status-publish","hentry"],"_links":{"self":[{"href":"https:\/\/latitudsur.org\/voyage\/fr\/wp-json\/wp\/v2\/pages\/157","targetHints":{"allow":["GET"]}}],"collection":[{"href":"https:\/\/latitudsur.org\/voyage\/fr\/wp-json\/wp\/v2\/pages"}],"about":[{"href":"https:\/\/latitudsur.org\/voyage\/fr\/wp-json\/wp\/v2\/types\/page"}],"author":[{"embeddable":true,"href":"https:\/\/latitudsur.org\/voyage\/fr\/wp-json\/wp\/v2\/users\/1"}],"replies":[{"embeddable":true,"href":"https:\/\/latitudsur.org\/voyage\/fr\/wp-json\/wp\/v2\/comments?post=157"}],"version-history":[{"count":0,"href":"https:\/\/latitudsur.org\/voyage\/fr\/wp-json\/wp\/v2\/pages\/157\/revisions"}],"up":[{"embeddable":true,"href":"https:\/\/latitudsur.org\/voyage\/fr\/wp-json\/wp\/v2\/pages\/127"}],"wp:attachment":[{"href":"https:\/\/latitudsur.org\/voyage\/fr\/wp-json\/wp\/v2\/media?parent=157"}],"curies":[{"name":"wp","href":"https:\/\/api.w.org\/{rel}","templated":true}]}}