{"id":169,"date":"2015-03-09T19:02:57","date_gmt":"2015-03-09T18:02:57","guid":{"rendered":"http:\/\/latitudsur.org\/voyage\/?page_id=169"},"modified":"2015-03-09T19:02:57","modified_gmt":"2015-03-09T18:02:57","slug":"charte-ethique","status":"publish","type":"page","link":"https:\/\/latitudsur.org\/voyage\/fr\/ethique-culture\/charte-ethique\/","title":{"rendered":"Charte \u00e9thique"},"content":{"rendered":"<p><a style=\"float:right\" href=\"\/voyage\/wp-content\/uploads\/sites\/3\/2015\/03\/charteethique.jpg\"><img loading=\"lazy\" decoding=\"async\" class=\"size-medium wp-image-560\" src=\"\/voyage\/wp-content\/uploads\/sites\/3\/2015\/03\/charteethique.jpg\" alt=\"accueil\" width=\"265\" height=\"300\" \/><\/a><\/p>\n<p>Une charte \u00e9thique, c&rsquo;est un<strong> ensemble de principes auquel on adh\u00e8re et auquel l\u2019on d\u00e9cide de se plier<\/strong>.<\/p>\n<p>Mais ce n\u2019est pas seulement un engagement de la part de l\u2019organisateur,  Latitud Sur en l\u2019occurrence, mais aussi celui du participant au voyage.<\/p>\n<p> Voici les valeurs que nous avons d\u00e9cid\u00e9 de d\u00e9fendre :<\/p>\n<p><a style=\"float:left;padding-right:20px\" href=\"\/voyage\/wp-content\/uploads\/sites\/3\/2015\/03\/fleuve.jpg\"><img loading=\"lazy\" decoding=\"async\" class=\"size-medium wp-image-560\" src=\"\/voyage\/wp-content\/uploads\/sites\/3\/2015\/03\/fleuve.jpg\" alt=\"accueil\" width=\"265\" height=\"300\" \/><\/a><\/p>\n<h3>Latitud Sur s\u2019engage \u00e0\u2026<\/h3>\n<ul>\n<li>Respecter et faire respecter la Charte \u00e9thique du voyageur <a href=\"http:\/\/www.atalante.fr\/PdfWeb\/charte-ethique-du-voyageur.pdf\" target=\"_blank\">\u00e9tablie par Atalante<\/a>.<\/li>\n<li>Proposer des voyages ayant un impact n\u00e9gatif le plus faible  possible &#8211; id\u00e9alement nul &#8211; sur les communaut\u00e9s et l\u2019environnement. Si  impacts il y avait, notre pr\u00e9sence aupr\u00e8s des communaut\u00e9s nous permet de  les \u00e9valuer et de mettre en place des mesures correctrices.<\/li>\n<li>Eviter le luxe dispendieux et les sources de gaspillage.<\/li>\n<li>Eviter les \u00e9v\u00e8nements \u00ab folklorisants \u00bb, \u00ab attrapes touristes \u00bb et les mises en sc\u00e8ne.<\/li>\n<li>Verser nos aides \u00e0 des projets qui b\u00e9n\u00e9ficient autant que possible  aux communaut\u00e9s autochtones et non \u00e0 un seul individu ou une seule  famille, dans la perspective d\u2019un d\u00e9veloppement durable. *plus  d\u2019informations dans la partie \u00ab D\u00e9veloppement \u00bb.<\/li>\n<li>R\u00e9mun\u00e9rer les services locaux de mani\u00e8re \u00e9quitable et sans perturbation des \u00e9quilibres \u00e9conomiques communautaires.<\/li>\n<li>Fournir aux voyageurs une information objective et sinc\u00e8re sur les conditions du voyage et le lieu de destination.<\/li>\n<li>En cas de d\u00e9faillance des prestations annonc\u00e9es, s&rsquo;engager \u00e0  proposer une solution au probl\u00e8me pos\u00e9 dans les plus brefs d\u00e9lais pour  les courts s\u00e9jours et de 48h pour les s\u00e9jours.<\/li>\n<\/ul>\n<h3>Le voyageur s\u2019engage \u00e0\u2026<\/h3>\n<ul>\n<li>Ne pas laisser de produits dont le recyclage n\u2019est pas assur\u00e9. Les  piles vides, entre autres, devront \u00eatre conserv\u00e9es par le voyageur.<\/li>\n<li>Respecter l\u2019organisation sociale des communaut\u00e9s m\u00eame si elle  semble contredire vos valeurs &#8211; relations hommes-femmes par exemple.<\/li>\n<li>Ne pas agir en consommateur insouciant, n\u2019ayant que des droits. Un  voyage ne doit pas servir \u00e0 reproduire son mode de vie \u00e0 l\u2019\u00e9tranger, au  risque de heurter les m\u0153urs des populations locales.<\/li>\n<li>Respecter les zones prot\u00e9g\u00e9es ou interdites d&#039;acc\u00e8s.<\/li>\n<li>Respecter la flore : ne pas emporter de fruits (sauf si  l&#039;autorisation a \u00e9t\u00e9 donn\u00e9e de les cueillir sur place ou s&rsquo;ils vous ont  \u00e9t\u00e9 offerts), ne pas cueillir de fleurs ou couper des plantes &#8211; sauf si  le guide vous y autorise -, ne pas pi\u00e9tiner les plantations\u2026<\/li>\n<li>Respecter la faune : se tenir \u00e0 distance des animaux sauvages et  se d\u00e9placer dans le calme pour \u00e9viter de les effrayer, respecter leur  environnement et ne pas les nourrir\u2026<\/li>\n<li>Adopter une tenue vestimentaire correcte.<\/li>\n<li>Ne prendre de portraits photographiques qu&rsquo;avec l&#039;accord de la  personne ou du groupe photographi\u00e9 et refuser dans le cas o\u00f9 l&#039;on vous  demande de l&#039;argent.<\/li>\n<li>Ne pas donner d\u2019argent ou de cadeau cons\u00e9quent aux personnes sans  en avoir discut\u00e9 avec votre accompagnateur. Nous privil\u00e9gions les  cadeaux au niveau de la communaut\u00e9.<\/li>\n<li>Voyager avec un esprit \u00ab souple \u00bb et non pas de \u00ab consommateur \u00bb.  Les prestations propos\u00e9es peuvent toujours faire l\u2019objet de  modifications (souvent prises en accord avec vous) car ce ne sont pas  des voyages classiques que nous proposons, en dehors souvent des  sentiers battus donc pouvant pr\u00e9senter des al\u00e9as.<\/li>\n<\/ul>\n<p>De mani\u00e8re g\u00e9n\u00e9rale, le mieux est de discuter avant toute prise d\u2019initiative avec votre accompagnateur.<\/p>\n<p><\/p>","protected":false},"excerpt":{"rendered":"<p>Une charte \u00e9thique, c&rsquo;est un ensemble de principes auquel on adh\u00e8re et auquel l\u2019on d\u00e9cide de se plier. Mais ce n\u2019est pas seulement un engagement de la part de l\u2019organisateur, Latitud Sur en l\u2019occurrence, mais aussi celui du participant au<span class=\"ellipsis\">&hellip;<\/span><\/p>\n<div class=\"read-more\"><a href=\"https:\/\/latitudsur.org\/voyage\/fr\/ethique-culture\/charte-ethique\/\">Lire la suite &#8250;<\/a><\/div>\n<p><!-- end of .read-more --><\/p>\n","protected":false},"author":1,"featured_media":0,"parent":167,"menu_order":0,"comment_status":"open","ping_status":"open","template":"template-page.php","meta":{"footnotes":""},"class_list":["post-169","page","type-page","status-publish","hentry"],"_links":{"self":[{"href":"https:\/\/latitudsur.org\/voyage\/fr\/wp-json\/wp\/v2\/pages\/169","targetHints":{"allow":["GET"]}}],"collection":[{"href":"https:\/\/latitudsur.org\/voyage\/fr\/wp-json\/wp\/v2\/pages"}],"about":[{"href":"https:\/\/latitudsur.org\/voyage\/fr\/wp-json\/wp\/v2\/types\/page"}],"author":[{"embeddable":true,"href":"https:\/\/latitudsur.org\/voyage\/fr\/wp-json\/wp\/v2\/users\/1"}],"replies":[{"embeddable":true,"href":"https:\/\/latitudsur.org\/voyage\/fr\/wp-json\/wp\/v2\/comments?post=169"}],"version-history":[{"count":0,"href":"https:\/\/latitudsur.org\/voyage\/fr\/wp-json\/wp\/v2\/pages\/169\/revisions"}],"up":[{"embeddable":true,"href":"https:\/\/latitudsur.org\/voyage\/fr\/wp-json\/wp\/v2\/pages\/167"}],"wp:attachment":[{"href":"https:\/\/latitudsur.org\/voyage\/fr\/wp-json\/wp\/v2\/media?parent=169"}],"curies":[{"name":"wp","href":"https:\/\/api.w.org\/{rel}","templated":true}]}}