{"id":171,"date":"2015-03-09T19:03:29","date_gmt":"2015-03-09T18:03:29","guid":{"rendered":"http:\/\/latitudsur.org\/voyage\/?page_id=171"},"modified":"2015-03-09T19:03:29","modified_gmt":"2015-03-09T18:03:29","slug":"cultures-indigenes","status":"publish","type":"page","link":"https:\/\/latitudsur.org\/voyage\/fr\/ethique-culture\/cultures-indigenes\/","title":{"rendered":"Cultures Indig\u00e8nes"},"content":{"rendered":"<p><a style=\"float:right\" href=\"\/voyage\/wp-content\/uploads\/sites\/3\/2015\/03\/etnie.jpg\"><img loading=\"lazy\" decoding=\"async\" class=\"size-medium wp-image-560\" src=\"\/voyage\/wp-content\/uploads\/sites\/3\/2015\/03\/etnie.jpg\" alt=\"accueil\" width=\"265\" height=\"300\" \/><\/a><\/p>\n<p style=\"text-align: justify\">Cette partie du site a pour ambition de vous donner quelques  \u00e9l\u00e9ments de compr\u00e9hension suppl\u00e9mentaires sur les cultures que vous pourrez  rencontrer en participant aux voyages solidaires de Latitud Sur.<\/p>\n<p style=\"text-align: justify\">Bien que l\u2019on parle de noyau dur des cultures m\u00e9soam\u00e9ricaines,  voire des cultures andines ou amazoniennes, leur fond commun ne constitue pas  une \u00e9vidence pour le voyageur en pleine d\u00e9couverte des hauts plateaux des Andes  en Equateur ou de l\u2019Amazonie p\u00e9ruvienne.<\/p>\n<p style=\"text-align: justify\">De la m\u00eame fa\u00e7on ce sont surtout les  diff\u00e9rences qui vous sauteront aux yeux depuis le nord du Mexique jusqu\u2019au  Guatemala.<\/p>\n<p><a style=\"float:left;padding-right:10px\" href=\"\/voyage\/wp-content\/uploads\/sites\/3\/2015\/03\/etnie2.jpg\"><img decoding=\"async\" class=\"size-medium wp-image-560\" src=\"\/voyage\/wp-content\/uploads\/sites\/3\/2015\/03\/etnie2.jpg\" alt=\"accueil\" \/><\/a><\/p>\n<p style=\"text-align: justify\">Cependant, ces multiples cultures ont bien en commun des  connaissances, des \u00e9l\u00e9ments de cosmovision et des traditions qui rendent  aujourd\u2019hui envieux les Occidentaux.<\/p>\n<p style=\"text-align: justify\">A travers ces modes de vie que l\u2019on vous  propose de d\u00e9couvrir, un autre mod\u00e8le subsiste, plus humain, plus en phase avec  leur environnement.<\/p>\n<p style=\"text-align: justify\">Pour autant il ne faut pas se voiler la face sur la rapide  disparition de ces cultures. Le travail des ONGs ou de quelques institutions  internationales ne suffit pas \u00e0 ralentir le travail de sape op\u00e9r\u00e9 par les  m\u00e9canismes de la soci\u00e9t\u00e9 capitaliste mondialis\u00e9e.<\/p>\n<p style=\"text-align: justify\">D\u00e8s lors, ces instants pass\u00e9s en immersion dans ces  communaut\u00e9s semblent comme ressurgir tout droit du pass\u00e9. Ces exp\u00e9riences ont  un petit quelque chose de magique, un moment de partage, la vue d\u2019un temple  dont l\u2019architecture continue de questionner nos sp\u00e9cialistes, un enfant qui r\u00e9alise  une offrande \u00e0 la terre\u2026<\/p>\n<p style=\"text-align: justify\">Dans ces moments l\u00e0, nous gardons l\u2019espoir de  pr\u00e9server une autre vision du monde.<\/p>\n<p style=\"text-align: justify\">A travers les textes que nous mettons en ligne, nous tentons  de vous offrir quelques \u00e9clairages sur ces cultures.<\/p>\n<p style=\"text-align: justify\">Cultures gr\u00e2ce auxquelles nous avons encore et toujours de belles le\u00e7ons \u00e0 apprendre<\/p>\n<p style=\"text-align: justify\"><span style=\"font-size: 14pt\"><strong>Ces cultures  ont plus que jamais besoin d\u2019un soutien pour se pr\u00e9server !<\/strong><\/span><\/p>\n<p style=\"text-align: justify\">Cliquez ci dessous pour t\u00e9l\u00e9charger les fiches en pdf et d\u00e9couvrir ces cultures indig\u00e8nes.<\/p>\n<p align=\"center\"><a href=\"\/voyage\/wp-content\/uploads\/sites\/3\/2015\/03\/fiche_peuple_shuar.pdf\" target=\"_blank\"><img loading=\"lazy\" decoding=\"async\" src=\"\/voyage\/wp-content\/uploads\/sites\/3\/2015\/03\/shuars.jpg\" alt=\"shuars\" border=\"0\" height=\"184\" width=\"125\"><\/a> <a href=\"\/voyage\/wp-content\/uploads\/sites\/3\/2015\/03\/fiche_peuple_sapara.pdf\" target=\"_blank\"><img loading=\"lazy\" decoding=\"async\" src=\"\/voyage\/wp-content\/uploads\/sites\/3\/2015\/03\/sapara.jpg\" alt=\"sapara\" border=\"0\" height=\"184\" width=\"125\"><\/a> <a href=\"\/voyage\/wp-content\/uploads\/sites\/3\/2015\/03\/fiche_peuple_huichol.pdf\" target=\"_blank\"><img loading=\"lazy\" decoding=\"async\" src=\"\/voyage\/wp-content\/uploads\/sites\/3\/2015\/03\/huichol.jpg\" alt=\"huichol\" border=\"0\" height=\"184\" width=\"125\"><\/a><\/p>\n<p align=\"center\"><a href=\"\/voyage\/wp-content\/uploads\/sites\/3\/2015\/03\/fiche_peuple_ashuar.pdf\" target=\"_blank\"><img loading=\"lazy\" decoding=\"async\" src=\"\/voyage\/wp-content\/uploads\/sites\/3\/2015\/03\/achuar.jpg\" alt=\"achuar\" border=\"0\" height=\"184\" width=\"125\"><\/a> <a href=\"\/voyage\/wp-content\/uploads\/sites\/3\/2015\/03\/fiche_peuple_shiwar.pdf\" target=\"_blank\"><img loading=\"lazy\" decoding=\"async\" src=\"\/voyage\/wp-content\/uploads\/sites\/3\/2015\/03\/shiwiar.jpg\" alt=\"shiwiar\" border=\"0\" height=\"184\" width=\"125\"><\/a> <a href=\"\/voyage\/wp-content\/uploads\/sites\/3\/2015\/03\/fiche_peuple_cocama.pdf\" target=\"_blank\"><img loading=\"lazy\" decoding=\"async\" src=\"\/voyage\/wp-content\/uploads\/sites\/3\/2015\/03\/cocama.jpg\" alt=\"cocama\" border=\"0\" height=\"184\" width=\"125\"><\/a><\/p>\n<p><\/p>","protected":false},"excerpt":{"rendered":"<p>Cette partie du site a pour ambition de vous donner quelques \u00e9l\u00e9ments de compr\u00e9hension suppl\u00e9mentaires sur les cultures que vous pourrez rencontrer en participant aux voyages solidaires de Latitud Sur. Bien que l\u2019on parle de noyau dur des cultures m\u00e9soam\u00e9ricaines,<span class=\"ellipsis\">&hellip;<\/span><\/p>\n<div class=\"read-more\"><a href=\"https:\/\/latitudsur.org\/voyage\/fr\/ethique-culture\/cultures-indigenes\/\">Lire la suite &#8250;<\/a><\/div>\n<p><!-- end of .read-more --><\/p>\n","protected":false},"author":1,"featured_media":0,"parent":167,"menu_order":0,"comment_status":"open","ping_status":"open","template":"template-page.php","meta":{"footnotes":""},"class_list":["post-171","page","type-page","status-publish","hentry"],"_links":{"self":[{"href":"https:\/\/latitudsur.org\/voyage\/fr\/wp-json\/wp\/v2\/pages\/171","targetHints":{"allow":["GET"]}}],"collection":[{"href":"https:\/\/latitudsur.org\/voyage\/fr\/wp-json\/wp\/v2\/pages"}],"about":[{"href":"https:\/\/latitudsur.org\/voyage\/fr\/wp-json\/wp\/v2\/types\/page"}],"author":[{"embeddable":true,"href":"https:\/\/latitudsur.org\/voyage\/fr\/wp-json\/wp\/v2\/users\/1"}],"replies":[{"embeddable":true,"href":"https:\/\/latitudsur.org\/voyage\/fr\/wp-json\/wp\/v2\/comments?post=171"}],"version-history":[{"count":0,"href":"https:\/\/latitudsur.org\/voyage\/fr\/wp-json\/wp\/v2\/pages\/171\/revisions"}],"up":[{"embeddable":true,"href":"https:\/\/latitudsur.org\/voyage\/fr\/wp-json\/wp\/v2\/pages\/167"}],"wp:attachment":[{"href":"https:\/\/latitudsur.org\/voyage\/fr\/wp-json\/wp\/v2\/media?parent=171"}],"curies":[{"name":"wp","href":"https:\/\/api.w.org\/{rel}","templated":true}]}}