{"id":2791,"date":"2026-04-21T13:10:52","date_gmt":"2026-04-21T13:10:52","guid":{"rendered":"https:\/\/latitudsur.org\/voyage\/?page_id=2791"},"modified":"2026-04-25T15:47:22","modified_gmt":"2026-04-25T15:47:22","slug":"retraite-chamanique","status":"publish","type":"page","link":"https:\/\/latitudsur.org\/voyage\/fr\/voyagez\/colombie\/retraite-chamanique\/","title":{"rendered":"Retraite chamanique"},"content":{"rendered":"<p><\/p>\n<p><a class=\"fbx-instance fbx-link\" style=\"float: right;\" href=\"\/voyage\/wp-content\/uploads\/sites\/3\/2026\/04\/accueil2-d.jpg\"><img loading=\"lazy\" decoding=\"async\" class=\"size-medium wp-image-560\" src=\"\/voyage\/wp-content\/uploads\/sites\/3\/2026\/04\/accueil2-d.jpg\" alt=\"accueil\" width=\"300\" height=\"300\" \/><\/a><\/p>\n<h2>dans la Sierra Nevada de Santa Marta<\/h2>\n<p align=\"justify\"><span style=\"color: #1fa51c; font-size: 16px; font-weight: bold;\"><strong>1800 \u20ac TTC<\/strong> &#8211; 21 jours \/ 20 nuits<\/span><\/p>\n<h4 style=\"color: #800000; font-weight: normal;\" align=\"justify\">Trois semaines en compagnie de mamos Arhuacos et Kogis, \u00e0 la rencontre de la sagesse Tayrona en Colombie<\/h4>\n<h4 style=\"color: #800000; font-weight: normal;\" align=\"justify\">Une exp\u00e9rience humaine unique au c\u0153ur de pratiques chamaniques mill\u00e9naires.<\/h4>\n<p align=\"justify\">Latitud Sur, en partenariat avec l\u2019association Arutam, propose une retraite chamanique de deux semaines avec Mamo Duavico, selon une m\u00e9thode de m\u00e9ditation orient\u00e9e sur la Loi des Origines, sp\u00e9cifiquement adapt\u00e9e aux \u00ab Petits Fr\u00e8res \u00bb, nom qu\u2019ils donnent aux Occidentaux. Il s\u2019agit de travailler diff\u00e9rentes questions existentielles en fonction des participants en s\u2019appuyant sur un contact profond et physique avec la nature, le ressenti et l\u2019\u00e9motionnel, le transg\u00e9n\u00e9rationnel et l\u2019intuitif.<\/p>\n<table style=\"height: 99px;\" width=\"576\" cellspacing=\"1\" cellpadding=\"1\">\n<tbody>\n<tr>\n<td align=\"center\" bgcolor=\"#e2fcde\"><strong>PROCHAIN VOYAGE \u00ab\u00a0RETRAITE CHEZ LES MAMOS\u00a0\u00bb<br \/>\ndu Lundi 1 ou Dimanche 21 Mars 2027<\/strong><strong><br \/>\n(inscriptions ouvertes, limit\u00e9 \u00e0 6 participants)<\/strong><\/td>\n<\/tr>\n<\/tbody>\n<\/table>\n<p align=\"justify\">Une troisi\u00e8me semaine \u00e0 la d\u00e9couverte de villages arhuacos ou kogis retir\u00e9s dans les montagnes vient compl\u00e9ter la retraite par une d\u00e9couverte et des \u00e9changes avec des mamos et des communaut\u00e9s retir\u00e9es en altitude. Dans la mesure o\u00f9 nous avons \u00e9t\u00e9 pr\u00e9par\u00e9s et purifi\u00e9s pour ces rencontres, nous sommes alors autoris\u00e9s \u00e0 rentrer dans la zone c\u0153ur de la Sierra Nevada pour un ultime enseignement.<\/p>\n<p align=\"justify\">Ce voyage est unique car il se base sur le travail de mamos (sages \u00e9quivalents de chamans) avec lesquels nous entretenons d\u2019\u00e9troites relations depuis plusieurs ann\u00e9es. Il s\u2019adresse \u00e0 des personnes adultes mues par une authentique recherche int\u00e9rieure et poss\u00e9dant une bonne condition physique, c\u2019est-\u00e0-dire capables de s\u00e9journer en pleine nature.<\/p>\n<p align=\"justify\">Nous encourageons notamment les m\u00e9decins, les th\u00e9rapeutes alternatifs, les personnes travaillant dans le secteur m\u00e9dical et param\u00e9dical \u00e0 s\u2019inscrire \u00e0 ce voyage ce qui d\u2019une part, leur donnera une autre approche de la sant\u00e9 et d\u2019autre part augmentera les \u00e9changes entre occidentaux et gu\u00e9risseurs locaux.<\/p>\n<p align=\"justify\">Au-del\u00e0 de la d\u00e9couverte d\u2019une cosmovision diff\u00e9rente, le propos de ce voyage est un travail profond et individuel sur le corps, les \u00e9motions, le mental et l\u2019esprit gr\u00e2ce \u00e0 des rituels de purification, r\u00e9g\u00e9n\u00e9ration et harmonisation.<\/p>\n<p align=\"center\"><a href=\"\/voyage\/wp-content\/uploads\/sites\/3\/2026\/04\/dg.jpg\"><img decoding=\"async\" style=\"border: 7px solid #FFFFFF; width: 210px; height: 155px;\" src=\"\/voyage\/wp-content\/uploads\/sites\/3\/2026\/04\/dg.jpg\" alt=\"pt1\" \/><\/a> <a href=\"\/voyage\/wp-content\/uploads\/sites\/3\/2026\/04\/dc.jpg\"><img decoding=\"async\" style=\"border: 7px solid #FFFFFF; width: 210px; height: 155px;\" src=\"\/voyage\/wp-content\/uploads\/sites\/3\/2026\/04\/dc.jpg\" alt=\"pt2\" \/><\/a> <a href=\"\/voyage\/wp-content\/uploads\/sites\/3\/2026\/04\/dd.jpg\"><img decoding=\"async\" style=\"border: 7px solid #FFFFFF; width: 210px; height: 155px;\" src=\"\/voyage\/wp-content\/uploads\/sites\/3\/2026\/04\/dd.jpg\" alt=\"pt3\" \/><\/a><\/p>\n<p><strong>Description du s\u00e9jour<\/strong><\/p>\n<div>\n<ul>\n<li>J1 : Vol Europe-Bogota-Valledupar. Taxi, H\u00f4tel.<\/li>\n<\/ul>\n<ul>\n<li>J2 : Transport priv\u00e9 jusqu\u2019\u00e0 Mamorwa, lieu d\u2019enseignement arhuaco destin\u00e9 aux \u00e9trangers (\u00ab petits fr\u00e8res \u00bb) et installation<\/li>\n<\/ul>\n<ul>\n<li>J3 + J4 : Pr\u00e9paration de la retraite bas\u00e9e sur des activit\u00e9s de volontariat avec m\u00e9ditation au petit matin et cercle de feu en soir\u00e9e<\/li>\n<\/ul>\n<ul>\n<li>J5 \u00e0 J11 : 7 jours de retraite chamanique en permanence suivie par un mamo avec des m\u00e9ditations orient\u00e9es<\/li>\n<\/ul>\n<ul>\n<li>J12 \u00e0 J14 : P\u00e9riode d\u2019int\u00e9gration des enseignements<\/li>\n<\/ul>\n<ul>\n<li>J15 : D\u00e9part de Mamorwa et transport priv\u00e9 jusqu\u2019\u00e0 Pueblo Bello<\/li>\n<\/ul>\n<ul>\n<li>J16 \u00e0 J18 : Trajet en 4&#215;4 et s\u00e9jour \u00e0 Nabusimake, rencontres, soins et c\u00e9r\u00e9monies avec diff\u00e9rents mamos portant des charges communautaires officielles, marches en montagne \u00e0 2000 m d\u2019altitude<\/li>\n<\/ul>\n<ul>\n<li>J19 : Retour \u00e0 Valledupar et visite du marche indien<\/li>\n<\/ul>\n<ul>\n<li>J20 : Retour en France via Bogota, Arriv\u00e9e en France J+1<\/li>\n<\/ul>\n<p><strong>D\u00e9tails pratiques<\/strong><\/p>\n<div class=\"zw-paginated zw-page ui-1122-793-portrait\">\n<div class=\"zw-pagecontainer\">\n<div class=\"zw-content-wrapper\">\n<div class=\"selectableSection zw-contentpane\">\n<div>\n<div class=\"zw-column-container\">\n<div class=\"zw-column\">\n<div class=\"zw-paragraph heading2647982\" data-width=\"604.992\" data-header=\"2647982\" data-textformat=\"{&quot;size&quot;:9}\">\n<div class=\"zw-line-div\">\n<div class=\"zw-line-content\"><span class=\"zw-portion zw-text-portion\" data-text-len=\"47\">R\u00e9gion\u00a0:\u00a0COLOMBIE,\u00a0Sierra\u00a0Nevada\u00a0de\u00a0Santa\u00a0Marta<\/span><span class=\"EOP-readonly EOP\">\u00a0<\/span><\/div>\n<\/div>\n<\/div>\n<div class=\"zw-paragraph heading2647982\" data-width=\"604.992\" data-header=\"2647982\" data-textformat=\"{&quot;size&quot;:9}\">\n<div class=\"zw-line-div\">\n<div class=\"zw-line-content\"><span class=\"zw-portion zw-text-portion\" data-text-len=\"66\">D\u00e9part\u00a0\/\u00a0Arriv\u00e9e\u00a0:\u00a0A\u00e9roport\u00a0de\u00a0Valledupar\u00a0\/\u00a0A\u00e9roport\u00a0de\u00a0Valledupar<\/span><span class=\"EOP-readonly EOP\">\u00a0<\/span><\/div>\n<\/div>\n<\/div>\n<div class=\"zw-paragraph heading2647982\" data-width=\"604.992\" data-header=\"2647982\" data-textformat=\"{&quot;size&quot;:9}\">\n<div class=\"zw-line-div\">\n<div class=\"zw-line-content\"><span class=\"zw-portion zw-text-portion\" data-text-len=\"16\">Dur\u00e9e\u00a0:\u00a021\u00a0jours<\/span><span class=\"EOP-readonly EOP\">\u00a0<\/span><\/div>\n<\/div>\n<\/div>\n<div class=\"zw-paragraph heading2647982\" data-width=\"604.992\" data-header=\"2647982\" data-textformat=\"{&quot;size&quot;:9}\">\n<div class=\"zw-line-div\">\n<div class=\"zw-line-content\"><span class=\"zw-portion zw-text-portion\" data-text-len=\"34\">Nombre\u00a0de\u00a0participants\u00a0:\u00a06\u00a0Maximum<\/span><span class=\"EOP-readonly EOP\">\u00a0<\/span><\/div>\n<\/div>\n<\/div>\n<div class=\"zw-paragraph heading2647982\" data-width=\"604.992\" data-header=\"2647982\" data-textformat=\"{&quot;size&quot;:9}\">\n<div class=\"zw-line-div\">\n<div class=\"zw-line-content\"><span class=\"zw-portion zw-text-portion\" data-text-len=\"78\">Langue\u00a0du\u00a0voyage\u00a0:\u00a0Espagnol\u00a0traduit\u00a0en\u00a0Fran\u00e7ais\u00a0par\u00a0un\u00a0accompagnateur\u00a0fran\u00e7ais<\/span><span class=\"EOP-readonly EOP\">\u00a0<\/span><\/div>\n<\/div>\n<\/div>\n<div class=\"zw-paragraph heading2647982\" data-width=\"604.992\" data-header=\"2647982\" data-textformat=\"{&quot;size&quot;:9}\">\n<div class=\"zw-line-div\">\n<div class=\"zw-line-content\"><span class=\"zw-portion zw-text-portion\" data-text-len=\"32\">Monnaie\u00a0locale\u00a0:\u00a0Pesos\u00a0colombien<\/span><span class=\"EOP-readonly EOP\">\u00a0<\/span><\/div>\n<\/div>\n<\/div>\n<div class=\"zw-paragraph heading2647982\" data-width=\"604.992\" data-header=\"2647982\" data-textformat=\"{&quot;size&quot;:9}\">\n<div class=\"zw-line-div\">\n<div class=\"zw-line-content\"><span class=\"zw-portion zw-text-portion\" data-text-len=\"54\">Visa\u00a0:\u00a0Pas\u00a0de\u00a0visa\u00a0pour\u00a0un\u00a0s\u00e9jour\u00a0inf\u00e9rieur\u00a0\u00e0\u00a090\u00a0jours<\/span><span class=\"EOP-readonly EOP\">\u00a0<\/span><\/div>\n<\/div>\n<\/div>\n<\/div>\n<\/div>\n<\/div>\n<\/div>\n<\/div>\n<\/div>\n<\/div>\n<div class=\"footer_primary header_footer_hidden ui-hide\"><span class=\"zw-portion zw-text-portion\" data-text-len=\"61\">Formalit\u00e9s : Passeport valable 6 mois apr\u00e8s la date d\u2019arriv\u00e9e<\/span><span class=\"EOP-readonly EOP\">\u00a0<\/span><\/div>\n<div class=\"zw-paginated zw-page ui-1122-793-portrait\">\n<div class=\"zw-pagecontainer\">\n<div class=\"zw-content-wrapper\">\n<div class=\"selectableSection zw-contentpane\">\n<div>\n<div class=\"zw-column-container\">\n<div class=\"zw-column\">\n<div class=\"zw-paragraph heading2647982\" data-width=\"604.992\" data-header=\"2647982\" data-textformat=\"{&quot;size&quot;:9}\">\n<div class=\"zw-line-div\">\n<div class=\"zw-line-content\"><span class=\"EOP-readonly EOP\">\u00a0<\/span><\/div>\n<\/div>\n<\/div>\n<div class=\"zw-paragraph heading2647982\" data-width=\"604.992\" data-header=\"2647982\" data-textformat=\"{&quot;size&quot;:9}\">\n<div class=\"zw-line-div\">\n<div class=\"zw-line-content\"><span class=\"zw-portion zw-text-portion\" data-text-len=\"5\">Sant\u00e9<\/span><span class=\"EOP-readonly EOP\">\u00a0<\/span><\/div>\n<\/div>\n<\/div>\n<div class=\"zw-paragraph heading2647982\" data-width=\"604.992\" data-header=\"2647982\" data-textformat=\"{&quot;size&quot;:9}\">\n<div class=\"zw-line-div\">\n<div class=\"zw-line-content\"><span class=\"zw-portion zw-text-portion\" data-text-len=\"68\">Pas\u00a0de\u00a0pr\u00e9vention\u00a0contre\u00a0le\u00a0paludisme\u00a0ou\u00a0de\u00a0vaccinations\u00a0n\u00e9cessaires<\/span><span class=\"EOP-readonly EOP\">\u00a0<\/span><\/div>\n<\/div>\n<\/div>\n<div class=\"zw-paragraph heading2647982\" data-width=\"604.992\" data-header=\"2647982\" data-textformat=\"{&quot;size&quot;:9}\">\n<div class=\"zw-line-div\">\n<div class=\"zw-line-content\"><span class=\"zw-portion zw-text-portion\" data-text-len=\"78\">Prendre\u00a0obligatoirement\u00a0une\u00a0assurance\u00a0individuelle\u00a0\u00ab\u00a0assistance-rapatriement\u00a0\u00bb<\/span><span class=\"EOP-readonly EOP\">\u00a0<\/span><\/div>\n<\/div>\n<\/div>\n<div class=\"zw-paragraph heading2647982\" data-width=\"604.992\" data-header=\"2647982\" data-textformat=\"{&quot;size&quot;:18}\">\n<div class=\"zw-line-div\">\n<div class=\"zw-line-content\"><\/div>\n<\/div>\n<\/div>\n<\/div>\n<\/div>\n<\/div>\n<\/div>\n<\/div>\n<\/div>\n<\/div>\n<p><strong>Budget<\/strong><\/p>\n<div class=\"zw-paragraph heading4226552\" data-width=\"604.992\" data-header=\"4226552\" data-textformat=\"{&quot;size&quot;:9}\">\n<div class=\"zw-line-div\">\n<div class=\"zw-line-content\"><span class=\"zw-portion zw-text-portion\" data-text-len=\"102\">1.500\u00a0\u20ac\u00a0en\u00a0pension\u00a0compl\u00e8te\u00a0les\u00a03\u00a0semaines\u00a0(prise\u00a0en\u00a0charge\u00a0\u00e0\u00a0partir\u00a0et\u00a0jusqu\u2019au\u00a0d\u00e9part\u00a0de\u00a0Valledupar)<\/span><span class=\"zw-portion zw-text-portion\" data-text-len=\"1\">\u00a0<\/span><span class=\"EOP-readonly EOP\">\u00a0<\/span><\/div>\n<\/div>\n<\/div>\n<div class=\"zw-paragraph heading4226552\" data-width=\"604.992\" data-header=\"4226552\" data-textformat=\"{&quot;size&quot;:9}\">\n<div class=\"zw-line-div\">\n<div class=\"zw-line-content\"><span class=\"zw-portion zw-text-portion\" data-text-len=\"78\">+\u00a0300\u00a0\u20ac\u00a0de\u00a0contribution\u00a0au\u00a0programme\u00a0Z\u00e9ro\u00a0D\u00e9forestation,\u00a0soit\u00a0au\u00a0total\u00a01.800\u00a0\u20ac<\/span><span class=\"EOP-readonly EOP\">\u00a0<\/span><\/div>\n<\/div>\n<\/div>\n<div class=\"zw-paragraph heading4226552\" data-width=\"604.992\" data-header=\"4226552\" data-textformat=\"{&quot;size&quot;:9}\">\n<div class=\"zw-line-div\">\n<div class=\"zw-line-content\"><span class=\"EOP-readonly EOP\">\u00a0<\/span><\/div>\n<\/div>\n<\/div>\n<div class=\"zw-paragraph heading4226552\" data-width=\"604.992\" data-header=\"4226552\" data-textformat=\"{&quot;size&quot;:9}\">\n<div class=\"zw-line-div\">\n<div class=\"zw-line-content\"><span class=\"zw-portion zw-text-portion\" data-text-len=\"12\">Non\u00a0inclus\u00a0:<\/span><span class=\"EOP-readonly EOP\">\u00a0<\/span><\/div>\n<\/div>\n<\/div>\n<div class=\"zw-paragraph heading4226552\" data-width=\"604.992\" data-header=\"4226552\" data-textformat=\"{&quot;size&quot;:9}\">\n<div class=\"zw-line-div\">\n<div class=\"zw-line-content\"><span class=\"zw-portion zw-text-portion\" data-text-len=\"58\">Vol\u00a0international\u00a0:\u00a0nous\u00a0vous\u00a0conseillerons\u00a0un\u00a0plan\u00a0de\u00a0vol<\/span><span class=\"zw-portion zw-br-portion\" data-text-len=\"1\">\u200b<\/span><\/div>\n<\/div>\n<div class=\"zw-line-div\">\n<div class=\"zw-line-content\"><span class=\"zw-portion zw-text-portion\" data-text-len=\"30\">Artisanat\u00a0et\u00a0achats\u00a0personnels<\/span><span class=\"EOP-readonly EOP\">\u00a0<\/span><\/div>\n<\/div>\n<\/div>\n<p><strong>R\u00e9servation et inscription<\/strong><\/p>\n<div class=\"zw-paragraph heading4226552\" data-width=\"604.992\" data-header=\"4226552\" data-textformat=\"{&quot;size&quot;:7}\">\n<div class=\"zw-line-div\">\n<div class=\"zw-line-content\"><span class=\"zw-portion zw-text-portion\" data-text-len=\"45\">Les\u00a0\u00e9tapes\u00a0d\u2019inscription\u00a0sont\u00a0les\u00a0suivantes\u00a0:<\/span><span class=\"zw-portion zw-br-portion\" data-text-len=\"1\">\u200b<\/span><\/div>\n<\/div>\n<div class=\"zw-line-div\">\n<div class=\"zw-line-content\"><span class=\"zw-portion zw-text-portion\" data-text-len=\"33\">&#8211;\u00a0Formulaire\u00a0avec\u00a0vos\u00a0coordonn\u00e9es<\/span><span class=\"zw-portion zw-br-portion\" data-text-len=\"1\">\u200b<\/span><\/div>\n<\/div>\n<div class=\"zw-line-div\">\n<div class=\"zw-line-content\"><span class=\"zw-portion zw-text-portion\" data-text-len=\"86\">\u208b\u00a0E-mail\u00a0de\u00a0confirmation\u00a0par\u00a0Latitud\u00a0Sur\u00a0sur\u00a0la\u00a0disponibilit\u00e9\u00a0de\u00a0places\u00a0pour\u00a0ce\u00a0voyage<\/span><span class=\"zw-portion zw-br-portion\" data-text-len=\"1\">\u200b<\/span><\/div>\n<\/div>\n<div class=\"zw-line-div\">\n<div class=\"zw-line-content\"><span class=\"zw-portion zw-text-portion\" data-text-len=\"46\">A\u00a0l\u2019issue\u00a0de\u00a0ces\u00a02\u00a0\u00e9tapes\u00a0vous\u00a0voil\u00e0\u00a0inscrit\u00a0!<\/span><span class=\"EOP-readonly EOP\">\u00a0<\/span><\/div>\n<\/div>\n<\/div>\n<div class=\"zw-paragraph heading6\" data-width=\"604.992\" data-header=\"6\" data-textformat=\"{&quot;size&quot;:7}\">\n<div class=\"zw-line-div\">\n<div class=\"zw-line-content\"><span class=\"zw-portion zw-text-portion\" data-text-len=\"150\">Nous\u00a0vous\u00a0demanderons\u00a0alors\u00a0de\u00a0r\u00e9diger\u00a0une\u00a0lettre\u00a0pr\u00e9cisant\u00a0vos\u00a0intentions\u00a0pour\u00a0ce\u00a0voyage\u00a0et\u00a0de\u00a0r\u00e9pondre\u00a0\u00e0\u00a0un\u00a0questionnaire\u00a0m\u00e9dical,\u00a0ce\u00a0qui\u00a0confirmera<\/span><span class=\"zw-portion zw-text-portion\" data-text-len=\"1\">\u00a0<\/span><\/div>\n<\/div>\n<div class=\"zw-line-div\">\n<div class=\"zw-line-content\"><span class=\"zw-portion zw-text-portion\" data-text-len=\"18\">votre\u00a0inscription.<\/span><span class=\"EOP-readonly EOP\">\u00a0<\/span><\/div>\n<\/div>\n<\/div>\n<div class=\"zw-paragraph heading4226552\" data-width=\"604.992\" data-header=\"4226552\" data-textformat=\"{&quot;size&quot;:7}\">\n<div class=\"zw-line-div\">\n<div class=\"zw-line-content\"><span class=\"zw-portion zw-text-portion\" data-text-len=\"137\">Suivent\u00a0quelques\u00a0d\u00e9marches\u00a0pour\u00a0compl\u00e9ter\u00a0votre\u00a0dossier\u00a0et\u00a0vous\u00a0permettre\u00a0d\u2019obtenir\u00a0toutes\u00a0les\u00a0informations\u00a0n\u00e9cessaires\u00a0\u00e0\u00a0\u00a0votre\u00a0voyage\u00a0:<\/span><span class=\"zw-portion zw-br-portion\" data-text-len=\"1\">\u200b<\/span><\/div>\n<\/div>\n<div class=\"zw-line-div\">\n<div class=\"zw-line-content\"><span class=\"zw-portion zw-text-portion\" data-text-len=\"43\">&#8211;\u00a0Conseils\u00a0pour\u00a0l\u2019achat\u00a0des\u00a0billets\u00a0d\u2019avion<\/span><span class=\"zw-portion zw-br-portion\" data-text-len=\"1\">\u200b<\/span><\/div>\n<\/div>\n<div class=\"zw-line-div\">\n<div class=\"zw-line-content\"><span class=\"zw-portion zw-text-portion\" data-text-len=\"83\">&#8211;\u00a0Pr\u00e9paration\u00a0au\u00a0voyage\u00a0:\u00a0envoi\u00a0de\u00a0votre\u00a0feuille\u00a0de\u00a0route\u00a0et\u00a0de\u00a0nos\u00a0fiches-conseils<\/span><span class=\"zw-portion zw-br-portion\" data-text-len=\"1\">\u200b<\/span><\/div>\n<\/div>\n<div class=\"zw-line-div\">\n<div class=\"zw-line-content\"><span class=\"zw-portion zw-text-portion\" data-text-len=\"75\">&#8211;\u00a0Groupe\u00a0de\u00a0discussion\u00a0entre\u00a0tous\u00a0les\u00a0participants,\u00a0trois\u00a0mois\u00a0avant\u00a0d\u00e9part<\/span><span class=\"EOP-readonly EOP\">\u00a0<\/span><\/div>\n<\/div>\n<\/div>\n<div class=\"zw-paragraph heading2647982\" data-width=\"604.992\" data-header=\"2647982\" data-textformat=\"{&quot;size&quot;:9}\">\n<div class=\"zw-line-div\">\n<div class=\"zw-line-content\"><\/div>\n<\/div>\n<\/div>\n<div id=\"usermessagea\" class=\"cf_info \"><\/div><form enctype=\"multipart\/form-data\" action=\"\/voyage\/fr\/wp-json\/wp\/v2\/pages\/2791#usermessagea\" method=\"post\" class=\"cform reservation-fr \" id=\"cformsform\"><fieldset class=\"cf-fs1\" style=\"\"><legend>Mes coordonn\u00e9es<\/legend><ol class=\"cf-ol\"><li id=\"li--2\" class=\"\"><label id=\"label--2\" for=\"cf_field_2\"><span>Pr\u00e9nom<\/span><\/label><input type=\"text\" name=\"cf_field_2\" id=\"cf_field_2\" class=\"single fldrequired\" value=\"\" onfocus=\"clearField(this)\" onblur=\"setField(this)\" title=\"\"\/><span class=\"reqtxt\">(required)<\/span><\/li><li id=\"li--3\" class=\"\"><label id=\"label--3\" for=\"cf_field_3\"><span>Nom<\/span><\/label><input type=\"text\" name=\"cf_field_3\" id=\"cf_field_3\" class=\"single fldrequired\" value=\"\" title=\"\"\/><span class=\"reqtxt\">(required)<\/span><\/li><li id=\"li--4\" class=\"\"><label id=\"label--4\" for=\"cf_field_4\"><span>Adresse<\/span><\/label><input type=\"text\" name=\"cf_field_4\" id=\"cf_field_4\" class=\"single fldrequired\" value=\"\" title=\"\"\/><span class=\"reqtxt\">(required)<\/span><\/li><li id=\"li--5\" class=\"\"><label id=\"label--5\" for=\"cf_field_5\"><span>Code Postal<\/span><\/label><input type=\"text\" name=\"cf_field_5\" id=\"cf_field_5\" class=\"single fldrequired\" value=\"\" title=\"\"\/><span class=\"reqtxt\">(required)<\/span><\/li><li id=\"li--6\" class=\"\"><label id=\"label--6\" for=\"cf_field_6\"><span>Ville<\/span><\/label><input type=\"text\" name=\"cf_field_6\" id=\"cf_field_6\" class=\"single fldrequired\" value=\"\" title=\"\"\/><span class=\"reqtxt\">(required)<\/span><\/li><li id=\"li--7\" class=\"\"><label id=\"label--7\" for=\"cf_field_7\"><span>Pays<\/span><\/label><input type=\"text\" name=\"cf_field_7\" id=\"cf_field_7\" class=\"single fldrequired\" value=\"\" title=\"\"\/><span class=\"reqtxt\">(required)<\/span><\/li><li id=\"li--8\" class=\"\"><label id=\"label--8\" for=\"cf_field_8\"><span>Courriel<\/span><\/label><input type=\"text\" name=\"cf_field_8\" id=\"cf_field_8\" class=\"single fldemail fldrequired\" value=\"\" title=\"\"\/><span class=\"emailreqtxt\">(valid email required)<\/span><\/li><li id=\"li--9\" class=\"\"><label id=\"label--9\" for=\"cf_field_9\"><span>T\u00e9l\u00e9phone<\/span><\/label><input type=\"text\" name=\"cf_field_9\" id=\"cf_field_9\" class=\"single fldrequired\" value=\"\" title=\"\"\/><span class=\"reqtxt\">(required)<\/span><\/li><li id=\"li--10\" class=\"\"><label id=\"label--10\" for=\"cf_field_10\"><span>Date de Naissance<\/span><\/label><input required=\"required\"  type=\"date\" name=\"cf_field_10\" id=\"cf_field_10\" class=\" fldrequired\" value=\"\" title=\"\"\/><span class=\"reqtxt\">(required)<\/span><\/li><li id=\"li--11\" class=\"\"><label id=\"label--11\" for=\"cf_field_11\"><span>N\u00b0 Passeport<\/span><\/label><input type=\"text\" name=\"cf_field_11\" id=\"cf_field_11\" class=\"single\" value=\"\" title=\"\"\/><\/li><li id=\"li--12\" class=\"\"><label id=\"label--12\" for=\"cf_field_12\"><span>Date de validit\u00e9<\/span><\/label><input  type=\"date\" name=\"cf_field_12\" id=\"cf_field_12\" class=\"\" value=\"\" title=\"\"\/><\/li><li id=\"li--13\" class=\"\"><label id=\"label--13\" for=\"cf_field_13\"><span>Mes dates de voyage \/ Question<\/span><\/label><textarea cols=\"30\" rows=\"8\" name=\"cf_field_13\" id=\"cf_field_13\" class=\"area\" title=\"\"><\/textarea><\/li><\/ol><\/fieldset><fieldset class=\"cf-fs2\" style=\"\"><legend>S\u00e9curit\u00e9<\/legend><ol class=\"cf-ol\"><li id=\"li--16\" class=\"\"><label for=\"cf_field_16\" class=\"secq\"><span>2x3 ?<\/span><\/label><input type=\"text\" name=\"cforms2_question_and_answer\" id=\"cf_field_16\" class=\"secinput fldrequired \" title=\"\"\/><input type=\"hidden\" name=\"cforms2_question_and_answer\/hint\" value=\"1\"\/><\/li><\/ol><\/fieldset><fieldset class=\"cf_hidden\"><legend>&nbsp;<\/legend><input type=\"hidden\" name=\"cf_working\" id=\"cf_working\" value=\"One moment please...\"\/><input type=\"hidden\" name=\"cf_failure\" id=\"cf_failure\" value=\"Merci de remplir toutes les informations demand\u00e9es\"\/><input type=\"hidden\" name=\"cf_customerr\" id=\"cf_customerr\" value=\"y\"\/><\/fieldset><p class=\"cf-sb\"><input type=\"submit\" name=\"sendbutton\" id=\"sendbutton\" class=\"sendbutton\" value=\"Envoyer\" \/><\/p><\/form>\n<\/div>\n<p><\/p>","protected":false},"excerpt":{"rendered":"<p>dans la Sierra Nevada de Santa Marta 1800 \u20ac TTC &#8211; 21 jours \/ 20 nuits Trois semaines en compagnie de mamos Arhuacos et Kogis, \u00e0 la rencontre de la sagesse Tayrona en Colombie Une exp\u00e9rience humaine unique au c\u0153ur<span class=\"ellipsis\">&hellip;<\/span><\/p>\n<div class=\"read-more\"><a href=\"https:\/\/latitudsur.org\/voyage\/fr\/voyagez\/colombie\/retraite-chamanique\/\">Lire la suite &#8250;<\/a><\/div>\n<p><!-- end of .read-more --><\/p>\n","protected":false},"author":1,"featured_media":0,"parent":2794,"menu_order":0,"comment_status":"closed","ping_status":"closed","template":"","meta":{"footnotes":""},"class_list":["post-2791","page","type-page","status-publish","hentry"],"_links":{"self":[{"href":"https:\/\/latitudsur.org\/voyage\/fr\/wp-json\/wp\/v2\/pages\/2791","targetHints":{"allow":["GET"]}}],"collection":[{"href":"https:\/\/latitudsur.org\/voyage\/fr\/wp-json\/wp\/v2\/pages"}],"about":[{"href":"https:\/\/latitudsur.org\/voyage\/fr\/wp-json\/wp\/v2\/types\/page"}],"author":[{"embeddable":true,"href":"https:\/\/latitudsur.org\/voyage\/fr\/wp-json\/wp\/v2\/users\/1"}],"replies":[{"embeddable":true,"href":"https:\/\/latitudsur.org\/voyage\/fr\/wp-json\/wp\/v2\/comments?post=2791"}],"version-history":[{"count":29,"href":"https:\/\/latitudsur.org\/voyage\/fr\/wp-json\/wp\/v2\/pages\/2791\/revisions"}],"predecessor-version":[{"id":2856,"href":"https:\/\/latitudsur.org\/voyage\/fr\/wp-json\/wp\/v2\/pages\/2791\/revisions\/2856"}],"up":[{"embeddable":true,"href":"https:\/\/latitudsur.org\/voyage\/fr\/wp-json\/wp\/v2\/pages\/2794"}],"wp:attachment":[{"href":"https:\/\/latitudsur.org\/voyage\/fr\/wp-json\/wp\/v2\/media?parent=2791"}],"curies":[{"name":"wp","href":"https:\/\/api.w.org\/{rel}","templated":true}]}}