{"id":28,"date":"2015-03-02T11:20:53","date_gmt":"2015-03-02T10:20:53","guid":{"rendered":"http:\/\/latitudsur.org\/developpement\/?page_id=28"},"modified":"2015-03-02T11:20:53","modified_gmt":"2015-03-02T10:20:53","slug":"latitud-sur","status":"publish","type":"page","link":"https:\/\/latitudsur.org\/voyage\/fr\/latitud-sur\/","title":{"rendered":"QUI SOMMES-NOUS ?"},"content":{"rendered":"<p>Latitud Sur est une ONG proposant des croisi\u00e8res et des voyages d&rsquo;\u00e9cotourisme solidaire en Am\u00e9rique du Sud.<\/p>\n<p>Voyagez au P\u00e9rou, en \u00c9quateur ou au Mexique tout en aidant \u00e0 financer des projets de d\u00e9veloppement au b\u00e9n\u00e9fice des populations autochtones. En cela, <strong>Latitud Sur n\u2019est pas une agence de voyage<\/strong>, mais vous propose de combiner tourisme et \u00e9change. Nous \u00e9vitons le tourisme de masse car n\u2019avons pas pour unique objectif de faire des b\u00e9n\u00e9fices. Nos offres s\u2019\u00e9loignent des circuits de voyages classiques pour proposer des circuits alternatifs, pour certains uniques et signifiant pour nous une authentique d\u00e9couverte.<\/p>\n<p>En voyageant avec Latitud Sur vous pourrez b\u00e9n\u00e9ficier de notre forte implication ainsi que de notre proximit\u00e9 avec un grand nombre de communaut\u00e9s indiennes. Plus qu\u2019un circuit touristique, nous vous proposons une <strong>v\u00e9ritable immersion<\/strong> dans la richesse des cultures, dans la splendeur des territoires, avec un \u00e9tat d\u2019esprit non pas de consommation mais d\u2019\u00e9change.<\/p>\n<p>William Wadoux<br \/>\nPr\u00e9sident de la Fondation Latitud Sur<\/p>\n<p><a href=\"http:\/\/www.wtmresponsibletourism.com\/\"><img loading=\"lazy\" decoding=\"async\" style=\"float: right;margin-top: 20px\" src=\"\/voyage\/wp-content\/uploads\/sites\/3\/2015\/03\/Label-WTM.jpg\" alt=\"Label-WTM\" width=\"314\" height=\"194\" \/><\/a><br \/>\n<a href=\"\/voyage\/voyagez\/promotions\"><img decoding=\"async\" src=\"\/voyage\/wp-content\/uploads\/sites\/3\/2015\/03\/tourismesolidaire.jpg\" alt=\"\" \/><\/a><\/p>","protected":false},"excerpt":{"rendered":"<p>Latitud Sur est une ONG proposant des croisi\u00e8res et des voyages d&rsquo;\u00e9cotourisme solidaire en Am\u00e9rique du Sud. Voyagez au P\u00e9rou, en \u00c9quateur ou au Mexique tout en aidant \u00e0 financer des projets de d\u00e9veloppement au b\u00e9n\u00e9fice des populations autochtones. En<span class=\"ellipsis\">&hellip;<\/span><\/p>\n<div class=\"read-more\"><a href=\"https:\/\/latitudsur.org\/voyage\/fr\/latitud-sur\/\">Lire la suite &#8250;<\/a><\/div>\n<p><!-- end of .read-more --><\/p>\n","protected":false},"author":1,"featured_media":0,"parent":0,"menu_order":0,"comment_status":"closed","ping_status":"open","template":"template-page.php","meta":{"footnotes":""},"class_list":["post-28","page","type-page","status-publish","hentry"],"_links":{"self":[{"href":"https:\/\/latitudsur.org\/voyage\/fr\/wp-json\/wp\/v2\/pages\/28","targetHints":{"allow":["GET"]}}],"collection":[{"href":"https:\/\/latitudsur.org\/voyage\/fr\/wp-json\/wp\/v2\/pages"}],"about":[{"href":"https:\/\/latitudsur.org\/voyage\/fr\/wp-json\/wp\/v2\/types\/page"}],"author":[{"embeddable":true,"href":"https:\/\/latitudsur.org\/voyage\/fr\/wp-json\/wp\/v2\/users\/1"}],"replies":[{"embeddable":true,"href":"https:\/\/latitudsur.org\/voyage\/fr\/wp-json\/wp\/v2\/comments?post=28"}],"version-history":[{"count":0,"href":"https:\/\/latitudsur.org\/voyage\/fr\/wp-json\/wp\/v2\/pages\/28\/revisions"}],"wp:attachment":[{"href":"https:\/\/latitudsur.org\/voyage\/fr\/wp-json\/wp\/v2\/media?parent=28"}],"curies":[{"name":"wp","href":"https:\/\/api.w.org\/{rel}","templated":true}]}}