{"id":34,"date":"2015-03-02T11:22:15","date_gmt":"2015-03-02T10:22:15","guid":{"rendered":"http:\/\/latitudsur.org\/developpement\/?page_id=34"},"modified":"2026-04-22T08:36:21","modified_gmt":"2026-04-22T08:36:21","slug":"lequipe","status":"publish","type":"page","link":"https:\/\/latitudsur.org\/voyage\/fr\/latitud-sur\/lequipe\/","title":{"rendered":"Notre \u00e9quipe"},"content":{"rendered":"<p><\/p>\n<p style=\"text-align: justify;\"><strong><a href=\"\/voyage\/wp-content\/uploads\/sites\/3\/2015\/06\/William_Wadoux_75px.jpg\"><img loading=\"lazy\" decoding=\"async\" class=\"alignnone size-full wp-image-535\" src=\"\/voyage\/wp-content\/uploads\/sites\/3\/2015\/06\/William_Wadoux_75px.jpg\" alt=\"William_Wadoux_75px\" width=\"75\" height=\"100\" \/><\/a>William Wadoux &#8211; Pr\u00e9sident de Latitud Sur<\/strong><br \/>\nIng\u00e9nieur de formation, j&rsquo;ai pass\u00e9 9 ans de ma vie en Am\u00e9rique Latine dans des domaines d\u2019activit\u00e9s tr\u00e8s divers. Depuis maintenant 7 ans je me consacre \u00e0 des projets de d\u00e9veloppement dans les communaut\u00e9s indiennes aupr\u00e8s desquelles j&rsquo;ai appris \u00e0 d\u00e9velopper une autre vision du monde, plus ouverte et tol\u00e9rante. Ils m&rsquo;ont aussi amen\u00e9 \u00e0 une certaine forme de spiritualit\u00e9 gr\u00e2ce \u00e0 leurs rituels, aussi bien dans les Andes qu&rsquo;en Amazonie ou dans le d\u00e9sert du Mexique. C&rsquo;est tout cela et ces contacts humains si riches que je souhaite vous faire partager comme accompagnateur. Je suis aussi co-auteur d\u2019un r\u00e9cit de voyage \u201cCarishina\u201d.<\/p>\n<hr \/>\n<p style=\"text-align: justify;\"><strong><a href=\"\/voyage\/wp-content\/uploads\/sites\/3\/2015\/06\/JP_Costa_75px.jpg\"><img loading=\"lazy\" decoding=\"async\" class=\"alignnone size-full wp-image-532\" src=\"\/voyage\/wp-content\/uploads\/sites\/3\/2015\/06\/JP_Costa_75px.jpg\" alt=\"JP_Costa_75px\" width=\"75\" height=\"100\" \/><\/a>Jean-Patrick Costa &#8211; Vice pr\u00e9sident <\/strong><br \/>\nPharmacien et anthropologue de la sant\u00e9, j\u2019ai travaill\u00e9 3 ans pour Pharmaciens Sans Fronti\u00e8res en Amazonie Equatorienne. Fondateur d&rsquo;Arutam, association de soutien aux peuples premiers et conf\u00e9rencier, je suis l&rsquo;auteur de plusieurs livres sur les Indiens d&rsquo;Amazonie et le chamanisme. Passionn\u00e9 par les cultures autochtones, j\u2019accompagne certains voyages Latitud Sur en Amazonie et au Mexique pour continuer \u00e0 partager leur vie quotidienne en toute simplicit\u00e9, au plus pr\u00e8s de leur cosmovision si riche d&rsquo;enseignements pour l&rsquo;humanit\u00e9.<\/p>\n<hr \/>\n<p style=\"text-align: justify;\"><strong>Alma Magali Joseph<\/strong><br \/>\nAu travers d&rsquo;une exp\u00e9rience initiatique avec le monde v\u00e9g\u00e9tal, en for\u00eat amazonienne, j&rsquo;ai reconnect\u00e9 Alma, \u00ab\u00a0\u00c2me\u00a0\u00bb en espagnol, avec Magali, mon pr\u00e9nom de naissance. Aujourd&rsquo;hui, je respecte ces deux identit\u00e9s qui m&rsquo;habitent pour tisser du lien entre les mondes visible et invisible. Sp\u00e9cialiste en Sensitive Gestalt Massage, j&rsquo;accompagne les voyages d&rsquo;immersion chamanique.<br \/>\n\u200b<\/p>\n<hr \/>\n<p style=\"text-align: justify;\"><strong><a href=\"\/voyage\/wp-content\/uploads\/sites\/3\/2015\/06\/Hernan_Ormaeche_75px.jpg\"><img loading=\"lazy\" decoding=\"async\" class=\"alignnone size-full wp-image-531\" src=\"\/voyage\/wp-content\/uploads\/sites\/3\/2015\/06\/Hernan_Ormaeche_75px.jpg\" alt=\"Hernan_Ormaeche_75px\" width=\"75\" height=\"100\" \/><\/a>Hern\u00e1n Ormaeche &#8211; Capitaine du bateau<\/strong><br \/>\nJe travaille depuis 40 ans \u00e0 sillonner les fleuves de l\u2019Amazonie p\u00e9ruvienne. J\u2019ai travaill\u00e9 jusqu\u2019ici \u00e0 transporter des marchandises aux confins de notre pays aussi bien que des personnes partant pour des exp\u00e9ditions scientifiques. Je serai heureux de partager avec vous les joies de la navigation fluviale dans mon pays.<\/p>\n<hr \/>\n<p style=\"text-align: justify;\"><strong><a href=\"\/voyage\/wp-content\/uploads\/sites\/3\/2015\/06\/Simon_Fleury_75px.jpg\"><img loading=\"lazy\" decoding=\"async\" class=\"alignnone size-full wp-image-534\" src=\"\/voyage\/wp-content\/uploads\/sites\/3\/2015\/06\/Simon_Fleury_75px.jpg\" alt=\"Simon_Fleury_75px\" width=\"75\" height=\"100\" \/><\/a>Simon Fleury &#8211; Accompagnateur Equateur <\/strong><br \/>\nJe suis venu en Equateur intrigu\u00e9 par les myst\u00e8res et secrets que rec\u00e8le l\u2019Amazonie. J\u2019ai pu en d\u00e9couvrir certains et m\u2019engager \u00e0 long terme dans les activit\u00e9s de la fondation Latitud Sur qui me donne l&rsquo;opportunit\u00e9 de creuser ces envies. Je suis heureux de pouvoir partager mes d\u00e9couvertes et connaissances et de vous accompagner dans les voyages Latitud Sur en \u00c9quateur.<\/p>\n<hr \/>\n<p style=\"text-align: justify;\"><strong><a href=\"\/voyage\/wp-content\/uploads\/sites\/3\/2015\/06\/Adrien_Tieche_75px.jpg\"><img loading=\"lazy\" decoding=\"async\" class=\"alignnone size-full wp-image-529\" src=\"\/voyage\/wp-content\/uploads\/sites\/3\/2015\/06\/Adrien_Tieche_75px.jpg\" alt=\"Adrien_Tieche_75px\" width=\"75\" height=\"100\" \/><\/a>Adrien Tieche &#8211; Responsable Mexique<\/strong><br \/>\nIng\u00e9nieur de formation, j&rsquo;habite depuis 3 au Mexique o\u00f9 nous avons fond\u00e9 avec ma femme une ONG qui a pour mission l&rsquo;aide aux peuples premiers, que ce soient par des projets de d\u00e9veloppement autour de l&rsquo;eau (adduction d&rsquo;eau potable, r\u00e9cup\u00e9ration d&rsquo;eau de pluie, etc\u2026) ou des projets de reconnaissance et pr\u00e9servation de la culture des peuples indiens du Mexique. J&rsquo;organise et accompagne les voyages au Mexique et je souhaite transmettre aux voyageurs la connaissance qu&rsquo;ont ces peuples premiers.<\/p>\n<hr \/>\n<p><\/p>","protected":false},"excerpt":{"rendered":"<p>William Wadoux &#8211; Pr\u00e9sident de Latitud Sur Ing\u00e9nieur de formation, j&rsquo;ai pass\u00e9 9 ans de ma vie en Am\u00e9rique Latine dans des domaines d\u2019activit\u00e9s tr\u00e8s divers. Depuis maintenant 7 ans je me consacre \u00e0 des projets de d\u00e9veloppement dans les<span class=\"ellipsis\">&hellip;<\/span><\/p>\n<div class=\"read-more\"><a href=\"https:\/\/latitudsur.org\/voyage\/fr\/latitud-sur\/lequipe\/\">Lire la suite &#8250;<\/a><\/div>\n<p><!-- end of .read-more --><\/p>\n","protected":false},"author":1,"featured_media":0,"parent":28,"menu_order":0,"comment_status":"closed","ping_status":"open","template":"template-page.php","meta":{"footnotes":""},"class_list":["post-34","page","type-page","status-publish","hentry"],"_links":{"self":[{"href":"https:\/\/latitudsur.org\/voyage\/fr\/wp-json\/wp\/v2\/pages\/34","targetHints":{"allow":["GET"]}}],"collection":[{"href":"https:\/\/latitudsur.org\/voyage\/fr\/wp-json\/wp\/v2\/pages"}],"about":[{"href":"https:\/\/latitudsur.org\/voyage\/fr\/wp-json\/wp\/v2\/types\/page"}],"author":[{"embeddable":true,"href":"https:\/\/latitudsur.org\/voyage\/fr\/wp-json\/wp\/v2\/users\/1"}],"replies":[{"embeddable":true,"href":"https:\/\/latitudsur.org\/voyage\/fr\/wp-json\/wp\/v2\/comments?post=34"}],"version-history":[{"count":2,"href":"https:\/\/latitudsur.org\/voyage\/fr\/wp-json\/wp\/v2\/pages\/34\/revisions"}],"predecessor-version":[{"id":2818,"href":"https:\/\/latitudsur.org\/voyage\/fr\/wp-json\/wp\/v2\/pages\/34\/revisions\/2818"}],"up":[{"embeddable":true,"href":"https:\/\/latitudsur.org\/voyage\/fr\/wp-json\/wp\/v2\/pages\/28"}],"wp:attachment":[{"href":"https:\/\/latitudsur.org\/voyage\/fr\/wp-json\/wp\/v2\/media?parent=34"}],"curies":[{"name":"wp","href":"https:\/\/api.w.org\/{rel}","templated":true}]}}