{"id":37,"date":"2015-03-02T11:23:42","date_gmt":"2015-03-02T10:23:42","guid":{"rendered":"http:\/\/latitudsur.org\/developpement\/?page_id=37"},"modified":"2026-04-22T08:39:51","modified_gmt":"2026-04-22T08:39:51","slug":"zones-dintervention","status":"publish","type":"page","link":"https:\/\/latitudsur.org\/voyage\/fr\/latitud-sur\/zones-dintervention\/","title":{"rendered":"Nos destinations"},"content":{"rendered":"<p>Notre zone d&rsquo;action potentielle est la r\u00e9sultante d&rsquo;histoires partag\u00e9es, de rencontres et choix de l&rsquo;organisation.<br \/>\nMais notre histoire a d\u00e9marr\u00e9 en Equateur et au P\u00e9rou, c\u0153ur g\u00e9ographique de nos actions actuelles, pour se poursuivre en Colombie et au Mexique plus r\u00e9cemment.<\/p>\n<p><a href=\"\/voyage\/developpement\/wp-content\/uploads\/sites\/2\/2015\/03\/carte_ameriques.resized.jpg\"><img loading=\"lazy\" decoding=\"async\" class=\"aligncenter size-full wp-image-1107\" src=\"\/voyage\/wp-content\/uploads\/sites\/2\/2015\/03\/carte_ameriques.resized.jpg\" alt=\"803243.ai\" width=\"500\" height=\"730\" \/><\/a><\/p>","protected":false},"excerpt":{"rendered":"<p>Notre zone d&rsquo;action potentielle est la r\u00e9sultante d&rsquo;histoires partag\u00e9es, de rencontres et choix de l&rsquo;organisation. Mais notre histoire a d\u00e9marr\u00e9 en Equateur et au P\u00e9rou, c\u0153ur g\u00e9ographique de nos actions actuelles, pour se poursuivre en Colombie et au Mexique plus<span class=\"ellipsis\">&hellip;<\/span><\/p>\n<div class=\"read-more\"><a href=\"https:\/\/latitudsur.org\/voyage\/fr\/latitud-sur\/zones-dintervention\/\">Lire la suite &#8250;<\/a><\/div>\n<p><!-- end of .read-more --><\/p>\n","protected":false},"author":1,"featured_media":0,"parent":28,"menu_order":0,"comment_status":"closed","ping_status":"closed","template":"template-page.php","meta":{"footnotes":""},"class_list":["post-37","page","type-page","status-publish","hentry"],"_links":{"self":[{"href":"https:\/\/latitudsur.org\/voyage\/fr\/wp-json\/wp\/v2\/pages\/37","targetHints":{"allow":["GET"]}}],"collection":[{"href":"https:\/\/latitudsur.org\/voyage\/fr\/wp-json\/wp\/v2\/pages"}],"about":[{"href":"https:\/\/latitudsur.org\/voyage\/fr\/wp-json\/wp\/v2\/types\/page"}],"author":[{"embeddable":true,"href":"https:\/\/latitudsur.org\/voyage\/fr\/wp-json\/wp\/v2\/users\/1"}],"replies":[{"embeddable":true,"href":"https:\/\/latitudsur.org\/voyage\/fr\/wp-json\/wp\/v2\/comments?post=37"}],"version-history":[{"count":1,"href":"https:\/\/latitudsur.org\/voyage\/fr\/wp-json\/wp\/v2\/pages\/37\/revisions"}],"predecessor-version":[{"id":2821,"href":"https:\/\/latitudsur.org\/voyage\/fr\/wp-json\/wp\/v2\/pages\/37\/revisions\/2821"}],"up":[{"embeddable":true,"href":"https:\/\/latitudsur.org\/voyage\/fr\/wp-json\/wp\/v2\/pages\/28"}],"wp:attachment":[{"href":"https:\/\/latitudsur.org\/voyage\/fr\/wp-json\/wp\/v2\/media?parent=37"}],"curies":[{"name":"wp","href":"https:\/\/api.w.org\/{rel}","templated":true}]}}