{"id":40,"date":"2015-03-02T11:25:12","date_gmt":"2015-03-02T10:25:12","guid":{"rendered":"http:\/\/latitudsur.org\/developpement\/?page_id=40"},"modified":"2015-03-02T11:25:12","modified_gmt":"2015-03-02T10:25:12","slug":"ressources-a-telecharger","status":"publish","type":"page","link":"https:\/\/latitudsur.org\/voyage\/fr\/latitud-sur\/ressources-a-telecharger\/","title":{"rendered":"On parle de nous"},"content":{"rendered":"<p>LATITUD SUR b\u00e9n\u00e9ficie, gr\u00e2ce \u00e0 ses membres, d\u2019une<strong> exp\u00e9rience s\u00e9rieuse d\u2019organisation de voyages<\/strong> au sein des communaut\u00e9s autochtones depuis 2002. Son existence en tant qu&rsquo;organisation n&rsquo;a fait qu\u2019ent\u00e9riner une reconnaissance de la part des communaut\u00e9s et la satisfaction de plusieurs centaines de voyageurs nous ayant fait confiance jusqu&rsquo;\u00e0 pr\u00e9sent.<\/p>\n<p><strong>Ils nous recommandent :<\/strong><\/p>\n<div>\n<div class=\"alignleft\">\n<div id=\"fileContent\"><a title=\"Petit Fut\u00e9\" href=\"http:\/\/www.petitfute.com\"><img decoding=\"async\" class=\"alignleft\" src=\"http:\/\/www.petitfute.com\/img\/widget\/logo.jpg\" alt=\"Petit Fut\u00e9\" width=\"100\" border=\"0\" \/><\/a><\/div>\n<p style=\"line-height: 18px;margin: 5px 0px\">Le guide Le Petit Fut\u00e9 &#8211; \u00c9ditions 2011<\/p>\n<p style=\"line-height: 16px;margin: 3px 0px\"><span style=\"font-size: 12px\">Le <b>guide Petit Fut\u00e9<\/b> vous propose 1 000 000 d&rsquo;adresses en France et dans le monde pour pr\u00e9parer votre voyage. Restaurants, bon plans h\u00f4tels, avis, actualit\u00e9s.<\/span><br style=\"font-size: 12px\" \/><span style=\"font-size: 12px\">&gt; <a href=\"http:\/\/www.amazon.fr\/Petit-Fut%C3%A9-P%C3%A9rou\/dp\/2746970317\" target=\"_blank\">Acheter \/ voir le guide <\/a><\/span><\/p>\n<\/div>\n<\/div>\n<div>\n<div class=\"alignleft\"><\/div>\n<div style=\"margin-left: 90px\">\n<p style=\"line-height: 18px;margin: 5px 0px\"><a href=\"https:\/\/latitudsur.org\/voyage\/wp-content\/uploads\/sites\/3\/2015\/03\/couv-hors-des-sentiers-battus.jpg\"><img loading=\"lazy\" decoding=\"async\" class=\"wp-image-2325 alignleft\" src=\"https:\/\/latitudsur.org\/voyage\/voyage\/wp-content\/uploads\/sites\/3\/2015\/03\/couv-hors-des-sentiers-battus-212x300.jpg\" alt=\"\" width=\"64\" height=\"91\" \/><\/a>Le guide Hors des Sentiers battus 2015<\/p>\n<p style=\"line-height: 16px;margin: 3px 0px\"><span style=\"font-size: 12px\">Une incroyable aventure \u00e9crite par Nicolas Breton, emplie de p\u00e9rip\u00e9ties, d\u2019anecdotes insolites, d\u2019enseignements, d\u2019astuces et de conseils pour voyager autrement.<\/span><br \/>\n<span style=\"font-size: 12px\"><a href=\"http:\/\/horsdessentiersbattus.fr\/\" target=\"_blank\">&gt; Acheter\/ voir le guide <\/a><\/span><\/p>\n<\/div>\n<\/div>\n<div>\n<div class=\"alignleft\"><a href=\"\/voyage\/wp-content\/uploads\/sites\/3\/2015\/06\/Guide_Viatao_Perou_Couv.jpg\"><img loading=\"lazy\" decoding=\"async\" class=\"wp-image-542\" src=\"\/voyage\/wp-content\/uploads\/sites\/3\/2015\/06\/Guide_Viatao_Perou_Couv.jpg\" alt=\"Guide_Viatao_Perou_Couv\" width=\"70\" height=\"104\" \/><\/a><\/div>\n<div>\n<p style=\"line-height: 18px;margin: 5px 0px\">Guide Viatao 2012<\/p>\n<p style=\"line-height: 16px;margin: 3px 0px\"><span style=\"font-size: 12px\">Viatao et Echoway ont parcouru ensemble le P\u00e9rou pour d\u00e9nicher les bonnes adresses hors des sentiers battus, qui pratiquent un tourisme durable, positif pour l\u2019environnement et les populations locales. <\/span><br \/>\n<span style=\"font-size: 12px\">LATITUD SUR y est r\u00e9f\u00e9renc\u00e9e pour ses croisi\u00e8res.<\/span><br \/>\n<span style=\"font-size: 12px\">&gt; <a href=\"\/voyage\/wp-content\/uploads\/sites\/3\/2015\/06\/Guide_Viatao_Perou-page180.pdf\" target=\"_blank\">Lire la page correspondante.<\/a><\/span><br \/>\n<span style=\"font-size: 12px\">&gt; <a href=\"http:\/\/livre.fnac.com\/a4101086\/Christelle-Bittner-Natural-Guide-Perou\" target=\"_blank\">Acheter\/voir le livre (Fnac)<\/a><\/span><\/p>\n<p><strong>Ils nous citent :<\/strong><\/p>\n<div>\n<div class=\"alignleft\"><a href=\"\/voyage\/wp-content\/uploads\/sites\/3\/2015\/06\/GR375-nov2012.jpg\"><img loading=\"lazy\" decoding=\"async\" class=\"wp-image-540\" src=\"\/voyage\/wp-content\/uploads\/sites\/3\/2015\/06\/GR375-nov2012-227x300.jpg\" alt=\"GR375-nov2012\" width=\"70\" height=\"93\" srcset=\"https:\/\/latitudsur.org\/voyage\/wp-content\/uploads\/sites\/3\/2015\/06\/GR375-nov2012-227x300.jpg 227w, https:\/\/latitudsur.org\/voyage\/wp-content\/uploads\/sites\/3\/2015\/06\/GR375-nov2012.jpg 247w\" sizes=\"auto, (max-width: 70px) 100vw, 70px\" \/><\/a><\/div>\n<div style=\"margin-left: 90px\">\n<p style=\"line-height: 18px;margin: 5px 0px\">Grands Reportages &#8211; Novembre 2012<\/p>\n<p style=\"line-height: 16px;margin: 3px 0px\"><span style=\"font-size: 12px\">Un article sur 4 pages \u00e0 propos de notre bateau le Selva Viva\u00a0\u00bb, un bel hommage.<\/span><br \/>\n<span style=\"font-size: 12px\">&gt; <a href=\"\/voyage\/wp-content\/uploads\/sites\/3\/2015\/06\/Grands_Reportages_375_-_Nov_2012.pdf\" target=\"_blank\">Lire la page correspondante.<\/a><\/span><br \/>\n<span style=\"font-size: 12px\">&gt; <a href=\"http:\/\/www.grands-reportages.com\/magazine\" target=\"_blank\">Acheter\/voir la revue<\/a><\/span><\/p>\n<\/div>\n<\/div>\n<div>\n<div class=\"alignleft\"><a href=\"\/voyage\/wp-content\/uploads\/sites\/3\/2015\/06\/Documentation-Francaise-Sept-Oct-2012_Couv.jpg\"><img loading=\"lazy\" decoding=\"async\" class=\"wp-image-538\" src=\"\/voyage\/wp-content\/uploads\/sites\/3\/2015\/06\/Documentation-Francaise-Sept-Oct-2012_Couv-213x300.jpg\" alt=\"Documentation-Francaise-Sept-Oct-2012_Couv\" width=\"70\" height=\"99\" srcset=\"https:\/\/latitudsur.org\/voyage\/wp-content\/uploads\/sites\/3\/2015\/06\/Documentation-Francaise-Sept-Oct-2012_Couv-213x300.jpg 213w, https:\/\/latitudsur.org\/voyage\/wp-content\/uploads\/sites\/3\/2015\/06\/Documentation-Francaise-Sept-Oct-2012_Couv.jpg 234w\" sizes=\"auto, (max-width: 70px) 100vw, 70px\" \/><\/a><\/div>\n<div style=\"margin-left: 90px\">\n<p style=\"line-height: 18px;margin: 5px 0px\">Dossier La Documentation Fran\u00e7aise &#8211; Septembre-Octobre 2012<\/p>\n<p style=\"line-height: 16px;margin: 3px 0px\"><span style=\"font-size: 12px\">Un article sur les pratiques plurielles du tourisme international et une mention pour le tourisme \u00e9co-solidaire de l&rsquo;ONG Latitud Sur.<\/span><br \/>\n<span style=\"font-size: 12px\">&gt; <a href=\"\/voyage\/wp-content\/uploads\/sites\/3\/2015\/06\/Documentation-Francaise-Sept-Oct-2012.pdf\" target=\"_blank\">Lire la page correspondante.<\/a><\/span><br \/>\n<span style=\"font-size: 12px\">&gt; <a href=\"http:\/\/www.ladocumentationfrancaise.fr\/ouvrages\/3303331280897-amerique-latine-les-defis-de-l-emergence\" target=\"_blank\">Acheter\/voir la revue<\/a><\/span><\/p>\n<\/div>\n<\/div>\n<div><\/div>\n<div>\n<div class=\"alignleft\"><a href=\"\/voyage\/wp-content\/uploads\/sites\/3\/2015\/06\/Guide-des-destinations-indi.jpg\"><img loading=\"lazy\" decoding=\"async\" class=\"wp-image-541 size-full\" src=\"\/voyage\/wp-content\/uploads\/sites\/3\/2015\/06\/Guide-des-destinations-indi.jpg\" alt=\"Guide-des-destinations-indi\" width=\"70\" height=\"100\" \/><\/a><\/div>\n<div>\n<p style=\"line-height: 18px;margin: 5px 0px\">Le Guide des Destinations Indig\u00e8nes<\/p>\n<p style=\"line-height: 16px;margin: 3px 0px\"><span style=\"font-size: 12px\">Sylvie Blangy, auteur de \u00ab Le Guide des Destinations Indig\u00e8nes \u00bb paru en Mars 2006, a s\u00e9lectionn\u00e9 dans son ouvrage des voyages de r\u00e9f\u00e9rence r\u00e9pondant aux crit\u00e8res d\u2019un tourisme \u00e9thique. L\u2019un de nos voyages, en l\u2019occurrence au Mexique, en fait partie.<\/span><br \/>\n<span style=\"font-size: 12px\">&gt; <a href=\"\/voyage\/wp-content\/uploads\/sites\/3\/2015\/03\/article-destination.jpg\" target=\"_blank\">Lire l&rsquo;article.<\/a><\/span><br \/>\n<span style=\"font-size: 12px\">&gt; <a href=\"http:\/\/livre.fnac.com\/a1642944\/Sylvie-Blangy-Guide-des-destinations-indigenes?SID=99e0e3b1-3c47-a35e-2106-fb270914321f&amp;UID=02CD19F56-B449-971A-26BE-747FCC8C83D9&amp;Origin=FnacFR&amp;OrderInSession=1&amp;TTL=171020112002\" target=\"_blank\">Acheter\/voir le livre (Fnac)<\/a><\/span><\/p>\n<\/div>\n<\/div>\n<div>\n<div class=\"alignleft\"><a href=\"\/voyage\/wp-content\/uploads\/sites\/3\/2015\/06\/Globe-trotters.jpg\"><img loading=\"lazy\" decoding=\"async\" class=\"wp-image-539 size-full\" src=\"\/voyage\/wp-content\/uploads\/sites\/3\/2015\/06\/Globe-trotters.jpg\" alt=\"Globe-trotters\" width=\"71\" height=\"100\" \/><\/a><\/div>\n<div>\n<p style=\"line-height: 18px;margin: 5px 0px\">Magazine Globe-trotters<\/p>\n<p style=\"line-height: 16px;margin: 3px 0px\"><span style=\"font-size: 12px\">n\u00b0124 de mars-avril 2009 (Festival ABM).<\/span><br \/>\n<span style=\"font-size: 12px\">&gt; <a href=\"http:\/\/www.abm.fr\/mag.html\" target=\"_blank\">Acheter\/voir le magazine<\/a><\/span><\/p>\n<\/div>\n<\/div>\n<div>\n<div class=\"alignleft\"><a href=\"\/voyage\/wp-content\/uploads\/sites\/3\/2015\/06\/Ushuaia_magazine_18.jpg\"><img loading=\"lazy\" decoding=\"async\" class=\"wp-image-543 size-full\" src=\"\/voyage\/wp-content\/uploads\/sites\/3\/2015\/06\/Ushuaia_magazine_18.jpg\" alt=\"Ushuaia_magazine_18\" width=\"76\" height=\"100\" \/><\/a><\/div>\n<div>\n<p style=\"line-height: 18px;margin: 5px 0px\">Magazine Ushua\u00efa<\/p>\n<p style=\"line-height: 16px;margin: 3px 0px\"><span style=\"font-size: 12px\">Septembre 2009<\/span><br \/>\n<span style=\"font-size: 12px\">&gt; <a href=\"\/voyage\/wp-content\/uploads\/sites\/3\/2015\/06\/Ushuaia_ArticleSV_Sept09.jpg\" target=\"_blank\">Lire l&rsquo;article<\/a><\/span><\/p>\n<\/div>\n<\/div>\n<\/div>\n<\/div>\n<p>&nbsp;<\/p>\n<p>&nbsp;<\/p>\n<p><strong>Ils ont voyag\u00e9 avec nous :<\/strong><\/p>\n<p><a href=\"https:\/\/latitudsur.org\/voyage\/wp-content\/uploads\/sites\/3\/2015\/03\/4886492-7290873-e1449762646487.jpg\"><img loading=\"lazy\" decoding=\"async\" class=\"alignnone wp-image-2332 \" src=\"https:\/\/latitudsur.org\/voyage\/voyage\/wp-content\/uploads\/sites\/3\/2015\/03\/4886492-7290873-e1449762646487-300x121.jpg\" alt=\"\" width=\"221\" height=\"89\" srcset=\"https:\/\/latitudsur.org\/voyage\/wp-content\/uploads\/sites\/3\/2015\/03\/4886492-7290873-e1449762646487-300x121.jpg 300w, https:\/\/latitudsur.org\/voyage\/wp-content\/uploads\/sites\/3\/2015\/03\/4886492-7290873-e1449762646487.jpg 400w\" sizes=\"auto, (max-width: 221px) 100vw, 221px\" \/><\/a><\/p>\n<p>Premier portail collaboratif d&rsquo;\u00e9changes et de partage d&rsquo;informations sur l&rsquo;aquariophilie et le milieu aquatique.  Vid\u00e9os: <a href=\"http:\/\/www.aquariomania.net\/Video-Amazonie-2015-partie-3-4-Retour-sur-l-expedition-Rio-Napo-2012-decouverte-de-ses-poissons-endemiques_a1383.html\" target=\"_blank\">Croisi\u00e8re aquariophilie 2012 <\/a><\/p>\n<p>&nbsp;<\/p>\n<p><strong>Ils nous ont film\u00e9 :<\/strong><br \/>\n<a href=\"\/voyage\/wp-content\/uploads\/sites\/2\/2015\/06\/document.png\"><img decoding=\"async\" class=\"size-full wp-image-768 alignnone\" style=\"width: 32px;height: 32px;margin-right: 10px\" src=\"\/voyage\/wp-content\/uploads\/sites\/2\/2015\/06\/document.png\" alt=\"video\" \/><\/a><a style=\"width: 500px\" href=\"https:\/\/www.youtube.com\/watch?v=ITaGv6MrW4g\" target=\"_blank\">Le Bateau de l&rsquo;espoir<br \/>\n<\/a>Reportage d&rsquo;Arte<\/p>\n<p><a href=\"https:\/\/latitudsur.org\/voyage\/wp-content\/uploads\/sites\/3\/2015\/03\/Capture-decran-de-2016-03-30-1014341.png\"><img loading=\"lazy\" decoding=\"async\" class=\"alignnone wp-image-2406\" src=\"https:\/\/latitudsur.org\/voyage\/voyage\/wp-content\/uploads\/sites\/3\/2015\/03\/Capture-d%C3%A9cran-de-2016-03-30-1014341-300x167.png\" alt=\"Capture d'\u00e9cran de 2016-03-30 10:14:34\" width=\"205\" height=\"114\" \/><\/a><\/p>\n<p><a href=\"\/voyage\/wp-content\/uploads\/sites\/2\/2015\/06\/document.png\"><img decoding=\"async\" class=\"size-full wp-image-768 alignnone\" style=\"width: 32px;height: 32px;margin-right: 10px\" src=\"\/voyage\/wp-content\/uploads\/sites\/2\/2015\/06\/document.png\" alt=\"video\" \/><\/a><a style=\"width: 500px\" href=\"https:\/\/vimeo.com\/51433606\" target=\"_blank\">Cong\u00e9s Solidaires avec Maisons du Monde<\/a><br \/>\n<a href=\"https:\/\/latitudsur.org\/voyage\/wp-content\/uploads\/sites\/3\/2015\/03\/Capture-decran-de-2016-03-30-101244.png\"><img loading=\"lazy\" decoding=\"async\" class=\"alignnone wp-image-2407\" src=\"https:\/\/latitudsur.org\/voyage\/voyage\/wp-content\/uploads\/sites\/3\/2015\/03\/Capture-d%C3%A9cran-de-2016-03-30-101244-300x169.png\" alt=\"Capture d'\u00e9cran de 2016-03-30 10:12:44\" width=\"202\" height=\"114\" \/><\/a><\/p>\n<p><a href=\"\/voyage\/wp-content\/uploads\/sites\/2\/2015\/06\/document.png\"><img decoding=\"async\" class=\"size-full wp-image-768\" style=\"width: 32px;height: 32px;margin-right: 10px\" src=\"\/voyage\/wp-content\/uploads\/sites\/2\/2015\/06\/document.png\" alt=\"video\" \/><\/a><a href=\"https:\/\/vimeo.com\/89389520\" target=\"_blank\">Medecines d&rsquo;ailleurs<\/a><\/p>\n<p><a href=\"https:\/\/latitudsur.org\/voyage\/wp-content\/uploads\/sites\/3\/2015\/03\/Capture-decran-de-2015-12-10-1203231.png\"><img loading=\"lazy\" decoding=\"async\" class=\"alignnone wp-image-2408\" src=\"https:\/\/latitudsur.org\/voyage\/voyage\/wp-content\/uploads\/sites\/3\/2015\/03\/Capture-d%C3%A9cran-de-2015-12-10-1203231-300x169.png\" alt=\"Capture d'\u00e9cran de 2015-12-10 12:03:23\" width=\"233\" height=\"131\" \/><\/a><\/p>\n<p><a href=\"\/voyage\/wp-content\/uploads\/sites\/2\/2015\/06\/document.png\"><img decoding=\"async\" class=\"size-full wp-image-768\" style=\"width: 32px;height: 32px;margin-right: 10px\" src=\"\/voyage\/wp-content\/uploads\/sites\/2\/2015\/06\/document.png\" alt=\"video\" \/><\/a><a style=\"width: 500px\" href=\"https:\/\/www.youtube.com\/watch?v=I1jyp--U_eU\" target=\"_blank\">Selva Viva &#8211; Starperu <\/a><\/p>\n<p>Vid\u00e9o en espagnol<\/p>\n<div>\n<div>\n<p><a href=\"\/voyage\/wp-content\/uploads\/sites\/2\/2015\/06\/document.png\"><img decoding=\"async\" class=\"size-full wp-image-768 alignnone\" style=\"width: 32px;height: 32px;margin-right: 10px\" src=\"\/voyage\/wp-content\/uploads\/sites\/2\/2015\/06\/document.png\" alt=\"video\" \/><\/a><a style=\"width: 500px\" href=\"https:\/\/www.youtube.com\/watch?list=UUienCUp-4Yf7iXjojvOnVfA&amp;t=61&amp;v=oAJ9C1GR--Q\" target=\"_blank\">Iquitos &#8211; Loreto Video<\/a><\/p>\n<p>&nbsp;<\/p>\n<p><strong>Banni\u00e8res \u00e0 t\u00e9l\u00e9charger :<\/strong><\/p>\n<p><a href=\"\/voyage\/wp-content\/uploads\/sites\/3\/2015\/03\/BANDEAU_SV4.jpg\"><img decoding=\"async\" class=\"wp-image-540\" src=\"\/voyage\/wp-content\/uploads\/sites\/3\/2015\/03\/BANDEAU_SV4.jpg\" alt=\"bandeau\" \/><\/a><br \/>\nAutres banni\u00e8res en bas de la page <strong><a href=\"http:\/\/arutam.free.fr\/\/Selvaviva.html\" target=\"_blank\">PHOTOS<\/a><\/strong><\/p>\n<\/div>\n<\/div>\n<p><\/p>","protected":false},"excerpt":{"rendered":"<p>LATITUD SUR b\u00e9n\u00e9ficie, gr\u00e2ce \u00e0 ses membres, d\u2019une exp\u00e9rience s\u00e9rieuse d\u2019organisation de voyages au sein des communaut\u00e9s autochtones depuis 2002. Son existence en tant qu&rsquo;organisation n&rsquo;a fait qu\u2019ent\u00e9riner une reconnaissance de la part des communaut\u00e9s et la satisfaction de plusieurs<span class=\"ellipsis\">&hellip;<\/span><\/p>\n<div class=\"read-more\"><a href=\"https:\/\/latitudsur.org\/voyage\/fr\/latitud-sur\/ressources-a-telecharger\/\">Lire la suite &#8250;<\/a><\/div>\n<p><!-- end of .read-more --><\/p>\n","protected":false},"author":1,"featured_media":0,"parent":28,"menu_order":0,"comment_status":"closed","ping_status":"closed","template":"template-page.php","meta":{"footnotes":""},"class_list":["post-40","page","type-page","status-publish","hentry"],"_links":{"self":[{"href":"https:\/\/latitudsur.org\/voyage\/fr\/wp-json\/wp\/v2\/pages\/40","targetHints":{"allow":["GET"]}}],"collection":[{"href":"https:\/\/latitudsur.org\/voyage\/fr\/wp-json\/wp\/v2\/pages"}],"about":[{"href":"https:\/\/latitudsur.org\/voyage\/fr\/wp-json\/wp\/v2\/types\/page"}],"author":[{"embeddable":true,"href":"https:\/\/latitudsur.org\/voyage\/fr\/wp-json\/wp\/v2\/users\/1"}],"replies":[{"embeddable":true,"href":"https:\/\/latitudsur.org\/voyage\/fr\/wp-json\/wp\/v2\/comments?post=40"}],"version-history":[{"count":0,"href":"https:\/\/latitudsur.org\/voyage\/fr\/wp-json\/wp\/v2\/pages\/40\/revisions"}],"up":[{"embeddable":true,"href":"https:\/\/latitudsur.org\/voyage\/fr\/wp-json\/wp\/v2\/pages\/28"}],"wp:attachment":[{"href":"https:\/\/latitudsur.org\/voyage\/fr\/wp-json\/wp\/v2\/media?parent=40"}],"curies":[{"name":"wp","href":"https:\/\/api.w.org\/{rel}","templated":true}]}}