{"id":48,"date":"2015-03-02T14:24:55","date_gmt":"2015-03-02T13:24:55","guid":{"rendered":"http:\/\/latitudsur.org\/developpement\/?page_id=48"},"modified":"2015-03-02T14:24:55","modified_gmt":"2015-03-02T13:24:55","slug":"experience-latitudsur","status":"publish","type":"page","link":"https:\/\/latitudsur.org\/voyage\/fr\/voyagez\/experience-latitudsur\/","title":{"rendered":"L&rsquo;exp\u00e9rience Latitud Sur"},"content":{"rendered":"<p><strong><a href=\"\/voyage\/wp-content\/uploads\/sites\/3\/2015\/06\/ptchaman.gif\"><img loading=\"lazy\" decoding=\"async\" class=\"alignnone size-full wp-image-545\" src=\"\/voyage\/wp-content\/uploads\/sites\/3\/2015\/06\/ptchaman.gif\" alt=\"ptchaman\" width=\"97\" height=\"97\" \/><\/a>Voyager avec Latitud Sur, c\u2019est voyager \u00e9thique, \u00e9quitable et solidaire.<\/strong><\/p>\n<p>Au-del\u00e0 de ses bienfaits \u00e9conomiques, le tourisme peut engendrer des impacts sociaux ou \u00e9cologiques n\u00e9fastes. En voyageant avec Latitud Sur, vous avez l\u2019assurance de soutenir des valeurs telles que l\u2019\u00e9thique, l\u2019\u00e9quit\u00e9 et la solidarit\u00e9.<\/p>\n<p style=\"font-size: 12px;text-align: justify\"><a href=\"https:\/\/latitudsur.org\/voyage\/wp-content\/uploads\/sites\/3\/2015\/03\/ESSAI1.png\"><img loading=\"lazy\" decoding=\"async\" class=\"alignnone  wp-image-2355\" src=\"https:\/\/latitudsur.org\/voyage\/voyage\/wp-content\/uploads\/sites\/3\/2015\/03\/ESSAI1-300x196.png\" alt=\"ESSAI\" width=\"315\" height=\"206\" srcset=\"https:\/\/latitudsur.org\/voyage\/wp-content\/uploads\/sites\/3\/2015\/03\/ESSAI1-300x196.png 300w, https:\/\/latitudsur.org\/voyage\/wp-content\/uploads\/sites\/3\/2015\/03\/ESSAI1-1024x669.png 1024w, https:\/\/latitudsur.org\/voyage\/wp-content\/uploads\/sites\/3\/2015\/03\/ESSAI1-768x501.png 768w, https:\/\/latitudsur.org\/voyage\/wp-content\/uploads\/sites\/3\/2015\/03\/ESSAI1.png 1481w\" sizes=\"auto, (max-width: 315px) 100vw, 315px\" \/><\/a><\/p>\n<p>Pour plus d\u2019informations sur les principes d\u00e9fendus par Latitud Sur, consultez <a href=\"https:\/\/latitudsur.org\/voyage\/voyage\/ethique-culture\/charte-ethique\/\" target=\"_blank\">la charte \u00e9thique<\/a>.<\/p>\n<p align=\"center\"><a href=\"\/voyage\/wp-content\/uploads\/sites\/3\/2015\/03\/tripktik1.jpg\"><img decoding=\"async\" src=\"\/voyage\/wp-content\/uploads\/sites\/3\/2015\/03\/tripktik1.jpg\" alt=\"tripktik1\" \/><\/a><\/p>\n<p><strong><a href=\"\/voyage\/wp-content\/uploads\/sites\/3\/2015\/06\/ptchaman.gif\"><img loading=\"lazy\" decoding=\"async\" src=\"\/voyage\/wp-content\/uploads\/sites\/3\/2015\/06\/ptchaman.gif\" alt=\"ptchaman\" width=\"97\" height=\"97\" \/><\/a>Voyager avec Latitud Sur, c\u2019est profiter de prestations uniques<\/strong><\/p>\n<p style=\"font-size: 16px;text-align: justify\"><em>Notre connaissance du terrain nous permet de donner \u00e0 nos voyages un caract\u00e8re qualitatif qui les rend uniques.<\/em><\/p>\n<p><span style=\"color: #008000\">Qualit\u00e9 de l\u2019accompagnement<\/span><\/p>\n<p style=\"font-size: 14px;text-align: justify\">Les accompagnateurs sont des PASSION\u00c9(E)S de ce continent et de ses cultures. Ils parlent bien \u00e9videmment espagnol, voire certaines langues locales, et vous feront partager les subtilit\u00e9s des cultures indig\u00e8nes. Au-del\u00e0 de la simple traduction ils \u00e9tablissent un pont entre votre culture et celle d\u2019accueil, amenant \u00e0 une meilleure compr\u00e9hension de nos h\u00f4tes autochtones. Dans le cas des voyages d\u2019initiation chamanique, ils vous aident \u00e0 interpr\u00e9ter votre nouvelle exp\u00e9rience, en triant le bon grain de l\u2019ivraie. Gr\u00e2ce \u00e0 leurs grandes connaissances dans ce domaine, ils vous guident et vous apportent un appui psychologique. Ils vous feront aussi partager leurs acquis autant ethnologiques que personnels face \u00e0 ces pratiques. Cet accompagnement nous semble fondamental pour \u00e9viter les d\u00e9boires et risques li\u00e9s \u00e0 cette d\u00e9couverte et de fait d\u00e9conseillons en g\u00e9n\u00e9ral aux personnes de tenter cette exp\u00e9rience de mani\u00e8re solitaire.<\/p>\n<p><span style=\"color: #008000\">Qualit\u00e9 des partenaires locaux<\/span><\/p>\n<p style=\"font-size: 14px;text-align: justify\">Vous b\u00e9n\u00e9ficiez de l\u2019exp\u00e9rience de travail de Latitud Sur avec nos partenaires, dont la plupart travaillent avec nous sur des projets de d\u00e9veloppement. Vous avez donc la GARANTIE de ne jamais \u00eatre confront\u00e9 \u00e0 des charlatans et de vous pr\u00e9server ainsi d\u2019exp\u00e9riences qui \u2013 dans le cadre notamment du chamanisme \u2013 pourraient devenir dangereuses.<\/p>\n<p><span style=\"color: #008000\">Authenticit\u00e9<\/span><\/p>\n<p style=\"font-size: 14px;text-align: justify\">Latitud Sur lutte contre la \u00ab folklorisation \u00bb pour touristes. Le choix qui est fait des voyages est bas\u00e9 sur des RELATIONS RESPECTUEUSES o\u00f9 nous pr\u00e9f\u00e9rons vous montrer la r\u00e9alit\u00e9 des communaut\u00e9s sans en cacher les aspects n\u00e9gatifs. De m\u00eame Latitud Sur combat les pr\u00e9jug\u00e9s et tend \u00e0 faire tomber l\u2019image occidentale du \u00ab bon sauvage \u00bb, du \u00ab chaman &#8211; guide spirituel \u00bb ou de peuples \u00ab sous-d\u00e9velopp\u00e9s \u00bb. Par ailleurs, nous ne consid\u00e9rons pas nos participants comme de simples consommateurs de voyages exotiques et mettons tout en \u0153uvre pour vous faire vivre une EXP\u00c9RIENCE HUMAINE FORTE.<\/p>\n<p><span style=\"color: #008000\">Originalit\u00e9 des voyages<\/span><\/p>\n<p style=\"font-size: 14px;text-align: justify\">La plupart des voyages que nous proposons sont UNIQUES. Autrement dit aucune autre organisation ne les propose, en raison essentiellement des liens \u00e9troits que nous avons \u00e9tabli avec les communaut\u00e9s. Nous t\u00e2chons aussi de renouveler les propositions de voyages au fil de nos projets de d\u00e9veloppement.<\/p>\n<p><span style=\"color: #008000\">Des voyages pour tous<\/span><\/p>\n<p style=\"font-size: 14px;text-align: justify\">Plusieurs de nos voyages peuvent \u00eatre effectu\u00e9s en FAMILLE et constituent une exp\u00e9rience exceptionnelle pour vous comme pour vos enfants. N\u2019h\u00e9sitez pas \u00e0 <a href=\"https:\/\/latitudsur.org\/voyage\/voyage\/contact\/\" target=\"_blank\">nous contacter<\/a> pour avoir plus de d\u00e9tails.<\/p>\n<p align=\"center\"><a href=\"\/voyage\/wp-content\/uploads\/sites\/3\/2015\/06\/tripktik2.jpg\"><img decoding=\"async\" src=\"\/voyage\/wp-content\/uploads\/sites\/3\/2015\/06\/tripktik2.jpg\" alt=\"tripktik2\" \/><\/a><\/p>\n<p><strong><a href=\"\/voyage\/wp-content\/uploads\/sites\/3\/2015\/06\/ptchaman.gif\"><img loading=\"lazy\" decoding=\"async\" class=\"alignnone size-full wp-image-545\" src=\"\/voyage\/wp-content\/uploads\/sites\/3\/2015\/06\/ptchaman.gif\" alt=\"ptchaman\" width=\"97\" height=\"97\" \/><\/a>et maintenant&#8230; les mises en garde<\/strong><\/p>\n<p>Un voyageur averti en vaut deux !<\/p>\n<p style=\"font-size: 12px;text-align: justify\">Les croisi\u00e8res Latitud Sur sont des voyages diff\u00e9rents des Tour Op\u00e9rators classiques. Notre souci est de rendre UNIQUE chaque voyage pour qu\u2019il reste une AVENTURE HUMAINE plus proche de l\u2019exp\u00e9dition que du voyage planifi\u00e9 et r\u00e9p\u00e9t\u00e9 chaque semaine dans sa monotonie.<\/p>\n<p style=\"font-size: 12px;text-align: justify\">Ici, les programmes sont indicatifs et changent CHAQUE JOUR. Notamment pour ne pas peser sur les communaut\u00e9s visit\u00e9es, nous nous adaptons aux conditions du moment (saisons, conditions climatiques), aux d\u00e9cisions des autochtones qui nous re\u00e7oivent, sans chercher \u00e0 les obliger \u00e0 des activit\u00e9s pr\u00e9d\u00e9termin\u00e9es, telles que les danses folkloriques sur commande. S\u2019ils veulent danser et f\u00eater votre venue, vous devrez alors danser avec eux !<\/p>\n<p style=\"font-size: 12px;text-align: justify\">Nous \u00e9voluons dans une nature sauvage et autochtone, donc chass\u00e9e. Cela est tr\u00e8s diff\u00e9rent d\u2019un safari ou d\u2019une rencontre garantie des singes \u00e0 9h30. Il faut se lever t\u00f4t le matin pour partir \u00e0 la rencontre du monde sauvage qui s\u2019\u00e9veille, pour le surprendre dans toute sa beaut\u00e9 : la rencontre sera toujours furtive et \u00e9ph\u00e9m\u00e8re. Les gros plans photos \u00e9tant quasi-impossibles \u00e0 ces instants de la journ\u00e9e, profitez plut\u00f4t des ambiances, les yeux et les narines grands ouverts !<\/p>\n<p style=\"font-size: 12px;text-align: justify\">Nous sommes loin du standing luxe ou grand confort. Le Selva Viva est un bateau en bois, traditionnel et rustique. Ses planchers grincent, ses escaliers sont raides. Ici pas d\u2019air conditionn\u00e9, pas de salles de bain individuelles, juste une vie conviviale au plus proche des gens du fleuve.<\/p>\n<p style=\"font-size: 12px;text-align: justify\">Latitud Sur cherche un public de passionn\u00e9s, amoureux de la nature et donc de sobri\u00e9t\u00e9. Nous adorons accompagner tous les naturalistes enflamm\u00e9s pour leur permettre d\u2019atteindre leurs r\u00eaves les plus singuliers soient-ils.<\/p>\n<p>Vous \u00eates pr\u00e9venus. <strong>Avec Latitud Sur, on ne \u00ab fait \u00bb pas l\u2019Amazonie, on s\u2019en impr\u00e8gne !<\/strong><\/p>","protected":false},"excerpt":{"rendered":"<p>Voyager avec Latitud Sur, c\u2019est voyager \u00e9thique, \u00e9quitable et solidaire. Au-del\u00e0 de ses bienfaits \u00e9conomiques, le tourisme peut engendrer des impacts sociaux ou \u00e9cologiques n\u00e9fastes. En voyageant avec Latitud Sur, vous avez l\u2019assurance de soutenir des valeurs telles que l\u2019\u00e9thique,<span class=\"ellipsis\">&hellip;<\/span><\/p>\n<div class=\"read-more\"><a href=\"https:\/\/latitudsur.org\/voyage\/fr\/voyagez\/experience-latitudsur\/\">Lire la suite &#8250;<\/a><\/div>\n<p><!-- end of .read-more --><\/p>\n","protected":false},"author":1,"featured_media":0,"parent":56,"menu_order":0,"comment_status":"closed","ping_status":"closed","template":"template-page.php","meta":{"footnotes":""},"class_list":["post-48","page","type-page","status-publish","hentry"],"_links":{"self":[{"href":"https:\/\/latitudsur.org\/voyage\/fr\/wp-json\/wp\/v2\/pages\/48","targetHints":{"allow":["GET"]}}],"collection":[{"href":"https:\/\/latitudsur.org\/voyage\/fr\/wp-json\/wp\/v2\/pages"}],"about":[{"href":"https:\/\/latitudsur.org\/voyage\/fr\/wp-json\/wp\/v2\/types\/page"}],"author":[{"embeddable":true,"href":"https:\/\/latitudsur.org\/voyage\/fr\/wp-json\/wp\/v2\/users\/1"}],"replies":[{"embeddable":true,"href":"https:\/\/latitudsur.org\/voyage\/fr\/wp-json\/wp\/v2\/comments?post=48"}],"version-history":[{"count":0,"href":"https:\/\/latitudsur.org\/voyage\/fr\/wp-json\/wp\/v2\/pages\/48\/revisions"}],"up":[{"embeddable":true,"href":"https:\/\/latitudsur.org\/voyage\/fr\/wp-json\/wp\/v2\/pages\/56"}],"wp:attachment":[{"href":"https:\/\/latitudsur.org\/voyage\/fr\/wp-json\/wp\/v2\/media?parent=48"}],"curies":[{"name":"wp","href":"https:\/\/api.w.org\/{rel}","templated":true}]}}