{"id":51,"date":"2015-03-02T14:27:39","date_gmt":"2015-03-02T13:27:39","guid":{"rendered":"http:\/\/latitudsur.org\/developpement\/?page_id=51"},"modified":"2015-03-02T14:27:39","modified_gmt":"2015-03-02T13:27:39","slug":"equateur","status":"publish","type":"page","link":"https:\/\/latitudsur.org\/voyage\/fr\/voyagez\/equateur\/","title":{"rendered":"EQUATEUR"},"content":{"rendered":"<p><\/p>\n<table style=\"width: 695px;height: 171px\" border=\"0\" bgcolor=\"#ffffff\">\n<tbody>\n<tr>\n<td style=\"padding: 0;vertical-align: middle\"><a href=\"\/voyage\/wp-content\/uploads\/sites\/3\/2015\/06\/09ESS.jpg\"><img loading=\"lazy\" decoding=\"async\" class=\"aligncenter size-full wp-image-672\" src=\"\/voyage\/wp-content\/uploads\/sites\/3\/2015\/06\/09ESS.jpg\" alt=\"09ESS\" width=\"150\" height=\"113\" \/><\/a><\/td>\n<td style=\"padding: 5px;vertical-align: middle\"><span style=\"font-size: 16px;color: #000000\"><strong>Immersion \u00e9cotouristique chez les Indiens Shuar, Shiwiar &amp; Sapara<\/strong><\/span><br \/>\n<span style=\"font-size: 16px;color: #009900\"><strong>1500 \u20ac<\/strong> &#8211; 10 jours \/ 9 nuits<\/span><br \/>\nPartez \u00e0 la rencontre de la faune et de la flore d&rsquo;une des for\u00eats d&rsquo;Amazonie les plus sauvages, en plein c\u0153ur du territoire des Indiens Shiwiar et Sapara, accessible seulement par avion Cesna ! Un voyage solidaire d&rsquo;aventure et d&rsquo;observation 100 % Immersion !<br \/>\n<a href=\"\/voyage\/ecotourisme-shiwiar-sapara\"><span class=\"go-detail\">Voir le d\u00e9tail !<\/span><\/a><\/td>\n<\/tr>\n<\/tbody>\n<\/table>\n<table style=\"width: 695px;height: 171px\" border=\"0\" bgcolor=\"#ffffff\">\n<tbody>\n<tr>\n<td style=\"padding: 0;vertical-align: middle\"><a href=\"\/voyage\/wp-content\/uploads\/sites\/3\/2015\/06\/14EPM1.jpg\"><img loading=\"lazy\" decoding=\"async\" class=\"aligncenter size-full wp-image-674\" src=\"\/voyage\/wp-content\/uploads\/sites\/3\/2015\/06\/14EPM1.jpg\" alt=\"14EPM\" width=\"150\" height=\"113\" \/><\/a><\/td>\n<td style=\"padding: 5px;vertical-align: middle\"><span style=\"font-size: 16px;color: #000000\"><strong>Plantes &amp; Chamanisme en Amazonie \u00e9quatorienne<\/strong><\/span><br \/>\n<span style=\"font-size: 16px;color: #009900\"><strong>1800 \u20ac<\/strong> &#8211; 16 jours \/ 15 nuits<\/span><br \/>\nD\u00e9couvrez l\u2019usage th\u00e9rapeutique des plantes m\u00e9dicinales courantes et les approches diff\u00e9rentes de deux gu\u00e9risseurs reconnus d\u2019Amazonie \u00e9quatorienne shuar et kichwa.<br \/>\n<a href=\"\/voyage\/plantes-et-chamanisme\"><span class=\"go-detail\">Voir le d\u00e9tail !<\/span><\/a><\/td>\n<\/tr>\n<\/tbody>\n<\/table>\n<p><\/p>","protected":false},"excerpt":{"rendered":"<p>Immersion \u00e9cotouristique chez les Indiens Shuar, Shiwiar &amp; Sapara 1500 \u20ac &#8211; 10 jours \/ 9 nuits Partez \u00e0 la rencontre de la faune et de la flore d&rsquo;une des for\u00eats d&rsquo;Amazonie les plus sauvages, en plein c\u0153ur du territoire<span class=\"ellipsis\">&hellip;<\/span><\/p>\n<div class=\"read-more\"><a href=\"https:\/\/latitudsur.org\/voyage\/fr\/voyagez\/equateur\/\">Lire la suite &#8250;<\/a><\/div>\n<p><!-- end of .read-more --><\/p>\n","protected":false},"author":1,"featured_media":0,"parent":56,"menu_order":0,"comment_status":"closed","ping_status":"closed","template":"template-page.php","meta":{"footnotes":""},"class_list":["post-51","page","type-page","status-publish","hentry"],"_links":{"self":[{"href":"https:\/\/latitudsur.org\/voyage\/fr\/wp-json\/wp\/v2\/pages\/51","targetHints":{"allow":["GET"]}}],"collection":[{"href":"https:\/\/latitudsur.org\/voyage\/fr\/wp-json\/wp\/v2\/pages"}],"about":[{"href":"https:\/\/latitudsur.org\/voyage\/fr\/wp-json\/wp\/v2\/types\/page"}],"author":[{"embeddable":true,"href":"https:\/\/latitudsur.org\/voyage\/fr\/wp-json\/wp\/v2\/users\/1"}],"replies":[{"embeddable":true,"href":"https:\/\/latitudsur.org\/voyage\/fr\/wp-json\/wp\/v2\/comments?post=51"}],"version-history":[{"count":1,"href":"https:\/\/latitudsur.org\/voyage\/fr\/wp-json\/wp\/v2\/pages\/51\/revisions"}],"predecessor-version":[{"id":2796,"href":"https:\/\/latitudsur.org\/voyage\/fr\/wp-json\/wp\/v2\/pages\/51\/revisions\/2796"}],"up":[{"embeddable":true,"href":"https:\/\/latitudsur.org\/voyage\/fr\/wp-json\/wp\/v2\/pages\/56"}],"wp:attachment":[{"href":"https:\/\/latitudsur.org\/voyage\/fr\/wp-json\/wp\/v2\/media?parent=51"}],"curies":[{"name":"wp","href":"https:\/\/api.w.org\/{rel}","templated":true}]}}