{"id":74,"date":"2015-03-02T14:56:45","date_gmt":"2015-03-02T13:56:45","guid":{"rendered":"http:\/\/latitudsur.org\/developpement\/?page_id=74"},"modified":"2026-04-21T14:20:43","modified_gmt":"2026-04-21T14:20:43","slug":"perou","status":"publish","type":"page","link":"https:\/\/latitudsur.org\/voyage\/fr\/voyagez\/perou\/","title":{"rendered":"PEROU"},"content":{"rendered":"<p><\/p>\n<table style=\"width: 695px; height: 171px;\" border=\"0\" bgcolor=\"#ffffff\">\n<tbody>\n<tr>\n<td style=\"padding: 0; vertical-align: middle;\"><a href=\"https:\/\/latitudsur.org\/voyage\/wp-content\/uploads\/sites\/3\/2015\/05\/11.jpg\"><img loading=\"lazy\" decoding=\"async\" class=\"alignnone size-medium wp-image-1568\" src=\"https:\/\/latitudsur.org\/voyage\/voyage\/wp-content\/uploads\/sites\/3\/2015\/05\/11-300x104.jpg\" alt=\"11\" width=\"300\" height=\"104\" srcset=\"https:\/\/latitudsur.org\/voyage\/wp-content\/uploads\/sites\/3\/2015\/05\/11-300x104.jpg 300w, https:\/\/latitudsur.org\/voyage\/wp-content\/uploads\/sites\/3\/2015\/05\/11-768x266.jpg 768w, https:\/\/latitudsur.org\/voyage\/wp-content\/uploads\/sites\/3\/2015\/05\/11.jpg 1010w\" sizes=\"auto, (max-width: 300px) 100vw, 300px\" \/><\/a><\/td>\n<td style=\"padding: 5px; vertical-align: middle;\"><span style=\"font-size: 16px; color: #000000;\"><strong>Circuit \u00ab\u00a0El Dorado\u00a0\u00bb &#8211; r\u00e9serve Pacaya Samiria<\/strong><\/span><br \/>\n<span style=\"font-size: 16px; color: #009900;\"><strong>Devis sur demande<\/strong><\/span><br \/>\nD\u00e9couvrez la plus belle r\u00e9serve naturelle du P\u00e9rou au fil de l&rsquo;eau ! Une immersion exceptionnelle au c\u0153ur de la for\u00eat amazonienne&#8230;<\/td>\n<\/tr>\n<\/tbody>\n<\/table>\n<table style=\"width: 695px; height: 171px;\" border=\"0\" bgcolor=\"#ffffff\">\n<tbody>\n<tr>\n<td style=\"padding: 0; vertical-align: middle;\"><a href=\"\/voyage\/wp-content\/uploads\/sites\/3\/2015\/06\/02PCU.jpg\"><img loading=\"lazy\" decoding=\"async\" class=\"aligncenter wp-image-667 size-full\" src=\"\/voyage\/wp-content\/uploads\/sites\/3\/2015\/06\/02PCU.jpg\" alt=\"02PCU\" width=\"150\" height=\"113\" \/><\/a><\/td>\n<td style=\"padding: 5px; vertical-align: middle;\"><span style=\"font-size: 16px; color: #000000;\"><strong>Croisi\u00e8re Tapiche<\/strong><\/span><br \/>\n<span style=\"font-size: 16px; color: #009900;\"><strong>Devis sur demande<\/strong> &#8211; 12 jours \/ 11 nuits<\/span><br \/>\nUne croisi\u00e8re sur l&rsquo;un des fleuves les plus sauvages de l\u2019Amazonie p\u00e9ruvienne, \u00e0 bord du Selva Viva, un bateau traditionnel en bois qui sillonne l\u2019Amazonie pour pr\u00e9server la biodiversit\u00e9. Une exp\u00e9dition unique dans une zone o\u00f9 aucun op\u00e9rateur touristique ne voyage de mani\u00e8re r\u00e9guli\u00e8re !<\/td>\n<\/tr>\n<\/tbody>\n<\/table>\n<table style=\"width: 695px; height: 171px;\" border=\"0\" bgcolor=\"#ffffff\">\n<tbody>\n<tr>\n<td style=\"padding: 0; vertical-align: middle;\"><a href=\"\/voyage\/wp-content\/uploads\/sites\/3\/2015\/06\/10PHU.jpg\"><img loading=\"lazy\" decoding=\"async\" class=\"aligncenter size-full wp-image-672\" src=\"\/voyage\/wp-content\/uploads\/sites\/3\/2015\/06\/10PHU.jpg\" alt=\"09ESS\" width=\"150\" height=\"113\" \/><\/a><\/td>\n<td style=\"padding: 5px; vertical-align: middle;\"><span style=\"font-size: 16px; color: #000000;\"><strong>Croisi\u00e8re Amazonie &amp; Cuzco<\/strong><\/span><br \/>\n<span style=\"font-size: 16px; color: #009900;\"><strong>Devis sur demande<\/strong> &#8211; 15 jours \/ 14 nuits dont 7 jours de croisi\u00e8re<\/span><br \/>\nCombinez la magie des sites andins de la r\u00e9gion de Cuzco et une croisi\u00e8re sur l&rsquo;inoubliable Amazone \u00e0 proximit\u00e9 d&rsquo;Iquitos !<\/td>\n<\/tr>\n<\/tbody>\n<\/table>\n<table style=\"width: 695px; height: 171px;\" border=\"0\" bgcolor=\"#ffffff\">\n<tbody>\n<tr>\n<td style=\"padding: 0; vertical-align: middle;\"><a href=\"\/voyage\/wp-content\/uploads\/sites\/3\/2015\/06\/05PME.jpg\"><img loading=\"lazy\" decoding=\"async\" class=\"aligncenter size-full wp-image-668\" src=\"\/voyage\/wp-content\/uploads\/sites\/3\/2015\/06\/05PME.jpg\" alt=\"05PME\" width=\"150\" height=\"113\" \/><\/a><\/td>\n<td style=\"padding: 5px; vertical-align: middle;\"><span style=\"font-size: 16px; color: #000000;\"><strong>Croisi\u00e8re sur mesure<\/strong><\/span><br \/>\n<span style=\"font-size: 16px; color: #009900;\"><strong>Devis sur demande<\/strong> !<\/span><br \/>\nComposez votre voyage \u00e0 la carte au milieu des plus belles r\u00e9serves naturelles amazoniennes au fil de l&rsquo;eau ! Choisissez vos dates, votre th\u00e9matique, votre fleuve ! Vous pouvez m\u00eame r\u00e9server le Selva Viva pour votre groupe uniquement !<\/td>\n<\/tr>\n<\/tbody>\n<\/table>\n<table style=\"width: 695px; height: 171px;\" border=\"0\" bgcolor=\"#ffffff\">\n<tbody>\n<tr>\n<td style=\"padding: 0; vertical-align: middle;\"><a href=\"\/voyage\/wp-content\/uploads\/sites\/3\/2015\/06\/06PCI.jpg\"><img loading=\"lazy\" decoding=\"async\" class=\"aligncenter size-full wp-image-669\" src=\"\/voyage\/wp-content\/uploads\/sites\/3\/2015\/06\/06PCI.jpg\" alt=\"06PCI\" width=\"150\" height=\"100\" \/><\/a><\/td>\n<td style=\"padding: 5px; vertical-align: middle;\"><span style=\"font-size: 16px; color: #000000;\"><strong>Croisi\u00e8re d&rsquo;immersion chamanique<\/strong><\/span><br \/>\n<span style=\"font-size: 16px; color: #009900;\"><strong>Devis sur demande<\/strong> &#8211; 16 jours \/ 15 nuits dont 11 jours sur le bateau<\/span><br \/>\nNaviguez sur les fleuves les plus sauvages de l\u2019Amazonie p\u00e9ruvienne, \u00e0 la rencontre des communaut\u00e9s riveraines. Les c\u00e9r\u00e9monies, men\u00e9es par le chaman qui nous accompagne, ont lieu soit sur le bateau soit sur les rives du fleuve, voire dans certaines communaut\u00e9s autochtones.<\/td>\n<\/tr>\n<\/tbody>\n<\/table>\n<table style=\"width: 695px; height: 171px;\" border=\"0\" bgcolor=\"#ffffff\">\n<tbody>\n<tr>\n<td style=\"padding: 0; vertical-align: middle;\"><a href=\"\/voyage\/wp-content\/uploads\/sites\/3\/2015\/06\/07PAC.jpg\"><br \/>\n<img loading=\"lazy\" decoding=\"async\" class=\"aligncenter size-full wp-image-670\" src=\"\/voyage\/wp-content\/uploads\/sites\/3\/2015\/06\/07PAC.jpg\" alt=\"07PAC\" width=\"150\" height=\"113\" \/><\/a><\/td>\n<td style=\"padding: 5px; vertical-align: middle;\"><span style=\"font-size: 16px; color: #000000;\"><strong>Croisi\u00e8re Aquariophile sur le fleuve Tapiche ou Napo<\/strong><\/span><br \/>\n<span style=\"font-size: 16px; color: #009900;\"><strong>Devis sur demande<\/strong>\u00a0&#8211; 12 jours \/ 11 nuits<\/span><br \/>\nEmbarquez sur le Selva Viva et partez \u00e0 la d\u00e9couverte de l&rsquo;Amazonie p\u00e9ruvienne et de sa faune piscicole parmi les plus riches de la plan\u00e8te. Latitud Sur a con\u00e7u cette croisi\u00e8re sp\u00e9cialement pour vous, aficionados de cichlides, piranhas, raies, t\u00e9tras, poissons chats et de bien d&rsquo;autres esp\u00e8ces.<\/td>\n<\/tr>\n<\/tbody>\n<\/table>\n<table style=\"width: 695px; height: 171px;\" border=\"0\" bgcolor=\"#ffffff\">\n<tbody>\n<tr>\n<td style=\"padding: 0; vertical-align: middle;\"><a href=\"\/voyage\/wp-content\/uploads\/sites\/3\/2015\/06\/08PAN.jpg\"><img loading=\"lazy\" decoding=\"async\" class=\"aligncenter size-full wp-image-671\" src=\"\/voyage\/wp-content\/uploads\/sites\/3\/2015\/06\/08PAN.jpg\" alt=\"08PAN\" width=\"150\" height=\"113\" \/><\/a><\/td>\n<td style=\"padding: 5px; vertical-align: middle;\"><span style=\"font-size: 16px; color: #000000;\"><strong>Croisi\u00e8re P\u00eache sur le fleuve Nanay<\/strong><\/span><br \/>\n<span style=\"font-size: 16px; color: #009900;\"><strong>Devis sur demande<\/strong><strong> TTC<\/strong> &#8211; 6 jours \/ 5 nuits<\/span><br \/>\nVenez p\u00eacher en Amazonie ! Latitud Sur a con\u00e7u cette croisi\u00e8re sp\u00e9cialement pour vous, aficionados de tucunar\u00e9s, piranhas, poissons chats (doncella, zungaro) et de bien d&rsquo;autres esp\u00e8ces.<\/td>\n<\/tr>\n<\/tbody>\n<\/table>\n<table style=\"width: 695px; height: 171px;\" border=\"0\" bgcolor=\"#ffffff\">\n<tbody>\n<tr>\n<td style=\"padding: 0; vertical-align: middle;\"><a href=\"\/voyage\/wp-content\/uploads\/sites\/3\/2015\/08\/wilder1.jpg\"><img loading=\"lazy\" decoding=\"async\" class=\"aligncenter size-full wp-image-671\" src=\"\/voyage\/wp-content\/uploads\/sites\/3\/2015\/08\/wilder1.jpg\" alt=\"08PAN\" width=\"150\" height=\"113\" \/><\/a><\/td>\n<td style=\"padding: 5px; vertical-align: middle;\"><span style=\"font-size: 16px; color: #000000;\"><strong>S\u00e9jour chez l&rsquo;habitant<\/strong><\/span><br \/>\n<span style=\"font-size: 16px; color: #009900;\"><strong>Devis sur demande<\/strong><strong> TTC<\/strong> &#8211; 6 jours \/ 5 nuits<\/span><br \/>\nUne rencontre humaine hors des sentiers battus, une immersion au sein d\u2019une famille amazonienne, en pleine jungle, dans un lodge traditionnel.<br \/>\n<a href=\"\/voyage\/sejour-chez-lhabitant\"><span class=\"go-detail\">Voir le d\u00e9tail !<\/span><\/a><\/td>\n<\/tr>\n<\/tbody>\n<\/table>\n<p>&nbsp;<\/p>","protected":false},"excerpt":{"rendered":"<p>Circuit \u00ab\u00a0El Dorado\u00a0\u00bb &#8211; r\u00e9serve Pacaya Samiria Devis sur demande D\u00e9couvrez la plus belle r\u00e9serve naturelle du P\u00e9rou au fil de l&rsquo;eau ! Une immersion exceptionnelle au c\u0153ur de la for\u00eat amazonienne&#8230; Croisi\u00e8re Tapiche Devis sur demande &#8211; 12 jours<span class=\"ellipsis\">&hellip;<\/span><\/p>\n<div class=\"read-more\"><a href=\"https:\/\/latitudsur.org\/voyage\/fr\/voyagez\/perou\/\">Lire la suite &#8250;<\/a><\/div>\n<p><!-- end of .read-more --><\/p>\n","protected":false},"author":1,"featured_media":0,"parent":56,"menu_order":0,"comment_status":"closed","ping_status":"closed","template":"template-page.php","meta":{"footnotes":""},"class_list":["post-74","page","type-page","status-publish","hentry"],"_links":{"self":[{"href":"https:\/\/latitudsur.org\/voyage\/fr\/wp-json\/wp\/v2\/pages\/74","targetHints":{"allow":["GET"]}}],"collection":[{"href":"https:\/\/latitudsur.org\/voyage\/fr\/wp-json\/wp\/v2\/pages"}],"about":[{"href":"https:\/\/latitudsur.org\/voyage\/fr\/wp-json\/wp\/v2\/types\/page"}],"author":[{"embeddable":true,"href":"https:\/\/latitudsur.org\/voyage\/fr\/wp-json\/wp\/v2\/users\/1"}],"replies":[{"embeddable":true,"href":"https:\/\/latitudsur.org\/voyage\/fr\/wp-json\/wp\/v2\/comments?post=74"}],"version-history":[{"count":1,"href":"https:\/\/latitudsur.org\/voyage\/fr\/wp-json\/wp\/v2\/pages\/74\/revisions"}],"predecessor-version":[{"id":2806,"href":"https:\/\/latitudsur.org\/voyage\/fr\/wp-json\/wp\/v2\/pages\/74\/revisions\/2806"}],"up":[{"embeddable":true,"href":"https:\/\/latitudsur.org\/voyage\/fr\/wp-json\/wp\/v2\/pages\/56"}],"wp:attachment":[{"href":"https:\/\/latitudsur.org\/voyage\/fr\/wp-json\/wp\/v2\/media?parent=74"}],"curies":[{"name":"wp","href":"https:\/\/api.w.org\/{rel}","templated":true}]}}