{"id":77,"date":"2015-03-02T14:57:31","date_gmt":"2015-03-02T13:57:31","guid":{"rendered":"http:\/\/latitudsur.org\/developpement\/?page_id=77"},"modified":"2015-03-02T14:57:31","modified_gmt":"2015-03-02T13:57:31","slug":"promotions","status":"publish","type":"page","link":"https:\/\/latitudsur.org\/voyage\/fr\/voyagez\/promotions\/","title":{"rendered":"PROMOTIONS"},"content":{"rendered":"<p><\/p>\n<h4><span style=\"color: #006400\">Voici nos prochains d\u00e9parts<\/span>:<\/h4>\n<p>Aucune date disponible pour le moment.<\/p>\n<hr \/>\n<\/div>\n<div align=\"justify\"><\/div>\n<div align=\"center\"><strong>Nous nous associons \u00e0 la R\u00e9gion de Loreto pour comm\u00e9morer le titre de Merveille Naturelle du Monde tous les 13 ao\u00fbt, jour d\u00e9sormais f\u00e9ri\u00e9 \u00e0 Iquitos.<\/strong><\/div>\n<div align=\"justify\"><\/div>\n<div style=\"padding-top: 40px\" align=\"center\"><a href=\"http:\/\/www.regionloreto.gob.pe\/\"><img decoding=\"async\" src=\"\/voyage\/wp-content\/uploads\/sites\/3\/2015\/06\/Logo-Rio_Amazonas.jpg\" alt=\"Logo-Rio_Amazonas\" \/><\/a><\/div>\n<p><\/p>","protected":false},"excerpt":{"rendered":"<p>Voici nos prochains d\u00e9parts: Aucune date disponible pour le moment. Nous nous associons \u00e0 la R\u00e9gion de Loreto pour comm\u00e9morer le titre de Merveille Naturelle du Monde tous les 13 ao\u00fbt, jour d\u00e9sormais f\u00e9ri\u00e9 \u00e0 Iquitos.<\/p>\n","protected":false},"author":1,"featured_media":0,"parent":56,"menu_order":0,"comment_status":"closed","ping_status":"closed","template":"template-page.php","meta":{"footnotes":""},"class_list":["post-77","page","type-page","status-publish","hentry"],"_links":{"self":[{"href":"https:\/\/latitudsur.org\/voyage\/fr\/wp-json\/wp\/v2\/pages\/77","targetHints":{"allow":["GET"]}}],"collection":[{"href":"https:\/\/latitudsur.org\/voyage\/fr\/wp-json\/wp\/v2\/pages"}],"about":[{"href":"https:\/\/latitudsur.org\/voyage\/fr\/wp-json\/wp\/v2\/types\/page"}],"author":[{"embeddable":true,"href":"https:\/\/latitudsur.org\/voyage\/fr\/wp-json\/wp\/v2\/users\/1"}],"replies":[{"embeddable":true,"href":"https:\/\/latitudsur.org\/voyage\/fr\/wp-json\/wp\/v2\/comments?post=77"}],"version-history":[{"count":0,"href":"https:\/\/latitudsur.org\/voyage\/fr\/wp-json\/wp\/v2\/pages\/77\/revisions"}],"up":[{"embeddable":true,"href":"https:\/\/latitudsur.org\/voyage\/fr\/wp-json\/wp\/v2\/pages\/56"}],"wp:attachment":[{"href":"https:\/\/latitudsur.org\/voyage\/fr\/wp-json\/wp\/v2\/media?parent=77"}],"curies":[{"name":"wp","href":"https:\/\/api.w.org\/{rel}","templated":true}]}}