{"id":80,"date":"2015-03-02T14:58:12","date_gmt":"2015-03-02T13:58:12","guid":{"rendered":"http:\/\/latitudsur.org\/developpement\/?page_id=80"},"modified":"2026-04-21T14:25:13","modified_gmt":"2026-04-21T14:25:13","slug":"mexique","status":"publish","type":"page","link":"https:\/\/latitudsur.org\/voyage\/fr\/voyagez\/mexique\/","title":{"rendered":"MEXIQUE"},"content":{"rendered":"<p><\/p>\n<table style=\"width: 695px; height: 171px;\" border=\"0\" bgcolor=\"#ffffff\">\n<tbody>\n<tr>\n<td style=\"padding: 0; vertical-align: middle;\"><a href=\"\/voyage\/wp-content\/uploads\/sites\/3\/2015\/03\/gd33.jpg\"><img loading=\"lazy\" decoding=\"async\" class=\"aligncenter size-full wp-image-675\" src=\"\/voyage\/wp-content\/uploads\/sites\/3\/2015\/03\/gd33.jpg\" alt=\"16MPE\" width=\"150\" height=\"113\" \/><\/a><\/td>\n<td style=\"padding: 5px; vertical-align: middle;\"><span style=\"font-size: 16px; color: #000000;\"><strong>P\u00e2ques chez les Huichols en immersion chamanique<\/strong><\/span><br \/>\n<span style=\"font-size: 16px; color: #009900;\"><strong>1800 \u20ac<\/strong> &#8211; 16 jours \/ 15 nuits<\/span><br \/>\nPartagez la vie d\u2019une communaut\u00e9 Huichole et leurs rituels chamaniques bas\u00e9s sur les offrandes permanentes \u00e0 la terre et sur l\u2019usage spirituel du peyotl. Voyage exceptionnel puisque autoris\u00e9 par les autorit\u00e9s indiennes en raison uniquement de notre travail dans les communaut\u00e9s huicholes.<\/td>\n<\/tr>\n<\/tbody>\n<\/table>\n<table style=\"width: 695px; height: 171px;\" border=\"0\" bgcolor=\"#ffffff\">\n<tbody>\n<tr>\n<td style=\"padding: 0; vertical-align: middle;\"><a href=\"\/voyage\/wp-content\/uploads\/sites\/3\/2015\/06\/17MPH1.jpg\"><img loading=\"lazy\" decoding=\"async\" class=\"aligncenter size-full wp-image-676\" src=\"\/voyage\/wp-content\/uploads\/sites\/3\/2015\/06\/17MPH1.jpg\" alt=\"17MPH\" width=\"150\" height=\"113\" \/><\/a><\/td>\n<td style=\"padding: 5px; vertical-align: middle;\"><span style=\"font-size: 16px; color: #000000;\"><strong>P\u00e9lerinage Huichol, initiation chamanique ancestrale<\/strong><\/span><br \/>\n<span style=\"font-size: 16px; color: #009900;\"><strong>1800 \u20ac<\/strong> &#8211; 16 jours \/ 15 nuits<\/span><br \/>\nPartagez cette \u00e9tape unique de la vie spirituelle des Huichols en les accompagnant dans leur p\u00e8lerinage ancestral \u00e9maill\u00e9 de rituels chamaniques, faits d&rsquo;offrandes permanentes \u00e0 la terre, en qu\u00eate du peyotl. Voyage exceptionnel puisque autoris\u00e9 par les autorit\u00e9s indiennes en raison uniquement de notre travail dans les communaut\u00e9s huicholes.<br \/>\n<img decoding=\"async\" src=\"\/voyage\/wp-content\/uploads\/sites\/3\/2015\/06\/suspendu.jpg\" alt=\"voir\" \/><\/td>\n<\/tr>\n<\/tbody>\n<\/table>\n<p><\/p>","protected":false},"excerpt":{"rendered":"<p>P\u00e2ques chez les Huichols en immersion chamanique 1800 \u20ac &#8211; 16 jours \/ 15 nuits Partagez la vie d\u2019une communaut\u00e9 Huichole et leurs rituels chamaniques bas\u00e9s sur les offrandes permanentes \u00e0 la terre et sur l\u2019usage spirituel du peyotl. Voyage<span class=\"ellipsis\">&hellip;<\/span><\/p>\n<div class=\"read-more\"><a href=\"https:\/\/latitudsur.org\/voyage\/fr\/voyagez\/mexique\/\">Lire la suite &#8250;<\/a><\/div>\n<p><!-- end of .read-more --><\/p>\n","protected":false},"author":1,"featured_media":0,"parent":56,"menu_order":0,"comment_status":"closed","ping_status":"closed","template":"template-page.php","meta":{"footnotes":""},"class_list":["post-80","page","type-page","status-publish","hentry"],"_links":{"self":[{"href":"https:\/\/latitudsur.org\/voyage\/fr\/wp-json\/wp\/v2\/pages\/80","targetHints":{"allow":["GET"]}}],"collection":[{"href":"https:\/\/latitudsur.org\/voyage\/fr\/wp-json\/wp\/v2\/pages"}],"about":[{"href":"https:\/\/latitudsur.org\/voyage\/fr\/wp-json\/wp\/v2\/types\/page"}],"author":[{"embeddable":true,"href":"https:\/\/latitudsur.org\/voyage\/fr\/wp-json\/wp\/v2\/users\/1"}],"replies":[{"embeddable":true,"href":"https:\/\/latitudsur.org\/voyage\/fr\/wp-json\/wp\/v2\/comments?post=80"}],"version-history":[{"count":1,"href":"https:\/\/latitudsur.org\/voyage\/fr\/wp-json\/wp\/v2\/pages\/80\/revisions"}],"predecessor-version":[{"id":2807,"href":"https:\/\/latitudsur.org\/voyage\/fr\/wp-json\/wp\/v2\/pages\/80\/revisions\/2807"}],"up":[{"embeddable":true,"href":"https:\/\/latitudsur.org\/voyage\/fr\/wp-json\/wp\/v2\/pages\/56"}],"wp:attachment":[{"href":"https:\/\/latitudsur.org\/voyage\/fr\/wp-json\/wp\/v2\/media?parent=80"}],"curies":[{"name":"wp","href":"https:\/\/api.w.org\/{rel}","templated":true}]}}