{"id":88,"date":"2015-03-02T15:42:27","date_gmt":"2015-03-02T14:42:27","guid":{"rendered":"http:\/\/latitudsur.org\/developpement\/?page_id=88"},"modified":"2015-03-02T15:42:27","modified_gmt":"2015-03-02T14:42:27","slug":"conseils-voyageurs","status":"publish","type":"page","link":"https:\/\/latitudsur.org\/voyage\/fr\/guide-voyageur\/conseils-voyageurs\/","title":{"rendered":"Conseils aux voyageurs"},"content":{"rendered":"<p><a style=\"float:right\" href=\"\/voyage\/wp-content\/uploads\/sites\/3\/2015\/03\/sapo_250.jpg\"><img decoding=\"async\" class=\"size-medium wp-image-560\" src=\"\/voyage\/wp-content\/uploads\/sites\/3\/2015\/03\/sapo_250.jpg\" alt=\"sapo\"><\/a><br \/>\n<strong>Quelques recommandations\u2026<\/strong><br \/>\n<strong>C\u00f4t\u00e9 pratique<\/strong><\/p>\n<p><strong>Bagages<\/strong><\/p>\n<p>Sur demande et selon le type de voyage, Latitud Sur vous fournira<br \/>\nune checklist des affaires \u00e0 emporter.<\/p>\n<p><strong>Argent<\/strong><\/p>\n<p>Les s\u00e9jours comprenant pour la plupart la pension compl\u00e8te (voir fiche de chaque voyage), nous vous recommandons de n\u2019emporter qu\u2019une somme d\u2019environ 200 Euros qui servira \u00e0 vos achats personnels (artisanat, sorties hors programme,\u2026). Pour certaines de nos destinations, il est souvent plus int\u00e9ressant d\u2019effectuer le change depuis son pays de d\u00e9part (cas des dollars am\u00e9ricains pour l\u2019Equateur).<br \/>\nIl est recommand\u00e9 d\u2019emporter une carte de cr\u00e9dit. Les ch\u00e8ques de voyage sont inutiles.<\/p>\n<p><strong>Langue<\/strong><\/p>\n<p>Votre accompagnateur parle la langue du pays et vous fera office de traducteur en toutes circonstances. Dans la mesure du possible, nous vous ferons parvenir une fiche avec quelques mots courants de la langue des communaut\u00e9s que vous rencontrerez.<\/p>\n<p><strong>Billets d\u2019avion<\/strong><\/p>\n<p>Latitud Sur vous recommandera un vol afin que le groupe puisse se retrouver \u00e0 l\u2019a\u00e9roport d\u2019arriv\u00e9e dans les meilleures conditions. L\u2019achat du billet d&rsquo;avion gr\u00e2ce \u00e0 une carte de cr\u00e9dit Gold vous apporte une assurance compl\u00e8te (notamment en cas d\u2019annulation du voyage + assistance rapatriement). Si vous payez avec une CB normale, il faut prendre une assurance individuelle lors de l&rsquo;achat de votre billet. Vous renseigner aupr\u00e8s de votre banque ou en lisant le contrat li\u00e9 \u00e0 votre carte.<\/p>\n<p><strong>S\u00e9curit\u00e9<\/strong><\/p>\n<p>Les risques d\u2019agression physique sont rares dans les r\u00e9gions o\u00f9 nous nous rendons. Seul subsiste un risque de vol, comme pour toute destination touristique.<br \/>\nNous vous recommandons d\u2019\u00e9viter d\u2019emporter des choses de grande valeur ou en tout cas de les exhiber. Votre accompagnateur ne pouvant avoir les yeux partout, vos effets personnels restent sous votre enti\u00e8re responsabilit\u00e9. Ne vous \u00e9loignez pas de votre groupe et suivez les instructions de votre accompagnateur.<br \/>\nNe prenez pas de taxi seul.<\/p>\n<p><strong>Sant\u00e9<\/strong><\/p>\n<p>Pour chaque destination, l\u2019accompagnateur dispose de contacts m\u00e9dicaux, cependant, certaines destinations sont tr\u00e8s \u00e9loign\u00e9es de centres urbains et il subsiste un risque qui ne peut \u00eatre couvert que par une assurance sp\u00e9ciale.<br \/>\nNous vous invitons fortement \u00e0 faire part de vos probl\u00e8mes de sant\u00e9 d\u00e8s l\u2019inscription afin que nous puissions les prendre en consid\u00e9ration.<br \/>\nLes vaccins n\u00e9cessaires sont indiqu\u00e9s dans les fiches de voyage. La fi\u00e8vre jaune et le paludisme sont les risques les plus courants. Apr\u00e8s inscription, Latitud Sur vous enverra une fiche de recommandations concernant le paludisme et sa pr\u00e9vention.<br \/>\n<strong><br \/>\nPharmacie<\/strong><\/p>\n<p>Bien que le bateau soit \u00e9quip\u00e9 d&rsquo;une pharmacie de secours, pensez \u00e0 prendre un repellant + pansements et d\u00e9sinfectants + antiseptique intestinal (Erc\u00e9furyl) + un antidiarrh\u00e9ique (Imodium) + antibiotique (Amoxicilline). Si vous vous connaissez quelques faiblesses (ulc\u00e8res, allergies, constipation, gingivites, etc\u2026), pensez \u00e0 prendre vos m\u00e9dicaments personnels.<\/p>\n<p><strong>Eau potable<\/strong><\/p>\n<p><a style=\"float:right\" href=\"\/voyage\/wp-content\/uploads\/sites\/3\/2015\/03\/delfin_250.jpg\"><img decoding=\"async\" class=\"size-medium wp-image-560\" src=\"\/voyage\/wp-content\/uploads\/sites\/3\/2015\/03\/delfin_250.jpg\" alt=\"delfin\"><\/a><\/p>\n<p>Dans ces pays, l&rsquo;eau du robinet n&rsquo;est pas potable : pensez- y m\u00eame lorsque vous vous lavez les dents ! Une r\u00e8gle de base est de ne boire que l&rsquo;eau en bouteille. Faire attention aux jus de fruits (le gla\u00e7on est \u00e0 proscrire car fait avec de l\u2019eau courante et pr\u00e9ciser un jus de fruit sans eau). Sur le bateau, vous aurez de l\u2019eau potable \u00e0 volont\u00e9 et nos gla\u00e7ons sont faits avec de l&rsquo;eau potable&#8230; Pensez \u00e0 apporter une gourde pour vos sorties en for\u00eat !<\/p>\n<p><strong>Mise en garde<\/strong><\/p>\n<p>Nos destinations n&rsquo;\u00e9tant pas des lieux de tourisme classique avec toutes les garanties habituelles, nous nous devons de vous informer de certains aspects dont il faut avoir conscience et vous invitons \u00e0 lire notre <a href=\"https:\/\/latitudsur.org\/voyage\/voyage\/guide-voyageur\/barometre-voyages\/\">page barom\u00e8tre<\/a>.<br \/>\n<strong> <\/strong><\/p>","protected":false},"excerpt":{"rendered":"<p>Quelques recommandations\u2026 C\u00f4t\u00e9 pratique Bagages Sur demande et selon le type de voyage, Latitud Sur vous fournira une checklist des affaires \u00e0 emporter. Argent Les s\u00e9jours comprenant pour la plupart la pension compl\u00e8te (voir fiche de chaque voyage), nous vous<span class=\"ellipsis\">&hellip;<\/span><\/p>\n<div class=\"read-more\"><a href=\"https:\/\/latitudsur.org\/voyage\/fr\/guide-voyageur\/conseils-voyageurs\/\">Lire la suite &#8250;<\/a><\/div>\n<p><!-- end of .read-more --><\/p>\n","protected":false},"author":1,"featured_media":0,"parent":65,"menu_order":0,"comment_status":"closed","ping_status":"closed","template":"template-page.php","meta":{"footnotes":""},"class_list":["post-88","page","type-page","status-publish","hentry"],"_links":{"self":[{"href":"https:\/\/latitudsur.org\/voyage\/fr\/wp-json\/wp\/v2\/pages\/88","targetHints":{"allow":["GET"]}}],"collection":[{"href":"https:\/\/latitudsur.org\/voyage\/fr\/wp-json\/wp\/v2\/pages"}],"about":[{"href":"https:\/\/latitudsur.org\/voyage\/fr\/wp-json\/wp\/v2\/types\/page"}],"author":[{"embeddable":true,"href":"https:\/\/latitudsur.org\/voyage\/fr\/wp-json\/wp\/v2\/users\/1"}],"replies":[{"embeddable":true,"href":"https:\/\/latitudsur.org\/voyage\/fr\/wp-json\/wp\/v2\/comments?post=88"}],"version-history":[{"count":0,"href":"https:\/\/latitudsur.org\/voyage\/fr\/wp-json\/wp\/v2\/pages\/88\/revisions"}],"up":[{"embeddable":true,"href":"https:\/\/latitudsur.org\/voyage\/fr\/wp-json\/wp\/v2\/pages\/65"}],"wp:attachment":[{"href":"https:\/\/latitudsur.org\/voyage\/fr\/wp-json\/wp\/v2\/media?parent=88"}],"curies":[{"name":"wp","href":"https:\/\/api.w.org\/{rel}","templated":true}]}}