{"id":92,"date":"2015-03-02T15:45:11","date_gmt":"2015-03-02T14:45:11","guid":{"rendered":"http:\/\/latitudsur.org\/developpement\/?page_id=92"},"modified":"2015-03-02T15:45:11","modified_gmt":"2015-03-02T14:45:11","slug":"caracteristiques","status":"publish","type":"page","link":"https:\/\/latitudsur.org\/voyage\/fr\/bateau-selva-viva\/caracteristiques\/","title":{"rendered":"Caract\u00e9ristiques"},"content":{"rendered":"<p><\/p>\n<p><a class=\"fbx-link fbx-instance\" style=\"float:right\" href=\"\/voyage\/wp-content\/uploads\/sites\/3\/2015\/06\/accueil1.jpg\"><img loading=\"lazy\" decoding=\"async\" class=\"size-medium wp-image-560\" src=\"\/voyage\/wp-content\/uploads\/sites\/3\/2015\/06\/accueil1-265x300.jpg\" alt=\"accueil\" height=\"300\" width=\"265\" srcset=\"https:\/\/latitudsur.org\/voyage\/wp-content\/uploads\/sites\/3\/2015\/06\/accueil1-265x300.jpg 265w, https:\/\/latitudsur.org\/voyage\/wp-content\/uploads\/sites\/3\/2015\/06\/accueil1.jpg 398w\" sizes=\"auto, (max-width: 265px) 100vw, 265px\" \/><\/a><\/p>\n<p>Le Selva Viva est un bateau con\u00e7u pour \u00eatre multi-usage et servir en priorit\u00e9 les projets de d\u00e9veloppement, de notre organisation ou d\u2019autres.<\/p>\n<p> En raison de ses co\u00fbts de maintenance et de son potentiel \u00e0 g\u00e9n\u00e9rer des fonds, il sert aussi pour des sorties \u00e9cotouristiques ou de tourisme solidaire. <br \/> Il a \u00e9t\u00e9 financ\u00e9 au travers de la premi\u00e8re phase du projet \u00ab bateau-\u00e9cole et biodiversit\u00e9 \u00bb par la Fondation Audemars-Piguet<\/p>\n<h3>D\u00e9tails techniques<\/h3>\n<ul>\n<li>Immatriculation IQ-29076-MF<\/li>\n<li>Bateau en bois traditionnel, forme br\u00e9silienne<\/li>\n<li>Dimensions : longueur : 22 m &#8211; Largeur : 5,70 m<\/li>\n<li>Tirant d\u2019eau : 1,40 m hors charge, 1,50 m<\/li>\n<li>Ponts : 2 ponts + terrasse + cale<\/li>\n<li>Puissance moteur : 125 ch<\/li>\n<li>Vitesse de croisi\u00e8re : 5 n\u0153uds<\/li>\n<li>Equipage : 5 (2 pilotes, 1 motoriste, 1 cuisinier, 1 aide)<\/li>\n<li>Eau : Syst\u00e8me de production d\u2019eau potable (osmoseur)<\/li>\n<li>Energie : panneaux solaires + moteur thermique auxiliaire<\/li>\n<li>Electricit\u00e9 : 12, 24 V et 220 V<\/li>\n<li>S\u00e9curit\u00e9 : certificat de s\u00e9curit\u00e9 en vigueur + GPS sondeur<\/li>\n<li>Communication : Radio et Antenne HF (port\u00e9e 500 km)<br \/> + PhonePatch (appel sur r\u00e9seau public)<\/li>\n<\/ul>\n<h3>Capacit\u00e9 d&#039;accueil<\/h3>\n<ul>\n<li>Cabines : 4 cabines doubles (4,30 m x 2,50 m) + 2 simples<br \/> possibilit\u00e9 de les s\u00e9parer par un rideau central : 10 cabines simples<br \/> possibilit\u00e9 d\u2019installer des lits superpos\u00e9s dans une cabine : 14 couchages max<\/li>\n<li>+ 1 cabine accompagnateur s\u00e9par\u00e9e sur le pont 2 (Oficina)<\/li>\n<li>Salles de bain\/douche\/toilettes : 2<\/li>\n<li>Salle \u00e0 manger int\u00e9rieure : 14 places + biblioth\u00e8que\/salon<\/li>\n<li>Salle \u00e0 manger en terrasse : 14 places + 5 hamacs<\/li>\n<\/ul>\n<h4><a href=\"\/voyage\/wp-content\/uploads\/sites\/2\/2015\/03\/plan_SV.pdf\"><img decoding=\"async\" class=\"size-full wp-image-783\" src=\"\/voyage\/wp-content\/uploads\/sites\/2\/2015\/06\/pdf.jpg\" alt=\"pdf\" style=\"width:32px;height:32px\" \/><\/a>  Plans du bateau<\/h4>\n<p><a href=\"https:\/\/latitudsur.org\/voyage\/wp-content\/uploads\/sites\/2\/2015\/06\/plan1.jpg\"><img loading=\"lazy\" decoding=\"async\" class=\"alignnone size-full wp-image-884\" src=\"https:\/\/latitudsur.org\/voyage\/wp-content\/uploads\/sites\/2\/2015\/06\/plan1.jpg\" alt=\"plan1\" width=\"176\" height=\"118\" \/><\/a> <a href=\"https:\/\/latitudsur.org\/voyage\/wp-content\/uploads\/sites\/2\/2015\/06\/plan2.jpg\"><img loading=\"lazy\" decoding=\"async\" class=\"alignnone size-full wp-image-885\" src=\"https:\/\/latitudsur.org\/voyage\/wp-content\/uploads\/sites\/2\/2015\/06\/plan2.jpg\" alt=\"plan2\" width=\"176\" height=\"118\" \/><\/a><\/p>\n<p><a href=\"https:\/\/latitudsur.org\/voyage\/wp-content\/uploads\/sites\/2\/2015\/03\/plan3.jpg\"><img loading=\"lazy\" decoding=\"async\" class=\"alignnone size-medium wp-image-886\" src=\"https:\/\/latitudsur.org\/voyage\/wp-content\/uploads\/sites\/2\/2015\/03\/plan3-300x110.jpg\" alt=\"Plan3\" width=\"300\" height=\"110\" \/><\/a><a href=\"https:\/\/latitudsur.org\/voyage\/wp-content\/uploads\/sites\/2\/2015\/06\/Plan4.jpg\"> <img loading=\"lazy\" decoding=\"async\" class=\"alignnone size-medium wp-image-887\" src=\"https:\/\/latitudsur.org\/voyage\/wp-content\/uploads\/sites\/2\/2015\/06\/Plan4-300x110.jpg\" alt=\"Plan4\" width=\"300\" height=\"110\" \/><\/a><\/p>\n<p><a href=\"https:\/\/latitudsur.org\/voyage\/wp-content\/uploads\/sites\/2\/2015\/06\/Plan5.jpg\"><img loading=\"lazy\" decoding=\"async\" class=\"alignnone size-medium wp-image-888\" src=\"https:\/\/latitudsur.org\/voyage\/wp-content\/uploads\/sites\/2\/2015\/06\/Plan5-300x110.jpg\" alt=\"Plan5\" width=\"300\" height=\"110\" \/><\/a> <a href=\"https:\/\/latitudsur.org\/voyage\/wp-content\/uploads\/sites\/2\/2015\/06\/Plan6.jpg\"><img loading=\"lazy\" decoding=\"async\" class=\"alignnone size-medium wp-image-889\" src=\"https:\/\/latitudsur.org\/voyage\/wp-content\/uploads\/sites\/2\/2015\/06\/Plan6-300x110.jpg\" alt=\"Plan6\" width=\"300\" height=\"110\" \/><\/a><\/p>\n<p><a href=\"https:\/\/latitudsur.org\/voyage\/wp-content\/uploads\/sites\/3\/2015\/03\/16_SV.jpg\"><img loading=\"lazy\" decoding=\"async\" class=\"alignnone size-medium wp-image-888\" src=\"https:\/\/latitudsur.org\/voyage\/wp-content\/uploads\/sites\/3\/2015\/03\/16_SV.jpg\" alt=\"Plan5\" width=\"700\" height=\"400\" \/><\/a><\/p>","protected":false},"excerpt":{"rendered":"<p>Le Selva Viva est un bateau con\u00e7u pour \u00eatre multi-usage et servir en priorit\u00e9 les projets de d\u00e9veloppement, de notre organisation ou d\u2019autres. En raison de ses co\u00fbts de maintenance et de son potentiel \u00e0 g\u00e9n\u00e9rer des fonds, il sert<span class=\"ellipsis\">&hellip;<\/span><\/p>\n<div class=\"read-more\"><a href=\"https:\/\/latitudsur.org\/voyage\/fr\/bateau-selva-viva\/caracteristiques\/\">Lire la suite &#8250;<\/a><\/div>\n<p><!-- end of .read-more --><\/p>\n","protected":false},"author":1,"featured_media":0,"parent":71,"menu_order":0,"comment_status":"closed","ping_status":"closed","template":"template-page.php","meta":{"footnotes":""},"class_list":["post-92","page","type-page","status-publish","hentry"],"_links":{"self":[{"href":"https:\/\/latitudsur.org\/voyage\/fr\/wp-json\/wp\/v2\/pages\/92","targetHints":{"allow":["GET"]}}],"collection":[{"href":"https:\/\/latitudsur.org\/voyage\/fr\/wp-json\/wp\/v2\/pages"}],"about":[{"href":"https:\/\/latitudsur.org\/voyage\/fr\/wp-json\/wp\/v2\/types\/page"}],"author":[{"embeddable":true,"href":"https:\/\/latitudsur.org\/voyage\/fr\/wp-json\/wp\/v2\/users\/1"}],"replies":[{"embeddable":true,"href":"https:\/\/latitudsur.org\/voyage\/fr\/wp-json\/wp\/v2\/comments?post=92"}],"version-history":[{"count":0,"href":"https:\/\/latitudsur.org\/voyage\/fr\/wp-json\/wp\/v2\/pages\/92\/revisions"}],"up":[{"embeddable":true,"href":"https:\/\/latitudsur.org\/voyage\/fr\/wp-json\/wp\/v2\/pages\/71"}],"wp:attachment":[{"href":"https:\/\/latitudsur.org\/voyage\/fr\/wp-json\/wp\/v2\/media?parent=92"}],"curies":[{"name":"wp","href":"https:\/\/api.w.org\/{rel}","templated":true}]}}