{"id":94,"date":"2015-03-02T15:46:16","date_gmt":"2015-03-02T14:46:16","guid":{"rendered":"http:\/\/latitudsur.org\/developpement\/?page_id=94"},"modified":"2015-03-02T15:46:16","modified_gmt":"2015-03-02T14:46:16","slug":"histoire-missions","status":"publish","type":"page","link":"https:\/\/latitudsur.org\/voyage\/fr\/bateau-selva-viva\/histoire-missions\/","title":{"rendered":"Histoire et missions"},"content":{"rendered":"<p><a style=\"float: right\" href=\"\/voyage\/wp-content\/uploads\/sites\/3\/2015\/03\/selva_petite_fille.jpg\"><img loading=\"lazy\" decoding=\"async\" class=\"size-medium wp-image-560\" src=\"\/voyage\/wp-content\/uploads\/sites\/3\/2015\/03\/selva_petite_fille.jpg\" alt=\"accueil\" width=\"265\" height=\"300\" \/><\/a><\/p>\n<h4>Le SELVA VIVA<\/h4>\n<p>Le Selva Viva est un bateau con\u00e7u pour \u00eatre <strong>multi-usage<\/strong> car destin\u00e9 initialement \u00e0 servir en priorit\u00e9 les projets de d\u00e9veloppement, de notre organisation ou d\u2019autres.<\/p>\n<p>Il a \u00e9t\u00e9 depuis am\u00e9nag\u00e9 pour les croisi\u00e8res propos\u00e9es par Latitud Sur et qui servent \u00e0 financer ces programmes.<\/p>\n<p>Voil\u00e0 d\u00e9j\u00e0 plusieurs ann\u00e9es que nous op\u00e9rons avec succ\u00e8s et il est temps de penser \u00e0 la suite. Nous avons donc le plaisir de vous pr\u00e9senter <strong>notre projet<\/strong> <strong><a href=\"http:\/\/www.zero-deforestation.org\/selva-viva-2.php\" target=\"_blank\">Le SELVA VIVA II<\/a><\/strong> , que vous aurez peut-\u00eatre envie de soutenir, comme sympathisant ou comme partenaire engag\u00e9.<\/p>\n<p>Deux missions impliquant le Selva Viva sont aujourd\u2019hui \u00e0 l\u2019\u0153uvre :<\/p>\n<h4>Le projet \u00ab Selva Viva \u00bb pour la biodiversit\u00e9<\/h4>\n<p>Ce programme contribue \u00e0 l\u2019am\u00e9lioration des conditions de vie des communaut\u00e9s indig\u00e8nes le long des fleuves de la r\u00e9gion du Loreto. Pour cela, il permet \u00e0 ces populations de mieux conserver et g\u00e9rer leur biodiversit\u00e9 de mani\u00e8re durable pour en tirer des revenus. Il agit ainsi sur quatre axes :<\/p>\n<ol>\n<li>la gestion des for\u00eats : \u00e9changes sur les bonnes pratiques<\/li>\n<li>les plantes m\u00e9dicinales : \u00e9changes de connaissances<\/li>\n<li>agroforesterie : cultures durables &amp; \u00e9valuation d\u2019opportunit\u00e9s pour des produits issus de la for\u00eat<\/li>\n<li>tourisme solidaire : int\u00e9gration de nouvelles communaut\u00e9s dans nos circuits<\/li>\n<\/ol>\n<p>Via le \u00ab Selva Viva \u00bb, alors transform\u00e9 en bateau-\u00e9cole ou bateau-recherche lors ou en dehors de ses activit\u00e9s de tourisme, le projet se focalise sur l\u2019apprentissage et l\u2019\u00e9change des savoirs dans ces quatre domaines. Il b\u00e9n\u00e9ficie \u00e0 quelques 300 000 individus r\u00e9partis sur la partie Nord de l\u2019Amazonie, de la Colombie au Br\u00e9sil en passant par l\u2019Equateur et le P\u00e9rou.<\/p>\n<p><strong>En participant aux croisi\u00e8res Latitud Sur, vous concourez directement au d\u00e9veloppement de ces projets.<\/strong><\/p>\n<p align=\"center\"><a href=\"\/voyage\/wp-content\/uploads\/sites\/3\/2015\/06\/bateaupt.jpg\"><img decoding=\"async\" src=\"\/voyage\/wp-content\/uploads\/sites\/3\/2015\/06\/bateaupt.jpg\" alt=\"bateaupt\" \/><\/a><\/p>\n<p>&nbsp;<\/p>\n<h3>Les Brigades M\u00e9dicales<\/h3>\n<p style=\"text-align: justify\">Ce programme vise \u00e0 contribuer \u00e0 l\u2019am\u00e9lioration des conditions de sant\u00e9 des populations en situation de vuln\u00e9rabilit\u00e9, en offrant un service de moyen terme en sant\u00e9 basique, dentaire et ophtalmologique. Des ateliers de sensibilisation \u00e0 l\u2019hygi\u00e8ne sont aussi organis\u00e9s. Ces brigades b\u00e9n\u00e9ficient aux communaut\u00e9s \u00e9tablies le long de fleuves de la r\u00e9gion amazonienne de Loreto au P\u00e9rou, soit plusieurs milliers d\u2019individus.<\/p>\n<p style=\"text-align: justify\">Ce programme, propos\u00e9 par Arutam et Latitud Sur, avec l\u2019appui de la Croix-Rouge et du Minist\u00e8re de la Sant\u00e9, est rendu n\u00e9cessaire par l\u2019\u00e9loignement de ces populations et les difficult\u00e9s d\u2019acc\u00e8s aux soins de sant\u00e9 du gouvernement.<\/p>\n<p>En cela, le Selva Viva permet plus facilement d\u2019aller \u00e0 leur rencontre (la navigation dans cette r\u00e9gion reste le moyen d\u2019acc\u00e8s le plus \u00e9vident). Ces Brigades, compos\u00e9es de m\u00e9decins volontaires, locaux et \u00e9trangers, permettent de r\u00e9aliser, au-del\u00e0 des campagnes de soin, un diagnostique g\u00e9n\u00e9ral de l\u2019\u00e9tat de sant\u00e9 des communaut\u00e9s b\u00e9n\u00e9ficiaires.<br \/>\n<a href=\"https:\/\/latitudsur.org\/voyage\/voyage\/voyagez\/tous-les-voyages\/humanitaire\/\">Pour plus de renseignements ou pour y participer\u2026<\/a><\/p>\n<p align=\"center\">\n<p style=\"text-align: center\">\n<h4>A la d\u00e9couverte de l&rsquo;exceptionnelle biodiversit\u00e9 aquatique amazonienne<\/h4>\n<p>Dans le cadre de ses sorties \u00e9co-solidaires, le Selva Viva permet \u00e0 des aquariophiles de d\u00e9couvrir l&rsquo;incroyable diversit\u00e9 ichtyologique du bassin amazonien.<\/p>\n<p align=\"center\">Voyez le reportage r\u00e9alis\u00e9 par notre partenaire Aquariomania: <\/p>\n<p>&nbsp;<\/p>\n<p align=\"center\"><a href=\"\/voyage\/wp-content\/uploads\/sites\/3\/2015\/06\/pt11.jpg\"><img decoding=\"async\" style=\"border: 7px solid #FFFFFF;width: 210px;height: 155px\" src=\"\/voyage\/wp-content\/uploads\/sites\/3\/2015\/06\/pt11.jpg\" alt=\"pt1\" \/><\/a> <a href=\"\/voyage\/wp-content\/uploads\/sites\/3\/2015\/06\/pt21.jpg\"><img decoding=\"async\" style=\"border: 7px solid #FFFFFF;width: 210px;height: 155px\" src=\"\/voyage\/wp-content\/uploads\/sites\/3\/2015\/06\/pt21.jpg\" alt=\"pt2\" \/><\/a> <a href=\"\/voyage\/wp-content\/uploads\/sites\/3\/2015\/06\/pt31.jpg\"><img decoding=\"async\" style=\"border: 7px solid #FFFFFF;width: 210px;height: 155px\" src=\"\/voyage\/wp-content\/uploads\/sites\/3\/2015\/06\/pt31.jpg\" alt=\"pt3\" \/><\/a><\/p>\n<p align=\"center\"><a href=\"http:\/\/arutam.free.fr\/\/Selvaviva.html\" target=\"_blank\"><strong>Banque Images Selva Viva<\/strong><\/a> &amp; <a href=\"https:\/\/www.facebook.com\/latitudsur.org\/photos_stream\" target=\"_blank\"><strong>Facebook Stock Photos<\/strong><\/a><\/p>\n<p><\/p>","protected":false},"excerpt":{"rendered":"<p>Le SELVA VIVA Le Selva Viva est un bateau con\u00e7u pour \u00eatre multi-usage car destin\u00e9 initialement \u00e0 servir en priorit\u00e9 les projets de d\u00e9veloppement, de notre organisation ou d\u2019autres. Il a \u00e9t\u00e9 depuis am\u00e9nag\u00e9 pour les croisi\u00e8res propos\u00e9es par Latitud<span class=\"ellipsis\">&hellip;<\/span><\/p>\n<div class=\"read-more\"><a href=\"https:\/\/latitudsur.org\/voyage\/fr\/bateau-selva-viva\/histoire-missions\/\">Lire la suite &#8250;<\/a><\/div>\n<p><!-- end of .read-more --><\/p>\n","protected":false},"author":1,"featured_media":0,"parent":71,"menu_order":0,"comment_status":"closed","ping_status":"closed","template":"template-page.php","meta":{"footnotes":""},"class_list":["post-94","page","type-page","status-publish","hentry"],"_links":{"self":[{"href":"https:\/\/latitudsur.org\/voyage\/fr\/wp-json\/wp\/v2\/pages\/94","targetHints":{"allow":["GET"]}}],"collection":[{"href":"https:\/\/latitudsur.org\/voyage\/fr\/wp-json\/wp\/v2\/pages"}],"about":[{"href":"https:\/\/latitudsur.org\/voyage\/fr\/wp-json\/wp\/v2\/types\/page"}],"author":[{"embeddable":true,"href":"https:\/\/latitudsur.org\/voyage\/fr\/wp-json\/wp\/v2\/users\/1"}],"replies":[{"embeddable":true,"href":"https:\/\/latitudsur.org\/voyage\/fr\/wp-json\/wp\/v2\/comments?post=94"}],"version-history":[{"count":0,"href":"https:\/\/latitudsur.org\/voyage\/fr\/wp-json\/wp\/v2\/pages\/94\/revisions"}],"up":[{"embeddable":true,"href":"https:\/\/latitudsur.org\/voyage\/fr\/wp-json\/wp\/v2\/pages\/71"}],"wp:attachment":[{"href":"https:\/\/latitudsur.org\/voyage\/fr\/wp-json\/wp\/v2\/media?parent=94"}],"curies":[{"name":"wp","href":"https:\/\/api.w.org\/{rel}","templated":true}]}}