{"id":139,"date":"2015-03-09T16:24:26","date_gmt":"2015-03-09T15:24:26","guid":{"rendered":"http:\/\/latitudsur.org\/voyage\/?page_id=139"},"modified":"2020-03-24T14:54:04","modified_gmt":"2020-03-24T13:54:04","slug":"croisiere-peche-nanay","status":"publish","type":"page","link":"https:\/\/latitudsur.org\/voyage\/voyagez\/perou\/croisiere-peche-nanay\/","title":{"rendered":"Circuit p\u00eache"},"content":{"rendered":"<p><a style=\"float:right\" href=\"..\/..\/..\/wp-content\/uploads\/sites\/3\/2015\/06\/accueil1.jpg\"><img loading=\"lazy\" class=\"size-medium wp-image-560\" src=\"..\/..\/..\/wp-content\/uploads\/sites\/3\/2015\/06\/accueil1-265x300.jpg\" alt=\"accueil\" width=\"300\" height=\"300\" \/><\/a><\/p>\n<h2 \/><img loading=\"lazy\" style=\"float:left\" src=\"http:\/\/latitudsur.org\/voyage\/wp-content\/uploads\/sites\/3\/2015\/06\/ptchaman.gif\" alt=\"ptchaman\" width=\"97\" height=\"97\" \/><br \/>P\u00eache sportive<\/h2>\n<p align=\"justify\">\n<span style=\"color: #1fa51c;font-size:16px;font-weight:bold\"><strong>Devis sur demande<\/span><br \/>\n<span style=\"color: #725F1F;font-weight:bold\"><\/span><\/p>\n<h4 align=\"justify\" style=\"color: #800000;font-weight:normal\">Embarquez sur le Selva Viva et partez \u00e0 la d\u00e9couverte de l&rsquo;Amazonie p\u00e9ruvienne et de sa faune piscicole parmi les plus riches de la plan\u00e8te.<\/h4>\n<\/p>\n<p align=\"justify\">Latitud Sur a con\u00e7u cette croisi\u00e8re sp\u00e9cialement pour vous, amateurs de p\u00eache sportive ou aficionados de  tucunar\u00e9s, arauanas, , piranhas, raies, t\u00e9tras, poissons chats (doncella, zungaro) et de bien d&rsquo;autres esp\u00e8ces encore\u2026<\/p>\n<p align=\"center\">\n<a href=\"..\/..\/..\/wp-content\/uploads\/sites\/3\/2015\/06\/pt1.jpg\"><img style=\"border:7px solid #FFFFFF;width:210px;height:155px\" src=\"..\/..\/..\/wp-content\/uploads\/sites\/3\/2015\/06\/pt1.jpg\" alt=\"pt1\" \/><\/a> <a href=\"..\/..\/..\/wp-content\/uploads\/sites\/3\/2015\/06\/pt24.jpg\"><img style=\"border:7px solid #FFFFFF;width:210px;height:155px\" src=\"..\/..\/..\/wp-content\/uploads\/sites\/3\/2015\/06\/pt24.jpg\" alt=\"pt2\" \/><\/a> <a href=\"..\/..\/..\/wp-content\/uploads\/sites\/3\/2015\/06\/pt3.jpg\"><img style=\"border:7px solid #FFFFFF;width:210px;height:155px\" src=\"..\/..\/..\/wp-content\/uploads\/sites\/3\/2015\/06\/pt3.jpg\" alt=\"pt3\" \/><\/a><\/p>\n<div class=\"responsive-tabs\">\n<h2 class=\"tabtitle\">Description du s\u00e9jour<\/h2>\n<div class=\"tabcontent\">\n\n<div>\n<p style=\"font-size:12px\">J1: R\u00e9ception \u00e0 l&rsquo;a\u00e9roport au plus tard \u00e0 midi et transfert sur le M\/F \u201cSelva Viva\u201d. D\u00e9part de la croisi\u00e8re avec la remont\u00e9e du fleuve Nanay. D\u00e9jeuner en terrasse durant la navigation, puis premi\u00e8re excursion en bateau annexe pour commencer la collecte de sp\u00e9cimens vari\u00e9s, dans les petits affluents et bras morts du fleuve. D\u00eener et nuit \u00e0 bord sur un site sauvage, pr\u00e8s du village de Llanchama.<\/p>\n<p style=\"font-size:12px\">    J2: Petit d\u00e9jeuner \u00e0 bord, et, pour ceux qui le souhaitent, visite du village de Llanchama, avec et possibilit\u00e9 de collecte de sp\u00e9cimens dans les petites rivi\u00e8res alentours. Reprise de la navigation pendant le d\u00e9jeuner puis entr\u00e9e dans la R\u00e9serve Nationale Allpahuayo-Mishana. Arriv\u00e9e au village de Mishana o\u00f9 les habitants nous ferons d\u00e9couvrir leur zone de p\u00eache les plus fructueuses. Diner et nuit \u00e0 bord.<\/p>\n<p style=\"font-size:12px\">    J3: Excursion en for\u00eat depuis Mishana accompagn\u00e9 d&rsquo;un guide local \u00e0 la d\u00e9couverte des colonies de singes et de la flore de la zone pour ceux qui le souhaitent. Retour sur le bateau pour le petit d\u00e9jeuner, et reprise de la navigation jusqu&rsquo;au village de Lagunas avec s\u00e9ance de collecte de sp\u00e9cimens dans sa magnifique lagune puis retour sur le bateau pour le diner. Exp\u00e9dition nocturne avec l&rsquo;annexe pour observer des ca\u00efmans et leurs yeux rouges luisant dans la p\u00e9nombre. Nuit aux abords du village.<\/p>\n<p style=\"font-size:12px\">    J4: Petit d\u00e9jeuner \u00e0 bord puis marche en for\u00eat d&rsquo;un peu plus d&rsquo;une heure depuis Lagunas, pour rejoindre un autre village : Samito. D\u00e9couverte de l&rsquo;artisanat, puis retour au bateau pour le d\u00e9jeuner. l&rsquo;apr\u00e8s-midi sera consacr\u00e9e \u00e0 la collecte de sp\u00e9cimens vari\u00e9s, dans les bras morts et lacs alentours. Possibilit\u00e9 d&rsquo;une seconde marche nocturne dans les jardins \u00e0 la recherche des tarentules. Diner et nuit \u00e0 bord.<\/p>\n<p style=\"font-size:12px\">    J5: Petit-d\u00e9jeuner \u00e0 bord pendant la descente du Nanay. Nous ferons quelques haltes pendant la navigation pour de nouvelles s\u00e9ances de p\u00eache sportive cette fois, \u00e0 la recherche de gros sp\u00e9cimens (notamment des tucunar\u00e9s et poissons chats pesant jusqu&rsquo;\u00e0 30 kgs !). Il faudra batailler dur pour sortir ces pi\u00e8ces impressionnantes, par leur taille d&rsquo;une part, mais aussi par leur puissance de combat. Diner et nuit \u00e0 bord.<\/p>\n<p style=\"font-size:12px\">    J6: Petit d\u00e9jeuner \u00e0 bord et fin du parcours sur le Nanay jusqu&rsquo;\u00e0 l&rsquo;arriv\u00e9e \u00e0 Iquitos pr\u00e9vue aux alentours de 10 heures. Il sera donc temps de quitter le bateau et de partir visiter les installations de Raul Yalan pour y d\u00e9poser vos prises. Vous d\u00e9couvrirez ses bassins, aquariums et les nombreux poissons tropicaux. Vous mettrez en place l&rsquo;exportation du fruit de vos p\u00eaches et collectes, sachant que les sp\u00e9cimens collect\u00e9s devront rest\u00e9s en quarantaine un minimum de 2 semaines et obtenir l&rsquo;autorisation officielle de sortie du territoire ainsi que le certificat sanitaire, indispensable pour leur entr\u00e9e en Union Europ\u00e9enne. Une fois les d\u00e9tails r\u00e9gl\u00e9s, transfert \u00e0 l&rsquo;a\u00e9roport.<\/p>\n<p style=\"font-size:12px\">Le programme sera adapt\u00e9 \u00e0 la saison et aux conditions de navigation et pourra s&rsquo;adapter \u00e0 vos centres d&rsquo;int\u00e9r\u00eats particuliers. Il faut \u00e9viter Mars-Avril pour le Nanay : p\u00e9riode des hautes eaux rendant difficile la collecte de poissons ornementaux et la p\u00eache sportive.<\/p>\n<\/div>\n<p>\n<\/div><h2 class=\"tabtitle\">Infos P\u00eache<\/h2>\n<div class=\"tabcontent\">\n<br \/>\n<strong>La p\u00eache sportive, un atout pour les Indiens<\/strong><\/p>\n<p>Les indiens ont \u00e0 lutter contre le pillage de leurs ressources piscicoles, g\u00e9n\u00e9ralement organis\u00e9 depuis Iquitos et se faisant clandestinement la nuit \u00e0 la dynamite dans les lagunes ou au filet dans les rivi\u00e8res. Ils cherchent \u00e0 prot\u00e9ger leurs territoires et votre venue les aident \u00e0 valoriser la biodiversit\u00e9 et \u00e0 am\u00e9liorer la gestion de leur territoire.<br \/>\n<strong><br \/>\nT\u00e9moignage : <\/strong>\u00ab Les gros tucunar\u00e9s sont souvent au fond des lagunes dont ils se sont appropri\u00e9 le territoire (comme tous les cichlid\u00e9s, il est extr\u00eamement territorial). C&rsquo;est assez bizarre d&rsquo;ailleurs vous arrivez dans une lagune aux eaux noires et vous sentez bien que vous \u00eates sur le territoire d&rsquo;un monstre. Quelques minutes plus tard une gerbe d&rsquo;eau suivie d&rsquo;un \u00e9norme splash vous confirme sa pr\u00e9sence \u2026. Vous vous demandez ce que c&rsquo;est, genre ca\u00efman qui vient de sauter \u00e0 l&rsquo;eau, le guide vous r\u00e9pond en souriant que c&rsquo;est un gros peacock en chasse \u00bb<\/p>\n<p style=\"font-size:12px\"><a href=\"http:\/\/latitudsur.org\/voyage\/wp-content\/uploads\/sites\/3\/2015\/06\/Poisson-chat1.jpg\"><img loading=\"lazy\" src=\"http:\/\/latitudsur.org\/voyage\/wp-content\/uploads\/sites\/3\/2015\/06\/Poisson-chat1-300x144.jpg\" alt=\"Poisson-chat1\" width=\"300\" height=\"144\" class=\"aligncenter size-medium wp-image-584\" srcset=\"https:\/\/latitudsur.org\/voyage\/wp-content\/uploads\/sites\/3\/2015\/06\/Poisson-chat1-300x144.jpg 300w, https:\/\/latitudsur.org\/voyage\/wp-content\/uploads\/sites\/3\/2015\/06\/Poisson-chat1-100x48.jpg 100w, https:\/\/latitudsur.org\/voyage\/wp-content\/uploads\/sites\/3\/2015\/06\/Poisson-chat1-150x72.jpg 150w, https:\/\/latitudsur.org\/voyage\/wp-content\/uploads\/sites\/3\/2015\/06\/Poisson-chat1-200x96.jpg 200w, https:\/\/latitudsur.org\/voyage\/wp-content\/uploads\/sites\/3\/2015\/06\/Poisson-chat1.jpg 324w\" sizes=\"(max-width: 300px) 100vw, 300px\" \/><\/a><\/p>\n<p style=\"font-size:12px\"><a href=\"http:\/\/latitudsur.org\/voyage\/wp-content\/uploads\/sites\/3\/2015\/06\/Tucunare.jpg\"><img loading=\"lazy\" src=\"http:\/\/latitudsur.org\/voyage\/wp-content\/uploads\/sites\/3\/2015\/06\/Tucunare-300x140.jpg\" alt=\"Tucunare\" width=\"300\" height=\"140\" class=\"aligncenter size-medium wp-image-590\" srcset=\"https:\/\/latitudsur.org\/voyage\/wp-content\/uploads\/sites\/3\/2015\/06\/Tucunare-300x140.jpg 300w, https:\/\/latitudsur.org\/voyage\/wp-content\/uploads\/sites\/3\/2015\/06\/Tucunare-100x47.jpg 100w, https:\/\/latitudsur.org\/voyage\/wp-content\/uploads\/sites\/3\/2015\/06\/Tucunare-150x70.jpg 150w, https:\/\/latitudsur.org\/voyage\/wp-content\/uploads\/sites\/3\/2015\/06\/Tucunare-200x93.jpg 200w, https:\/\/latitudsur.org\/voyage\/wp-content\/uploads\/sites\/3\/2015\/06\/Tucunare.jpg 328w\" sizes=\"(max-width: 300px) 100vw, 300px\" \/><\/a><\/p>\n<p style=\"font-size:12px\"><a href=\"http:\/\/latitudsur.org\/voyage\/wp-content\/uploads\/sites\/3\/2015\/06\/Tiger_sorubim.jpg\"><img loading=\"lazy\" src=\"http:\/\/latitudsur.org\/voyage\/wp-content\/uploads\/sites\/3\/2015\/06\/Tiger_sorubim-300x113.jpg\" alt=\"Tiger_sorubim\" width=\"300\" height=\"113\" class=\"aligncenter size-medium wp-image-588\" srcset=\"https:\/\/latitudsur.org\/voyage\/wp-content\/uploads\/sites\/3\/2015\/06\/Tiger_sorubim-300x113.jpg 300w, https:\/\/latitudsur.org\/voyage\/wp-content\/uploads\/sites\/3\/2015\/06\/Tiger_sorubim-100x38.jpg 100w, https:\/\/latitudsur.org\/voyage\/wp-content\/uploads\/sites\/3\/2015\/06\/Tiger_sorubim-150x57.jpg 150w, https:\/\/latitudsur.org\/voyage\/wp-content\/uploads\/sites\/3\/2015\/06\/Tiger_sorubim-200x75.jpg 200w, https:\/\/latitudsur.org\/voyage\/wp-content\/uploads\/sites\/3\/2015\/06\/Tiger_sorubim.jpg 366w\" sizes=\"(max-width: 300px) 100vw, 300px\" \/><\/a><\/p>\n<p style=\"font-size:12px\"><a href=\"http:\/\/latitudsur.org\/voyage\/wp-content\/uploads\/sites\/3\/2015\/06\/Zungaro.jpg\"><img loading=\"lazy\" src=\"http:\/\/latitudsur.org\/voyage\/wp-content\/uploads\/sites\/3\/2015\/06\/Zungaro-300x112.jpg\" alt=\"Zungaro\" width=\"300\" height=\"112\" class=\"aligncenter size-medium wp-image-591\" srcset=\"https:\/\/latitudsur.org\/voyage\/wp-content\/uploads\/sites\/3\/2015\/06\/Zungaro-300x112.jpg 300w, https:\/\/latitudsur.org\/voyage\/wp-content\/uploads\/sites\/3\/2015\/06\/Zungaro-100x37.jpg 100w, https:\/\/latitudsur.org\/voyage\/wp-content\/uploads\/sites\/3\/2015\/06\/Zungaro-150x56.jpg 150w, https:\/\/latitudsur.org\/voyage\/wp-content\/uploads\/sites\/3\/2015\/06\/Zungaro-200x74.jpg 200w, https:\/\/latitudsur.org\/voyage\/wp-content\/uploads\/sites\/3\/2015\/06\/Zungaro.jpg 368w\" sizes=\"(max-width: 300px) 100vw, 300px\" \/><\/a><\/p>\n<p>\n<\/div><h2 class=\"tabtitle\">Les + du voyage<\/h2>\n<div class=\"tabcontent\">\n<br \/>\nLes diff\u00e9rents fleuves (notamment le mythique fleuve Amazone et sa d\u00e9mesure) sur lesquels vous naviguerez vous offriront ses eaux poissonneuses aux couleurs disparates.<\/p>\n<p>Selon les poissons que vous cherchez \u00e0 p\u00eacher, nous saurons vous orienter vers les meilleurs fleuves. Vous serez accompagn\u00e9 en permanence par un guide fran\u00e7ais\/anglophone avec qui vous d\u00e9ciderez des activit\u00e9s vous int\u00e9ressant le plus, en adaptant le programme \u00e0 vos d\u00e9sirs.<\/p>\n<p>Cette croisi\u00e8re \u00e9tant organis\u00e9e par l&rsquo;ONG Franco-P\u00e9ruvienne Latitud Sur, <strong>tous les b\u00e9n\u00e9fices de ce voyage serviront \u00e0 la mise en place ou \u00e0 la p\u00e9rennisation de projets de d\u00e9veloppement<\/strong> dans des communaut\u00e9s rurales de la r\u00e9gion Loreto, projets dont vous prendrez connaissance pendant votre s\u00e9jour.<\/p>\n<p>Au-del\u00e0 de la p\u00eache, vous aurez, au fil de l&rsquo;eau, le temps de d\u00e9couvrir la jungle tropicale \u00e0 l&rsquo;impressionnante v\u00e9g\u00e9tation luxuriante et ses habitants vivant entre tradition et modernit\u00e9, toujours partants pour vous faire partager leurs activit\u00e9s et vous dispenser leurs bons conseils, en p\u00eacheurs avis\u00e9s.<\/p>\n<h4><a href=\"..\/..\/..\/wp-content\/uploads\/sites\/3\/2015\/03\/lista_pescado.pdf\"><img class=\"size-full wp-image-783\" src=\"..\/..\/..\/wp-content\/uploads\/sites\/2\/2015\/06\/pdf.jpg\" alt=\"pdf\" style=\"width:32px;height:32px\" \/><\/a>  Poissons du P\u00e9rou<\/h4>\n<h4><a href=\"..\/..\/..\/wp-content\/uploads\/sites\/2\/2015\/08\/ornamental_list.pdf\"><img class=\"size-full wp-image-783\" src=\"..\/..\/..\/wp-content\/uploads\/sites\/2\/2015\/06\/pdf.jpg\" alt=\"pdf\" style=\"width:32px;height:32px\" \/><\/a>  Poissons ornementaux du P\u00e9rou<\/h4>\n\n<\/div><h2 class=\"tabtitle\">Budget<\/h2>\n<div class=\"tabcontent\">\n\n<p style=\"font-size:12px\">Les tarifs sont d\u00e9gressifs selon le nombre de participants: \u00e0 vous de convaincre vos amis aquariophiles ou simplement voyageurs\u2026<br \/>\nSi vous n&rsquo;arrivez pas \u00e0 atteindre le nombre de 4 participants, contactez-nous : nous vous aviserons des \u00e9ventuelles sorties confirm\u00e9es sur lesquelles nous pourrions vous accueillir.<br \/>\n<strong>Tarifs par personne en pension compl\u00e8te:<\/strong><\/p>\n<p style=\"font-size:12px\">    D\u00e9part assur\u00e9 si 4 passagers (aux dates de votre choix)<\/p>\n<p style=\"font-size:12px\">    1500 U$D sur la base de 4 passagers<\/p>\n<p style=\"font-size:12px\">    Remise progressive si vous formez un groupe sup\u00e9rieur \u00e0 4 passagers<\/p>\n<p style=\"font-size:12px\">    Capacit\u00e9 maximale du bateau pour ce voyage : 10 passagers<\/p>\n<p style=\"font-size:12px\"><strong>Ces tarifs n&rsquo;incluent pas:<\/strong><\/p>\n<p style=\"font-size:12px\">    Les vols internationaux et nationaux<\/p>\n<p style=\"font-size:12px\">    H\u00f4tel, transferts a\u00e9roport et repas \u00e0 Lima \u00e0 l&rsquo;aller et au retour<\/p>\n<p style=\"font-size:12px\">    Les boissons alcoolis\u00e9es et les sodas \u00e0 bord<\/p>\n<p style=\"font-size:12px\">    Les achats personnels comme l&rsquo;artisanat et pourboires \u00e9ventuels<\/p>\n<p style=\"font-size:12px\">    Les frais d&rsquo;exportation des sp\u00e9cimens<\/p>\n\n<\/div><h2 class=\"tabtitle\">R\u00e9servation et inscription<\/h2>\n<div class=\"tabcontent\">\n\n<p style=\"font-size:12px\">Les \u00e9tapes d&rsquo;inscription sont les suivantes :<br \/>\n    1) Formulaire avec vos coordonn\u00e9es<br \/>\n    2) E-mail de confirmation par Latitud Sur de la disponibilit\u00e9<br \/>\n    3) Paiement de l&rsquo;acompte<br \/>\n    4) E-mail de confirmation par Latitud Sur du paiement de l&rsquo;acompte.<\/p>\n<p style=\"font-size:12px\">   <strong> A l\u2019issue de ces 4 \u00e9tapes vous voil\u00e0 inscrit !<\/strong><\/p>\n<p>    Suivent quelques d\u00e9marches simples pour compl\u00e9ter votre dossier et vous permettre d\u2019obtenir toutes les informations n\u00e9cessaires \u00e0 une bonne pr\u00e9paration de votre voyage:<br \/>\n    &#8211; Conseils pour l&rsquo;achats des billets d&rsquo;avion.<br \/>\n    &#8211; Pr\u00e9paration au voyage: envoi de la feuille de route pour rejoindre Iquitos et le bateau<br \/>\n&#8211; Nos fiches-conseils<\/p>\n<p style=\"font-size:12px\">    5) Puis 30 jours avant le voyage: Paiement du solde.<\/p>\n<p><div id=\"usermessage5a\" class=\"cf_info \"><\/div><form enctype=\"multipart\/form-data\" action=\"\/voyage\/wp-json\/wp\/v2\/pages\/139#usermessage5a\" method=\"post\" class=\"cform reservation-fr \" id=\"cforms5form\"><fieldset class=\"cf-fs1\" style=\"\"><legend>Mes coordonn\u00e9es<\/legend><ol class=\"cf-ol\"><li id=\"li-5-2\" class=\"\"><label id=\"label-5-2\" for=\"cf5_field_2\"><span>Pr\u00e9nom<\/span><\/label><input type=\"text\" name=\"cf5_field_2\" id=\"cf5_field_2\" class=\"single\" value=\"\" title=\"\"\/><\/li><li id=\"li-5-3\" class=\"\"><label id=\"label-5-3\" for=\"cf5_field_3\"><span>Nom<\/span><\/label><input type=\"text\" name=\"cf5_field_3\" id=\"cf5_field_3\" class=\"single fldrequired\" value=\"\" onfocus=\"clearField(this)\" onblur=\"setField(this)\" title=\"\"\/><span class=\"reqtxt\">(requis)<\/span><\/li><li id=\"li-5-4\" class=\"\"><label id=\"label-5-4\" for=\"cf5_field_4\"><span>Adresse<\/span><\/label><textarea cols=\"30\" rows=\"8\" name=\"cf5_field_4\" id=\"cf5_field_4\" class=\"area\" title=\"\"><\/textarea><\/li><li id=\"li-5-5\" class=\"\"><label id=\"label-5-5\" for=\"cf5_field_5\"><span>Code Postal<\/span><\/label><input type=\"text\" name=\"cf5_field_5\" id=\"cf5_field_5\" class=\"single\" value=\"\" title=\"\"\/><\/li><li id=\"li-5-6\" class=\"\"><label id=\"label-5-6\" for=\"cf5_field_6\"><span>Ville<\/span><\/label><input type=\"text\" name=\"cf5_field_6\" id=\"cf5_field_6\" class=\"single\" value=\"\" title=\"\"\/><\/li><li id=\"li-5-7\" class=\"\"><label id=\"label-5-7\" for=\"cf5_field_7\"><span>Pays<\/span><\/label><input type=\"text\" name=\"cf5_field_7\" id=\"cf5_field_7\" class=\"single\" value=\"\" title=\"\"\/><\/li><li id=\"li-5-8\" class=\"\"><label id=\"label-5-8\" for=\"cf5_field_8\"><span>Courriel<\/span><\/label><input type=\"text\" name=\"cf5_field_8\" id=\"cf5_field_8\" class=\"single fldemail fldrequired\" value=\"\" title=\"\"\/><span class=\"emailreqtxt\">(courriel valide requis)<\/span><\/li><li id=\"li-5-9\" class=\"\"><label id=\"label-5-9\" for=\"cf5_field_9\"><span>T\u00e9l\u00e9phone<\/span><\/label><input type=\"text\" name=\"cf5_field_9\" id=\"cf5_field_9\" class=\"single fldrequired\" value=\"\" title=\"\"\/><span class=\"reqtxt\">(requis)<\/span><\/li><li id=\"li-5-10\" class=\"\"><label id=\"label-5-10\" for=\"cf5_field_10\"><span>Date de naissance<\/span><\/label><input required=\"required\"  type=\"date\" name=\"cf5_field_10\" id=\"cf5_field_10\" class=\" fldrequired\" value=\"\" title=\"\"\/><span class=\"reqtxt\">(requis)<\/span><\/li><li id=\"li-5-11\" class=\"\"><label id=\"label-5-11\" for=\"cf5_field_11\"><span>N\u00b0 Passeport<\/span><\/label><input type=\"text\" name=\"cf5_field_11\" id=\"cf5_field_11\" class=\"single\" value=\"\" title=\"\"\/><\/li><li id=\"li-5-12\" class=\"\"><label id=\"label-5-12\" for=\"cf5_field_12\"><span>Date de validit\u00e9<\/span><\/label><input  type=\"date\" name=\"cf5_field_12\" id=\"cf5_field_12\" class=\"\" value=\"\" title=\"\"\/><\/li><\/ol><\/fieldset><fieldset class=\"cf-fs2\" style=\"\"><legend>Mes informations<\/legend><ol class=\"cf-ol\"><li id=\"li-5-15\" class=\"\"><label id=\"label-5-15\" for=\"cf5_field_15\"><span>Mes dates \/ Question<\/span><\/label><textarea cols=\"30\" rows=\"8\" name=\"cf5_field_15\" id=\"cf5_field_15\" class=\"area\" title=\"\"><\/textarea><\/li><\/ol><\/fieldset><fieldset class=\"cf-fs3\" style=\"\"><legend>S\u00e9curit\u00e9<\/legend><ol class=\"cf-ol\"><li id=\"li-5-18\" class=\"\"><label for=\"cf5_field_18\" class=\"secq\"><span>3+8 ?<\/span><\/label><input type=\"text\" name=\"cforms2_question_and_answer\" id=\"cf5_field_18\" class=\"secinput fldrequired \" title=\"\"\/><input type=\"hidden\" name=\"cforms2_question_and_answer\/hint\" value=\"0\"\/><\/li><\/ol><\/fieldset><fieldset class=\"cf_hidden\"><legend>&nbsp;<\/legend><input type=\"hidden\" name=\"cf_working5\" id=\"cf_working5\" value=\"<span>One moment please...<\/span>\"\/><input type=\"hidden\" name=\"cf_failure5\" id=\"cf_failure5\" value=\"<span>Please fill in all the required fields.<\/span>\"\/><input type=\"hidden\" name=\"cf_customerr5\" id=\"cf_customerr5\" value=\"y\"\/><\/fieldset><p class=\"cf-sb\"><input type=\"submit\" name=\"sendbutton5\" id=\"sendbutton5\" class=\"sendbutton\" value=\"Envoyer\" \/><\/p><\/form><br \/>\n<\/div><\/div><\/p>","protected":false},"excerpt":{"rendered":"<p>P\u00eache sportive Devis sur demande Embarquez sur le Selva Viva et partez \u00e0 la d\u00e9couverte de l&rsquo;Amazonie p\u00e9ruvienne et de sa faune piscicole parmi les plus riches de la plan\u00e8te. Latitud Sur a con\u00e7u cette croisi\u00e8re sp\u00e9cialement pour vous, amateurs<span class=\"ellipsis\">&hellip;<\/span><\/p>\n<div class=\"read-more\"><a href=\"https:\/\/latitudsur.org\/voyage\/voyagez\/perou\/croisiere-peche-nanay\/\">Lire la suite &#8250;<\/a><\/div>\n<p><!-- end of .read-more --><\/p>\n","protected":false},"author":1,"featured_media":0,"parent":74,"menu_order":0,"comment_status":"open","ping_status":"open","template":"template-page.php","meta":[],"_links":{"self":[{"href":"https:\/\/latitudsur.org\/voyage\/wp-json\/wp\/v2\/pages\/139"}],"collection":[{"href":"https:\/\/latitudsur.org\/voyage\/wp-json\/wp\/v2\/pages"}],"about":[{"href":"https:\/\/latitudsur.org\/voyage\/wp-json\/wp\/v2\/types\/page"}],"author":[{"embeddable":true,"href":"https:\/\/latitudsur.org\/voyage\/wp-json\/wp\/v2\/users\/1"}],"replies":[{"embeddable":true,"href":"https:\/\/latitudsur.org\/voyage\/wp-json\/wp\/v2\/comments?post=139"}],"version-history":[{"count":13,"href":"https:\/\/latitudsur.org\/voyage\/wp-json\/wp\/v2\/pages\/139\/revisions"}],"predecessor-version":[{"id":2642,"href":"https:\/\/latitudsur.org\/voyage\/wp-json\/wp\/v2\/pages\/139\/revisions\/2642"}],"up":[{"embeddable":true,"href":"https:\/\/latitudsur.org\/voyage\/wp-json\/wp\/v2\/pages\/74"}],"wp:attachment":[{"href":"https:\/\/latitudsur.org\/voyage\/wp-json\/wp\/v2\/media?parent=139"}],"curies":[{"name":"wp","href":"https:\/\/api.w.org\/{rel}","templated":true}]}}