{"id":151,"date":"2015-03-09T16:36:36","date_gmt":"2015-03-09T15:36:36","guid":{"rendered":"http:\/\/latitudsur.org\/voyage\/?page_id=151"},"modified":"2017-07-24T21:54:14","modified_gmt":"2017-07-24T20:54:14","slug":"croisiere","status":"publish","type":"page","link":"https:\/\/latitudsur.org\/voyage\/voyagez\/tous-les-voyages\/croisiere\/","title":{"rendered":"Croisi\u00e8res"},"content":{"rendered":"<p><\/p>\n<table style=\"width: 695px;height: 171px\" border=\"0\" bgcolor=\"#ffffff\">\n<tbody>\n<tr>\n<td style=\"padding: 0;vertical-align: middle\"><a href=\"\/..\/..\/..\/wp-content\/uploads\/sites\/3\/2015\/06\/01PSA.jpg\"><img loading=\"lazy\" class=\"aligncenter size-full wp-image-672\" src=\"\/..\/..\/..\/wp-content\/uploads\/sites\/3\/2015\/06\/01PSA.jpg\" alt=\"09ESS\" width=\"150\" height=\"113\" \/><\/a><\/td>\n<td style=\"padding: 5px;vertical-align: middle\"><span style=\"font-size: 16px;color: #000000\"><strong>Croisi\u00e8re Pacaya Samiria<\/strong><\/span><br \/>\n<span style=\"font-size: 16px;color: #009900\"><strong>2500 $ TTC<\/strong> &#8211; 10 jours \/ 9 nuits<\/span><br \/>\nD\u00e9couvrez la plus belle r\u00e9serve naturelle du P\u00e9rou au fil de l&rsquo;eau ! Une immersion exceptionnelle au c\u0153ur de la for\u00eat amazonienne&#8230; Le Selva Viva est un bateau \u00e9cologique qui sillonne l&rsquo;Amazonie pour pr\u00e9server la biodiversit\u00e9 de la for\u00eat p\u00e9ruvienne.<br \/>\n<a href=\"..\/..\/perou\/croisiere-pacaya-samiria\"><span class=\"go-detail\">Voyage suspendu !<\/span><\/a><\/td>\n<\/tr>\n<\/tbody>\n<\/table>\n<table style=\"width: 695px;height: 171px\" border=\"0\" bgcolor=\"#ffffff\">\n<tbody>\n<tr>\n<td style=\"padding: 0;vertical-align: middle\"><a href=\"\/..\/..\/..\/wp-content\/uploads\/sites\/3\/2015\/06\/02PCU.jpg\"><img loading=\"lazy\" class=\"aligncenter size-full wp-image-672\" src=\"\/..\/..\/..\/wp-content\/uploads\/sites\/3\/2015\/06\/02PCU.jpg\" alt=\"09ESS\" width=\"150\" height=\"113\" \/><\/a><\/td>\n<td style=\"padding: 5px;vertical-align: middle\"><span style=\"font-size: 16px;color: #000000\"><strong>Croisi\u00e8re Tapiche<\/strong><\/span><br \/>\n<span style=\"font-size: 16px;color: #009900\"><strong>2990 $ TTC<\/strong> &#8211; 12 jours \/ 11 nuits<\/span><br \/>\nUne croisi\u00e8re sur l&rsquo;un des fleuves les plus sauvages d\u2019Amazonie p\u00e9ruvienne, \u00e0 bord du Selva Viva, un bateau traditionnel en bois qui sillonne l\u2019Amazonie pour pr\u00e9server la biodiversit\u00e9. Une exp\u00e9dition unique dans une zone o\u00f9 aucun op\u00e9rateur touristique ne voyage de mani\u00e8re r\u00e9guli\u00e8re !<br \/>\n<a href=\"..\/..\/perou\/croisiere-curaray\"><span class=\"go-detail\">Voyage suspendu !<\/span><\/a><\/td>\n<\/tr>\n<\/tbody>\n<\/table>\n<table style=\"width: 695px;height: 171px\" border=\"0\" bgcolor=\"#ffffff\">\n<tbody>\n<tr>\n<td style=\"padding: 0;vertical-align: middle\"><a href=\"\/..\/..\/..\/wp-content\/uploads\/sites\/3\/2015\/06\/10PHU.jpg\"><img loading=\"lazy\" class=\"aligncenter size-full wp-image-672\" src=\"\/..\/..\/..\/wp-content\/uploads\/sites\/3\/2015\/06\/10PHU.jpg\" alt=\"09ESS\" width=\"150\" height=\"113\" \/><\/a><\/td>\n<td style=\"padding: 5px;vertical-align: middle\"><span style=\"font-size: 16px;color: #000000\"><strong>Croisi\u00e8re Amazonie &amp; Cuzco<\/strong><\/span><br \/>\n<span style=\"font-size: 16px;color: #009900\"><strong>2990 US$ TTC<\/strong> &#8211; 15 jours \/ 14 nuits dont 7 jours de croisi\u00e8re<\/span><br \/>\nCombinez la magie des sites andins de la r\u00e9gion de Cuzco et une croisi\u00e8re sur l&rsquo;inoubliable Amazone \u00e0 proximit\u00e9 d&rsquo;Iquitos !<br \/>\n<a href=\"..\/..\/perou\/croisiere-amazonie-cuzco\"><span class=\"go-detail\">Voyage suspendu !<\/span><\/a><\/td>\n<\/tr>\n<\/tbody>\n<\/table>\n<table style=\"width: 695px;height: 171px\" border=\"0\" bgcolor=\"#ffffff\">\n<tbody>\n<tr>\n<td style=\"padding: 0;vertical-align: middle\"><a href=\"\/..\/..\/..\/wp-content\/uploads\/sites\/3\/2015\/06\/05PME.jpg\"><img loading=\"lazy\" class=\"aligncenter size-full wp-image-672\" src=\"\/..\/..\/..\/wp-content\/uploads\/sites\/3\/2015\/06\/05PME.jpg\" alt=\"09ESS\" width=\"150\" height=\"113\" \/><\/a><\/td>\n<td style=\"padding: 5px;vertical-align: middle\"><span style=\"font-size: 16px;color: #000000\"><strong>Croisi\u00e8re sur mesure<\/strong><\/span><br \/>\n<span style=\"font-size: 16px;color: #009900\"><strong>Conditions \u00e0 la carte !<\/strong><\/span><br \/>\nComposez votre voyage \u00e0 la carte au milieux des plus belles r\u00e9serves naturelles amazoniennes au fil de l&rsquo;eau ! Une immersion exceptionnelle \u00e0 bord du Selva Viva, notre bateau \u00e9cologique qui sillonne l&rsquo;Amazonie pour pr\u00e9server la biodiversit\u00e9 de la for\u00eat p\u00e9ruvienne.<br \/>\n<a href=\"..\/..\/perou\/sejours-sur-mesure\"><span class=\"go-detail\">Voyage suspendu !<\/span><\/a><\/td>\n<\/tr>\n<\/tbody>\n<\/table>\n<table style=\"width: 695px;height: 171px\" border=\"0\" bgcolor=\"#ffffff\">\n<tbody>\n<tr>\n<td style=\"padding: 0;vertical-align: middle\"><a href=\"\/..\/..\/..\/wp-content\/uploads\/sites\/3\/2015\/06\/06PCI.jpg\"><img loading=\"lazy\" class=\"aligncenter size-full wp-image-672\" src=\"\/..\/..\/..\/wp-content\/uploads\/sites\/3\/2015\/06\/06PCI.jpg\" alt=\"09ESS\" width=\"150\" height=\"113\" \/><\/a><\/td>\n<td style=\"padding: 5px;vertical-align: middle\"><span style=\"font-size: 16px;color: #000000\"><strong>Croisi\u00e8re Immersion chamanique<\/strong><\/span><br \/>\n<span style=\"font-size: 16px;color: #009900\"><strong>3215 $ TTC<\/strong> &#8211; 16 jours \/ 15 nuits dont 11 jours de croisi\u00e8re<\/span><br \/>\nNaviguez sur les fleuves les plus sauvages de l\u2019Amazonie p\u00e9ruvienne, \u00e0 la rencontre des communaut\u00e9s riveraines. Les c\u00e9r\u00e9monies, men\u00e9es par le chaman qui nous accompagne, ont lieu soit sur le bateau soit sur les rives du fleuve, voire dans certaines communaut\u00e9s autochtones.<br \/>\n<a href=\"..\/..\/perou\/croisiere-chamanique\"><span class=\"go-detail\">Voyage suspendu !<\/span><\/a><\/td>\n<\/tr>\n<\/tbody>\n<\/table>\n<table style=\"width: 695px;height: 171px\" border=\"0\" bgcolor=\"#ffffff\">\n<tbody>\n<tr>\n<td style=\"padding: 0;vertical-align: middle\"><a href=\"\/..\/..\/..\/wp-content\/uploads\/sites\/3\/2015\/06\/07PAC.jpg\"><img loading=\"lazy\" class=\"aligncenter size-full wp-image-672\" src=\"\/..\/..\/..\/wp-content\/uploads\/sites\/3\/2015\/06\/07PAC.jpg\" alt=\"09ESS\" width=\"150\" height=\"113\" \/><\/a><\/td>\n<td style=\"padding: 5px;vertical-align: middle\"><span style=\"font-size: 16px;color: #000000\"><strong>Croisi\u00e8re Aquariophiles sur le fleuve Napo<\/strong><\/span><br \/>\n<span style=\"font-size: 16px;color: #009900\"><strong>2990 $ TTC<\/strong> &#8211; 12 jours \/ 11 nuits (base: 4 pers.)<\/span><br \/>\nEmbarquez sur le Selva Viva et partez \u00e0 la d\u00e9couverte de l&rsquo;Amazonie p\u00e9ruvienne et de sa faune piscicole parmi les plus riches de la plan\u00e8te. Latitud Sur a con\u00e7u cette croisi\u00e8re sp\u00e9cialement pour vous, aficionados de cichlides, piranhas, raies, t\u00e9tras, poissons chats et de bien d&rsquo;autres esp\u00e8ces.<br \/>\n<a href=\"..\/..\/perou\/croisiere-aquariophiles-napo\"><span class=\"go-detail\">Voyage suspendu !<\/span><\/a><\/td>\n<\/tr>\n<\/tbody>\n<\/table>\n<table style=\"width: 695px;height: 171px\" border=\"0\" bgcolor=\"#ffffff\">\n<tbody>\n<tr>\n<td style=\"padding: 0;vertical-align: middle\"><a href=\"\/..\/..\/..\/wp-content\/uploads\/sites\/3\/2015\/06\/08PAN.jpg\"><img loading=\"lazy\" class=\"aligncenter size-full wp-image-672\" src=\"\/..\/..\/..\/wp-content\/uploads\/sites\/3\/2015\/06\/08PAN.jpg\" alt=\"09ESS\" width=\"150\" height=\"113\" \/><\/a><\/td>\n<td style=\"padding: 5px;vertical-align: middle\"><span style=\"font-size: 16px;color: #000000\"><strong>Croisi\u00e8re P\u00eache sur le fleuve Nanay<\/strong><\/span><br \/>\n<span style=\"font-size: 16px;color: #009900\"><strong>1500 $ TTC<\/strong> &#8211; 6 jours \/ 5 nuits (base: 4 pers.)<\/span><br \/>\nEmbarquez sur le Selva Viva et partez \u00e0 la d\u00e9couverte de l&rsquo;Amazonie p\u00e9ruvienne et de sa faune piscicole parmi les plus riches de la plan\u00e8te. Latitud Sur a con\u00e7u cette croisi\u00e8re sp\u00e9cialement pour vous, aficionados de cichlides, piranhas, raies, t\u00e9tras, poissons chats et de bien d&rsquo;autres esp\u00e8ces.<br \/>\n<a href=\"..\/..\/perou\/croisiere-peche-nanay\"><span class=\"go-detail\">Voyage suspendu !<\/span><\/a><\/td>\n<\/tr>\n<\/tbody>\n<\/table>\n<p><\/p>","protected":false},"excerpt":{"rendered":"<p>Croisi\u00e8re Pacaya Samiria 2500 $ TTC &#8211; 10 jours \/ 9 nuits D\u00e9couvrez la plus belle r\u00e9serve naturelle du P\u00e9rou au fil de l&rsquo;eau ! Une immersion exceptionnelle au c\u0153ur de la for\u00eat amazonienne&#8230; Le Selva Viva est un bateau<span class=\"ellipsis\">&hellip;<\/span><\/p>\n<div class=\"read-more\"><a href=\"https:\/\/latitudsur.org\/voyage\/voyagez\/tous-les-voyages\/croisiere\/\">Lire la suite &#8250;<\/a><\/div>\n<p><!-- end of .read-more --><\/p>\n","protected":false},"author":1,"featured_media":0,"parent":127,"menu_order":0,"comment_status":"open","ping_status":"closed","template":"template-page.php","meta":[],"_links":{"self":[{"href":"https:\/\/latitudsur.org\/voyage\/wp-json\/wp\/v2\/pages\/151"}],"collection":[{"href":"https:\/\/latitudsur.org\/voyage\/wp-json\/wp\/v2\/pages"}],"about":[{"href":"https:\/\/latitudsur.org\/voyage\/wp-json\/wp\/v2\/types\/page"}],"author":[{"embeddable":true,"href":"https:\/\/latitudsur.org\/voyage\/wp-json\/wp\/v2\/users\/1"}],"replies":[{"embeddable":true,"href":"https:\/\/latitudsur.org\/voyage\/wp-json\/wp\/v2\/comments?post=151"}],"version-history":[{"count":10,"href":"https:\/\/latitudsur.org\/voyage\/wp-json\/wp\/v2\/pages\/151\/revisions"}],"predecessor-version":[{"id":2519,"href":"https:\/\/latitudsur.org\/voyage\/wp-json\/wp\/v2\/pages\/151\/revisions\/2519"}],"up":[{"embeddable":true,"href":"https:\/\/latitudsur.org\/voyage\/wp-json\/wp\/v2\/pages\/127"}],"wp:attachment":[{"href":"https:\/\/latitudsur.org\/voyage\/wp-json\/wp\/v2\/media?parent=151"}],"curies":[{"name":"wp","href":"https:\/\/api.w.org\/{rel}","templated":true}]}}